{"id":3,"date":"2024-05-26T14:36:57","date_gmt":"2024-05-26T14:36:57","guid":{"rendered":"https:\/\/shopcoop.ma\/?page_id=3"},"modified":"2024-08-08T09:43:34","modified_gmt":"2024-08-08T09:43:34","slug":"privacy-policy","status":"publish","type":"page","link":"https:\/\/shopcoop.ma\/fr\/privacy-policy\/","title":{"rendered":"Politique de Confidentialit\u00e9"},"content":{"rendered":"<div data-elementor-type=\"wp-page\" data-elementor-id=\"3\" class=\"elementor elementor-3\" wpc-filter-elementor-widget=\"1\">\n\t\t\t\t<div class=\"elementor-element elementor-element-317647ea e-flex e-con-boxed e-con e-parent\" data-id=\"317647ea\" data-element_type=\"container\" data-e-type=\"container\">\n\t\t\t\t\t<div class=\"e-con-inner\">\n\t\t<div class=\"elementor-element elementor-element-f1aa7eb e-con-full e-flex e-con e-child\" data-id=\"f1aa7eb\" data-element_type=\"container\" data-e-type=\"container\" data-settings=\"{&quot;background_background&quot;:&quot;classic&quot;}\">\n\t\t\t\t<div class=\"elementor-element elementor-element-47f20d8 elementor-drop-cap-yes elementor-drop-cap-view-default elementor-widget elementor-widget-text-editor\" data-id=\"47f20d8\" data-element_type=\"widget\" data-e-type=\"widget\" data-settings=\"{&quot;drop_cap&quot;:&quot;yes&quot;}\" data-widget_type=\"text-editor.default\">\n\t\t\t\t<div class=\"elementor-widget-container\">\n\t\t\t\t\t\t\t\t\t<h1><b>Politique de Confidentialit\u00e9<\/b><\/h1><p class=\"translation-block\"><span style=\"font-weight: 400\">La pr\u00e9sente politique de confidentialit\u00e9 d\u00e9crit comment collecter et utiliser les informations que vous nous fournissez sur le site web <b> shopcoop.ma <\/b>, ainsi que les proc\u00e9dures utilis\u00e9es pour garantir la confidentialit\u00e9, l\u2019utilisation et la divulgation de vos informations.<\/span><\/p><p><span style=\"font-weight: 400;\">La protection de vos informations est une question importante pour nous, nous les utilisons\ndonc conform\u00e9ment \u00e0 la pr\u00e9sente politique, et nous ne collecterons des informations que si\nn\u00e9cessaire, ou lorsqu\u2019il existe un lien direct n\u00e9cessaire avec votre transaction avec nous.<\/span><\/p><p class=\"translation-block\"><span style=\"font-weight: 400\">Nous conserverons vos informations si cela est n\u00e9cessaire conform\u00e9ment \u00e0 la loi, ou les utiliserons uniquement dans le but de ce pour quoi elles sont collect\u00e9es. Sur le site web <b>shopcoop.ma <\/b><\/span><\/p><p><span style=\"font-weight: 400;\"><span style=\"font-weight: 400\">Vous pouvez naviguer sur notre site Web sans saisir d\u2019informations personnelles. Votre\nidentifiant sera inconnu et lors de votre navigation sur notre site web.<\/span>\n<span style=\"font-weight: 400\"> Si vous souhaitez vous inscrire sur notre site Web et ouvrir un compte en ligne chez nous, connectez-vous \u00e0 l\u2019aide de votre nom d\u2019utilisateur et de votre mot de passe <\/span><\/span><\/p><p><span style=\"font-weight: 400;\"><span style=\"font-weight: 400\"> Les informations que nous recueillons par exemple le nom \/ l\u2019\u00e2ge \/ l\u2019adresse e-mail \/ l\u2019adresse \/ l\u2019adresse de livraison si diff\u00e9rente, le num\u00e9ro de t\u00e9l\u00e9phone portable. <\/span><\/span><\/p><p class=\"translation-block\"><span style=\"font-weight: 400\">\nCes informations sont utilis\u00e9es pour vous fournir des informations sur les produits ou services (artisans, producteurs locaux r\u00e9f\u00e9renc\u00e9es sur notre site Web) et pour g\u00e9rer votre compte sur notre site Web <\/span>  <b>shopcoop.ma . <\/b><\/p><p><span style=\"font-weight: 400;\">Les informations que nous recueillons sont \u00e9galement utilis\u00e9es dans des op\u00e9rations\nstatistiques et pour collecter davantage de donn\u00e9es sur les visiteurs de notre site Web, afin\nde d\u00e9velopper le contenu de notre page et de vous servir mieux et plus rapidement selon\nvos attentes.<\/span><\/p><p><span style=\"font-weight: 400;\">Vous pouvez nous contacter par e-mail pour vous fournir des d\u00e9tails sur les produits et\nautres services ou via diff\u00e9rents m\u00e9dias sociaux si vous le souhaitez. Si vous pr\u00e9f\u00e9rez ne pas\nrecevoir de messages promotionnels et marketing, vous pouvez vous d\u00e9connecter de cette\noption \u00e0 tout moment.<\/span><\/p><p><span style=\"font-weight: 400;\"><span style=\"font-weight: 400\"> Vous pouvez g\u00e9rer les d\u00e9tails de votre compte, votre adresse, et toute lettre d\u2019information \u00e0\nlaquelle vous vous \u00eates abonn\u00e9, vous devez vous assurer que votre compte reste\nconfidentiel et ne le met pas \u00e0 la disposition d\u2019un tiers.<\/span><br><br>\n<span style=\"font-weight: 400\"> Nous n\u2019assumons aucune responsabilit\u00e9 d\u00e9coulant de votre mauvaise utilisation de ce site\nWeb ou de la divulgation du nom d\u2019utilisateur ou du mot de passe \u00e0 une autre partie.<\/span><\/span><\/p><p><span style=\"text-decoration: underline;\"><b>Mode de paiement et livraison<\/b><\/span><\/p><p><span style=\"font-weight: 400;\">Le mode de paiement et la livraison entre le soumissionnaire des produits et\/ou services\nsont \u00e9tablis avec le client en utilisant les moyens de communication disponibles (num\u00e9ro de\nt\u00e9l\u00e9phone, courrier \u00e9lectronique, WhatsApp).\u00a0<\/span><\/p><p class=\"translation-block\">Le fournisseur est responsable de la qualit\u00e9 et de la correspondance des descriptions, du\npaiement et de la livraison des produits et services, et notre site Web <b>shopcoop.ma <\/b>n\u2019assume\naucune responsabilit\u00e9 \u00e0 ce sujet.<\/p><p><span style=\"text-decoration: underline;\"><b>Liens sur notre site web<\/b><\/span><\/p><p><span style=\"font-weight: 400;\">Le site Web peut contenir des publicit\u00e9s de tiers ou des liens vers d\u2019autres sites ou des\ncadres pour d\u2019autres sites Web. <br>\nVeuillez noter que nous ne sommes pas responsables de la politique de confidentialit\u00e9 d\u2019un\ntiers ou du contenu de ces politiques applicables \u00e0 d\u2019autres sites Web.<\/span><\/p><p><span style=\"text-decoration: underline;\"><b>Approbation de la confidentialit\u00e9<\/b><\/span><\/p><p><span style=\"font-weight: 400;\">Lorsque vous envoyez vos donn\u00e9es via notre site web, vous acceptez de conserver, partager\net utiliser ces donn\u00e9es dans les proc\u00e9dures n\u00e9cessaires d\u00e9crites dans la pr\u00e9sente politique\nde confidentialit\u00e9.<\/span><\/p><p><span style=\"font-weight: 400;\">Si vous avez des erreurs dans vos informations personnelles, vous pouvez demander \u00e0 les\ncorriger \u00e0 tout moment, et vous avez le droit de nous demander \u00e0 tout moment de cesser\nd\u2019utiliser vos informations \u00e0 d\u2019autres fins de marketing.<\/span><\/p>\t\t\t\t\t\t\t\t<\/div>\n\t\t\t\t<\/div>\n\t\t\t\t<\/div>\n\t\t\t\t\t<\/div>\n\t\t\t\t<\/div>\n\t\t\t\t<\/div>","protected":false},"excerpt":{"rendered":"<p>\u0633\u064a\u0627\u0633\u0629 \u0627\u0644\u062e\u0635\u0648\u0635\u064a\u0629 \u0641\u064a \u0645\u0648\u0642\u0639 shopcoop.ma \u062a\u0648\u0636\u062d \u0633\u064a\u0627\u0633\u0629 \u0627\u0644\u062e\u0635\u0648\u0635\u064a\u0629 \u0647\u0630\u0647 \u0643\u064a\u0641\u064a\u0629 \u062c\u0645\u0639 \u0648\u0627\u0633\u062a\u062e\u062f\u0627\u0645 \u0628\u064a\u0627\u0646\u0627\u062a\u0643 \u0627\u0644\u0634\u062e\u0635\u064a\u0629 \u0627\u0644\u062a\u064a \u062a\u0632\u0648\u062f\u0646\u0627 \u0628\u0647\u0627 \u0643\u0645\u0627 \u062a\u0648\u0636\u062d \u0623\u064a\u0636\u064b\u0627 \u0627\u0644\u0625\u062c\u0631\u0627\u0621\u0627\u062a \u0627\u0644\u0645\u062a\u0628\u0639\u0629 \u0644\u0636\u0645\u0627\u0646 \u062e\u0635\u0648\u0635\u064a\u0629 \u0648\u0633\u0631\u064a\u0629 \u0645\u0639\u0644\u0648\u0645\u0627\u062a\u0643\u060c \u0648\u0627\u0633\u062a\u062e\u062f\u0627\u0645\u0647\u0627 \u0648\u0627\u0644\u0643\u0634\u0641 \u0639\u0646\u0647\u0627. \u0625\u0646 \u062d\u0645\u0627\u064a\u0629 \u0628\u064a\u0627\u0646\u0627\u062a\u0643 \u0623\u0645\u0631 \u0647\u0627\u0645 \u0628\u0627\u0644\u0646\u0633\u0628\u0629 \u0644\u0646\u0627\u060c \u0628\u0627\u0644\u062a\u0627\u0644\u064a\u060c \u064a\u062a\u0645 \u0627\u0633\u062a\u062e\u062f\u0627\u0645\u0647\u0627 \u0648\u0641\u0642\u064b\u0627 \u0644\u0644\u0646\u062d\u0648 \u0627\u0644\u0645\u0628\u064a\u0646 \u0641\u064a \u0633\u064a\u0627\u0633\u0629 \u0627\u0644\u062e\u0635\u0648\u0635\u064a\u0629 \u0647\u0630\u0647\u060c \u0648\u0633\u0646\u0642\u0648\u0645 \u0628\u062c\u0645\u0639 \u0627\u0644\u0645\u0639\u0644\u0648\u0645\u0627\u062a \u0639\u0646\u062f \u0627\u0644\u0636\u0631\u0648\u0631\u0629 \u0623\u0648 \u0625\u0630\u0627 \u0643\u0627\u0646\u062a \u0630\u0627\u062a [&hellip;]<\/p>\n","protected":false},"author":1,"featured_media":0,"parent":0,"menu_order":0,"comment_status":"closed","ping_status":"open","template":"","meta":{"_acf_changed":false,"_monsterinsights_skip_tracking":false,"_monsterinsights_sitenote_active":false,"_monsterinsights_sitenote_note":"","_monsterinsights_sitenote_category":0,"footnotes":""},"class_list":["post-3","page","type-page","status-publish","hentry"],"acf":[],"aioseo_notices":[],"_links":{"self":[{"href":"https:\/\/shopcoop.ma\/fr\/wp-json\/wp\/v2\/pages\/3","targetHints":{"allow":["GET"]}}],"collection":[{"href":"https:\/\/shopcoop.ma\/fr\/wp-json\/wp\/v2\/pages"}],"about":[{"href":"https:\/\/shopcoop.ma\/fr\/wp-json\/wp\/v2\/types\/page"}],"author":[{"embeddable":true,"href":"https:\/\/shopcoop.ma\/fr\/wp-json\/wp\/v2\/users\/1"}],"replies":[{"embeddable":true,"href":"https:\/\/shopcoop.ma\/fr\/wp-json\/wp\/v2\/comments?post=3"}],"version-history":[{"count":34,"href":"https:\/\/shopcoop.ma\/fr\/wp-json\/wp\/v2\/pages\/3\/revisions"}],"predecessor-version":[{"id":4356,"href":"https:\/\/shopcoop.ma\/fr\/wp-json\/wp\/v2\/pages\/3\/revisions\/4356"}],"wp:attachment":[{"href":"https:\/\/shopcoop.ma\/fr\/wp-json\/wp\/v2\/media?parent=3"}],"curies":[{"name":"wp","href":"https:\/\/api.w.org\/{rel}","templated":true}]}}