{"id":4260,"date":"2024-08-05T11:48:26","date_gmt":"2024-08-05T11:48:26","guid":{"rendered":"https:\/\/shopcoop.ma\/?page_id=4260"},"modified":"2024-08-08T09:40:20","modified_gmt":"2024-08-08T09:40:20","slug":"about-us","status":"publish","type":"page","link":"https:\/\/shopcoop.ma\/fr\/about-us\/","title":{"rendered":"\u00c0 propos de nous\u00a0"},"content":{"rendered":"<div data-elementor-type=\"wp-page\" data-elementor-id=\"4260\" class=\"elementor elementor-4260\" wpc-filter-elementor-widget=\"1\">\n\t\t\t\t<div class=\"elementor-element elementor-element-c350941 e-flex e-con-boxed e-con e-parent\" data-id=\"c350941\" data-element_type=\"container\" data-e-type=\"container\">\n\t\t\t\t\t<div class=\"e-con-inner\">\n\t\t<div class=\"elementor-element elementor-element-28ecc29 e-con-full e-flex e-con e-child\" data-id=\"28ecc29\" data-element_type=\"container\" data-e-type=\"container\" data-settings=\"{&quot;background_background&quot;:&quot;classic&quot;}\">\n\t\t\t\t<div class=\"elementor-element elementor-element-2897f89 elementor-drop-cap-yes elementor-drop-cap-view-default elementor-widget elementor-widget-text-editor\" data-id=\"2897f89\" data-element_type=\"widget\" data-e-type=\"widget\" data-settings=\"{&quot;drop_cap&quot;:&quot;yes&quot;}\" data-widget_type=\"text-editor.default\">\n\t\t\t\t<div class=\"elementor-widget-container\">\n\t\t\t\t\t\t\t\t\t<h1><strong>\u00c0 propos de nous\u00a0<\/strong><\/h1><p><span style=\"font-weight: 400;\"><b>ACT4COMMUNITY GANTOUR<\/b> est une initiative novatrice qui porte une des facettes de\nl\u2019engagement soci\u00e9tal du Groupe OCP au Maroc. Elle incarne la volont\u00e9 du Site industriel\nOCP des Mines de Gantour de contribuer au d\u00e9veloppement socio\u00e9conomique et territorial\ndans ses zones d\u2019intervention.<\/span><\/p><p><span style=\"font-weight: 400;\"><b>Act4Community<\/b> est une vision transversale dont l\u2019objectif principal est d\u2019am\u00e9liorer\nsensiblement, durablement et concr\u00e8tement le niveau de vie des populations, et d\u2019\u00eatre un\nacteur actif qui cr\u00e9e de la valeur ajout\u00e9e dans diff\u00e9rents domaines : Entreprenariat,\nagriculture, \u00e9ducation, culture et sport.<\/span><\/p><p><span style=\"font-weight: 400;\">N\u00e9e d\u2019une r\u00e9flexion et d\u2019une Co-construction avec les parties prenantes locales\nparticuli\u00e8rement les producteurs locaux, les acteurs associatifs et coop\u00e9ratifs, les artisans,\nles femmes entrepreneuses, et bien d\u2019autres ... les programmes ACT4COMMUNITY d\u00e9ploy\u00e9s\ndans les zones de Rhamna et Youssoufia, visent le d\u00e9veloppement des capacit\u00e9s des acteurs\nlocaux, l\u2019appui technique des porteurs de projets, la contribution \u00e0 l\u2019am\u00e9lioration des\nconditions de vie localement. En d\u2019autres termes, A4C Gantour cible comme axes\nd\u2019intervention\u00a0:<\/span><\/p><ul><li style=\"font-weight: 400;\" aria-level=\"1\"><span style=\"font-weight: 400;\">D\u00e9veloppement de l\u2019entreprenariat et l\u2019\u00e9conomie sociale et solidaire\u00a0<\/span><\/li><li style=\"font-weight: 400;\" aria-level=\"1\"><span style=\"font-weight: 400;\">Am\u00e9lioration des conditions de scolarit\u00e9 et de sant\u00e9 dans des zones cibl\u00e9es<\/span><\/li><li style=\"font-weight: 400;\" aria-level=\"1\"><span style=\"font-weight: 400;\">D\u00e9veloppement des comp\u00e9tences et renforcement des capacit\u00e9s des acteurs (tissu\nassociatif, coop\u00e9ratif, TPE, etc\u2026)<\/span><\/li><li style=\"font-weight: 400;\" aria-level=\"1\"><span style=\"font-weight: 400;\">D\u00e9veloppement du sport et de la culture dans ses diff\u00e9rentes formes<\/span><\/li><\/ul><p><span style=\"font-weight: 400;\">Au c\u0153ur d\u2019<b>Act4Community<\/b>, il y a l\u2019accompagnement de toutes les initiatives inclusives qui\nvisent la cr\u00e9ation d\u2019emploi, l\u2019entreprenariat, le d\u00e9veloppement agricole. C\u2019est dans ce cadre\nqu\u2019est n\u00e9e <b>\u00ab\u00a0Shopcoop.ma\u00a0\u00bb<\/b>, une plateforme d\u00e9sign\u00e9e et d\u00e9velopp\u00e9e dans l\u2019objectif de\nconnecter les acteurs \u00e9conomiques locaux du bassin minier du Gantour (Provinces de\nRhamna et Youssoufia) avec les diff\u00e9rents consommateurs et visiteurs de la r\u00e9gion.<\/span><\/p><p><span style=\"font-weight: 400;\">Bonne d\u00e9couverte de notre plateforme de valorisation des producteurs locaux et artisans\nissus des zones de Rhamna et Youssoufia.<br>\nD\u00e9couvrons ensemble la richesse locale, le savoir-faire, les produits de terroir et bien\nd\u2019autres surprises\u00a0jusqu\u2019au l\u00e0 peu connus\u2026\u00a0!<\/span><\/p>\t\t\t\t\t\t\t\t<\/div>\n\t\t\t\t<\/div>\n\t\t\t\t<\/div>\n\t\t\t\t\t<\/div>\n\t\t\t\t<\/div>\n\t\t\t\t<\/div>","protected":false},"excerpt":{"rendered":"<p>\u0645\u0646 \u0646\u062d\u0646\u061f ACT4COMMUNITY GANTOUR \u0647\u064a \u0645\u0628\u0627\u062f\u0631\u0629 \u0645\u0628\u062a\u0643\u0631\u0629 \u062a\u062c\u0633\u062f \u0623\u062d\u062f \u062c\u0648\u0627\u0646\u0628 \u0627\u0644\u062a\u0632\u0627\u0645 \u0645\u062c\u0645\u0648\u0639\u0629 OCP \u0627\u0644\u0645\u062c\u062a\u0645\u0639\u064a \u0641\u064a \u0627\u0644\u0645\u063a\u0631\u0628. \u0641\u0647\u064a \u062a\u0639\u0628\u0631 \u0639\u0646 \u0631\u063a\u0628\u0629 \u0645\u0648\u0642\u0639 OCP \u0627\u0644\u0635\u0646\u0627\u0639\u064a \u0641\u064a \u0645\u0646\u0627\u062c\u0645 \u0643\u0646\u062a\u0648\u0631 \u0641\u064a \u0627\u0644\u0645\u0633\u0627\u0647\u0645\u0629 \u0641\u064a \u0627\u0644\u062a\u0646\u0645\u064a\u0629 \u0627\u0644\u0627\u062c\u062a\u0645\u0627\u0639\u064a\u0629 \u0648\u0627\u0644\u0627\u0642\u062a\u0635\u0627\u062f\u064a\u0629 \u0648\u0627\u0644\u0625\u0642\u0644\u064a\u0645\u064a\u0629 \u0641\u064a \u0645\u0646\u0627\u0637\u0642 \u062a\u062f\u062e\u0644\u0647. Act4Community \u0647\u064a \u0631\u0624\u064a\u0629 \u0634\u0627\u0645\u0644\u0629 \u062a\u0647\u062f\u0641 \u0625\u0644\u0649 \u062a\u062d\u0633\u064a\u0646 \u0645\u0633\u062a\u0648\u0649 \u0627\u0644\u0645\u0639\u064a\u0634\u0629 \u0628\u0634\u0643\u0644 \u0645\u0644\u0645\u0648\u0633 \u0648\u0645\u0633\u062a\u062f\u0627\u0645 \u0648\u0639\u0645\u0644\u064a \u0644\u0644\u0633\u0643\u0627\u0646\u060c \u0648\u0623\u0646 \u062a\u0643\u0648\u0646 \u062c\u0647\u0629 \u0641\u0639\u0627\u0644\u0629 \u062a\u0636\u064a\u0641 [&hellip;]<\/p>\n","protected":false},"author":2,"featured_media":0,"parent":0,"menu_order":0,"comment_status":"closed","ping_status":"closed","template":"","meta":{"_acf_changed":false,"_monsterinsights_skip_tracking":false,"_monsterinsights_sitenote_active":false,"_monsterinsights_sitenote_note":"","_monsterinsights_sitenote_category":0,"footnotes":""},"class_list":["post-4260","page","type-page","status-publish","hentry"],"acf":[],"aioseo_notices":[],"_links":{"self":[{"href":"https:\/\/shopcoop.ma\/fr\/wp-json\/wp\/v2\/pages\/4260","targetHints":{"allow":["GET"]}}],"collection":[{"href":"https:\/\/shopcoop.ma\/fr\/wp-json\/wp\/v2\/pages"}],"about":[{"href":"https:\/\/shopcoop.ma\/fr\/wp-json\/wp\/v2\/types\/page"}],"author":[{"embeddable":true,"href":"https:\/\/shopcoop.ma\/fr\/wp-json\/wp\/v2\/users\/2"}],"replies":[{"embeddable":true,"href":"https:\/\/shopcoop.ma\/fr\/wp-json\/wp\/v2\/comments?post=4260"}],"version-history":[{"count":23,"href":"https:\/\/shopcoop.ma\/fr\/wp-json\/wp\/v2\/pages\/4260\/revisions"}],"predecessor-version":[{"id":4349,"href":"https:\/\/shopcoop.ma\/fr\/wp-json\/wp\/v2\/pages\/4260\/revisions\/4349"}],"wp:attachment":[{"href":"https:\/\/shopcoop.ma\/fr\/wp-json\/wp\/v2\/media?parent=4260"}],"curies":[{"name":"wp","href":"https:\/\/api.w.org\/{rel}","templated":true}]}}