{"id":4300,"date":"2024-08-06T12:09:26","date_gmt":"2024-08-06T12:09:26","guid":{"rendered":"https:\/\/shopcoop.ma\/?page_id=4300"},"modified":"2025-04-18T11:13:21","modified_gmt":"2025-04-18T11:13:21","slug":"terms-and-conditions","status":"publish","type":"page","link":"https:\/\/shopcoop.ma\/fr\/terms-and-conditions\/","title":{"rendered":"Termes et Conditions"},"content":{"rendered":"<div data-elementor-type=\"wp-page\" data-elementor-id=\"4300\" class=\"elementor elementor-4300\" wpc-filter-elementor-widget=\"1\">\n\t\t\t\t<div class=\"elementor-element elementor-element-3829bf8 e-flex e-con-boxed e-con e-parent\" data-id=\"3829bf8\" data-element_type=\"container\" data-e-type=\"container\" data-settings=\"{&quot;background_background&quot;:&quot;classic&quot;}\">\n\t\t\t\t\t<div class=\"e-con-inner\">\n\t\t\t\t<div class=\"elementor-element elementor-element-2f5a4d8 elementor-drop-cap-yes elementor-drop-cap-view-default elementor-widget elementor-widget-text-editor\" data-id=\"2f5a4d8\" data-element_type=\"widget\" data-e-type=\"widget\" data-settings=\"{&quot;drop_cap&quot;:&quot;yes&quot;}\" data-widget_type=\"text-editor.default\">\n\t\t\t\t<div class=\"elementor-widget-container\">\n\t\t\t\t\t\t\t\t\t<h1><b>Termes et Conditions<\/b><\/h1><p><span style=\"font-weight: 400;\">L\u2019utilisation du service shopcoop.ma est soumise \u00e0 des conditions g\u00e9n\u00e9rales qui ont pour objet de d\u00e9finir les modalit\u00e9s d\u2019usage et d\u2019acc\u00e8s en ligne, nous vous recommandons \u00e0 les lire attentivement.<\/span><b><\/b><\/p><p><span style=\"text-decoration: underline;\"><b><b> I. D\u00e9finition des termes\u00a0:<\/b><\/b><\/span><\/p><ul><li style=\"font-weight: 400;\" aria-level=\"1\"><span style=\"font-weight: 400;\"><b>\u00ab\u00a0Client\u00a0\u00bb<\/b> et <b>\u00ab\u00a0Votre\u00a0\u00bb<\/b> d\u00e9signent la personne qui commande des produits chez\u00a0<b> shopcoop.ma <\/b> et celle \u00e2g\u00e9e de plus de 18\u00a0ans.<\/span><\/li><li style=\"font-weight: 400;\" aria-level=\"1\"><span style=\"font-weight: 400;\"><b>\u00ab\u00a0shopcoop.ma \u00bb<\/b> ou <b>\u00ab Nous \u00bb<\/b> est la signification de\u00a0<b>shopcoop.ma<\/b>.<\/span><\/li><li style=\"font-weight: 400;\" aria-level=\"1\"><span style=\"font-weight: 400;\"><b>\u00ab\u00a0Accueil\u00a0\u00bb<\/b> d\u00e9signe la page d'accueil de\u00a0<b>shopcoop.ma <\/b>, qui affiche les sections du site Web et les produits et les services.<\/span><\/li><li style=\"font-weight: 400;\" aria-level=\"1\"><span style=\"font-weight: 400;\"><b>\u00ab\u00a0Cat\u00e9gories\u00a0\u00bb<\/b> d\u00e9signe les cat\u00e9gories et sous-cat\u00e9gories que nous avons sur <b>shopcoop.ma<\/b>.<\/span><\/li><li style=\"font-weight: 400;\" aria-level=\"1\"><span style=\"font-weight: 400;\"><b>\u00ab\u00a0Compte\u00a0\u00bb<\/b> d\u00e9signe vos coordonn\u00e9es, qui sont cr\u00e9\u00e9s lorsque vous \u00eates inscrit.<\/span><\/li><\/ul><p><span style=\"text-decoration: underline;\"><b>II. Conditions d'utilisation :<\/b><\/span><\/p><p><b><b>shopcoop.ma<\/b> <\/b><span style=\"font-weight: 400;\">est une plateforme (vitrine et marchand) au Maroc, destin\u00e9 aux fournisseurs locaux (coop\u00e9ratives, agriculteurs, artisans\u2026) ayant des services ou des produits de terroir \u00e0 vendre (miel, cactus, tapis, panier, v\u00eatements artisanaux, \u2026), son service est accessible gratuitement via <\/span><b><b>shopcoop.ma<\/b><\/b><span style=\"font-weight: 400;\">sauf en ce qui concerne les frais de connexion appliqu\u00e9s par les fournisseurs d\u2019acc\u00e8s internet au Maroc.<\/span><\/p><p class=\"translation-block\"><span style=\"font-weight: 400\"> <b>Utilisation et acc\u00e8s\u00a0: <\/b><\/span><\/p><ul><li style=\"font-weight: 400;\" aria-level=\"1\" class=\"translation-block\"><span style=\"font-weight: 400\">Lorsque vous visitez, utilisez ou parcourez\u00a0<\/span><b> shopcoop.ma <\/b><span style=\"font-weight: 400\">, vous acceptez les termes et conditions qui\ns'appliquent \u00e0 tous les utilisateurs et visiteurs de <b>shopcoop.ma <\/b>.<\/span><\/li><li style=\"font-weight: 400;\" aria-level=\"1\" class=\"translation-block\"><span style=\"font-weight: 400\">Il sera n\u00e9cessaire d'effectuer une maintenance sur\u00a0<\/span><b>shopcoop.ma <\/b> <span style=\"font-weight: 400\"> de temps en temps, ce qui peut entra\u00eener des p\u00e9riodes d'indisponibilit\u00e9 occasionnelles. <\/span><\/li><li style=\"font-weight: 400;\" aria-level=\"1\" class=\"translation-block\"><span style=\"font-weight: 400\">Nous ne pouvons pas promettre que <b> shopcoop.ma  <\/b>\u00a0sera ininterrompu ou sans erreur ou que les d\u00e9fauts du site Web seront corrig\u00e9s. <\/span><\/li><li style=\"font-weight: 400;\" aria-level=\"1\" class=\"translation-block\"><span style=\"font-weight: 400\">Vous pouvez utiliser\u00a0<b> shopcoop.ma  <\/b> pour parcourir et acheter des biens et services et pour g\u00e9rer votre compte, mais pas \u00e0 d'autres fins.<\/span><\/li><li style=\"font-weight: 400;\" aria-level=\"1\" class=\"translation-block\"><span style=\"font-weight: 400\">Gardez vos informations confidentielles et ne partagez votre\u00a0compte\u00a0<b> shopcoop.ma  <\/b> avec personne.<\/span><\/li><\/ul><p><span style=\"text-decoration: underline;\"><b>III. Condition d\u2019inscription :<\/b><\/span><\/p><ul><li style=\"font-weight: 400;\" aria-level=\"1\"><span style=\"font-weight: 400;\">Les services <b> shopcoop.ma  <\/b> sont accessibles par les utilisateurs majeurs professionnels et particuliers.<\/span><\/li><li style=\"font-weight: 400;\" aria-level=\"1\"><span style=\"font-weight: 400;\">Votre compte <b>shopcoop.ma <\/b> reste \u00e0 la propri\u00e9t\u00e9 de shopcoop.ma, est ne peut en aucun cas \u00eatre transf\u00e9r\u00e9 ou c\u00e9d\u00e9 \u00e0 des tiers.<\/span><\/li><li style=\"font-weight: 400;\" aria-level=\"1\"><span style=\"font-weight: 400;\">Notre site web se r\u00e9serve le droit de v\u00e9rifier \u00e0 tout moment l\u2019exactitude des informations personnelles fournies lors de votre inscription.<\/span><\/li><li style=\"font-weight: 400;\" aria-level=\"1\"><span style=\"font-weight: 400;\">Nous nous r\u00e9servons le droit de supprimer tout compte utilisateur ou annonce ou blog qui ne sont pas conformes aux pr\u00e9sentes conditions g\u00e9n\u00e9rales d\u2019utilisation.<\/span><\/li><li style=\"font-weight: 400;\" aria-level=\"1\"><span style=\"font-weight: 400;\">Afin d'assurer le bon fonctionnement du service de d\u00e9p\u00f4t les annonces des produits ou les services sur le site <b> shopcoop.ma <\/b>, l'utilisateur reconnait avoir accept\u00e9 que ses informations (nom, t\u00e9l\u00e9phone, fournisseur, ville) soient publi\u00e9es.<\/span><\/li><\/ul><p><span style=\"text-decoration: underline;\"><b>IV. Contenu de shopcoop.ma :<\/b><\/span><\/p><ul><li style=\"font-weight: 400;\" aria-level=\"1\"><span style=\"font-weight: 400;\">Nous pouvons mettre \u00e0 jour\u00a0<b> shopcoop.ma  <\/b> de temps \u00e0 autre et modifier le contenu \u00e0 tout moment. Cependant, veuillez noter que tout contenu de <b> shopcoop.ma  <\/b> peut \u00eatre obsol\u00e8te \u00e0 tout moment et nous ne sommes pas tenus de le mettre \u00e0 jour. Bien que nous essayions de mettre \u00e0 jour les informations sur\u00a0shopcoop.ma, nous ne faisons aucune d\u00e9claration ni garantie que le contenu <b> shopcoop.ma  <\/b> est exact, complet ou \u00e0 jour.<\/span><\/li><li style=\"font-weight: 400;\" aria-level=\"1\"><span style=\"font-weight: 400;\">Nous ne garantissons pas que <b> shopcoop.ma <\/b>, ou tout contenu qu'il contient, sera exempt d'erreurs ou d'omissions.<\/span><\/li><li style=\"font-weight: 400;\" aria-level=\"1\"><span style=\"font-weight: 400;\">Tous les droits seront automatiquement la propri\u00e9t\u00e9 de <b> shopcoop.ma <\/b>, y compris, sans limitation, tous droits de propri\u00e9t\u00e9 intellectuelle sur les donn\u00e9es de <b> shopcoop.ma <\/b>, ou toute partie de celles-ci fournies par nous ou par votre interm\u00e9diaire ou par un tiers.<\/span><\/li><li style=\"font-weight: 400;\" aria-level=\"1\"><span style=\"font-weight: 400;\"><b> shopcoop.ma <\/b> d\u00e9cline toute responsabilit\u00e9 lorsque vous ne parvenez pas \u00e0 acc\u00e9der au site Web ou lors de tout dommage pouvant \u00eatre caus\u00e9 \u00e0 vos appareils ou syst\u00e8mes.<\/span><\/li><\/ul><p><span style=\"text-decoration: underline;\"><b>V. Responsabilit\u00e9 de Shopcoop.ma :<\/b><\/span><b><\/b><\/p><ul><li><span style=\"font-weight: 400;\"> <b> shopcoop.ma <\/b> s\u2019efforce de faire en sorte que toutes les informations sur son Site soient correctes, mais ne garantit pas la qualit\u00e9, l\u2019origine, la l\u00e9galit\u00e9, l'exactitude ou l'exhaustivit\u00e9 des donn\u00e9es, informations, produits ou services. En aucun cas, <b> shopcoop.ma <\/b> ne saurait \u00eatre tenue responsable, d\u2019une part, des\ndommages directs, indirects, cons\u00e9cutifs ou r\u00e9sultant de l'utilisation ou l'impossibilit\u00e9 d'utiliser ses services, et d\u2019autre part, de l'alt\u00e9ration des transmissions des donn\u00e9es.<\/span><\/li><li><span style=\"font-weight: 400;\"> <b> shopcoop.ma <\/b> met \u00e0 la disposition des utilisateurs une plateforme d\u2019achat de produits de terroir et des services d\u2019artisans situ\u00e9es dans les r\u00e9gions de Benguerir et Youssoufia.<\/span><\/li><li><span style=\"font-weight: 400;\"> Notre site ne joue que le r\u00f4le d\u2019interm\u00e9diaire entre l\u2019acheteur et l\u2019artisan ou le producteur r\u00e9f\u00e9renc\u00e9\ndans la plateforme.<\/span><\/li><li><span style=\"font-weight: 400;\"> <b> shopcoop.ma <\/b> n\u2019intervient pas et ne prend aucune responsabilit\u00e9 juridique ou autre du d\u00e9roulement des transactions d\u2019achat et vente r\u00e9alis\u00e9es entre l\u2019utilisateur et le fournisseur.<\/span><\/li><\/ul><p><span style=\"text-decoration: underline;\"><b>VI. Modifications de ces conditions :<\/b><\/span><\/p><p><span style=\"font-weight: 400;\">Lorsque nous apportons des modifications aux Conditions g\u00e9n\u00e9rales en g\u00e9n\u00e9ral, nous tenterons de vous en informer d\u00e8s que possible en publiant les modifications sur\u00a0<b> shopcoop.ma <\/b> ou via d'autres canaux de communication.<\/span><\/p>\t\t\t\t\t\t\t\t<\/div>\n\t\t\t\t<\/div>\n\t\t\t\t\t<\/div>\n\t\t\t\t<\/div>\n\t\t\t\t<\/div>","protected":false},"excerpt":{"rendered":"<p>\u0627\u0644\u0623\u062d\u0643\u0627\u0645 \u0648\u0627\u0644\u0634\u0631\u0648\u0637 \u064a\u0647\u062f\u0641 \u0645\u0648\u0642\u0639 shopcoop.ma \u0625\u0644\u0649 \u062a\u0648\u0641\u064a\u0631 \u062e\u062f\u0645\u0629 \u0639\u0631\u0636 \u0645\u0645\u064a\u0632\u0629 \u0644\u0644\u0645\u0646\u062a\u062c\u0627\u062a \u0627\u0644\u062a\u0642\u0644\u064a\u062f\u064a\u0629 \u0648\u0627\u0644\u0645\u062d\u0644\u064a\u0629 \u0627\u0644\u062a\u064a \u062a\u0644\u0628\u0651\u064a \u0645\u062e\u062a\u0644\u0641 \u0627\u0644\u0623\u0630\u0648\u0627\u0642\u060c \u0643\u0645\u0627 \u064a\u0648\u0641\u0631 \u062e\u062f\u0645\u0627\u062a \u0627\u0644\u062d\u0631\u0641\u064a\u064a\u0646 \u0641\u064a \u0645\u062e\u062a\u0644\u0641 \u0627\u0644\u0645\u062c\u0627\u0644\u0627\u062a\u060c \u0644\u0642\u062f \u062d\u062f\u062f\u0646\u0627 \u0623\u062f\u0646\u0627\u0647 \u0627\u0644\u0634\u0631\u0648\u0637 \u0648\u0627\u0644\u0623\u062d\u0643\u0627\u0645 \u0627\u0644\u062a\u064a \u064a\u062c\u0628 \u0639\u0644\u064a\u0643 \u0627\u0633\u062a\u062e\u062f\u0627\u0645 \u0645\u0648\u0642\u0639 shopcoop.ma \u0628\u0645\u0648\u062c\u0628\u0647\u0627\u061b \u062a\u0639\u0631\u064a\u0641 \u0627\u0644\u0645\u0635\u0637\u0644\u062d\u0627\u062a &#8220;\u0627\u0644\u0639\u0645\u064a\u0644\u201d \u0648\u201d \u0623\u0646\u062a\u201d \u062a\u0639\u0646\u064a \u0627\u0644\u0634\u062e\u0635 \u0627\u0644\u0630\u064a \u064a\u0642\u062f\u0645 \u0637\u0644\u0628\u064b\u0627 \u0644\u0634\u0631\u0627\u0621 \u0627\u0644\u0645\u0646\u062a\u062c\u0627\u062a \u0645\u0646 \u0645\u0648\u0642\u0639 \u0627\u0644\u0634\u064a\u0627\u0643\u0629 \u0623\u0648\u0646\u0644\u0627\u064a\u0646 \u0648\u0644\u0645\u0646 \u062a\u062c\u0627\u0648\u0632\u062a \u0623\u0639\u0645\u0627\u0631\u0647\u0645 [&hellip;]<\/p>\n","protected":false},"author":2,"featured_media":0,"parent":0,"menu_order":0,"comment_status":"closed","ping_status":"closed","template":"","meta":{"_acf_changed":false,"_monsterinsights_skip_tracking":false,"_monsterinsights_sitenote_active":false,"_monsterinsights_sitenote_note":"","_monsterinsights_sitenote_category":0,"footnotes":""},"class_list":["post-4300","page","type-page","status-publish","hentry"],"acf":[],"aioseo_notices":[],"_links":{"self":[{"href":"https:\/\/shopcoop.ma\/fr\/wp-json\/wp\/v2\/pages\/4300","targetHints":{"allow":["GET"]}}],"collection":[{"href":"https:\/\/shopcoop.ma\/fr\/wp-json\/wp\/v2\/pages"}],"about":[{"href":"https:\/\/shopcoop.ma\/fr\/wp-json\/wp\/v2\/types\/page"}],"author":[{"embeddable":true,"href":"https:\/\/shopcoop.ma\/fr\/wp-json\/wp\/v2\/users\/2"}],"replies":[{"embeddable":true,"href":"https:\/\/shopcoop.ma\/fr\/wp-json\/wp\/v2\/comments?post=4300"}],"version-history":[{"count":49,"href":"https:\/\/shopcoop.ma\/fr\/wp-json\/wp\/v2\/pages\/4300\/revisions"}],"predecessor-version":[{"id":5542,"href":"https:\/\/shopcoop.ma\/fr\/wp-json\/wp\/v2\/pages\/4300\/revisions\/5542"}],"wp:attachment":[{"href":"https:\/\/shopcoop.ma\/fr\/wp-json\/wp\/v2\/media?parent=4300"}],"curies":[{"name":"wp","href":"https:\/\/api.w.org\/{rel}","templated":true}]}}