{"id":4357,"date":"2024-08-08T09:48:03","date_gmt":"2024-08-08T09:48:03","guid":{"rendered":"https:\/\/shopcoop.ma\/?page_id=4357"},"modified":"2025-07-10T10:34:56","modified_gmt":"2025-07-10T10:34:56","slug":"legal-info","status":"publish","type":"page","link":"https:\/\/shopcoop.ma\/fr\/legal-info\/","title":{"rendered":"Mentions l\u00e9gales"},"content":{"rendered":"<div data-elementor-type=\"wp-page\" data-elementor-id=\"4357\" class=\"elementor elementor-4357\" wpc-filter-elementor-widget=\"1\">\n\t\t\t\t<div class=\"elementor-element elementor-element-ff97aa6 e-flex e-con-boxed e-con e-parent\" data-id=\"ff97aa6\" data-element_type=\"container\" data-e-type=\"container\">\n\t\t\t\t\t<div class=\"e-con-inner\">\n\t\t<div class=\"elementor-element elementor-element-665985c e-con-full e-flex e-con e-child\" data-id=\"665985c\" data-element_type=\"container\" data-e-type=\"container\" data-settings=\"{&quot;background_background&quot;:&quot;classic&quot;}\">\n\t\t\t\t<div class=\"elementor-element elementor-element-a1de7c7 elementor-drop-cap-yes elementor-drop-cap-view-default elementor-widget elementor-widget-text-editor\" data-id=\"a1de7c7\" data-element_type=\"widget\" data-e-type=\"widget\" data-settings=\"{&quot;drop_cap&quot;:&quot;yes&quot;}\" data-widget_type=\"text-editor.default\">\n\t\t\t\t<div class=\"elementor-widget-container\">\n\t\t\t\t\t\t\t\t\t<h1><b>Mentions l\u00e9gales<\/b><\/h1><p class=\"translation-block\"><span style=\"font-weight: 400\">L\u2019association <strong>Act4community Gantour<\/strong> a le plaisir de vous accueillir sur son site web \u201c<\/span><b>www.shopcoop.ma<\/b><span style=\"font-weight: 400\">\u201d (ci-apr\u00e8s \u201c<\/span><b>shopcoop.ma<\/b><span style=\"font-weight: 400\">\u201d), d\u00e9di\u00e9 aux informations personnelles des internautes et visant \u00e0 fournir des renseignements sur la plateforme de pr\u00e9sentation des produits locaux et des services artisanaux dans les r\u00e9gions de Bengu\u00e9rir et Youssoufia.<\/span><\/p><p><span style=\"text-decoration: underline;\"><b>Editeur du Site<\/b><\/span><\/p><p class=\"translation-block\"><span style=\"font-weight: 400\">Le Site est \u00e9dit\u00e9 par l\u2019association <b>ACT4COMMUNITY GANTOUR<\/b> qu\u2019en est le propri\u00e9taire exclusif. L\u2019Association <b>\nACT4COMMUNITY GANTOUR <\/b> est une association de droit marocain \u00e0 but non lucratif, dont le si\u00e8ge est situ\u00e9 au <b>Centre Rhamna Skills, Hay Moulay Rachid, Benguerir<\/b>. <\/span><\/p><p class=\"translation-block\"><span style=\"font-weight: 400\">Pour toute information sp\u00e9cifique, veuillez adresser votre requ\u00eate \u00e0 l'adresse email suivante\n<\/span><a href=\"http:\/\/contact@shopcoop.ma\/fr\/\" target=\"_self\"><span style=\"font-weight: 400\">contact@shopcoop.ma<\/span><\/a><\/p><p><b><span style=\"text-decoration: underline;\">H\u00e9bergeur du Site<\/span> : <\/b><em><span style=\"font-weight: 400;\">HOSTINGER<\/span><\/em><\/p><p class=\"translation-block\">Pour l\u2019association <b>ACT4COMMUNITY GANTOUR <\/b>, sise au <b>Centre Rhamna Skills, Hay Moulay Rachid, Benguerir<\/b>.<\/p><p><span style=\"text-decoration: underline;\"><b>Repr\u00e9sentant l\u00e9gal<\/b><\/span><\/p><p><span style=\"font-weight: 400;\"><b>M. ALLAOUI YOUSSEF <\/b> \u2013 Pr\u00e9sident de l\u2019association ACT4COMMUNITY GANTOUR.<\/span><\/p><p><span style=\"text-decoration: underline;\"><b>Cr\u00e9dit photos et vid\u00e9os<\/b><\/span><\/p><p><span style=\"font-weight: 400;\">Phototh\u00e8que et vid\u00e9oth\u00e8que ACT4COMMUNITY GANTOUR.<\/span><\/p><p><span style=\"text-decoration: underline;\"><b>Nom de domaine<\/b><\/span><\/p><p class=\"translation-block\"><span style=\"font-weight: 400\"> Le Site <b>\u00ab www.shopcoop.ma \u00bb <\/b> est un nom de domaine d\u00e9pos\u00e9 au nom et par Association <b>ACT4COMMUNITY GANTOUR<\/b>.<\/span><\/p><p><span style=\"text-decoration: underline;\"><b>Protection des donn\u00e9es \u00e0 caract\u00e8re personnel<\/b><\/span><\/p><p><span style=\"font-weight: 400;\"><span style=\"font-weight: 400\"> Par donn\u00e9es \u00e0 caract\u00e8re personnel, ACT4COMMUNITY GANTOUR entend toutes les informations divulgu\u00e9es par les Utilisateurs en tant que personnes physiques, quelle que soit leur nature, tels que leurs noms, pr\u00e9noms, e-mails, mots de passe permettant de les identifier. Les donn\u00e9es \u00e0 caract\u00e8re personnel\nqu\u2019ACT4COMMUNITY est amen\u00e9e \u00e0 recueillir sur le site <a href=\"https:\/\/shopcoop.ma\/fr\/\" target=\"_self\"><span style=\"font-weight: 400\">\n\u00a0<b><u>shopcoop.ma\u00a0<\/u><\/b><\/span><\/a> sont exclusivement destin\u00e9es \u00e0 l\u2019association. Toute donn\u00e9e \u00e0 caract\u00e8re personnel que l\u2019Utilisateur est amen\u00e9 \u00e0 transmettre \u00e0 l\u2019association\nACT4COMMUNITY GANTOUR est trait\u00e9e conform\u00e9ment aux dispositions de la loi n\u00b0 09-08 du 18 f\u00e9vrier 2009 promulgu\u00e9e par le Dahir 1-09-15 du 18 f\u00e9vrier 2009 relative \u00e0 la protection des personnes physiques \u00e0 l'\u00e9gard\ndu traitement des donn\u00e9es \u00e0 caract\u00e8re personnel. Aucune information \u00e0 caract\u00e8re personnel concernant l\u2019Utilisateur n\u2019est c\u00e9d\u00e9e \u00e0 des tiers ou utilis\u00e9e \u00e0 des fins non justifi\u00e9es ou pr\u00e9vues par la loi. Les Utilisateurs du Site sont tenus de respecter les dispositions de la loi <b>n\u00b009-08<\/b>. Pour ce faire, ils doivent notamment s\u2019abstenir de toute collecte, captation, d\u00e9formation ou utilisation des informations auxquelles ils acc\u00e8dent et, d\u2019une\nmani\u00e8re g\u00e9n\u00e9rale, de tout acte susceptible de porter atteinte \u00e0 la vie priv\u00e9e des tiers.<\/span><\/p><p><span style=\"font-weight: 400;\">Conform\u00e9ment \u00e0 la loi\n<b>n\u00b009-08<\/b>, l\u2019Utilisateur dispose d'un droit d'acc\u00e8s et de rectification aux donn\u00e9es personnelles le concernant que\nl\u2019association pourra \u00eatre amen\u00e9e \u00e0 recueillir, en nous contactant par courrier \u00e9lectronique \u00e0 l\u2019adresse suivante\n:\u00a0<a href=\"http:\/\/contact@shopcoop.ma\/fr\/\" target=\"_self\"><span style=\"font-weight: 400\">contact@shopcoop.ma<\/span><\/a> . <br>L\u2019Utilisateur pourra \u00e9galement, pour des motifs l\u00e9gitimes, s\u2019opposer \u00e0 ce que les\ndonn\u00e9es qui le concernent fassent l\u2019objet d\u2019un traitement.<br \/><\/span><\/p>\t\t\t\t\t\t\t\t<\/div>\n\t\t\t\t<\/div>\n\t\t\t\t<\/div>\n\t\t\t\t\t<\/div>\n\t\t\t\t<\/div>\n\t\t\t\t<\/div>","protected":false},"excerpt":{"rendered":"<p>\u0627\u0644\u0645\u0639\u0644\u0648\u0645\u0627\u062a \u0627\u0644\u0642\u0627\u0646\u0648\u0646\u064a\u0629 \u062a\u062a\u0634\u0631\u0641 \u062c\u0645\u0639\u064a\u0629 Act4community Gantour \u0628\u0627\u0644\u062a\u0631\u062d\u064a\u0628 \u0628\u0643\u0645 \u0639\u0644\u0649 \u0645\u0648\u0642\u0639\u0647\u0627 \u0627\u0644\u0625\u0644\u0643\u062a\u0631\u0648\u0646\u064a &#8220;www.shopcoop.ma&#8221; (\u0641\u064a\u0645\u0627 \u064a\u0644\u064a &#8220;shopcoop.ma&#8220;) \u0627\u0644\u0645\u062e\u0635\u0635 \u0644\u0644\u0645\u0639\u0644\u0648\u0645\u0627\u062a \u0627\u0644\u0634\u062e\u0635\u064a\u0629 \u0644\u0645\u0633\u062a\u062e\u062f\u0645\u064a \u0627\u0644\u0625\u0646\u062a\u0631\u0646\u062a \u0648\u0627\u0644\u0630\u064a \u064a\u0647\u062f\u0641 \u0625\u0644\u0649 \u062a\u0648\u0641\u064a\u0631 \u0645\u0639\u0644\u0648\u0645\u0627\u062a \u062d\u0648\u0644 \u0645\u0646\u0635\u0629 \u0639\u0631\u0636 \u0627\u0644\u0645\u0646\u062a\u062c\u0627\u062a \u0627\u0644\u0645\u062d\u0644\u064a\u0629 \u0648\u0627\u0644\u062e\u062f\u0645\u0627\u062a \u0627\u0644\u062d\u0631\u0641\u064a\u0629 \u0641\u064a \u0645\u0646\u0627\u0637\u0642 \u0628\u0646\u062c\u0631\u064a\u0631 \u0648\u0627\u0644\u064a\u0648\u0633\u0641\u064a\u0629. \u0627\u0646\u0634\u0627\u0621 \u0627\u0644\u0645\u0648\u0642\u0639 \u062a\u0645 \u0627\u0646\u0634\u0627\u0621 \u0627\u0644\u0645\u0648\u0642\u0639 \u0645\u0646 \u0642\u0628\u0644 \u062c\u0645\u0639\u064a\u0629 ACT4COMMUNITY GANTOUR \u0627\u0644\u062a\u064a \u0647\u064a \u0627\u0644\u0645\u0627\u0644\u0643\u0629 \u0627\u0644\u062d\u0635\u0631\u064a\u0629 \u0644\u0647. \u062c\u0645\u0639\u064a\u0629 ACT4COMMUNITY GANTOUR \u0647\u064a [&hellip;]<\/p>\n","protected":false},"author":2,"featured_media":0,"parent":0,"menu_order":0,"comment_status":"closed","ping_status":"closed","template":"","meta":{"_acf_changed":false,"_monsterinsights_skip_tracking":false,"_monsterinsights_sitenote_active":false,"_monsterinsights_sitenote_note":"","_monsterinsights_sitenote_category":0,"footnotes":""},"class_list":["post-4357","page","type-page","status-publish","hentry"],"acf":[],"aioseo_notices":[],"_links":{"self":[{"href":"https:\/\/shopcoop.ma\/fr\/wp-json\/wp\/v2\/pages\/4357","targetHints":{"allow":["GET"]}}],"collection":[{"href":"https:\/\/shopcoop.ma\/fr\/wp-json\/wp\/v2\/pages"}],"about":[{"href":"https:\/\/shopcoop.ma\/fr\/wp-json\/wp\/v2\/types\/page"}],"author":[{"embeddable":true,"href":"https:\/\/shopcoop.ma\/fr\/wp-json\/wp\/v2\/users\/2"}],"replies":[{"embeddable":true,"href":"https:\/\/shopcoop.ma\/fr\/wp-json\/wp\/v2\/comments?post=4357"}],"version-history":[{"count":16,"href":"https:\/\/shopcoop.ma\/fr\/wp-json\/wp\/v2\/pages\/4357\/revisions"}],"predecessor-version":[{"id":5622,"href":"https:\/\/shopcoop.ma\/fr\/wp-json\/wp\/v2\/pages\/4357\/revisions\/5622"}],"wp:attachment":[{"href":"https:\/\/shopcoop.ma\/fr\/wp-json\/wp\/v2\/media?parent=4357"}],"curies":[{"name":"wp","href":"https:\/\/api.w.org\/{rel}","templated":true}]}}