{"id":4465,"date":"2024-10-04T12:21:38","date_gmt":"2024-10-04T12:21:38","guid":{"rendered":"https:\/\/shopcoop.ma\/?post_type=product&#038;p=4465"},"modified":"2024-11-28T13:39:01","modified_gmt":"2024-11-28T13:39:01","slug":"coupure-et-couture-traditionnelle-et-moderne","status":"publish","type":"product","link":"https:\/\/shopcoop.ma\/fr\/produit\/coupure-et-couture-traditionnelle-et-moderne\/","title":{"rendered":"Clap et couture: traditionnel et moderne"},"content":{"rendered":"<p>Cooperative Progress &amp; # 8220;<strong>Art de couture<\/strong>&amp; # 8221;Service &amp; # 8220;<strong>Clap et couture: traditionnel et moderne<\/strong>&amp; # 8221;Qui combine la cr\u00e9ativit\u00e9 traditionnelle et l'innovation moderne dans le monde des d\u00e9tails et de la couture.Que vous recherchiez des costumes inspir\u00e9s du patrimoine marocain traditionnel ou des designs modernes qui conviennent \u00e0 la mode moderne, la coop\u00e9rative vous offre des services de d\u00e9tail et de couture d\u00e9di\u00e9s qui r\u00e9pondent \u00e0 tous vos besoins.Les affaires sont r\u00e9alis\u00e9es entre les mains d'un professionnel qualifi\u00e9 dans le domaine, en prenant soin des plus petits d\u00e9tails et de haute qualit\u00e9.<\/p>\n<div style=\"width: 360px;\" class=\"wp-video\"><video class=\"wp-video-shortcode\" id=\"video-4465-1\" width=\"360\" height=\"640\" poster=\"https:\/\/shopcoop.ma\/wp-content\/uploads\/2024\/10\/fen_khiyata_p1_01-scaled.jpeg\" preload=\"metadata\" controls=\"controls\"><source type=\"video\/mp4\" src=\"https:\/\/shopcoop.ma\/wp-content\/uploads\/2024\/10\/fen_khiyata_p1_video.mp4?_=1\" \/><a href=\"https:\/\/shopcoop.ma\/wp-content\/uploads\/2024\/10\/fen_khiyata_p1_video.mp4\">https:\/\/shopcoop.ma\/wp-content\/uploads\/2024\/10\/fen_khiyata_p1_video.mp4<\/a><\/video><\/div>","protected":false},"excerpt":{"rendered":"<p>Que vous recherchiez des costumes inspir\u00e9s du patrimoine marocain traditionnel ou des designs modernes qui conviennent \u00e0 la mode moderne, la coop\u00e9rative vous offre des services de d\u00e9tail et de couture d\u00e9di\u00e9s qui r\u00e9pondent \u00e0 tous vos besoins.<\/p>","protected":false},"featured_media":4471,"comment_status":"open","ping_status":"closed","template":"","meta":{"_acf_changed":false,"_monsterinsights_skip_tracking":false,"_monsterinsights_sitenote_active":false,"_monsterinsights_sitenote_note":"","_monsterinsights_sitenote_category":0},"product_cat":[201,200],"product_tag":[293],"class_list":{"0":"post-4465","1":"product","2":"type-product","3":"status-publish","4":"has-post-thumbnail","6":"product_cat-traditional-modern-sewing","7":"product_cat-products","8":"product_tag-rhamna","10":"first","11":"instock","12":"shipping-taxable","13":"purchasable","14":"product-type-simple"},"acf":[],"aioseo_notices":[],"_links":{"self":[{"href":"https:\/\/shopcoop.ma\/fr\/wp-json\/wp\/v2\/product\/4465","targetHints":{"allow":["GET"]}}],"collection":[{"href":"https:\/\/shopcoop.ma\/fr\/wp-json\/wp\/v2\/product"}],"about":[{"href":"https:\/\/shopcoop.ma\/fr\/wp-json\/wp\/v2\/types\/product"}],"replies":[{"embeddable":true,"href":"https:\/\/shopcoop.ma\/fr\/wp-json\/wp\/v2\/comments?post=4465"}],"wp:featuredmedia":[{"embeddable":true,"href":"https:\/\/shopcoop.ma\/fr\/wp-json\/wp\/v2\/media\/4471"}],"wp:attachment":[{"href":"https:\/\/shopcoop.ma\/fr\/wp-json\/wp\/v2\/media?parent=4465"}],"wp:term":[{"taxonomy":"product_cat","embeddable":true,"href":"https:\/\/shopcoop.ma\/fr\/wp-json\/wp\/v2\/product_cat?post=4465"},{"taxonomy":"product_tag","embeddable":true,"href":"https:\/\/shopcoop.ma\/fr\/wp-json\/wp\/v2\/product_tag?post=4465"}],"curies":[{"name":"wp","href":"https:\/\/api.w.org\/{rel}","templated":true}]}}