{"id":4603,"date":"2024-10-22T18:06:43","date_gmt":"2024-10-22T18:06:43","guid":{"rendered":"https:\/\/shopcoop.ma\/?post_type=product&#038;p=4603"},"modified":"2025-02-10T10:51:48","modified_gmt":"2025-02-10T10:51:48","slug":"%d9%81%d9%88%d8%a7%d8%a6%d8%af-%d9%85%d8%b3%d8%ad%d9%88%d9%82-%d8%a7%d9%84%d9%85%d9%88%d8%b1%d9%8a%d9%86%d8%ac%d8%a7-%d8%a7%d9%84%d9%82%d9%88%d8%a9-%d8%a7%d9%84%d8%b7%d8%a8%d9%8a%d8%b9%d9%8a%d8%a9","status":"publish","type":"product","link":"https:\/\/shopcoop.ma\/fr\/produit\/%d9%81%d9%88%d8%a7%d8%a6%d8%af-%d9%85%d8%b3%d8%ad%d9%88%d9%82-%d8%a7%d9%84%d9%85%d9%88%d8%b1%d9%8a%d9%86%d8%ac%d8%a7-%d8%a7%d9%84%d9%82%d9%88%d8%a9-%d8%a7%d9%84%d8%b7%d8%a8%d9%8a%d8%b9%d9%8a%d8%a9\/","title":{"rendered":"\u0645\u0633\u062d\u0648\u0642 \u0627\u0644\u0645\u0648\u0631\u064a\u0646\u062c\u0627: \u0627\u0644\u0642\u0648\u0629 \u0627\u0644\u0637\u0628\u064a\u0639\u064a\u0629 \u0644\u0635\u062d\u062a\u0643  &#8211; 50 \u0645\u0644"},"content":{"rendered":"<p>Un produit riche en avantages pour la sant\u00e9 contient un large \u00e9ventail de vitamines, min\u00e9raux et acides amin\u00e9s n\u00e9cessaires.Il est utilis\u00e9 pour am\u00e9liorer l'\u00e9nergie, soutenir le syst\u00e8me immunitaire et am\u00e9liorer la sant\u00e9 de la peau et des cheveux.C'est un excellent ajout au r\u00e9gime alimentaire quotidien, et il peut \u00eatre m\u00e9lang\u00e9 avec des jus, du th\u00e9 ou diff\u00e9rents aliments.<\/p>","protected":false},"excerpt":{"rendered":"<p>Un produit riche en avantages pour la sant\u00e9 contient un large \u00e9ventail de vitamines, min\u00e9raux et acides amin\u00e9s n\u00e9cessaires.Il est utilis\u00e9 pour am\u00e9liorer l'\u00e9nergie, soutenir le syst\u00e8me immunitaire et am\u00e9liorer la sant\u00e9 de la peau et des cheveux.C'est un excellent ajout au r\u00e9gime alimentaire quotidien, et il peut \u00eatre m\u00e9lang\u00e9 avec des jus, du th\u00e9 ou diff\u00e9rents aliments.<\/p>","protected":false},"featured_media":4604,"comment_status":"open","ping_status":"closed","template":"","meta":{"_acf_changed":false,"_monsterinsights_skip_tracking":false,"_monsterinsights_sitenote_active":false,"_monsterinsights_sitenote_note":"","_monsterinsights_sitenote_category":0},"product_cat":[208,200],"product_tag":[293],"class_list":{"0":"post-4603","1":"product","2":"type-product","3":"status-publish","4":"has-post-thumbnail","6":"product_cat-aromatic-and-medicinal-plants-grocery","7":"product_cat-products","8":"product_tag-rhamna","10":"first","11":"instock","12":"shipping-taxable","13":"purchasable","14":"product-type-simple"},"acf":[],"aioseo_notices":[],"_links":{"self":[{"href":"https:\/\/shopcoop.ma\/fr\/wp-json\/wp\/v2\/product\/4603","targetHints":{"allow":["GET"]}}],"collection":[{"href":"https:\/\/shopcoop.ma\/fr\/wp-json\/wp\/v2\/product"}],"about":[{"href":"https:\/\/shopcoop.ma\/fr\/wp-json\/wp\/v2\/types\/product"}],"replies":[{"embeddable":true,"href":"https:\/\/shopcoop.ma\/fr\/wp-json\/wp\/v2\/comments?post=4603"}],"wp:featuredmedia":[{"embeddable":true,"href":"https:\/\/shopcoop.ma\/fr\/wp-json\/wp\/v2\/media\/4604"}],"wp:attachment":[{"href":"https:\/\/shopcoop.ma\/fr\/wp-json\/wp\/v2\/media?parent=4603"}],"wp:term":[{"taxonomy":"product_cat","embeddable":true,"href":"https:\/\/shopcoop.ma\/fr\/wp-json\/wp\/v2\/product_cat?post=4603"},{"taxonomy":"product_tag","embeddable":true,"href":"https:\/\/shopcoop.ma\/fr\/wp-json\/wp\/v2\/product_tag?post=4603"}],"curies":[{"name":"wp","href":"https:\/\/api.w.org\/{rel}","templated":true}]}}