{"id":4606,"date":"2024-10-22T18:11:16","date_gmt":"2024-10-22T18:11:16","guid":{"rendered":"https:\/\/shopcoop.ma\/?post_type=product&#038;p=4606"},"modified":"2025-02-10T10:08:45","modified_gmt":"2025-02-10T10:08:45","slug":"%d8%a7%d9%84%d8%aa%d8%a8%d8%b1%d9%8a%d9%85%d8%a9-%d9%84%d9%84%d8%ac%d8%b3%d9%85-%d8%b3%d8%b1-%d8%a7%d9%84%d8%b9%d9%86%d8%a7%d9%8a%d8%a9-%d8%a7%d9%84%d8%b7%d8%a8%d9%8a%d8%b9%d9%8a%d8%a9-%d8%a8%d8%a7","status":"publish","type":"product","link":"https:\/\/shopcoop.ma\/fr\/produit\/%d8%a7%d9%84%d8%aa%d8%a8%d8%b1%d9%8a%d9%85%d8%a9-%d9%84%d9%84%d8%ac%d8%b3%d9%85-%d8%b3%d8%b1-%d8%a7%d9%84%d8%b9%d9%86%d8%a7%d9%8a%d8%a9-%d8%a7%d9%84%d8%b7%d8%a8%d9%8a%d8%b9%d9%8a%d8%a9-%d8%a8%d8%a7\/","title":{"rendered":"\u0627\u0644\u062a\u0628\u0631\u064a\u0645\u0629 \u0644\u0644\u062c\u0633\u0645 &#8211; 100 \u063a"},"content":{"rendered":"<h2>Avantages d'avoir besoin du corps<\/h2>\n<p>Le corps est un produit naturel marocain qui refl\u00e8te l'exp\u00e9rience traditionnelle de soins de la peau.Il se caract\u00e9rise par sa composition unique qui comprend une vari\u00e9t\u00e9 d'ingr\u00e9dients naturels tels que l'argile marocaine et les huiles v\u00e9g\u00e9tales riches en vitamines et min\u00e9raux.Le don aide \u00e0 exfolier profond\u00e9ment la peau, ce qui contribue \u00e0 \u00e9liminer les cellules mortes et les impuret\u00e9s accumul\u00e9es, laissant la peau douce et \u00e9tincelante.<\/p>\n<p>L'un des principaux avantages du d\u00e9pistage est sa capacit\u00e9 \u00e0 nettoyer efficacement la peau.La composition contient des ingr\u00e9dients qui d\u00e9barrassent la peau des huiles excessives et de la salet\u00e9, ce qui am\u00e9liore la sant\u00e9 de la peau et r\u00e9duit les probl\u00e8mes de peau tels que l'acn\u00e9.Ce processus contribue \u00e0 la r\u00e9g\u00e9n\u00e9ration cellulaire, ce qui am\u00e9liore l'\u00e9clat du visage et am\u00e9liore la texture de la peau.<\/p>\n<p>Le t\u00e9moignage comprend \u00e9galement un groupe d'huiles naturelles telles que l'huile d'argan et l'huile d'amande, qui est connue comme ses propri\u00e9t\u00e9s hydratantes et nutritives.Ces huiles aident \u00e0 am\u00e9liorer la sant\u00e9 de la peau et \u00e0 fournir l'humidit\u00e9 n\u00e9cessaire pour \u00e9viter la d\u00e9shydratation, ce qui donne une sensation d'hydratation profonde.De plus, ce m\u00e9lange calme la peau et r\u00e9duit l'irritation, ce qui le rend adapt\u00e9 \u00e0 tous les types de peau.<\/p>\n<p>L'exp\u00e9rience de l'utilisation du t\u00e9moignage pendant le bain est un moment de relaxation et de caract\u00e9ristiques de soi.En plus de ses avantages esth\u00e9tiques, ces rituels sont consid\u00e9r\u00e9s comme une opportunit\u00e9 de se d\u00e9tendre et d'am\u00e9liorer l'\u00e9tat psychologique.En r\u00e9p\u00e9tant son utilisation dans la routine de soins de la peau, les femmes et les hommes peuvent b\u00e9n\u00e9ficier de ses multiples avantages et atteindre une peau saine et brillante.<\/p>\n<h2>Comment utiliser le corps<\/h2>\n<p>Le d\u00e9pistage est l'un des moyens de soins de la peau les plus importants, et il faut une utilisation pr\u00e9cise pour obtenir les meilleurs r\u00e9sultats.Pour commencer \u00e0 utiliser le d\u00e9pistage, vous devez d'abord pr\u00e9parer correctement votre peau.Il est toujours recommand\u00e9 de prendre une douche \u00e0 l'eau ti\u00e8de pour \u00e9claircir les pores, permettant aux soasts de p\u00e9n\u00e9trer profond\u00e9ment la peau.Un gel de bain doux peut \u00e9galement \u00eatre utilis\u00e9 pour \u00e9liminer les impuret\u00e9s et les huiles en exc\u00e8s, ce qui contribue \u00e0 am\u00e9liorer l'efficacit\u00e9 de l'astuce.<\/p>\n<p>Apr\u00e8s vous baigner, s\u00e9chez doucement votre peau avec une serviette douce.Maintenant, il est temps d'appliquer la projection.Il est pr\u00e9f\u00e9rable d'appliquer une quantit\u00e9 appropri\u00e9e de produit sur le confort de vos mains, puis de masser doucement la peau en mouvements circulaires.Il est important de couvrir toutes les zones du corps, en se concentrant sur les zones s\u00e8ches ou fissur\u00e9es.Il est recommand\u00e9 de laisser le d\u00e9pistage sur la peau pendant 10 \u00e0 15 minutes pour s'assurer que les nutriments b\u00e9n\u00e9fiques sont absorb\u00e9s.<\/p>\n<p>Pour en faire un avantage maximal, il est pr\u00e9f\u00e9rable d'utiliser l'astuce deux \u00e0 trois fois par semaine, en fonction de vos besoins en peau.Vous pouvez \u00e9galement combiner le d\u00e9pistage avec d'autres hydratants pour am\u00e9liorer son effet, comme l'huile de noix de coco ou le beurre de karit\u00e9.Cette m\u00e9thode est id\u00e9ale pour une hydratation profonde et am\u00e9liore l'\u00e9lasticit\u00e9 de la peau.<\/p>\n<p>Cependant, vous devriez faire attention \u00e0 certains avertissements.Il est important de tester le produit sur une petite zone de la peau avant utilisation compl\u00e8te, surtout si vous avez une peau sensible.De plus, l'exposition au soleil direct doit \u00eatre \u00e9vit\u00e9e apr\u00e8s avoir utilis\u00e9 l'astuce, car la peau peut \u00eatre plus sensible.En adh\u00e9rant \u00e0 ces instructions, vous pouvez profiter des avantages du corps en toute s\u00e9curit\u00e9 et efficacement.<\/p>","protected":false},"excerpt":{"rendered":"<p>\u0641\u0648\u0627\u0626\u062f \u0627\u0644\u062a\u0628\u0631\u064a\u0645\u0629 \u0644\u0644\u062c\u0633\u0645 \u062a\u064f\u0639\u062a\u0628\u0631 \u0627\u0644\u062a\u0628\u0631\u064a\u0645\u0629 \u0644\u0644\u062c\u0633\u0645 \u0645\u0646\u062a\u062c\u064b\u0627 \u0637\u0628\u064a\u0639\u064a\u064b\u0627 \u0645\u063a\u0631\u0628\u064a\u064b\u0627 \u064a\u0639\u0643\u0633 \u062e\u0628\u0631\u0629 \u062a\u0642\u0644\u064a\u062f\u064a\u0629 \u0641\u064a \u0627\u0644\u0639\u0646\u0627\u064a\u0629 \u0628\u0627\u0644\u0628\u0634\u0631\u0629. \u062a\u062a\u0645\u064a\u0632 \u0628\u062a\u0631\u0643\u064a\u0628\u062a\u0647\u0627 \u0627\u0644\u0641\u0631\u064a\u062f\u0629 \u0627\u0644\u062a\u064a \u062a\u0634\u0645\u0644 \u0645\u0643\u0648\u0646\u0627\u062a \u0637\u0628\u064a\u0639\u064a\u0629 \u0645\u062a\u0646\u0648\u0639\u0629 \u0645\u062b\u0644 \u0627\u0644\u0637\u064a\u0646 \u0627\u0644\u0645\u063a\u0631\u0628\u064a \u0648\u0632\u064a\u0648\u062a \u0646\u0628\u0627\u062a\u064a\u0629 \u063a\u0646\u064a\u0629 \u0628\u0627\u0644\u0641\u064a\u062a\u0627\u0645\u064a\u0646\u0627\u062a \u0648\u0627\u0644\u0645\u0639\u0627\u062f\u0646. \u062a\u064f\u0633\u0627\u0639\u062f \u0627\u0644\u062a\u0628\u0631\u064a\u0645\u0629 \u0641\u064a \u062a\u0642\u0634\u064a\u0631 \u0627\u0644\u0628\u0634\u0631\u0629 \u0628\u0639\u0645\u0642\u060c \u0645\u0645\u0627 \u064a\u0633\u0647\u0645 \u0641\u064a \u0625\u0632\u0627\u0644\u0629 \u0627\u0644\u062e\u0644\u0627\u064a\u0627 \u0627\u0644\u0645\u064a\u062a\u0629 \u0648\u0627\u0644\u0634\u0648\u0627\u0626\u0628 \u0627\u0644\u0645\u062a\u0631\u0627\u0643\u0645\u0629\u060c \u0645\u0645\u0627 \u064a\u062a\u0631\u0643 \u0627\u0644\u0628\u0634\u0631\u0629 \u0646\u0627\u0639\u0645\u0629 \u0648\u0645\u062a\u0623\u0644\u0642\u0629. \u0625\u062d\u062f\u0649 \u0627\u0644\u0641\u0648\u0627\u0626\u062f \u0627\u0644\u0631\u0626\u064a\u0633\u064a\u0629 \u0644\u0644\u062a\u0628\u0631\u064a\u0645\u0629 \u0647\u064a [&hellip;]<\/p>\n","protected":false},"featured_media":4607,"comment_status":"open","ping_status":"closed","template":"","meta":{"_acf_changed":false,"_monsterinsights_skip_tracking":false,"_monsterinsights_sitenote_active":false,"_monsterinsights_sitenote_note":"","_monsterinsights_sitenote_category":0},"product_cat":[237,207,200],"product_tag":[293],"class_list":{"0":"post-4606","1":"product","2":"type-product","3":"status-publish","4":"has-post-thumbnail","6":"product_cat-creams","7":"product_cat-cosmetics-natural-products","8":"product_cat-products","9":"product_tag-rhamna","11":"first","12":"instock","13":"shipping-taxable","14":"purchasable","15":"product-type-simple"},"acf":[],"aioseo_notices":[],"_links":{"self":[{"href":"https:\/\/shopcoop.ma\/fr\/wp-json\/wp\/v2\/product\/4606","targetHints":{"allow":["GET"]}}],"collection":[{"href":"https:\/\/shopcoop.ma\/fr\/wp-json\/wp\/v2\/product"}],"about":[{"href":"https:\/\/shopcoop.ma\/fr\/wp-json\/wp\/v2\/types\/product"}],"replies":[{"embeddable":true,"href":"https:\/\/shopcoop.ma\/fr\/wp-json\/wp\/v2\/comments?post=4606"}],"wp:featuredmedia":[{"embeddable":true,"href":"https:\/\/shopcoop.ma\/fr\/wp-json\/wp\/v2\/media\/4607"}],"wp:attachment":[{"href":"https:\/\/shopcoop.ma\/fr\/wp-json\/wp\/v2\/media?parent=4606"}],"wp:term":[{"taxonomy":"product_cat","embeddable":true,"href":"https:\/\/shopcoop.ma\/fr\/wp-json\/wp\/v2\/product_cat?post=4606"},{"taxonomy":"product_tag","embeddable":true,"href":"https:\/\/shopcoop.ma\/fr\/wp-json\/wp\/v2\/product_tag?post=4606"}],"curies":[{"name":"wp","href":"https:\/\/api.w.org\/{rel}","templated":true}]}}