{"id":4608,"date":"2024-10-22T18:14:36","date_gmt":"2024-10-22T18:14:36","guid":{"rendered":"https:\/\/shopcoop.ma\/?post_type=product&#038;p=4608"},"modified":"2025-02-10T10:14:10","modified_gmt":"2025-02-10T10:14:10","slug":"%d8%b5%d8%a8%d8%ba%d8%a9-%d8%b7%d8%a8%d9%8a%d8%b9%d9%8a%d8%a9-%d9%84%d9%84%d8%b4%d8%b9%d8%b1-%d8%a7%d9%84%d8%a3%d8%b3%d9%88%d8%af-%d9%85%d9%86%d8%aa%d8%ac-%d8%b9%d8%b6%d9%88%d9%8a-%d9%84%d8%b5%d8%a8","status":"publish","type":"product","link":"https:\/\/shopcoop.ma\/fr\/produit\/%d8%b5%d8%a8%d8%ba%d8%a9-%d8%b7%d8%a8%d9%8a%d8%b9%d9%8a%d8%a9-%d9%84%d9%84%d8%b4%d8%b9%d8%b1-%d8%a7%d9%84%d8%a3%d8%b3%d9%88%d8%af-%d9%85%d9%86%d8%aa%d8%ac-%d8%b9%d8%b6%d9%88%d9%8a-%d9%84%d8%b5%d8%a8\/","title":{"rendered":"\u0635\u0628\u063a\u0629 \u0637\u0628\u064a\u0639\u064a\u0629 \u0644\u0644\u0634\u0639\u0631 \u0627\u0644\u0623\u0633\u0648\u062f &#8211; 100 \u0645\u0644"},"content":{"rendered":"<h2>L'importance d'utiliser des teintures capillaires naturelles<\/h2>\n<p>Les colorants pour les cheveux naturels sont un excellent choix pour les personnes qui cherchent \u00e0 garder leurs cheveux et leur cuir chevelu.Contrairement aux colorants chimiques traditionnels qui contiennent des substances difficiles qui peuvent causer des dommages aux cheveux, les colorants naturels sont caract\u00e9ris\u00e9s par des ingr\u00e9dients agr\u00e9ables et s\u00fbrs.Cette vari\u00e9t\u00e9 d'ingr\u00e9dients refl\u00e8te les multiples avantages de l'utilisation r\u00e9guli\u00e8re de ces colorants.Parmi ses principaux avantages, les colorants naturels contribuent \u00e0 r\u00e9duire les dommages auxquels les cheveux peuvent \u00eatre expos\u00e9s en raison de facteurs environnementaux ou de produits chimiques nocifs.<\/p>\n<p>Lorsque vous utilisez des teintures capillaires naturelles, cela peut augmenter la brillance et am\u00e9liorer la sant\u00e9 des cheveux en g\u00e9n\u00e9ral.Ces colorants contiennent \u00e9galement des ingr\u00e9dients tels que le henn\u00e9, qui sont l'un des mat\u00e9riaux les plus c\u00e9l\u00e8bres utilis\u00e9s dans la teinture capillaire naturelle.Le henn\u00e9 fournit non seulement une belle couleur, mais am\u00e9liore \u00e9galement les poils et leur donne plus de force et de flexibilit\u00e9.De plus, les colorants naturels donnent des cheveux l'hydratation naturelle et aident \u00e0 r\u00e9duire la d\u00e9shydratation et les pointes fourchues.<\/p>\n<p>Il est \u00e9galement important de prendre en compte que les colorants naturels sont une option plus s\u00fbre pour de nombreuses personnes, en particulier celles qui ont une peau sensible.Les composants naturels en g\u00e9n\u00e9ral r\u00e9duisent les risques de r\u00e9actions allergiques ou d'irritation cutan\u00e9e.L'adoption de colorants naturels donne aux individus la confiance dans leurs options esth\u00e9tiques ne sacrifie pas la sant\u00e9 de leurs cheveux ou la s\u00e9curit\u00e9 de leur peau.Avec un engagement \u00e0 utiliser ces produits, une personne peut profiter d'une grande couleur pour ses cheveux tout en maintenant sa force et sa beaut\u00e9.<\/p>\n<h2>Les composants de la teinture naturelle des cheveux noirs et comment l'utiliser<\/h2>\n<p>Les colorants naturels sont un choix courant pour ceux qui veulent changer la couleur de leurs cheveux en noir de mani\u00e8re s\u00fbre et saine.Ces colorants contiennent un groupe d'ingr\u00e9dients biologiques qui contribuent \u00e0 atteindre la couleur souhait\u00e9e tout en favorisant la sant\u00e9 des cheveux.Parmi ces composants, nous trouvons du henn\u00e9, qui est l'un des ingr\u00e9dients naturels les plus c\u00e9l\u00e8bres utilis\u00e9s pour teindre les cheveux.Le henn\u00e9 contient des colorants naturels qui donnent aux cheveux une riche couleur noire;De plus, il contribue \u00e0 renforcer les racines des cheveux et \u00e0 am\u00e9liorer son \u00e9clat.<\/p>\n<p>En plus du henn\u00e9, les feuilles de laurier sont utilis\u00e9es comme composant suppl\u00e9mentaire dans de nombreux colorants naturels.Les feuilles mammaires ont des propri\u00e9t\u00e9s antibact\u00e9riennes et aident \u00e0 am\u00e9liorer la sant\u00e9 du cuir chevelu.L'utilisation de ces ingr\u00e9dients donne conjointement aux cheveux une couleur attrayante et emp\u00eache les probl\u00e8mes capillaires tels que les pointes fourchues.<\/p>\n<p>Lorsque vous utilisez ce produit, il est n\u00e9cessaire de suivre des \u00e9tapes sp\u00e9cifiques pour obtenir les meilleurs r\u00e9sultats.Tout d'abord, le henn\u00e9 doit \u00eatre m\u00e9lang\u00e9 avec de l'eau ti\u00e8de jusqu'\u00e0 ce que nous obtenions une p\u00e2te lisse.Ensuite, la poudre de feuilles de laurier ou les huiles naturelles telles que l'huile d'olive peuvent \u00eatre ajout\u00e9es pour am\u00e9liorer l'efficacit\u00e9 du colorant.Apr\u00e8s la pr\u00e9paration, le m\u00e9lange est appliqu\u00e9 aux cheveux des racines aux extr\u00e9mit\u00e9s, et elle est laiss\u00e9e pendant une p\u00e9riode allant de 2 \u00e0 4 heures pour assurer la couleur de la couleur.Il est pr\u00e9f\u00e9rable de couvrir les cheveux avec une couverture en plastique ou un chapeau pour garder l'humidit\u00e9.<\/p>\n<p>Bien que l'utilisation de colorants naturels soit g\u00e9n\u00e9ralement s\u00fbre, il convient de noter que certaines personnes peuvent souffrir d'allergies \u00e0 certains ingr\u00e9dients.Par cons\u00e9quent, il est recommand\u00e9 de passer un test sur une petite partie des cheveux avant une utilisation compl\u00e8te.Si des sympt\u00f4mes ind\u00e9sirables tels que les d\u00e9mangeaisons ou les rougeurs apparaissent, vous devez arr\u00eater l'utilisation et une consultation sp\u00e9cialis\u00e9e.Ce type de soins capillaires est un moyen efficace et s\u00fbr pour une couleur de cheveux belle et lumineuse.<\/p>","protected":false},"excerpt":{"rendered":"<p>\u0623\u0647\u0645\u064a\u0629 \u0627\u0633\u062a\u062e\u062f\u0627\u0645 \u0635\u0628\u063a\u0627\u062a \u0627\u0644\u0634\u0639\u0631 \u0627\u0644\u0637\u0628\u064a\u0639\u064a\u0629 \u062a\u0639\u062a\u0628\u0631 \u0635\u0628\u063a\u0627\u062a \u0627\u0644\u0634\u0639\u0631 \u0627\u0644\u0637\u0628\u064a\u0639\u064a\u0629 \u062e\u064a\u0627\u0631\u0627\u064b \u0645\u0645\u062a\u0627\u0632\u0627\u064b \u0644\u0644\u0623\u0641\u0631\u0627\u062f \u0627\u0644\u0630\u064a\u0646 \u064a\u0633\u0639\u0648\u0646 \u0644\u0644\u062d\u0641\u0627\u0638 \u0639\u0644\u0649 \u0635\u062d\u0629 \u0634\u0639\u0631\u0647\u0645 \u0648\u0641\u0631\u0648\u0629 \u0631\u0623\u0633\u0647\u0645. \u0639\u0644\u0649 \u0639\u0643\u0633 \u0627\u0644\u0635\u0628\u063a\u0627\u062a \u0627\u0644\u0643\u064a\u0645\u064a\u0627\u0626\u064a\u0629 \u0627\u0644\u062a\u0642\u0644\u064a\u062f\u064a\u0629 \u0627\u0644\u062a\u064a \u062a\u062d\u062a\u0648\u064a \u0639\u0644\u0649 \u0645\u0648\u0627\u062f \u0642\u0627\u0633\u064a\u0629 \u064a\u0645\u0643\u0646 \u0623\u0646 \u062a\u0633\u0628\u0628 \u062a\u0644\u0641\u0627\u064b \u0644\u0644\u0634\u0639\u0631\u060c \u062a\u062a\u0645\u064a\u0632 \u0627\u0644\u0635\u0628\u063a\u0627\u062a \u0627\u0644\u0637\u0628\u064a\u0639\u064a\u0629 \u0628\u0645\u0643\u0648\u0646\u0627\u062a \u0644\u0637\u064a\u0641\u0629 \u0648\u0623\u0645\u0646\u0629. \u0647\u0630\u0627 \u0627\u0644\u062a\u0646\u0648\u0639 \u0641\u064a \u0627\u0644\u0645\u0643\u0648\u0646\u0627\u062a \u064a\u0639\u0643\u0633 \u0627\u0644\u0641\u0648\u0627\u0626\u062f \u0627\u0644\u0645\u062a\u0639\u062f\u062f\u0629 \u0644\u0644\u0627\u0633\u062a\u062e\u062f\u0627\u0645 \u0627\u0644\u0645\u0646\u062a\u0638\u0645 \u0644\u0647\u0630\u0647 \u0627\u0644\u0635\u0628\u063a\u0627\u062a. \u0645\u0646 \u0628\u064a\u0646 \u0641\u0648\u0627\u0626\u062f\u0647\u0627 [&hellip;]<\/p>\n","protected":false},"featured_media":5482,"comment_status":"open","ping_status":"closed","template":"","meta":{"_acf_changed":false,"_monsterinsights_skip_tracking":false,"_monsterinsights_sitenote_active":false,"_monsterinsights_sitenote_note":"","_monsterinsights_sitenote_category":0},"product_cat":[237,207,200],"product_tag":[293],"class_list":{"0":"post-4608","1":"product","2":"type-product","3":"status-publish","4":"has-post-thumbnail","6":"product_cat-creams","7":"product_cat-cosmetics-natural-products","8":"product_cat-products","9":"product_tag-rhamna","11":"first","12":"instock","13":"shipping-taxable","14":"purchasable","15":"product-type-simple"},"acf":[],"aioseo_notices":[],"_links":{"self":[{"href":"https:\/\/shopcoop.ma\/fr\/wp-json\/wp\/v2\/product\/4608","targetHints":{"allow":["GET"]}}],"collection":[{"href":"https:\/\/shopcoop.ma\/fr\/wp-json\/wp\/v2\/product"}],"about":[{"href":"https:\/\/shopcoop.ma\/fr\/wp-json\/wp\/v2\/types\/product"}],"replies":[{"embeddable":true,"href":"https:\/\/shopcoop.ma\/fr\/wp-json\/wp\/v2\/comments?post=4608"}],"wp:featuredmedia":[{"embeddable":true,"href":"https:\/\/shopcoop.ma\/fr\/wp-json\/wp\/v2\/media\/5482"}],"wp:attachment":[{"href":"https:\/\/shopcoop.ma\/fr\/wp-json\/wp\/v2\/media?parent=4608"}],"wp:term":[{"taxonomy":"product_cat","embeddable":true,"href":"https:\/\/shopcoop.ma\/fr\/wp-json\/wp\/v2\/product_cat?post=4608"},{"taxonomy":"product_tag","embeddable":true,"href":"https:\/\/shopcoop.ma\/fr\/wp-json\/wp\/v2\/product_tag?post=4608"}],"curies":[{"name":"wp","href":"https:\/\/api.w.org\/{rel}","templated":true}]}}