{"id":4614,"date":"2024-10-22T18:22:05","date_gmt":"2024-10-22T18:22:05","guid":{"rendered":"https:\/\/shopcoop.ma\/?post_type=product&#038;p=4614"},"modified":"2025-02-10T10:25:49","modified_gmt":"2025-02-10T10:25:49","slug":"%d9%81%d9%88%d8%a7%d8%a6%d8%af-%d9%85%d8%b3%d8%ad%d9%88%d9%82-%d8%a7%d9%84%d9%84%d9%88%d9%8a%d8%b2%d8%a9-%d9%85%d9%86%d8%aa%d8%ac-%d8%b7%d8%a8%d9%8a%d8%b9%d9%8a-%d9%84%d8%b5%d8%ad%d8%aa%d9%83-%d9%88","status":"publish","type":"product","link":"https:\/\/shopcoop.ma\/fr\/produit\/%d9%81%d9%88%d8%a7%d8%a6%d8%af-%d9%85%d8%b3%d8%ad%d9%88%d9%82-%d8%a7%d9%84%d9%84%d9%88%d9%8a%d8%b2%d8%a9-%d9%85%d9%86%d8%aa%d8%ac-%d8%b7%d8%a8%d9%8a%d8%b9%d9%8a-%d9%84%d8%b5%d8%ad%d8%aa%d9%83-%d9%88\/","title":{"rendered":"\u0645\u0633\u062d\u0648\u0642 \u0627\u0644\u0644\u0648\u064a\u0632\u0629 &#8211; 50 \u063a"},"content":{"rendered":"<h2>Qu'est-ce que la poudre du Louaze et comment elle est pr\u00e9par\u00e9e?<\/h2>\n<p>La poudre de Louissa est un produit naturel extrait des feuilles de la plante Louisa, \u00e9galement connue sous le nom de &amp; # 8220;Les feuilles de Weyze sont une riche source d'huiles essentielles et de compos\u00e9s utiles, ce qui en fait un choix courant dans le monde des rem\u00e8des et des saveurs naturels.Pour pr\u00e9parer la poudre du Louaze, les feuilles de poux m\u00fbres sont d'abord ramass\u00e9es, puis se laver soigneusement pour se d\u00e9barrasser des impuret\u00e9s.Ensuite, les feuilles sont s\u00e9ch\u00e9es dans un endroit sombre et sec pour maintenir les huiles essentielles et leurs propri\u00e9t\u00e9s nutritionnelles.Ce processus peut prendre plusieurs jours, selon le degr\u00e9 d'humidit\u00e9 dans l'air.<\/p>\n<p>Une fois que les feuilles sont compl\u00e8tement s\u00e8ches, ils sont broy\u00e9s dans des usines pr\u00e9cises pour obtenir une poudre douce.Le bon broyage garantit que vous gardez les nutriments et les substances actives contenues dans le Louaze.La poudre perdante r\u00e9sultante aura une odeur rafra\u00eechissante et rafra\u00eechissante qui refl\u00e8te les propri\u00e9t\u00e9s aromatiques de la plante d'origine.Cette poudre est non seulement utilis\u00e9e \u00e0 des fins m\u00e9dicales, mais peut \u00e9galement \u00eatre utilis\u00e9e pour am\u00e9liorer la saveur des boissons chaudes et froides, telles que le th\u00e9 et les jus.<\/p>\n<p>Il convient de noter que la poudre de lucifet contient un ensemble d'avantages pour la sant\u00e9, y compris ses propri\u00e9t\u00e9s apaisantes et relaxantes.La sortie finale est un produit naturel qui peut aider \u00e0 am\u00e9liorer votre sant\u00e9 g\u00e9n\u00e9rale, ainsi qu'\u00e0 ajouter une touche unique \u00e0 vos boissons et \u00e0 vos aliments.L'utilisation d'une poudre Luwaiza est une option int\u00e9ressante pour ceux qui cherchent \u00e0 am\u00e9liorer naturellement leur style de vie.<\/p>\n<h2>Avantages de la poudre de perdant saine et de ses multiples utilisations<\/h2>\n<p>La poudre Luwaiza est un produit naturel riche en avantages pour la sant\u00e9, car il est connu pour sa capacit\u00e9 \u00e0 soutenir le syst\u00e8me digestif et \u00e0 nettoyer le corps des toxines.L'hygi\u00e8ne interne du corps est l'un des facteurs de base pour maintenir une bonne sant\u00e9, et la poudre Luwaiza peut contribuer \u00e0 renforcer ce processus en am\u00e9liorant les selles et en r\u00e9duisant les ballonnements.Cette poudre stimule la production de jus digestifs, qui aide les individus souffrant de troubles digestifs tels que l'indigestion ou les gaz.<\/p>\n<p>De plus, la poudre Louaisa est utilis\u00e9e comme rem\u00e8de naturel pour se d\u00e9barrasser de l'insomnie et des probl\u00e8mes de sommeil.La caract\u00e9ristique de l'apaisement des nerfs de cette poudre est b\u00e9n\u00e9fique pour les personnes \u00e0 la recherche de m\u00e9thodes naturelles pour am\u00e9liorer leur qualit\u00e9 de sommeil.Une boisson chaude peut \u00eatre pr\u00e9par\u00e9e en ajoutant une cuill\u00e8re \u00e0 caf\u00e9 de poudre de Louisha \u00e0 une tasse d'eau chaude, ce qui facilite la relaxation avant de se coucher et r\u00e9duit les niveaux d'anxi\u00e9t\u00e9 et de tension.<\/p>\n<p>De plus, la poudre de Louaisah peut \u00eatre utilis\u00e9e comme un composant multi-utilisateur pour ajouter une saveur distinctive aux boissons quotidiennes.Il est recommand\u00e9 de l'utiliser dans la pr\u00e9paration du th\u00e9, ou comme ajout aux jus ou m\u00eame aux boissons au lait.Il am\u00e9liore la poudre de Luwaiza des saveurs et ajoute des avantages suppl\u00e9mentaires pour la sant\u00e9, ce qui en fait un choix id\u00e9al pour les personnes qui cherchent \u00e0 am\u00e9liorer leur sant\u00e9 et la qualit\u00e9 de leurs boissons.En fin de compte, la poudre Luwaiza incarne un exemple id\u00e9al d'\u00e9quilibre entre la sant\u00e9 et la saveur, ce qui en fait un produit naturel digne d'exp\u00e9rience et d'int\u00e9gration dans l'alimentation quotidienne.<\/p>","protected":false},"excerpt":{"rendered":"<p>\u0645\u0627 \u0647\u0648 \u0645\u0633\u062d\u0648\u0642 \u0627\u0644\u0644\u0648\u064a\u0632\u0629 \u0648\u0643\u064a\u0641 \u064a\u062a\u0645 \u062a\u062d\u0636\u064a\u0631\u0647\u061f \u0645\u0633\u062d\u0648\u0642 \u0627\u0644\u0644\u0648\u064a\u0632\u0629 \u0647\u0648 \u0645\u0646\u062a\u062c \u0637\u0628\u064a\u0639\u064a \u064a\u062a\u0645 \u0627\u0633\u062a\u062e\u0631\u0627\u062c\u0647 \u0645\u0646 \u0623\u0648\u0631\u0627\u0642 \u0646\u0628\u0627\u062a \u0627\u0644\u0644\u0648\u064a\u0632\u0629\u060c \u0627\u0644\u0645\u0639\u0631\u0648\u0641 \u0623\u064a\u0636\u0627\u064b \u0628\u0627\u0633\u0645 &#8220;\u0627\u0644\u0645\u0644\u064a\u0633\u0629&#8221;. \u062a\u064f\u0639\u062a\u0628\u0631 \u0623\u0648\u0631\u0627\u0642 \u0627\u0644\u0644\u0648\u064a\u0632\u0629 \u0645\u0635\u062f\u0631\u064b\u0627 \u063a\u0646\u064a\u064b\u0627 \u0628\u0627\u0644\u0632\u064a\u0648\u062a \u0627\u0644\u0623\u0633\u0627\u0633\u064a\u0629 \u0648\u0627\u0644\u0645\u0631\u0643\u0628\u0627\u062a \u0627\u0644\u0645\u0641\u064a\u062f\u0629\u060c \u0645\u0645\u0627 \u064a\u062c\u0639\u0644\u0647\u0627 \u062e\u064a\u0627\u0631\u064b\u0627 \u0634\u0627\u0626\u0639\u064b\u0627 \u0641\u064a \u0639\u0627\u0644\u0645 \u0627\u0644\u0639\u0644\u0627\u062c\u0627\u062a \u0627\u0644\u0637\u0628\u064a\u0639\u064a\u0629 \u0648\u0627\u0644\u0646\u0643\u0647\u0627\u062a. \u0644\u062a\u062d\u0636\u064a\u0631 \u0645\u0633\u062d\u0648\u0642 \u0627\u0644\u0644\u0648\u064a\u0632\u0629\u060c \u064a\u062a\u0645 \u0623\u0648\u0644\u0627\u064b \u0642\u0637\u0641 \u0623\u0648\u0631\u0627\u0642 \u0627\u0644\u0644\u0648\u064a\u0632\u0629 \u0627\u0644\u0646\u0627\u0636\u062c\u0629\u060c \u062b\u0645 \u062a\u064f\u063a\u0633\u0644 \u0628\u0639\u0646\u0627\u064a\u0629 \u0644\u0644\u062a\u062e\u0644\u0635 \u0645\u0646 \u0627\u0644\u0634\u0648\u0627\u0626\u0628. [&hellip;]<\/p>\n","protected":false},"featured_media":4615,"comment_status":"open","ping_status":"closed","template":"","meta":{"_acf_changed":false,"_monsterinsights_skip_tracking":false,"_monsterinsights_sitenote_active":false,"_monsterinsights_sitenote_note":"","_monsterinsights_sitenote_category":0},"product_cat":[208,200],"product_tag":[293],"class_list":{"0":"post-4614","1":"product","2":"type-product","3":"status-publish","4":"has-post-thumbnail","6":"product_cat-aromatic-and-medicinal-plants-grocery","7":"product_cat-products","8":"product_tag-rhamna","10":"first","11":"instock","12":"shipping-taxable","13":"purchasable","14":"product-type-simple"},"acf":[],"aioseo_notices":[],"_links":{"self":[{"href":"https:\/\/shopcoop.ma\/fr\/wp-json\/wp\/v2\/product\/4614","targetHints":{"allow":["GET"]}}],"collection":[{"href":"https:\/\/shopcoop.ma\/fr\/wp-json\/wp\/v2\/product"}],"about":[{"href":"https:\/\/shopcoop.ma\/fr\/wp-json\/wp\/v2\/types\/product"}],"replies":[{"embeddable":true,"href":"https:\/\/shopcoop.ma\/fr\/wp-json\/wp\/v2\/comments?post=4614"}],"wp:featuredmedia":[{"embeddable":true,"href":"https:\/\/shopcoop.ma\/fr\/wp-json\/wp\/v2\/media\/4615"}],"wp:attachment":[{"href":"https:\/\/shopcoop.ma\/fr\/wp-json\/wp\/v2\/media?parent=4614"}],"wp:term":[{"taxonomy":"product_cat","embeddable":true,"href":"https:\/\/shopcoop.ma\/fr\/wp-json\/wp\/v2\/product_cat?post=4614"},{"taxonomy":"product_tag","embeddable":true,"href":"https:\/\/shopcoop.ma\/fr\/wp-json\/wp\/v2\/product_tag?post=4614"}],"curies":[{"name":"wp","href":"https:\/\/api.w.org\/{rel}","templated":true}]}}