{"id":4753,"date":"2024-10-24T14:33:18","date_gmt":"2024-10-24T14:33:18","guid":{"rendered":"https:\/\/shopcoop.ma\/product\/%d9%86%d9%8a%d9%84%d8%a7-%d8%a7%d9%84%d8%b5%d8%ad%d8%b1%d8%a7%d9%88%d9%8a%d8%a9\/"},"modified":"2025-02-10T10:30:14","modified_gmt":"2025-02-10T10:30:14","slug":"%d9%86%d9%8a%d9%84%d8%a7-%d8%a7%d9%84%d8%b5%d8%ad%d8%b1%d8%a7%d9%88%d9%8a%d8%a9","status":"publish","type":"product","link":"https:\/\/shopcoop.ma\/fr\/produit\/%d9%86%d9%8a%d9%84%d8%a7-%d8%a7%d9%84%d8%b5%d8%ad%d8%b1%d8%a7%d9%88%d9%8a%d8%a9\/","title":{"rendered":"\u0646\u064a\u0644\u0627 \u0627\u0644\u0635\u062d\u0631\u0627\u0648\u064a\u0629 &#8211; 50 \u063a"},"content":{"rendered":"<h2>Les avantages du d\u00e9sert de Nella<\/h2>\n<p>Ce produit est une poudre \u00e0 base de plantes naturelle sp\u00e9cifiquement pour am\u00e9liorer la sant\u00e9 de la peau et du corps.Il contient des ingr\u00e9dients naturels soigneusement choisis pour assurer l'efficacit\u00e9 et la s\u00e9curit\u00e9.<\/p>\n<h2>Comment utiliser Nella Desert<\/h2>\n<p>Une quantit\u00e9 appropri\u00e9e de poudre est m\u00e9lang\u00e9e avec de l'eau ou du lait, appliqu\u00e9e sur la peau ou la manger comme une boisson.Il est recommand\u00e9 de l'utiliser r\u00e9guli\u00e8rement pour les meilleurs r\u00e9sultats.<\/p>\n<h2>Composants du d\u00e9sert de Nella<\/h2>\n<p>Il contient un groupe d'herbes naturelles qui am\u00e9liorent la sant\u00e9 de la peau et du corps en g\u00e9n\u00e9ral.<\/p>\n<h2>Avertissements et utilisation s\u00fbrs<\/h2>\n<p>Il est toujours recommand\u00e9 de tester le produit sur une petite zone du cuir pour s'assurer qu'il n'y a pas de r\u00e9action allergique.Consultez un m\u00e9decin en cas de grossesse ou d'allaitement ou si vous prenez certains m\u00e9dicaments.<\/p>","protected":false},"excerpt":{"rendered":"<p>\u0641\u0648\u0627\u0626\u062f \u0646\u064a\u0644\u0627 \u0627\u0644\u0635\u062d\u0631\u0627\u0648\u064a\u0629 \u0647\u0630\u0627 \u0627\u0644\u0645\u0646\u062a\u062c \u0639\u0628\u0627\u0631\u0629 \u0639\u0646 \u0645\u0633\u062d\u0648\u0642 \u0639\u0634\u0628\u064a \u0637\u0628\u064a\u0639\u064a \u0645\u064f\u0639\u062f \u062e\u0635\u064a\u0635\u064b\u0627 \u0644\u062a\u0639\u0632\u064a\u0632 \u0635\u062d\u0629 \u0627\u0644\u0628\u0634\u0631\u0629 \u0648\u0627\u0644\u062c\u0633\u0645. \u064a\u062d\u062a\u0648\u064a \u0639\u0644\u0649 \u0645\u0643\u0648\u0646\u0627\u062a \u0637\u0628\u064a\u0639\u064a\u0629 \u0645\u064f\u062e\u062a\u0627\u0631\u0629 \u0628\u0639\u0646\u0627\u064a\u0629 \u0644\u0636\u0645\u0627\u0646 \u0627\u0644\u0641\u0639\u0627\u0644\u064a\u0629 \u0648\u0627\u0644\u0633\u0644\u0627\u0645\u0629. \u0637\u0631\u064a\u0642\u0629 \u0627\u0633\u062a\u062e\u062f\u0627\u0645 \u0646\u064a\u0644\u0627 \u0627\u0644\u0635\u062d\u0631\u0627\u0648\u064a\u0629 \u064a\u062a\u0645 \u062e\u0644\u0637 \u0643\u0645\u064a\u0629 \u0645\u0646\u0627\u0633\u0628\u0629 \u0645\u0646 \u0627\u0644\u0645\u0633\u062d\u0648\u0642 \u0645\u0639 \u0627\u0644\u0645\u0627\u0621 \u0623\u0648 \u0627\u0644\u062d\u0644\u064a\u0628 \u0648\u062a\u0637\u0628\u064a\u0642\u0647 \u0639\u0644\u0649 \u0627\u0644\u0628\u0634\u0631\u0629 \u0623\u0648 \u062a\u0646\u0627\u0648\u0644\u0647 \u0643\u0645\u0634\u0631\u0648\u0628. \u064a\u064f\u0646\u0635\u062d \u0628\u0627\u0633\u062a\u062e\u062f\u0627\u0645\u0647 \u0628\u0627\u0646\u062a\u0638\u0627\u0645 \u0644\u0644\u062d\u0635\u0648\u0644 \u0639\u0644\u0649 \u0623\u0641\u0636\u0644 \u0627\u0644\u0646\u062a\u0627\u0626\u062c. \u0645\u0643\u0648\u0646\u0627\u062a \u0646\u064a\u0644\u0627 \u0627\u0644\u0635\u062d\u0631\u0627\u0648\u064a\u0629 [&hellip;]<\/p>\n","protected":false},"featured_media":4633,"comment_status":"open","ping_status":"closed","template":"","meta":{"_acf_changed":false,"_monsterinsights_skip_tracking":false,"_monsterinsights_sitenote_active":false,"_monsterinsights_sitenote_note":"","_monsterinsights_sitenote_category":0},"product_cat":[200],"product_tag":[293],"class_list":{"0":"post-4753","1":"product","2":"type-product","3":"status-publish","4":"has-post-thumbnail","6":"product_cat-products","7":"product_tag-rhamna","9":"first","10":"instock","11":"shipping-taxable","12":"purchasable","13":"product-type-simple"},"acf":[],"aioseo_notices":[],"_links":{"self":[{"href":"https:\/\/shopcoop.ma\/fr\/wp-json\/wp\/v2\/product\/4753","targetHints":{"allow":["GET"]}}],"collection":[{"href":"https:\/\/shopcoop.ma\/fr\/wp-json\/wp\/v2\/product"}],"about":[{"href":"https:\/\/shopcoop.ma\/fr\/wp-json\/wp\/v2\/types\/product"}],"replies":[{"embeddable":true,"href":"https:\/\/shopcoop.ma\/fr\/wp-json\/wp\/v2\/comments?post=4753"}],"wp:featuredmedia":[{"embeddable":true,"href":"https:\/\/shopcoop.ma\/fr\/wp-json\/wp\/v2\/media\/4633"}],"wp:attachment":[{"href":"https:\/\/shopcoop.ma\/fr\/wp-json\/wp\/v2\/media?parent=4753"}],"wp:term":[{"taxonomy":"product_cat","embeddable":true,"href":"https:\/\/shopcoop.ma\/fr\/wp-json\/wp\/v2\/product_cat?post=4753"},{"taxonomy":"product_tag","embeddable":true,"href":"https:\/\/shopcoop.ma\/fr\/wp-json\/wp\/v2\/product_tag?post=4753"}],"curies":[{"name":"wp","href":"https:\/\/api.w.org\/{rel}","templated":true}]}}