{"id":4755,"date":"2024-10-24T14:33:27","date_gmt":"2024-10-24T14:33:27","guid":{"rendered":"https:\/\/shopcoop.ma\/product\/%d8%ae%d9%84-%d8%a7%d9%84%d8%aa%d9%81%d8%a7%d8%ad\/"},"modified":"2025-02-10T10:34:54","modified_gmt":"2025-02-10T10:34:54","slug":"%d8%ae%d9%84-%d8%a7%d9%84%d8%aa%d9%81%d8%a7%d8%ad","status":"publish","type":"product","link":"https:\/\/shopcoop.ma\/fr\/produit\/%d8%ae%d9%84-%d8%a7%d9%84%d8%aa%d9%81%d8%a7%d8%ad\/","title":{"rendered":"\u062e\u0644 \u0627\u0644\u062a\u0641\u0627\u062d &#8211; 500 \u0645\u0644"},"content":{"rendered":"<h2>Avantages du vinaigre de cidre de pomme<\/h2>\n<p>Ce produit est 100% vinaigre de cidre de pomme naturel.Il contient de nombreux avantages pour la sant\u00e9, notamment l'am\u00e9lioration de la digestion, le nettoyage du corps des toxines et l'am\u00e9lioration de la sant\u00e9 de la peau et des cheveux.Il aide \u00e9galement \u00e0 r\u00e9guler la glyc\u00e9mie et \u00e0 r\u00e9duire les infections.<\/p>\n<h2>Comment utiliser du vinaigre de cidre de pomme<\/h2>\n<p>Le vinaigre de cidre de pomme peut \u00eatre utilis\u00e9 dans de nombreuses recettes d\u00e9licieuses ou comme compl\u00e9ment alimentaire.Il est recommand\u00e9 de le diluer avec de l'eau avant de le boire pour \u00e9viter toute irritation de l'estomac.<\/p>\n<h2>Ingr\u00e9dients du vinaigre de pomme<\/h2>\n<p>Ce produit se compose d'un vinaigre de cidre de pomme enti\u00e8rement naturel sans aucun ajouter artificiel.<\/p>\n<h2>Avertissements et utilisation s\u00fbrs<\/h2>\n<p>Il est toujours recommand\u00e9 de soulager le vinaigre de cidre de pomme avant de l'utiliser pour \u00e9viter toute irritation de l'estomac ou de la gorge.Consultez un m\u00e9decin s'il y a des conditions m\u00e9dicales sp\u00e9ciales.<\/p>\n<h2>Avantages suppl\u00e9mentaires<\/h2>\n<p>Le vinaigre de cidre de pomme peut \u00eatre utilis\u00e9 comme ingr\u00e9dient naturel pour les soins de la peau et des cheveux, car il fonctionne comme un nettoyant naturel et antiseptique.<\/p>","protected":false},"excerpt":{"rendered":"<p>\u0641\u0648\u0627\u0626\u062f \u062e\u0644 \u0627\u0644\u062a\u0641\u0627\u062d \u0647\u0630\u0627 \u0627\u0644\u0645\u0646\u062a\u062c \u0639\u0628\u0627\u0631\u0629 \u0639\u0646 \u062e\u0644 \u0627\u0644\u062a\u0641\u0627\u062d \u0627\u0644\u0637\u0628\u064a\u0639\u064a \u0628\u0646\u0633\u0628\u0629 100%. \u064a\u062d\u062a\u0648\u064a \u0639\u0644\u0649 \u0641\u0648\u0627\u0626\u062f \u0635\u062d\u064a\u0629 \u0639\u062f\u064a\u062f\u0629 \u0645\u0646\u0647\u0627 \u062a\u062d\u0633\u064a\u0646 \u0627\u0644\u0647\u0636\u0645\u060c \u062a\u0646\u0638\u064a\u0641 \u0627\u0644\u062c\u0633\u0645 \u0645\u0646 \u0627\u0644\u0633\u0645\u0648\u0645\u060c \u0648\u062a\u062d\u0633\u064a\u0646 \u0635\u062d\u0629 \u0627\u0644\u062c\u0644\u062f \u0648\u0627\u0644\u0634\u0639\u0631. \u064a\u0633\u0627\u0639\u062f \u0623\u064a\u0636\u064b\u0627 \u0641\u064a \u062a\u0646\u0638\u064a\u0645 \u0645\u0633\u062a\u0648\u064a\u0627\u062a \u0627\u0644\u0633\u0643\u0631 \u0641\u064a \u0627\u0644\u062f\u0645 \u0648\u062a\u0642\u0644\u064a\u0644 \u0627\u0644\u0627\u0644\u062a\u0647\u0627\u0628\u0627\u062a. \u0637\u0631\u064a\u0642\u0629 \u0627\u0633\u062a\u062e\u062f\u0627\u0645 \u062e\u0644 \u0627\u0644\u062a\u0641\u0627\u062d \u064a\u0645\u0643\u0646 \u0627\u0633\u062a\u062e\u062f\u0627\u0645 \u062e\u0644 \u0627\u0644\u062a\u0641\u0627\u062d \u0641\u064a \u0627\u0644\u0639\u062f\u064a\u062f \u0645\u0646 \u0627\u0644\u0648\u0635\u0641\u0627\u062a \u0627\u0644\u0637\u0647\u0648\u064a\u0629 \u0623\u0648 \u0643\u0645\u0643\u0645\u0644 \u063a\u0630\u0627\u0626\u064a. \u064a\u064f\u0646\u0635\u062d [&hellip;]<\/p>\n","protected":false},"featured_media":4754,"comment_status":"open","ping_status":"closed","template":"","meta":{"_acf_changed":false,"_monsterinsights_skip_tracking":false,"_monsterinsights_sitenote_active":false,"_monsterinsights_sitenote_note":"","_monsterinsights_sitenote_category":0},"product_cat":[15,200],"product_tag":[293],"class_list":{"0":"post-4755","1":"product","2":"type-product","3":"status-publish","4":"has-post-thumbnail","6":"product_cat-uncategorized","7":"product_cat-products","8":"product_tag-rhamna","10":"first","11":"instock","12":"shipping-taxable","13":"purchasable","14":"product-type-simple"},"acf":[],"aioseo_notices":[],"_links":{"self":[{"href":"https:\/\/shopcoop.ma\/fr\/wp-json\/wp\/v2\/product\/4755","targetHints":{"allow":["GET"]}}],"collection":[{"href":"https:\/\/shopcoop.ma\/fr\/wp-json\/wp\/v2\/product"}],"about":[{"href":"https:\/\/shopcoop.ma\/fr\/wp-json\/wp\/v2\/types\/product"}],"replies":[{"embeddable":true,"href":"https:\/\/shopcoop.ma\/fr\/wp-json\/wp\/v2\/comments?post=4755"}],"wp:featuredmedia":[{"embeddable":true,"href":"https:\/\/shopcoop.ma\/fr\/wp-json\/wp\/v2\/media\/4754"}],"wp:attachment":[{"href":"https:\/\/shopcoop.ma\/fr\/wp-json\/wp\/v2\/media?parent=4755"}],"wp:term":[{"taxonomy":"product_cat","embeddable":true,"href":"https:\/\/shopcoop.ma\/fr\/wp-json\/wp\/v2\/product_cat?post=4755"},{"taxonomy":"product_tag","embeddable":true,"href":"https:\/\/shopcoop.ma\/fr\/wp-json\/wp\/v2\/product_tag?post=4755"}],"curies":[{"name":"wp","href":"https:\/\/api.w.org\/{rel}","templated":true}]}}