{"id":4756,"date":"2024-10-24T14:33:27","date_gmt":"2024-10-24T14:33:27","guid":{"rendered":"https:\/\/shopcoop.ma\/product\/%d9%83%d8%b1%d9%8a%d9%85-%d9%85%d8%b6%d8%a7%d8%af-%d9%84%d9%84%d8%a8%d9%88%d8%a7%d8%b3%d9%8a%d8%b1\/"},"modified":"2025-02-10T10:53:47","modified_gmt":"2025-02-10T10:53:47","slug":"%d9%83%d8%b1%d9%8a%d9%85-%d9%85%d8%b6%d8%a7%d8%af-%d9%84%d9%84%d8%a8%d9%88%d8%a7%d8%b3%d9%8a%d8%b1","status":"publish","type":"product","link":"https:\/\/shopcoop.ma\/fr\/produit\/%d9%83%d8%b1%d9%8a%d9%85-%d9%85%d8%b6%d8%a7%d8%af-%d9%84%d9%84%d8%a8%d9%88%d8%a7%d8%b3%d9%8a%d8%b1\/","title":{"rendered":"\u0645\u0631\u0647\u0645 \u0644\u0644\u0628\u0648\u0627\u0633\u064a\u0631 &#8211; 50 \u0645\u0644"},"content":{"rendered":"<h2>Avantages d'une cr\u00e8me anti-h\u00e9morro\u00efde<\/h2>\n<p>Ce produit est une cr\u00e8me naturelle d\u00e9di\u00e9e au traitement des h\u00e9morro\u00efdes et des varices.Il contient des ingr\u00e9dients naturels qui aident \u00e0 soulager la douleur et \u00e0 r\u00e9duire l'enflure et les d\u00e9mangeaisons des h\u00e9morro\u00efdes et des varices.La cr\u00e8me am\u00e9liore la circulation sanguine et soulage efficacement les infections.<\/p>\n<h2>Comment utiliser une cr\u00e8me anti-h\u00e9morro\u00efde<\/h2>\n<p>La zone affect\u00e9e est doucement nettoy\u00e9e et s\u00e9ch\u00e9e, puis une quantit\u00e9 appropri\u00e9e de cr\u00e8me est appliqu\u00e9e sur la zone affect\u00e9e.Il est utilis\u00e9 deux fois par jour pour les meilleurs r\u00e9sultats.<\/p>\n<h2>Ingr\u00e9dients \u00e0 la cr\u00e8me anti-h\u00e9morro\u00efde<\/h2>\n<p>Ce produit contient des ingr\u00e9dients naturels soigneusement s\u00e9lectionn\u00e9s pour assurer l'efficacit\u00e9 et la s\u00e9curit\u00e9.<\/p>\n<h2>Avertissements et utilisation s\u00fbrs<\/h2>\n<p>Il est toujours recommand\u00e9 de consulter un m\u00e9decin avant d'utiliser le produit, surtout si vous souffrez de conditions m\u00e9dicales sp\u00e9ciales ou prenez certains m\u00e9dicaments.Le produit doit \u00eatre test\u00e9 sur une petite zone du cuir pour s'assurer qu'il n'y a pas de r\u00e9action allergique.<\/p>\n<h2>Avantages suppl\u00e9mentaires<\/h2>\n<p>En plus de son r\u00f4le dans le traitement des h\u00e9morro\u00efdes et des varices, cette cr\u00e8me aide \u00e0 am\u00e9liorer la sant\u00e9 de la peau en g\u00e9n\u00e9ral et est un excellent ajout \u00e0 tout syst\u00e8me de soins de la peau.<\/p>","protected":false},"excerpt":{"rendered":"<p>\u0641\u0648\u0627\u0626\u062f \u0643\u0631\u064a\u0645 \u0645\u0636\u0627\u062f \u0644\u0644\u0628\u0648\u0627\u0633\u064a\u0631 \u0647\u0630\u0627 \u0627\u0644\u0645\u0646\u062a\u062c \u0647\u0648 \u0643\u0631\u064a\u0645 \u0637\u0628\u064a\u0639\u064a \u0645\u062e\u0635\u0635 \u0644\u0639\u0644\u0627\u062c \u0627\u0644\u0628\u0648\u0627\u0633\u064a\u0631 \u0648\u0627\u0644\u062f\u0648\u0627\u0644\u064a. \u064a\u062d\u062a\u0648\u064a \u0639\u0644\u0649 \u0645\u0643\u0648\u0646\u0627\u062a \u0637\u0628\u064a\u0639\u064a\u0629 \u062a\u0633\u0627\u0639\u062f \u0641\u064a \u062a\u062e\u0641\u064a\u0641 \u0627\u0644\u0623\u0644\u0645 \u0648\u062a\u0642\u0644\u064a\u0644 \u0627\u0644\u062a\u0648\u0631\u0645 \u0648\u0627\u0644\u062d\u0643\u0629 \u0627\u0644\u0646\u0627\u062a\u062c\u0629 \u0639\u0646 \u0627\u0644\u0628\u0648\u0627\u0633\u064a\u0631 \u0648\u0627\u0644\u062f\u0648\u0627\u0644\u064a. \u064a\u0639\u0645\u0644 \u0627\u0644\u0643\u0631\u064a\u0645 \u0639\u0644\u0649 \u062a\u062d\u0633\u064a\u0646 \u0627\u0644\u062f\u0648\u0631\u0629 \u0627\u0644\u062f\u0645\u0648\u064a\u0629 \u0648\u062a\u062e\u0641\u064a\u0641 \u0627\u0644\u0627\u0644\u062a\u0647\u0627\u0628\u0627\u062a \u0628\u0634\u0643\u0644 \u0641\u0639\u0627\u0644. \u0637\u0631\u064a\u0642\u0629 \u0627\u0633\u062a\u062e\u062f\u0627\u0645 \u0643\u0631\u064a\u0645 \u0645\u0636\u0627\u062f \u0644\u0644\u0628\u0648\u0627\u0633\u064a\u0631 \u064a\u062a\u0645 \u062a\u0646\u0638\u064a\u0641 \u0627\u0644\u0645\u0646\u0637\u0642\u0629 \u0627\u0644\u0645\u0635\u0627\u0628\u0629 \u0648\u062a\u062c\u0641\u064a\u0641\u0647\u0627 \u0628\u0644\u0637\u0641\u060c \u062b\u0645 \u064a\u062a\u0645 \u062a\u0637\u0628\u064a\u0642 \u0643\u0645\u064a\u0629 \u0645\u0646\u0627\u0633\u0628\u0629 \u0645\u0646 [&hellip;]<\/p>\n","protected":false},"featured_media":4635,"comment_status":"open","ping_status":"closed","template":"","meta":{"_acf_changed":false,"_monsterinsights_skip_tracking":false,"_monsterinsights_sitenote_active":false,"_monsterinsights_sitenote_note":"","_monsterinsights_sitenote_category":0},"product_cat":[15,200],"product_tag":[293],"class_list":{"0":"post-4756","1":"product","2":"type-product","3":"status-publish","4":"has-post-thumbnail","6":"product_cat-uncategorized","7":"product_cat-products","8":"product_tag-rhamna","10":"first","11":"instock","12":"shipping-taxable","13":"purchasable","14":"product-type-simple"},"acf":[],"aioseo_notices":[],"_links":{"self":[{"href":"https:\/\/shopcoop.ma\/fr\/wp-json\/wp\/v2\/product\/4756","targetHints":{"allow":["GET"]}}],"collection":[{"href":"https:\/\/shopcoop.ma\/fr\/wp-json\/wp\/v2\/product"}],"about":[{"href":"https:\/\/shopcoop.ma\/fr\/wp-json\/wp\/v2\/types\/product"}],"replies":[{"embeddable":true,"href":"https:\/\/shopcoop.ma\/fr\/wp-json\/wp\/v2\/comments?post=4756"}],"wp:featuredmedia":[{"embeddable":true,"href":"https:\/\/shopcoop.ma\/fr\/wp-json\/wp\/v2\/media\/4635"}],"wp:attachment":[{"href":"https:\/\/shopcoop.ma\/fr\/wp-json\/wp\/v2\/media?parent=4756"}],"wp:term":[{"taxonomy":"product_cat","embeddable":true,"href":"https:\/\/shopcoop.ma\/fr\/wp-json\/wp\/v2\/product_cat?post=4756"},{"taxonomy":"product_tag","embeddable":true,"href":"https:\/\/shopcoop.ma\/fr\/wp-json\/wp\/v2\/product_tag?post=4756"}],"curies":[{"name":"wp","href":"https:\/\/api.w.org\/{rel}","templated":true}]}}