{"id":4757,"date":"2024-10-24T14:33:27","date_gmt":"2024-10-24T14:33:27","guid":{"rendered":"https:\/\/shopcoop.ma\/product\/%d8%b2%d8%a8%d8%af%d8%a9-%d8%a7%d9%84%d8%b4%d9%8a%d8%a7-%d8%a7%d9%84%d9%86%d9%82%d9%8a%d8%a9\/"},"modified":"2025-02-10T10:52:46","modified_gmt":"2025-02-10T10:52:46","slug":"%d8%b2%d8%a8%d8%af%d8%a9-%d8%a7%d9%84%d8%b4%d9%8a%d8%a7-%d8%a7%d9%84%d9%86%d9%82%d9%8a%d8%a9","status":"publish","type":"product","link":"https:\/\/shopcoop.ma\/fr\/produit\/%d8%b2%d8%a8%d8%af%d8%a9-%d8%a7%d9%84%d8%b4%d9%8a%d8%a7-%d8%a7%d9%84%d9%86%d9%82%d9%8a%d8%a9\/","title":{"rendered":"\u0632\u0628\u062f\u0629 \u0627\u0644\u0634\u064a\u0627 \u0627\u0644\u0646\u0642\u064a\u0629 &#8211; 80 \u063a"},"content":{"rendered":"<h2>Avantages du beurre de karit\u00e9 pur<\/h2>\n<p>Ce produit est 100% pur beurre de karit\u00e9.Il est utilis\u00e9 pour hydrater la peau et les cheveux, et contient des vitamines et des min\u00e9raux qui aident \u00e0 nourrir la peau et les cheveux.Le beurre de karit\u00e9 aide \u00e0 traiter la peau s\u00e8che, \u00e0 r\u00e9duire les rides et \u00e0 am\u00e9liorer l'\u00e9lasticit\u00e9 de la peau.Il peut \u00e9galement \u00eatre utilis\u00e9 pour traiter les infections cutan\u00e9es et calmer des br\u00fblures mineures.<\/p>\n<h2>Comment utiliser du beurre de karit\u00e9 pur<\/h2>\n<p>Une quantit\u00e9 appropri\u00e9e de beurre de karit\u00e9 est appliqu\u00e9e sur la peau ou les cheveux et mass\u00e9 doucement jusqu'\u00e0 ce que la peau soit compl\u00e8tement absorb\u00e9e.Il peut \u00eatre utilis\u00e9 quotidiennement pour de meilleurs r\u00e9sultats.<\/p>\n<h2>Ingr\u00e9dients de beurre de karit\u00e9 pure<\/h2>\n<p>Le beurre de karit\u00e9 pur se compose d'ingr\u00e9dients 100% naturels sans ajouts industriels.<\/p>\n<h2>Avertissements et utilisation s\u00fbrs<\/h2>\n<p>Il est toujours recommand\u00e9 de tester le produit sur une petite zone du cuir pour s'assurer qu'il n'y a pas de r\u00e9action allergique.Il est pr\u00e9f\u00e9rable de consulter un m\u00e9decin en cas de conditions m\u00e9dicales sp\u00e9ciales.<\/p>\n<h2>Avantages suppl\u00e9mentaires<\/h2>\n<p>En plus de son r\u00f4le dans l'hydratation et la nourrisson de la peau et des cheveux, le beurre de karit\u00e9 pur aide \u00e0 prot\u00e9ger la peau contre les facteurs environnementaux nocifs tels que le soleil et le vent.<\/p>","protected":false},"excerpt":{"rendered":"<p>\u0641\u0648\u0627\u0626\u062f \u0632\u0628\u062f\u0629 \u0627\u0644\u0634\u064a\u0627 \u0627\u0644\u0646\u0642\u064a\u0629 \u0647\u0630\u0627 \u0627\u0644\u0645\u0646\u062a\u062c \u0639\u0628\u0627\u0631\u0629 \u0639\u0646 \u0632\u0628\u062f\u0629 \u0627\u0644\u0634\u064a\u0627 \u0627\u0644\u0646\u0642\u064a\u0629 \u0628\u0646\u0633\u0628\u0629 100%. \u062a\u064f\u0633\u062a\u062e\u062f\u0645 \u0644\u062a\u0631\u0637\u064a\u0628 \u0627\u0644\u0628\u0634\u0631\u0629 \u0648\u0627\u0644\u0634\u0639\u0631\u060c \u0648\u062a\u062d\u062a\u0648\u064a \u0639\u0644\u0649 \u0641\u064a\u062a\u0627\u0645\u064a\u0646\u0627\u062a \u0648\u0645\u0639\u0627\u062f\u0646 \u062a\u0633\u0627\u0639\u062f \u0641\u064a \u062a\u063a\u0630\u064a\u0629 \u0627\u0644\u062c\u0644\u062f \u0648\u0627\u0644\u0634\u0639\u0631. \u062a\u0633\u0627\u0639\u062f \u0632\u0628\u062f\u0629 \u0627\u0644\u0634\u064a\u0627 \u0641\u064a \u0639\u0644\u0627\u062c \u0627\u0644\u0628\u0634\u0631\u0629 \u0627\u0644\u062c\u0627\u0641\u0629\u060c \u0648\u062a\u0642\u0644\u064a\u0644 \u0627\u0644\u062a\u062c\u0627\u0639\u064a\u062f\u060c \u0648\u062a\u062d\u0633\u064a\u0646 \u0645\u0631\u0648\u0646\u0629 \u0627\u0644\u062c\u0644\u062f. \u0643\u0645\u0627 \u064a\u0645\u0643\u0646 \u0627\u0633\u062a\u062e\u062f\u0627\u0645\u0647\u0627 \u0644\u0639\u0644\u0627\u062c \u0627\u0644\u062a\u0647\u0627\u0628\u0627\u062a \u0627\u0644\u062c\u0644\u062f \u0648\u062a\u0647\u062f\u0626\u0629 \u0627\u0644\u062d\u0631\u0648\u0642 \u0627\u0644\u0628\u0633\u064a\u0637\u0629. \u0637\u0631\u064a\u0642\u0629 \u0627\u0633\u062a\u062e\u062f\u0627\u0645 \u0632\u0628\u062f\u0629 \u0627\u0644\u0634\u064a\u0627 \u0627\u0644\u0646\u0642\u064a\u0629 \u064a\u062a\u0645 \u0648\u0636\u0639 \u0643\u0645\u064a\u0629 [&hellip;]<\/p>\n","protected":false},"featured_media":4637,"comment_status":"open","ping_status":"closed","template":"","meta":{"_acf_changed":false,"_monsterinsights_skip_tracking":false,"_monsterinsights_sitenote_active":false,"_monsterinsights_sitenote_note":"","_monsterinsights_sitenote_category":0},"product_cat":[15,200],"product_tag":[293],"class_list":{"0":"post-4757","1":"product","2":"type-product","3":"status-publish","4":"has-post-thumbnail","6":"product_cat-uncategorized","7":"product_cat-products","8":"product_tag-rhamna","10":"first","11":"instock","12":"shipping-taxable","13":"purchasable","14":"product-type-simple"},"acf":[],"aioseo_notices":[],"_links":{"self":[{"href":"https:\/\/shopcoop.ma\/fr\/wp-json\/wp\/v2\/product\/4757","targetHints":{"allow":["GET"]}}],"collection":[{"href":"https:\/\/shopcoop.ma\/fr\/wp-json\/wp\/v2\/product"}],"about":[{"href":"https:\/\/shopcoop.ma\/fr\/wp-json\/wp\/v2\/types\/product"}],"replies":[{"embeddable":true,"href":"https:\/\/shopcoop.ma\/fr\/wp-json\/wp\/v2\/comments?post=4757"}],"wp:featuredmedia":[{"embeddable":true,"href":"https:\/\/shopcoop.ma\/fr\/wp-json\/wp\/v2\/media\/4637"}],"wp:attachment":[{"href":"https:\/\/shopcoop.ma\/fr\/wp-json\/wp\/v2\/media?parent=4757"}],"wp:term":[{"taxonomy":"product_cat","embeddable":true,"href":"https:\/\/shopcoop.ma\/fr\/wp-json\/wp\/v2\/product_cat?post=4757"},{"taxonomy":"product_tag","embeddable":true,"href":"https:\/\/shopcoop.ma\/fr\/wp-json\/wp\/v2\/product_tag?post=4757"}],"curies":[{"name":"wp","href":"https:\/\/api.w.org\/{rel}","templated":true}]}}