{"id":4758,"date":"2024-10-24T14:33:28","date_gmt":"2024-10-24T14:33:28","guid":{"rendered":"https:\/\/shopcoop.ma\/product\/%d8%aa%d8%b1%d9%83%d9%8a%d8%a8%d8%a9-%d8%b2%d9%8a%d9%88%d8%aa-%d9%84%d8%aa%d8%b7%d9%88%d9%8a%d9%84-%d8%a7%d9%84%d8%b4%d8%b9%d8%b1\/"},"modified":"2025-02-10T10:19:04","modified_gmt":"2025-02-10T10:19:04","slug":"%d8%aa%d8%b1%d9%83%d9%8a%d8%a8%d8%a9-%d8%b2%d9%8a%d9%88%d8%aa-%d9%84%d8%aa%d8%b7%d9%88%d9%8a%d9%84-%d8%a7%d9%84%d8%b4%d8%b9%d8%b1","status":"publish","type":"product","link":"https:\/\/shopcoop.ma\/fr\/produit\/%d8%aa%d8%b1%d9%83%d9%8a%d8%a8%d8%a9-%d8%b2%d9%8a%d9%88%d8%aa-%d9%84%d8%aa%d8%b7%d9%88%d9%8a%d9%84-%d8%a7%d9%84%d8%b4%d8%b9%d8%b1\/","title":{"rendered":"\u062a\u0631\u0643\u064a\u0628\u0629 \u0632\u064a\u0648\u062a \u0644\u062a\u0637\u0648\u064a\u0644 \u0627\u0644\u0634\u0639\u0631  &#8211; 100 \u0645\u0644"},"content":{"rendered":"<h2>Avantages d'une formule pour allonger les cheveux<\/h2>\n<p>Ce produit est un m\u00e9lange d'huiles naturelles sp\u00e9cialement con\u00e7ues pour am\u00e9liorer et allonger la croissance des cheveux.Il contient des ingr\u00e9dients naturels qui alimentent le cuir chevelu et les cheveux et am\u00e9liorent la sant\u00e9 des cheveux des racines aux extr\u00e9mit\u00e9s.Cette huile aide \u00e0 renforcer les cheveux et \u00e0 pr\u00e9venir la perte de cheveux, ce qui les rend plus intenses et lisses.<\/p>\n<h2>Comment utiliser une formule pour allonger les cheveux<\/h2>\n<p>Il est recommand\u00e9 de mettre une quantit\u00e9 appropri\u00e9e d'huile sur le cuir chevelu et de les masser doucement jusqu'\u00e0 ce que l'huile p\u00e9n\u00e8tre dans les racines des cheveux.Laissez 30 minutes puis lavez avec du shampooing.Il peut \u00eatre utilis\u00e9 deux fois par semaine pour les meilleurs r\u00e9sultats.<\/p>\n<h2>Composants de formule pour allonger les cheveux<\/h2>\n<p>Ce produit se compose d'un groupe d'huiles naturelles soigneusement choisies pour assurer l'efficacit\u00e9 et la s\u00e9curit\u00e9, notamment l'huile d'argan, l'huile de coco et l'huile de ricin.<\/p>\n<h2>Avertissements et utilisation s\u00fbrs<\/h2>\n<p>Il est toujours recommand\u00e9 de tester l'huile sur une petite zone de la peau pour s'assurer qu'il n'y a pas de r\u00e9action allergique.Il est pr\u00e9f\u00e9rable de consulter un m\u00e9decin en cas de conditions m\u00e9dicales sp\u00e9ciales.<\/p>\n<h2>Avantages suppl\u00e9mentaires<\/h2>\n<p>En plus de son r\u00f4le dans l'allongement des cheveux, cette huile aide \u00e0 am\u00e9liorer la sant\u00e9 du cuir chevelu et \u00e0 r\u00e9duire la s\u00e9cheresse et les d\u00e9mangeaisons, ce qui en fait un excellent ajout \u00e0 toute routine de soins capillaires.<\/p>","protected":false},"excerpt":{"rendered":"<p>\u0641\u0648\u0627\u0626\u062f \u062a\u0631\u0643\u064a\u0628\u0629 \u0632\u064a\u0648\u062a \u0644\u062a\u0637\u0648\u064a\u0644 \u0627\u0644\u0634\u0639\u0631 \u0647\u0630\u0627 \u0627\u0644\u0645\u0646\u062a\u062c \u0639\u0628\u0627\u0631\u0629 \u0639\u0646 \u0645\u0632\u064a\u062c \u0645\u0646 \u0627\u0644\u0632\u064a\u0648\u062a \u0627\u0644\u0637\u0628\u064a\u0639\u064a\u0629 \u0627\u0644\u0645\u0635\u0645\u0645\u0629 \u062e\u0635\u064a\u0635\u064b\u0627 \u0644\u062a\u0639\u0632\u064a\u0632 \u0646\u0645\u0648 \u0627\u0644\u0634\u0639\u0631 \u0648\u062a\u0637\u0648\u064a\u0644\u0647. \u064a\u062d\u062a\u0648\u064a \u0639\u0644\u0649 \u0645\u0643\u0648\u0646\u0627\u062a \u0637\u0628\u064a\u0639\u064a\u0629 \u062a\u0639\u0645\u0644 \u0639\u0644\u0649 \u062a\u063a\u0630\u064a\u0629 \u0641\u0631\u0648\u0629 \u0627\u0644\u0631\u0623\u0633 \u0648\u0627\u0644\u0634\u0639\u0631\u060c \u0648\u062a\u062d\u0633\u064a\u0646 \u0635\u062d\u0629 \u0627\u0644\u0634\u0639\u0631 \u0645\u0646 \u0627\u0644\u062c\u0630\u0648\u0631 \u062d\u062a\u0649 \u0627\u0644\u0623\u0637\u0631\u0627\u0641. \u064a\u0633\u0627\u0639\u062f \u0647\u0630\u0627 \u0627\u0644\u0632\u064a\u062a \u0641\u064a \u062a\u0642\u0648\u064a\u0629 \u0627\u0644\u0634\u0639\u0631 \u0648\u0645\u0646\u0639 \u062a\u0633\u0627\u0642\u0637\u0647\u060c \u0645\u0645\u0627 \u064a\u062c\u0639\u0644\u0647 \u0623\u0643\u062b\u0631 \u0643\u062b\u0627\u0641\u0629 \u0648\u0646\u0639\u0648\u0645\u0629. \u0637\u0631\u064a\u0642\u0629 \u0627\u0633\u062a\u062e\u062f\u0627\u0645 \u062a\u0631\u0643\u064a\u0628\u0629 \u0632\u064a\u0648\u062a \u0644\u062a\u0637\u0648\u064a\u0644 \u0627\u0644\u0634\u0639\u0631 [&hellip;]<\/p>\n","protected":false},"featured_media":4638,"comment_status":"open","ping_status":"closed","template":"","meta":{"_acf_changed":false,"_monsterinsights_skip_tracking":false,"_monsterinsights_sitenote_active":false,"_monsterinsights_sitenote_note":"","_monsterinsights_sitenote_category":0},"product_cat":[15,200],"product_tag":[293],"class_list":{"0":"post-4758","1":"product","2":"type-product","3":"status-publish","4":"has-post-thumbnail","6":"product_cat-uncategorized","7":"product_cat-products","8":"product_tag-rhamna","10":"first","11":"instock","12":"shipping-taxable","13":"purchasable","14":"product-type-simple"},"acf":[],"aioseo_notices":[],"_links":{"self":[{"href":"https:\/\/shopcoop.ma\/fr\/wp-json\/wp\/v2\/product\/4758","targetHints":{"allow":["GET"]}}],"collection":[{"href":"https:\/\/shopcoop.ma\/fr\/wp-json\/wp\/v2\/product"}],"about":[{"href":"https:\/\/shopcoop.ma\/fr\/wp-json\/wp\/v2\/types\/product"}],"replies":[{"embeddable":true,"href":"https:\/\/shopcoop.ma\/fr\/wp-json\/wp\/v2\/comments?post=4758"}],"wp:featuredmedia":[{"embeddable":true,"href":"https:\/\/shopcoop.ma\/fr\/wp-json\/wp\/v2\/media\/4638"}],"wp:attachment":[{"href":"https:\/\/shopcoop.ma\/fr\/wp-json\/wp\/v2\/media?parent=4758"}],"wp:term":[{"taxonomy":"product_cat","embeddable":true,"href":"https:\/\/shopcoop.ma\/fr\/wp-json\/wp\/v2\/product_cat?post=4758"},{"taxonomy":"product_tag","embeddable":true,"href":"https:\/\/shopcoop.ma\/fr\/wp-json\/wp\/v2\/product_tag?post=4758"}],"curies":[{"name":"wp","href":"https:\/\/api.w.org\/{rel}","templated":true}]}}