{"id":4759,"date":"2024-10-24T14:33:28","date_gmt":"2024-10-24T14:33:28","guid":{"rendered":"https:\/\/shopcoop.ma\/product\/%d9%85%d8%b3%d8%ad%d9%88%d9%82-%d8%a7%d9%84%d9%85%d9%88%d8%b1%d9%8a%d9%86%d8%ac%d8%a7\/"},"modified":"2025-02-10T10:28:59","modified_gmt":"2025-02-10T10:28:59","slug":"%d9%85%d8%b3%d8%ad%d9%88%d9%82-%d8%a7%d9%84%d9%85%d9%88%d8%b1%d9%8a%d9%86%d8%ac%d8%a7","status":"publish","type":"product","link":"https:\/\/shopcoop.ma\/fr\/produit\/%d9%85%d8%b3%d8%ad%d9%88%d9%82-%d8%a7%d9%84%d9%85%d9%88%d8%b1%d9%8a%d9%86%d8%ac%d8%a7\/","title":{"rendered":"\u0645\u0633\u062d\u0648\u0642 \u0627\u0644\u0645\u0648\u0631\u064a\u0646\u062c\u0627 &#8211; 50 \u063a"},"content":{"rendered":"<h2>Les avantages de la poudre de moringa<\/h2>\n<p>Ce produit est une poudre \u00e0 base de plantes naturelle pr\u00e9par\u00e9e par des feuilles de moringa s\u00e9ch\u00e9es.Il contient un large \u00e9ventail de vitamines, min\u00e9raux et acides amin\u00e9s qui am\u00e9liorent la sant\u00e9 publique.Il aide \u00e0 am\u00e9liorer la digestion, \u00e0 soutenir le syst\u00e8me immunitaire et \u00e0 augmenter les niveaux d'\u00e9nergie.Il fonctionne \u00e9galement comme un antioxydant et contribue \u00e0 promouvoir une peau et des cheveux sains.<\/p>\n<h2>Comment utiliser la poudre de Moringa<\/h2>\n<p>Une cuill\u00e8re \u00e0 soupe de poudre de Moringa peut \u00eatre ajout\u00e9e aux jus, au th\u00e9 ou \u00e0 divers aliments tels que le yaourt et les soupes.Il est recommand\u00e9 de l'utiliser quotidiennement pour obtenir les meilleurs r\u00e9sultats.<\/p>\n<h2>Moringa Powder Components<\/h2>\n<p>Ce produit se compose de feuilles de moringa \u00e0 100% s\u00e9ch\u00e9es, sans ajouts industriels.<\/p>\n<h2>Avertissements et utilisation s\u00fbrs<\/h2>\n<p>Il est toujours recommand\u00e9 de consulter un m\u00e9decin avant d'utiliser le produit, surtout si vous souffrez d'une condition m\u00e9dicale sp\u00e9ciale ou prenez certains m\u00e9dicaments.Le produit doit \u00eatre test\u00e9 sur une petite zone du cuir pour s'assurer qu'il n'y a pas de r\u00e9action allergique.<\/p>\n<h2>Avantages suppl\u00e9mentaires<\/h2>\n<p>En plus de son r\u00f4le dans l'am\u00e9lioration de la sant\u00e9 publique, ce produit aide \u00e0 am\u00e9liorer la fonction h\u00e9patique et r\u00e9nale et soutient la sant\u00e9 cardiaque.<\/p>","protected":false},"excerpt":{"rendered":"<p>\u0641\u0648\u0627\u0626\u062f \u0645\u0633\u062d\u0648\u0642 \u0627\u0644\u0645\u0648\u0631\u064a\u0646\u062c\u0627 \u0647\u0630\u0627 \u0627\u0644\u0645\u0646\u062a\u062c \u0639\u0628\u0627\u0631\u0629 \u0639\u0646 \u0645\u0633\u062d\u0648\u0642 \u0639\u0634\u0628\u064a \u0637\u0628\u064a\u0639\u064a \u0645\u064f\u0639\u062f \u0645\u0646 \u0623\u0648\u0631\u0627\u0642 \u0627\u0644\u0645\u0648\u0631\u064a\u0646\u062c\u0627 \u0627\u0644\u0645\u062c\u0641\u0641\u0629. \u064a\u062d\u062a\u0648\u064a \u0639\u0644\u0649 \u0645\u062c\u0645\u0648\u0639\u0629 \u0648\u0627\u0633\u0639\u0629 \u0645\u0646 \u0627\u0644\u0641\u064a\u062a\u0627\u0645\u064a\u0646\u0627\u062a \u0648\u0627\u0644\u0645\u0639\u0627\u062f\u0646 \u0648\u0627\u0644\u0623\u062d\u0645\u0627\u0636 \u0627\u0644\u0623\u0645\u064a\u0646\u064a\u0629 \u0627\u0644\u062a\u064a \u062a\u0639\u0632\u0632 \u0627\u0644\u0635\u062d\u0629 \u0627\u0644\u0639\u0627\u0645\u0629. \u064a\u0633\u0627\u0639\u062f \u0641\u064a \u062a\u062d\u0633\u064a\u0646 \u0627\u0644\u0647\u0636\u0645\u060c \u062f\u0639\u0645 \u0627\u0644\u062c\u0647\u0627\u0632 \u0627\u0644\u0645\u0646\u0627\u0639\u064a\u060c \u0648\u0632\u064a\u0627\u062f\u0629 \u0645\u0633\u062a\u0648\u064a\u0627\u062a \u0627\u0644\u0637\u0627\u0642\u0629. \u0643\u0645\u0627 \u064a\u0639\u0645\u0644 \u0643\u0645\u0636\u0627\u062f \u0644\u0644\u0623\u0643\u0633\u062f\u0629 \u0648\u064a\u0633\u0627\u0647\u0645 \u0641\u064a \u062a\u0639\u0632\u064a\u0632 \u0635\u062d\u0629 \u0627\u0644\u062c\u0644\u062f \u0648\u0627\u0644\u0634\u0639\u0631. \u0637\u0631\u064a\u0642\u0629 \u0627\u0633\u062a\u062e\u062f\u0627\u0645 \u0645\u0633\u062d\u0648\u0642 \u0627\u0644\u0645\u0648\u0631\u064a\u0646\u062c\u0627 \u064a\u0645\u0643\u0646 \u0625\u0636\u0627\u0641\u0629 \u0645\u0644\u0639\u0642\u0629 [&hellip;]<\/p>\n","protected":false},"featured_media":4639,"comment_status":"open","ping_status":"closed","template":"","meta":{"_acf_changed":false,"_monsterinsights_skip_tracking":false,"_monsterinsights_sitenote_active":false,"_monsterinsights_sitenote_note":"","_monsterinsights_sitenote_category":0},"product_cat":[15,200],"product_tag":[293],"class_list":{"0":"post-4759","1":"product","2":"type-product","3":"status-publish","4":"has-post-thumbnail","6":"product_cat-uncategorized","7":"product_cat-products","8":"product_tag-rhamna","10":"first","11":"instock","12":"shipping-taxable","13":"purchasable","14":"product-type-simple"},"acf":[],"aioseo_notices":[],"_links":{"self":[{"href":"https:\/\/shopcoop.ma\/fr\/wp-json\/wp\/v2\/product\/4759","targetHints":{"allow":["GET"]}}],"collection":[{"href":"https:\/\/shopcoop.ma\/fr\/wp-json\/wp\/v2\/product"}],"about":[{"href":"https:\/\/shopcoop.ma\/fr\/wp-json\/wp\/v2\/types\/product"}],"replies":[{"embeddable":true,"href":"https:\/\/shopcoop.ma\/fr\/wp-json\/wp\/v2\/comments?post=4759"}],"wp:featuredmedia":[{"embeddable":true,"href":"https:\/\/shopcoop.ma\/fr\/wp-json\/wp\/v2\/media\/4639"}],"wp:attachment":[{"href":"https:\/\/shopcoop.ma\/fr\/wp-json\/wp\/v2\/media?parent=4759"}],"wp:term":[{"taxonomy":"product_cat","embeddable":true,"href":"https:\/\/shopcoop.ma\/fr\/wp-json\/wp\/v2\/product_cat?post=4759"},{"taxonomy":"product_tag","embeddable":true,"href":"https:\/\/shopcoop.ma\/fr\/wp-json\/wp\/v2\/product_tag?post=4759"}],"curies":[{"name":"wp","href":"https:\/\/api.w.org\/{rel}","templated":true}]}}