{"id":4761,"date":"2024-10-24T14:33:28","date_gmt":"2024-10-24T14:33:28","guid":{"rendered":"https:\/\/shopcoop.ma\/product\/%d9%85%d8%b3%d8%ad%d9%88%d9%82-%d8%a7%d9%84%d8%b3%d8%af%d8%b1\/"},"modified":"2025-02-10T10:22:46","modified_gmt":"2025-02-10T10:22:46","slug":"%d9%85%d8%b3%d8%ad%d9%88%d9%82-%d8%a7%d9%84%d8%b3%d8%af%d8%b1","status":"publish","type":"product","link":"https:\/\/shopcoop.ma\/fr\/produit\/%d9%85%d8%b3%d8%ad%d9%88%d9%82-%d8%a7%d9%84%d8%b3%d8%af%d8%b1\/","title":{"rendered":"\u0645\u0633\u062d\u0648\u0642 \u0627\u0644\u0633\u062f\u0631 &#8211; 50 \u063a"},"content":{"rendered":"<h2>Les avantages de la poudre Sidr<\/h2>\n<p>Ce produit est une poudre \u00e0 base de plantes naturelle faite de feuilles SiDR soigneusement s\u00e9ch\u00e9es.Il contient un large \u00e9ventail de vitamines et de min\u00e9raux b\u00e9n\u00e9fiques pour la sant\u00e9 publique.Il est utilis\u00e9 en particulier pour am\u00e9liorer la sant\u00e9 des cheveux et de la peau, et contribue \u00e0 nourrir et \u00e0 renforcer les cheveux, et aide \u00e9galement \u00e0 nettoyer la peau profond\u00e9ment et \u00e0 les adoucir.<\/p>\n<h2>Comment utiliser la poudre Sidr<\/h2>\n<p>Il peut \u00eatre utilis\u00e9 sur les cheveux et la peau.Pour les cheveux, une quantit\u00e9 appropri\u00e9e de poudre est m\u00e9lang\u00e9e avec de l'eau jusqu'\u00e0 ce qu'une p\u00e2te soit form\u00e9e, puis appliqu\u00e9e sur le cuir chevelu et les cheveux et laiss\u00e9e pendant 30 minutes avant de rincer.Pour la peau, la poudre est m\u00e9lang\u00e9e avec de l'eau ou de l'eau de rose pour former une p\u00e2te, appliquer sur le visage et partir pendant 15 minutes avant de rincer.<\/p>\n<h2>Composants de poudre Sidr<\/h2>\n<p>Ce produit se compose de feuilles SiDR \u00e0 100% s\u00e9ch\u00e9es, sans ajouts industriels.<\/p>\n<h2>Avertissements et utilisation s\u00fbrs<\/h2>\n<p>Il est toujours recommand\u00e9 de tester le produit sur une petite zone du cuir pour s'assurer qu'il n'y a pas de r\u00e9action allergique.Il est pr\u00e9f\u00e9rable de consulter un m\u00e9decin en cas de conditions m\u00e9dicales sp\u00e9ciales.<\/p>\n<h2>Avantages suppl\u00e9mentaires<\/h2>\n<p>En plus de son r\u00f4le dans l'am\u00e9lioration de la sant\u00e9 des cheveux et de la peau, ce produit aide \u00e0 am\u00e9liorer la sant\u00e9 du syst\u00e8me digestif et du syst\u00e8me immunitaire en g\u00e9n\u00e9ral.<\/p>","protected":false},"excerpt":{"rendered":"<p>\u0641\u0648\u0627\u0626\u062f \u0645\u0633\u062d\u0648\u0642 \u0627\u0644\u0633\u062f\u0631 \u0647\u0630\u0627 \u0627\u0644\u0645\u0646\u062a\u062c \u0639\u0628\u0627\u0631\u0629 \u0639\u0646 \u0645\u0633\u062d\u0648\u0642 \u0639\u0634\u0628\u064a \u0637\u0628\u064a\u0639\u064a \u0645\u0635\u0646\u0648\u0639 \u0645\u0646 \u0623\u0648\u0631\u0627\u0642 \u0627\u0644\u0633\u062f\u0631 \u0627\u0644\u0645\u062c\u0641\u0641\u0629 \u0648\u0627\u0644\u0645\u0637\u062d\u0648\u0646\u0629 \u0628\u0639\u0646\u0627\u064a\u0629. \u064a\u062d\u062a\u0648\u064a \u0639\u0644\u0649 \u0645\u062c\u0645\u0648\u0639\u0629 \u0648\u0627\u0633\u0639\u0629 \u0645\u0646 \u0627\u0644\u0641\u064a\u062a\u0627\u0645\u064a\u0646\u0627\u062a \u0648\u0627\u0644\u0645\u0639\u0627\u062f\u0646 \u0627\u0644\u0645\u0641\u064a\u062f\u0629 \u0644\u0644\u0635\u062d\u0629 \u0627\u0644\u0639\u0627\u0645\u0629. \u064a\u064f\u0633\u062a\u062e\u062f\u0645 \u0628\u0634\u0643\u0644 \u062e\u0627\u0635 \u0644\u062a\u062d\u0633\u064a\u0646 \u0635\u062d\u0629 \u0627\u0644\u0634\u0639\u0631 \u0648\u0627\u0644\u0628\u0634\u0631\u0629\u060c \u0648\u064a\u0633\u0627\u0647\u0645 \u0641\u064a \u062a\u063a\u0630\u064a\u0629 \u0648\u062a\u0642\u0648\u064a\u0629 \u0627\u0644\u0634\u0639\u0631\u060c \u0643\u0645\u0627 \u064a\u0633\u0627\u0639\u062f \u0641\u064a \u062a\u0646\u0638\u064a\u0641 \u0627\u0644\u0628\u0634\u0631\u0629 \u0628\u0639\u0645\u0642 \u0648\u062a\u0646\u0639\u064a\u0645\u0647\u0627. \u0637\u0631\u064a\u0642\u0629 \u0627\u0633\u062a\u062e\u062f\u0627\u0645 \u0645\u0633\u062d\u0648\u0642 \u0627\u0644\u0633\u062f\u0631 \u064a\u0645\u0643\u0646 \u0627\u0633\u062a\u062e\u062f\u0627\u0645\u0647 \u0639\u0644\u0649 \u0627\u0644\u0634\u0639\u0631 \u0648\u0627\u0644\u0628\u0634\u0631\u0629. [&hellip;]<\/p>\n","protected":false},"featured_media":4641,"comment_status":"open","ping_status":"closed","template":"","meta":{"_acf_changed":false,"_monsterinsights_skip_tracking":false,"_monsterinsights_sitenote_active":false,"_monsterinsights_sitenote_note":"","_monsterinsights_sitenote_category":0},"product_cat":[15,200],"product_tag":[293],"class_list":{"0":"post-4761","1":"product","2":"type-product","3":"status-publish","4":"has-post-thumbnail","6":"product_cat-uncategorized","7":"product_cat-products","8":"product_tag-rhamna","10":"first","11":"instock","12":"shipping-taxable","13":"purchasable","14":"product-type-simple"},"acf":[],"aioseo_notices":[],"_links":{"self":[{"href":"https:\/\/shopcoop.ma\/fr\/wp-json\/wp\/v2\/product\/4761","targetHints":{"allow":["GET"]}}],"collection":[{"href":"https:\/\/shopcoop.ma\/fr\/wp-json\/wp\/v2\/product"}],"about":[{"href":"https:\/\/shopcoop.ma\/fr\/wp-json\/wp\/v2\/types\/product"}],"replies":[{"embeddable":true,"href":"https:\/\/shopcoop.ma\/fr\/wp-json\/wp\/v2\/comments?post=4761"}],"wp:featuredmedia":[{"embeddable":true,"href":"https:\/\/shopcoop.ma\/fr\/wp-json\/wp\/v2\/media\/4641"}],"wp:attachment":[{"href":"https:\/\/shopcoop.ma\/fr\/wp-json\/wp\/v2\/media?parent=4761"}],"wp:term":[{"taxonomy":"product_cat","embeddable":true,"href":"https:\/\/shopcoop.ma\/fr\/wp-json\/wp\/v2\/product_cat?post=4761"},{"taxonomy":"product_tag","embeddable":true,"href":"https:\/\/shopcoop.ma\/fr\/wp-json\/wp\/v2\/product_tag?post=4761"}],"curies":[{"name":"wp","href":"https:\/\/api.w.org\/{rel}","templated":true}]}}