{"id":4762,"date":"2024-10-24T14:33:28","date_gmt":"2024-10-24T14:33:28","guid":{"rendered":"https:\/\/shopcoop.ma\/product\/%d8%aa%d8%b1%d9%83%d9%8a%d8%a8%d8%a9-%d8%b2%d9%8a%d9%88%d8%aa-%d8%a7%d9%84%d9%85%d9%81%d8%a7%d8%b5%d9%84-%d9%88%d8%a7%d9%84%d8%b1%d9%88%d9%85%d8%a7%d8%aa%d9%8a%d8%b2%d9%85\/"},"modified":"2025-02-10T10:54:18","modified_gmt":"2025-02-10T10:54:18","slug":"%d8%aa%d8%b1%d9%83%d9%8a%d8%a8%d8%a9-%d8%b2%d9%8a%d9%88%d8%aa-%d8%a7%d9%84%d9%85%d9%81%d8%a7%d8%b5%d9%84-%d9%88%d8%a7%d9%84%d8%b1%d9%88%d9%85%d8%a7%d8%aa%d9%8a%d8%b2%d9%85","status":"publish","type":"product","link":"https:\/\/shopcoop.ma\/fr\/produit\/%d8%aa%d8%b1%d9%83%d9%8a%d8%a8%d8%a9-%d8%b2%d9%8a%d9%88%d8%aa-%d8%a7%d9%84%d9%85%d9%81%d8%a7%d8%b5%d9%84-%d9%88%d8%a7%d9%84%d8%b1%d9%88%d9%85%d8%a7%d8%aa%d9%8a%d8%b2%d9%85\/","title":{"rendered":"\u062a\u0631\u0643\u064a\u0628\u0629 \u0632\u064a\u0648\u062a \u0627\u0644\u0645\u0641\u0627\u0635\u0644 \u0648\u0627\u0644\u0631\u0648\u0645\u0627\u062a\u064a\u0632\u0645 &#8211; 60 \u0645\u0644"},"content":{"rendered":"<h2>Avantages des huiles conjointes et des rhumatismes<\/h2>\n<p>Ce produit est une composition compos\u00e9e d'un ensemble d'huiles naturelles d\u00e9di\u00e9es \u00e0 soulager les douleurs articulaires et le traitement des rhumatismes.Ces huiles aident \u00e0 am\u00e9liorer les mouvements articulaires et \u00e0 r\u00e9duire l'enflure et l'inflammation.L'huile est utilis\u00e9e pour r\u00e9conforter les personnes souffrant de douleurs articulaires permanentes ou \u00e0 la suite de blessures.<\/p>\n<h2>Comment utiliser les huiles et les rhumatismes articulaires<\/h2>\n<p>Il est recommand\u00e9 de mettre une quantit\u00e9 appropri\u00e9e d'huile sur la zone affect\u00e9e et de la masser doucement jusqu'\u00e0 ce qu'elle soit compl\u00e8tement absorb\u00e9e.Il peut \u00eatre utilis\u00e9 deux fois par jour pour obtenir les meilleurs r\u00e9sultats.<\/p>\n<h2>Composants des huiles et des rhumatismes articulaires<\/h2>\n<p>Le produit contient un groupe d'huiles naturelles telles que l'huile de menthe, l'huile de camphre et l'huile d'olive, qui sont soigneusement choisies pour assurer l'efficacit\u00e9 et la s\u00e9curit\u00e9.<\/p>\n<h2>Avertissements et utilisation s\u00fbrs<\/h2>\n<p>Il est toujours recommand\u00e9 de tester l'huile sur une petite zone de la peau pour s'assurer qu'il n'y a pas de r\u00e9action allergique.Il est pr\u00e9f\u00e9rable de consulter un m\u00e9decin s'il y a des conditions m\u00e9dicales sp\u00e9ciales ou si vous prenez certains m\u00e9dicaments.<\/p>\n<h2>Avantages suppl\u00e9mentaires<\/h2>\n<p>En plus de son r\u00f4le dans le soulagement des douleurs articulaires, ce produit aide \u00e0 am\u00e9liorer la circulation sanguine et \u00e0 r\u00e9duire le stress et le stress.<\/p>","protected":false},"excerpt":{"rendered":"<p>\u0641\u0648\u0627\u0626\u062f \u062a\u0631\u0643\u064a\u0628\u0629 \u0632\u064a\u0648\u062a \u0627\u0644\u0645\u0641\u0627\u0635\u0644 \u0648\u0627\u0644\u0631\u0648\u0645\u0627\u062a\u064a\u0632\u0645 \u0647\u0630\u0627 \u0627\u0644\u0645\u0646\u062a\u062c \u0639\u0628\u0627\u0631\u0629 \u0639\u0646 \u062a\u0631\u0643\u064a\u0628\u0629 \u0645\u0643\u0648\u0646\u0629 \u0645\u0646 \u0645\u062c\u0645\u0648\u0639\u0629 \u0632\u064a\u0648\u062a \u0637\u0628\u064a\u0639\u064a\u0629 \u0645\u062e\u0635\u0635\u0629 \u0644\u062a\u062e\u0641\u064a\u0641 \u0622\u0644\u0627\u0645 \u0627\u0644\u0645\u0641\u0627\u0635\u0644 \u0648\u0639\u0644\u0627\u062c \u0627\u0644\u0631\u0648\u0645\u0627\u062a\u064a\u0632\u0645. \u062a\u0633\u0627\u0639\u062f \u0647\u0630\u0647 \u0627\u0644\u0632\u064a\u0648\u062a \u0641\u064a \u062a\u062d\u0633\u064a\u0646 \u062d\u0631\u0643\u0629 \u0627\u0644\u0645\u0641\u0627\u0635\u0644 \u0648\u062a\u0642\u0644\u064a\u0644 \u0627\u0644\u062a\u0648\u0631\u0645 \u0648\u0627\u0644\u0627\u0644\u062a\u0647\u0627\u0628. \u064a\u064f\u0633\u062a\u062e\u062f\u0645 \u0627\u0644\u0632\u064a\u062a \u0644\u062a\u0648\u0641\u064a\u0631 \u0627\u0644\u0631\u0627\u062d\u0629 \u0644\u0644\u0623\u0634\u062e\u0627\u0635 \u0627\u0644\u0630\u064a\u0646 \u064a\u0639\u0627\u0646\u0648\u0646 \u0645\u0646 \u0622\u0644\u0627\u0645 \u0627\u0644\u0645\u0641\u0627\u0635\u0644 \u0628\u0634\u0643\u0644 \u062f\u0627\u0626\u0645 \u0623\u0648 \u0646\u062a\u064a\u062c\u0629 \u0644\u0644\u0625\u0635\u0627\u0628\u0627\u062a. \u0637\u0631\u064a\u0642\u0629 \u0627\u0633\u062a\u062e\u062f\u0627\u0645 \u062a\u0631\u0643\u064a\u0628\u0629 \u0632\u064a\u0648\u062a \u0627\u0644\u0645\u0641\u0627\u0635\u0644 \u0648\u0627\u0644\u0631\u0648\u0645\u0627\u062a\u064a\u0632\u0645 \u064a\u064f\u0646\u0635\u062d \u0628\u0648\u0636\u0639 \u0643\u0645\u064a\u0629 [&hellip;]<\/p>\n","protected":false},"featured_media":4642,"comment_status":"open","ping_status":"closed","template":"","meta":{"_acf_changed":false,"_monsterinsights_skip_tracking":false,"_monsterinsights_sitenote_active":false,"_monsterinsights_sitenote_note":"","_monsterinsights_sitenote_category":0},"product_cat":[15,200],"product_tag":[293],"class_list":{"0":"post-4762","1":"product","2":"type-product","3":"status-publish","4":"has-post-thumbnail","6":"product_cat-uncategorized","7":"product_cat-products","8":"product_tag-rhamna","10":"first","11":"instock","12":"shipping-taxable","13":"purchasable","14":"product-type-simple"},"acf":[],"aioseo_notices":[],"_links":{"self":[{"href":"https:\/\/shopcoop.ma\/fr\/wp-json\/wp\/v2\/product\/4762","targetHints":{"allow":["GET"]}}],"collection":[{"href":"https:\/\/shopcoop.ma\/fr\/wp-json\/wp\/v2\/product"}],"about":[{"href":"https:\/\/shopcoop.ma\/fr\/wp-json\/wp\/v2\/types\/product"}],"replies":[{"embeddable":true,"href":"https:\/\/shopcoop.ma\/fr\/wp-json\/wp\/v2\/comments?post=4762"}],"wp:featuredmedia":[{"embeddable":true,"href":"https:\/\/shopcoop.ma\/fr\/wp-json\/wp\/v2\/media\/4642"}],"wp:attachment":[{"href":"https:\/\/shopcoop.ma\/fr\/wp-json\/wp\/v2\/media?parent=4762"}],"wp:term":[{"taxonomy":"product_cat","embeddable":true,"href":"https:\/\/shopcoop.ma\/fr\/wp-json\/wp\/v2\/product_cat?post=4762"},{"taxonomy":"product_tag","embeddable":true,"href":"https:\/\/shopcoop.ma\/fr\/wp-json\/wp\/v2\/product_tag?post=4762"}],"curies":[{"name":"wp","href":"https:\/\/api.w.org\/{rel}","templated":true}]}}