{"id":4765,"date":"2024-10-24T14:33:39","date_gmt":"2024-10-24T14:33:39","guid":{"rendered":"https:\/\/shopcoop.ma\/product\/%d9%85%d8%a7%d8%a1-%d8%a7%d9%84%d9%88%d8%b1%d8%af\/"},"modified":"2025-02-10T10:18:05","modified_gmt":"2025-02-10T10:18:05","slug":"%d9%85%d8%a7%d8%a1-%d8%a7%d9%84%d9%88%d8%b1%d8%af","status":"publish","type":"product","link":"https:\/\/shopcoop.ma\/fr\/produit\/%d9%85%d8%a7%d8%a1-%d8%a7%d9%84%d9%88%d8%b1%d8%af\/","title":{"rendered":"\u0645\u0627\u0621 \u0627\u0644\u0648\u0631\u062f &#8211; 125 \u0645\u0644"},"content":{"rendered":"<h2>Les avantages de l'eau de rose<\/h2>\n<p>Ce produit est une eau de rose naturelle distill\u00e9e.Il contient de multiples avantages pour la sant\u00e9 de la peau et des cheveux.L'eau de rose aide \u00e0 hydrater et \u00e0 adoucir le cuir chevelu, \u00e0 renforcer les racines des cheveux et \u00e0 am\u00e9liorer sa croissance et sa nutrition.De plus, il maintient la douceur et la fra\u00eecheur de la peau et des cheveux et du cuir chevelu parfum\u00e9es.Il fonctionne \u00e9galement pour traiter efficacement les infections cutan\u00e9es et cutan\u00e9es.<\/p>\n<h2>Comment utiliser l'eau de rose<\/h2>\n<p>L'eau de rose peut \u00eatre utilis\u00e9e directement sur le cuir chevelu et la peau.Il est recommand\u00e9 de le vaporiser sur les cheveux apr\u00e8s l'avoir lav\u00e9 avec du shampooing pour renforcer les racines et am\u00e9liorer la douceur.Il peut \u00e9galement \u00eatre utilis\u00e9 comme toner pour la peau apr\u00e8s le nettoyage.<\/p>\n<h2>Ingr\u00e9dients de l'eau de rose<\/h2>\n<p>Ce produit contient de l'eau de rose naturelle distill\u00e9e sans aucun ajout artificiel.<\/p>\n<h2>Avertissements et utilisation s\u00fbrs<\/h2>\n<p>Il est toujours recommand\u00e9 de tester l'eau de rose sur une petite zone de la peau pour s'assurer qu'il n'y a pas de r\u00e9action allergique.Il est pr\u00e9f\u00e9rable de consulter un m\u00e9decin en cas de conditions m\u00e9dicales sp\u00e9ciales.<\/p>\n<h2>Avantages suppl\u00e9mentaires<\/h2>\n<p>En plus de son r\u00f4le dans l'hydratation et le ramollissement des cheveux et de la peau, l'eau de rose aide \u00e0 am\u00e9liorer la circulation sanguine et \u00e0 calmer les infections cutan\u00e9es, ce qui en fait un excellent ajout \u00e0 toute routine de soins personnels.<\/p>","protected":false},"excerpt":{"rendered":"<p>\u0641\u0648\u0627\u0626\u062f \u0645\u0627\u0621 \u0627\u0644\u0648\u0631\u062f \u0647\u0630\u0627 \u0627\u0644\u0645\u0646\u062a\u062c \u0639\u0628\u0627\u0631\u0629 \u0639\u0646 \u0645\u0627\u0621 \u0627\u0644\u0648\u0631\u062f \u0627\u0644\u0637\u0628\u064a\u0639\u064a \u0627\u0644\u0645\u0642\u064e\u0637\u0631. \u064a\u062d\u062a\u0648\u064a \u0639\u0644\u0649 \u0641\u0648\u0627\u0626\u062f \u0645\u062a\u0639\u062f\u062f\u0629 \u0644\u0635\u062d\u0629 \u0627\u0644\u062c\u0644\u062f \u0648\u0627\u0644\u0634\u0639\u0631. \u064a\u0633\u0627\u0639\u062f \u0645\u0627\u0621 \u0627\u0644\u0648\u0631\u062f \u0641\u064a \u062a\u0631\u0637\u064a\u0628 \u0648\u062a\u0646\u0639\u064a\u0645 \u0641\u0631\u0648\u0629 \u0627\u0644\u0631\u0623\u0633\u060c \u062a\u0642\u0648\u064a\u0629 \u062c\u0630\u0648\u0631 \u0627\u0644\u0634\u0639\u0631\u060c \u0648\u062a\u0639\u0632\u064a\u0632 \u0646\u0645\u0648\u0647 \u0648\u062a\u063a\u0630\u064a\u062a\u0647. \u0628\u0627\u0644\u0625\u0636\u0627\u0641\u0629 \u0625\u0644\u0649 \u0630\u0644\u0643\u060c \u064a\u062d\u0627\u0641\u0638 \u0639\u0644\u0649 \u0646\u0639\u0648\u0645\u0629 \u0648\u0646\u0636\u0627\u0631\u0629 \u0627\u0644\u0628\u0634\u0631\u0629 \u0648\u064a\u0639\u0637\u0631 \u0627\u0644\u0634\u0639\u0631 \u0648\u0641\u0631\u0648\u0629 \u0627\u0644\u0631\u0623\u0633. \u0643\u0645\u0627 \u064a\u0639\u0645\u0644 \u0639\u0644\u0649 \u0639\u0644\u0627\u062c \u0627\u0644\u062a\u0647\u0627\u0628\u0627\u062a \u0627\u0644\u062c\u0644\u062f \u0648\u0627\u0644\u0628\u0634\u0631\u0629 \u0628\u0634\u0643\u0644 \u0641\u0639\u0627\u0644. \u0637\u0631\u064a\u0642\u0629 \u0627\u0633\u062a\u062e\u062f\u0627\u0645 [&hellip;]<\/p>\n","protected":false},"featured_media":4645,"comment_status":"open","ping_status":"closed","template":"","meta":{"_acf_changed":false,"_monsterinsights_skip_tracking":false,"_monsterinsights_sitenote_active":false,"_monsterinsights_sitenote_note":"","_monsterinsights_sitenote_category":0},"product_cat":[15,200],"product_tag":[293],"class_list":{"0":"post-4765","1":"product","2":"type-product","3":"status-publish","4":"has-post-thumbnail","6":"product_cat-uncategorized","7":"product_cat-products","8":"product_tag-rhamna","10":"first","11":"instock","12":"shipping-taxable","13":"purchasable","14":"product-type-simple"},"acf":[],"aioseo_notices":[],"_links":{"self":[{"href":"https:\/\/shopcoop.ma\/fr\/wp-json\/wp\/v2\/product\/4765","targetHints":{"allow":["GET"]}}],"collection":[{"href":"https:\/\/shopcoop.ma\/fr\/wp-json\/wp\/v2\/product"}],"about":[{"href":"https:\/\/shopcoop.ma\/fr\/wp-json\/wp\/v2\/types\/product"}],"replies":[{"embeddable":true,"href":"https:\/\/shopcoop.ma\/fr\/wp-json\/wp\/v2\/comments?post=4765"}],"wp:featuredmedia":[{"embeddable":true,"href":"https:\/\/shopcoop.ma\/fr\/wp-json\/wp\/v2\/media\/4645"}],"wp:attachment":[{"href":"https:\/\/shopcoop.ma\/fr\/wp-json\/wp\/v2\/media?parent=4765"}],"wp:term":[{"taxonomy":"product_cat","embeddable":true,"href":"https:\/\/shopcoop.ma\/fr\/wp-json\/wp\/v2\/product_cat?post=4765"},{"taxonomy":"product_tag","embeddable":true,"href":"https:\/\/shopcoop.ma\/fr\/wp-json\/wp\/v2\/product_tag?post=4765"}],"curies":[{"name":"wp","href":"https:\/\/api.w.org\/{rel}","templated":true}]}}