{"id":4768,"date":"2024-10-24T14:33:39","date_gmt":"2024-10-24T14:33:39","guid":{"rendered":"https:\/\/shopcoop.ma\/product\/%d9%85%d9%82%d8%b7%d8%b1-%d8%a7%d9%84%d8%ae%d8%b2%d8%a7%d9%85%d9%89\/"},"modified":"2025-02-10T10:20:05","modified_gmt":"2025-02-10T10:20:05","slug":"%d9%85%d9%82%d8%b7%d8%b1-%d8%a7%d9%84%d8%ae%d8%b2%d8%a7%d9%85%d9%89","status":"publish","type":"product","link":"https:\/\/shopcoop.ma\/fr\/produit\/%d9%85%d9%82%d8%b7%d8%b1-%d8%a7%d9%84%d8%ae%d8%b2%d8%a7%d9%85%d9%89\/","title":{"rendered":"\u0645\u0642\u0637\u0631 \u0627\u0644\u062e\u0632\u0627\u0645\u0649 &#8211; 250 \u063a"},"content":{"rendered":"<h2>Avantages de la lavande<\/h2>\n<p>Ce produit est une distillerie naturelle de l'hydrosol de lavande, caract\u00e9ris\u00e9e par ses propri\u00e9t\u00e9s apaisantes des nerfs et de l'insomnie.Il aide \u00e0 calmer la t\u00eate et \u00e0 soulager la s\u0153ur et les oreilles, ainsi que de r\u00e9duire les spasmes musculaires et les troubles digestifs neurologiques.Il soulage \u00e9galement les douleurs articulaires, la raideur du cou et le traitement des d\u00e9mangeaisons des \u00e9ruptions cutan\u00e9es.Il est \u00e9galement utilis\u00e9 comme nettoyant en peau et processeur solaire et urologie.<\/p>\n<h2>Comment utiliser le distillateur de lavande<\/h2>\n<p>Le distillateur peut \u00eatre utilis\u00e9 directement sur la peau comme une ruban pour nettoyer et hydrater la peau, ou l'ajouter \u00e0 l'eau de douche pour obtenir un effet calmant.Il peut \u00e9galement \u00eatre utilis\u00e9 comme un pistolet pour les endroits touch\u00e9s par les spasmes et la douleur pour les soulager.<\/p>\n<h2>Ingr\u00e9dients de distilateur de lavande<\/h2>\n<p>Ce produit se compose de 100% d'eau de lavande pure.<\/p>\n<h2>Avertissements et utilisation s\u00fbrs<\/h2>\n<p>Il est toujours recommand\u00e9 de tester le produit sur une petite zone du cuir pour s'assurer qu'il n'y a pas de r\u00e9action allergique.Il est pr\u00e9f\u00e9rable de consulter un m\u00e9decin en cas de conditions m\u00e9dicales sp\u00e9ciales.<\/p>\n<h2>Avantages suppl\u00e9mentaires<\/h2>\n<p>En plus de son r\u00f4le dans l'apaisement des nerfs et le soulagement de la douleur, ce produit est un ajout id\u00e9al \u00e0 toute routine de soins de la peau et du corps.<\/p>","protected":false},"excerpt":{"rendered":"<p>\u0641\u0648\u0627\u0626\u062f \u0645\u0642\u0637\u0631 \u0627\u0644\u062e\u0632\u0627\u0645\u0649 \u0647\u0630\u0627 \u0627\u0644\u0645\u0646\u062a\u062c \u0639\u0628\u0627\u0631\u0629 \u0639\u0646 \u0645\u0642\u0637\u0631 \u0637\u0628\u064a\u0639\u064a \u0645\u0646 \u0627\u0644\u062e\u0632\u0627\u0645\u0649 (Lavender Hydrosol) \u064a\u062a\u0645\u064a\u0632 \u0628\u062e\u0635\u0627\u0626\u0635\u0647 \u0627\u0644\u0645\u0647\u062f\u0626\u0629 \u0644\u0644\u0623\u0639\u0635\u0627\u0628 \u0648\u0627\u0644\u0645\u0632\u064a\u0644 \u0644\u0644\u0623\u0631\u0642. \u064a\u0633\u0627\u0639\u062f \u0641\u064a \u062a\u0647\u062f\u0626\u0629 \u0627\u0644\u0631\u0623\u0633 \u0648\u0627\u0644\u062a\u062e\u0641\u064a\u0641 \u0645\u0646 \u0627\u0644\u0634\u0642\u064a\u0642\u0629 \u0648\u0637\u0646\u064a\u0646 \u0627\u0644\u0623\u0630\u0646\u064a\u0646\u060c \u0628\u0627\u0644\u0625\u0636\u0627\u0641\u0629 \u0625\u0644\u0649 \u062a\u0642\u0644\u064a\u0644 \u0627\u0644\u062a\u0634\u0646\u062c\u0627\u062a \u0627\u0644\u0639\u0636\u0644\u064a\u0629 \u0648\u0627\u0636\u0637\u0631\u0627\u0628\u0627\u062a \u0627\u0644\u0647\u0636\u0645 \u0627\u0644\u0639\u0635\u0628\u064a\u0629. \u064a\u0639\u0645\u0644 \u0623\u064a\u0636\u064b\u0627 \u0639\u0644\u0649 \u062a\u062e\u0641\u064a\u0641 \u0622\u0644\u0627\u0645 \u0627\u0644\u0645\u0641\u0627\u0635\u0644 \u0648\u062a\u0635\u0644\u0628 \u0627\u0644\u0631\u0642\u0628\u0629 \u0648\u0639\u0644\u0627\u062c \u0627\u0644\u062d\u0643\u0629 \u0627\u0644\u0646\u0627\u062a\u062c\u0629 \u0639\u0646 \u0627\u0644\u0637\u0641\u062d \u0627\u0644\u062c\u0644\u062f\u064a. \u0643\u0645\u0627 \u064a\u064f\u0633\u062a\u062e\u062f\u0645 \u0643\u0645\u064f\u0646\u0638\u0641 \u0644\u0644\u0628\u0634\u0631\u0629 \u0648\u0645\u0639\u0627\u0644\u062c [&hellip;]<\/p>\n","protected":false},"featured_media":4649,"comment_status":"open","ping_status":"closed","template":"","meta":{"_acf_changed":false,"_monsterinsights_skip_tracking":false,"_monsterinsights_sitenote_active":false,"_monsterinsights_sitenote_note":"","_monsterinsights_sitenote_category":0},"product_cat":[15,200],"product_tag":[293],"class_list":{"0":"post-4768","1":"product","2":"type-product","3":"status-publish","4":"has-post-thumbnail","6":"product_cat-uncategorized","7":"product_cat-products","8":"product_tag-rhamna","10":"first","11":"instock","12":"shipping-taxable","13":"purchasable","14":"product-type-simple"},"acf":[],"aioseo_notices":[],"_links":{"self":[{"href":"https:\/\/shopcoop.ma\/fr\/wp-json\/wp\/v2\/product\/4768","targetHints":{"allow":["GET"]}}],"collection":[{"href":"https:\/\/shopcoop.ma\/fr\/wp-json\/wp\/v2\/product"}],"about":[{"href":"https:\/\/shopcoop.ma\/fr\/wp-json\/wp\/v2\/types\/product"}],"replies":[{"embeddable":true,"href":"https:\/\/shopcoop.ma\/fr\/wp-json\/wp\/v2\/comments?post=4768"}],"wp:featuredmedia":[{"embeddable":true,"href":"https:\/\/shopcoop.ma\/fr\/wp-json\/wp\/v2\/media\/4649"}],"wp:attachment":[{"href":"https:\/\/shopcoop.ma\/fr\/wp-json\/wp\/v2\/media?parent=4768"}],"wp:term":[{"taxonomy":"product_cat","embeddable":true,"href":"https:\/\/shopcoop.ma\/fr\/wp-json\/wp\/v2\/product_cat?post=4768"},{"taxonomy":"product_tag","embeddable":true,"href":"https:\/\/shopcoop.ma\/fr\/wp-json\/wp\/v2\/product_tag?post=4768"}],"curies":[{"name":"wp","href":"https:\/\/api.w.org\/{rel}","templated":true}]}}