{"id":4770,"date":"2024-10-24T14:33:40","date_gmt":"2024-10-24T14:33:40","guid":{"rendered":"https:\/\/shopcoop.ma\/product\/%d9%85%d9%82%d8%b7%d8%b1-%d8%a7%d9%84%d9%84%d9%88%d9%8a%d8%b2%d8%a9\/"},"modified":"2025-02-10T10:21:17","modified_gmt":"2025-02-10T10:21:17","slug":"%d9%85%d9%82%d8%b7%d8%b1-%d8%a7%d9%84%d9%84%d9%88%d9%8a%d8%b2%d8%a9","status":"publish","type":"product","link":"https:\/\/shopcoop.ma\/fr\/produit\/%d9%85%d9%82%d8%b7%d8%b1-%d8%a7%d9%84%d9%84%d9%88%d9%8a%d8%b2%d8%a9\/","title":{"rendered":"\u0645\u0642\u0637\u0631 \u0627\u0644\u0644\u0648\u064a\u0632\u0629 &#8211; 250 \u063a"},"content":{"rendered":"<h2>Avantages du district de Louissa<\/h2>\n<p>Ce produit est une distillerie naturelle de l'hydrosol de Loublea, caract\u00e9ris\u00e9e par ses propri\u00e9t\u00e9s apaisantes et stimulantes de la digestion.Il aide \u00e0 calmer le syst\u00e8me nerveux, \u00e0 soulager l'insomnie et \u00e0 am\u00e9liorer la digestion.Il s'efforce \u00e9galement de purifier la peau et d'am\u00e9liorer sa sant\u00e9 en g\u00e9n\u00e9ral.<\/p>\n<h2>Comment utiliser le distillateur de Louissa<\/h2>\n<p>Le distillateur peut \u00eatre utilis\u00e9 directement sur la peau comme une ruban pour nettoyer et hydrater la peau, ou l'ajouter \u00e0 l'eau de douche pour obtenir un effet calmant.Il peut \u00e9galement \u00eatre utilis\u00e9 comme un pistolet pour les endroits touch\u00e9s par les spasmes et la douleur pour les soulager.<\/p>\n<h2>Composants du district d'Alwaiza<\/h2>\n<p>Ce produit se compose d'une cascade de poux pure 100% pure.<\/p>\n<h2>Avertissements et utilisation s\u00fbrs<\/h2>\n<p>Il est toujours recommand\u00e9 de tester le produit sur une petite zone du cuir pour s'assurer qu'il n'y a pas de r\u00e9action allergique.Il est pr\u00e9f\u00e9rable de consulter un m\u00e9decin en cas de conditions m\u00e9dicales sp\u00e9ciales.<\/p>\n<h2>Avantages suppl\u00e9mentaires<\/h2>\n<p>En plus de son r\u00f4le dans le calmant des nerfs et l'am\u00e9lioration des fonctions de digestion, ce produit est un ajout id\u00e9al \u00e0 toute routine de soins de la peau et du corps.<\/p>","protected":false},"excerpt":{"rendered":"<p>\u0641\u0648\u0627\u0626\u062f \u0645\u0642\u0637\u0631 \u0627\u0644\u0644\u0648\u064a\u0632\u0629 \u0647\u0630\u0627 \u0627\u0644\u0645\u0646\u062a\u062c \u0639\u0628\u0627\u0631\u0629 \u0639\u0646 \u0645\u0642\u0637\u0631 \u0637\u0628\u064a\u0639\u064a \u0645\u0646 \u0627\u0644\u0644\u0648\u064a\u0632\u0629 (Verbena Hydrosol) \u064a\u062a\u0645\u064a\u0632 \u0628\u062e\u0635\u0627\u0626\u0635\u0647 \u0627\u0644\u0645\u0647\u062f\u0626\u0629 \u0644\u0644\u0623\u0639\u0635\u0627\u0628 \u0648\u0627\u0644\u0645\u062d\u0641\u0632\u0629 \u0644\u0644\u0647\u0636\u0645. \u064a\u0633\u0627\u0639\u062f \u0641\u064a \u062a\u0647\u062f\u0626\u0629 \u0627\u0644\u062c\u0647\u0627\u0632 \u0627\u0644\u0639\u0635\u0628\u064a\u060c \u0648\u062a\u062e\u0641\u064a\u0641 \u0627\u0644\u0623\u0631\u0642\u060c \u0648\u062a\u062d\u0633\u064a\u0646 \u0627\u0644\u0647\u0636\u0645. \u064a\u0639\u0645\u0644 \u0623\u064a\u0636\u064b\u0627 \u0639\u0644\u0649 \u062a\u0646\u0642\u064a\u0629 \u0627\u0644\u0628\u0634\u0631\u0629 \u0648\u062a\u062d\u0633\u064a\u0646 \u0635\u062d\u062a\u0647\u0627 \u0628\u0634\u0643\u0644 \u0639\u0627\u0645. \u0637\u0631\u064a\u0642\u0629 \u0627\u0633\u062a\u062e\u062f\u0627\u0645 \u0645\u0642\u0637\u0631 \u0627\u0644\u0644\u0648\u064a\u0632\u0629 \u064a\u0645\u0643\u0646 \u0627\u0633\u062a\u062e\u062f\u0627\u0645 \u0627\u0644\u0645\u0642\u0637\u0631 \u0645\u0628\u0627\u0634\u0631\u0629 \u0639\u0644\u0649 \u0627\u0644\u0628\u0634\u0631\u0629 \u0643\u062a\u0648\u0646\u0631 \u0644\u062a\u0646\u0638\u064a\u0641 \u0648\u062a\u0631\u0637\u064a\u0628 \u0627\u0644\u0628\u0634\u0631\u0629\u060c \u0623\u0648 \u0625\u0636\u0627\u0641\u062a\u0647 \u0625\u0644\u0649 \u0645\u0627\u0621 [&hellip;]<\/p>\n","protected":false},"featured_media":4651,"comment_status":"open","ping_status":"closed","template":"","meta":{"_acf_changed":false,"_monsterinsights_skip_tracking":false,"_monsterinsights_sitenote_active":false,"_monsterinsights_sitenote_note":"","_monsterinsights_sitenote_category":0},"product_cat":[200],"product_tag":[293],"class_list":{"0":"post-4770","1":"product","2":"type-product","3":"status-publish","4":"has-post-thumbnail","6":"product_cat-products","7":"product_tag-rhamna","9":"first","10":"instock","11":"shipping-taxable","12":"purchasable","13":"product-type-simple"},"acf":[],"aioseo_notices":[],"_links":{"self":[{"href":"https:\/\/shopcoop.ma\/fr\/wp-json\/wp\/v2\/product\/4770","targetHints":{"allow":["GET"]}}],"collection":[{"href":"https:\/\/shopcoop.ma\/fr\/wp-json\/wp\/v2\/product"}],"about":[{"href":"https:\/\/shopcoop.ma\/fr\/wp-json\/wp\/v2\/types\/product"}],"replies":[{"embeddable":true,"href":"https:\/\/shopcoop.ma\/fr\/wp-json\/wp\/v2\/comments?post=4770"}],"wp:featuredmedia":[{"embeddable":true,"href":"https:\/\/shopcoop.ma\/fr\/wp-json\/wp\/v2\/media\/4651"}],"wp:attachment":[{"href":"https:\/\/shopcoop.ma\/fr\/wp-json\/wp\/v2\/media?parent=4770"}],"wp:term":[{"taxonomy":"product_cat","embeddable":true,"href":"https:\/\/shopcoop.ma\/fr\/wp-json\/wp\/v2\/product_cat?post=4770"},{"taxonomy":"product_tag","embeddable":true,"href":"https:\/\/shopcoop.ma\/fr\/wp-json\/wp\/v2\/product_tag?post=4770"}],"curies":[{"name":"wp","href":"https:\/\/api.w.org\/{rel}","templated":true}]}}