{"id":4775,"date":"2024-10-24T14:33:41","date_gmt":"2024-10-24T14:33:41","guid":{"rendered":"https:\/\/shopcoop.ma\/product\/%d9%85%d8%b3%d8%ad%d9%88%d9%82-%d8%a7%d9%84%d9%82%d8%b1%d8%a7%d8%b5\/"},"modified":"2025-02-10T10:23:54","modified_gmt":"2025-02-10T10:23:54","slug":"%d9%85%d8%b3%d8%ad%d9%88%d9%82-%d8%a7%d9%84%d9%82%d8%b1%d8%a7%d8%b5","status":"publish","type":"product","link":"https:\/\/shopcoop.ma\/fr\/produit\/%d9%85%d8%b3%d8%ad%d9%88%d9%82-%d8%a7%d9%84%d9%82%d8%b1%d8%a7%d8%b5\/","title":{"rendered":"\u0645\u0633\u062d\u0648\u0642 \u0627\u0644\u0642\u0631\u0627\u0635 &#8211; 50 \u063a"},"content":{"rendered":"<h2>Les avantages de la poudre d'ortie<\/h2>\n<p>Ce produit est une poudre \u00e0 base de plantes naturelle en ortie.Il se caract\u00e9rise par ses multiples avantages pour la sant\u00e9, notamment d\u00e9barrasser le corps des toxines, am\u00e9liorer le syst\u00e8me immunitaire et am\u00e9liorer les reins et le syst\u00e8me urinaire.Il aide \u00e9galement \u00e0 soulager les douleurs musculaires et articulaires et contribuer \u00e0 l'acn\u00e9 et \u00e0 la purification du sang.<\/p>\n<h2>Comment utiliser la poudre d'ortie<\/h2>\n<p>Il peut \u00eatre utilis\u00e9 en ajoutant une cuill\u00e8re \u00e0 caf\u00e9 aux jus, au th\u00e9 ou \u00e0 diff\u00e9rents aliments.Il est recommand\u00e9 de le prendre r\u00e9guli\u00e8rement pour obtenir les meilleurs r\u00e9sultats.<\/p>\n<h2>Mauvais composants de poudre<\/h2>\n<p>Ce produit se compose de poudre d'ortie 100% s\u00e9ch\u00e9e, sans ajouts industriels.<\/p>\n<h2>Avertissements et utilisation s\u00fbrs<\/h2>\n<p>Il est toujours recommand\u00e9 de consulter un m\u00e9decin avant d'utiliser le produit, surtout si vous souffrez de conditions m\u00e9dicales sp\u00e9ciales ou prenez certains m\u00e9dicaments.Le produit doit \u00eatre test\u00e9 sur une petite zone du cuir pour s'assurer qu'il n'y a pas de r\u00e9action allergique.<\/p>\n<h2>Avantages suppl\u00e9mentaires<\/h2>\n<p>En plus de son r\u00f4le dans l'am\u00e9lioration de la sant\u00e9 publique, ce produit aide \u00e0 am\u00e9liorer les fonctions thyro\u00efdiennes et la purification du sang.<\/p>","protected":false},"excerpt":{"rendered":"<p>\u0641\u0648\u0627\u0626\u062f \u0645\u0633\u062d\u0648\u0642 \u0627\u0644\u0642\u0631\u0627\u0635 \u0647\u0630\u0627 \u0627\u0644\u0645\u0646\u062a\u062c \u0639\u0628\u0627\u0631\u0629 \u0639\u0646 \u0645\u0633\u062d\u0648\u0642 \u0639\u0634\u0628\u064a \u0637\u0628\u064a\u0639\u064a \u0645\u0635\u0646\u0648\u0639 \u0645\u0646 \u0646\u0628\u0627\u062a \u0627\u0644\u0642\u0631\u0627\u0635. \u064a\u062a\u0645\u064a\u0632 \u0628\u0641\u0648\u0627\u0626\u062f\u0647 \u0627\u0644\u0635\u062d\u064a\u0629 \u0627\u0644\u0645\u062a\u0639\u062f\u062f\u0629\u060c \u0645\u0646\u0647\u0627 \u062a\u062e\u0644\u064a\u0635 \u0627\u0644\u062c\u0633\u0645 \u0645\u0646 \u0627\u0644\u0633\u0645\u0648\u0645\u060c \u062a\u0639\u0632\u064a\u0632 \u0627\u0644\u062c\u0647\u0627\u0632 \u0627\u0644\u0645\u0646\u0627\u0639\u064a\u060c \u0648\u062a\u062d\u0633\u064a\u0646 \u0648\u0638\u0627\u0626\u0641 \u0627\u0644\u0643\u0644\u0649 \u0648\u0627\u0644\u062c\u0647\u0627\u0632 \u0627\u0644\u0628\u0648\u0644\u064a. \u0643\u0645\u0627 \u064a\u0633\u0627\u0639\u062f \u0641\u064a \u062a\u062e\u0641\u064a\u0641 \u0622\u0644\u0627\u0645 \u0627\u0644\u0639\u0636\u0644\u0627\u062a \u0648\u0627\u0644\u0645\u0641\u0627\u0635\u0644\u060c \u0648\u0627\u0644\u0645\u0633\u0627\u0647\u0645\u0629 \u0641\u064a \u0639\u0644\u0627\u062c \u062d\u0628 \u0627\u0644\u0634\u0628\u0627\u0628 \u0648\u062a\u0646\u0642\u064a\u0629 \u0627\u0644\u062f\u0645. \u0637\u0631\u064a\u0642\u0629 \u0627\u0633\u062a\u062e\u062f\u0627\u0645 \u0645\u0633\u062d\u0648\u0642 \u0627\u0644\u0642\u0631\u0627\u0635 \u064a\u0645\u0643\u0646 \u0627\u0633\u062a\u062e\u062f\u0627\u0645\u0647 \u0639\u0646 \u0637\u0631\u064a\u0642 \u0625\u0636\u0627\u0641\u0629 \u0645\u0644\u0639\u0642\u0629 [&hellip;]<\/p>\n","protected":false},"featured_media":4656,"comment_status":"open","ping_status":"closed","template":"","meta":{"_acf_changed":false,"_monsterinsights_skip_tracking":false,"_monsterinsights_sitenote_active":false,"_monsterinsights_sitenote_note":"","_monsterinsights_sitenote_category":0},"product_cat":[15,200],"product_tag":[293],"class_list":{"0":"post-4775","1":"product","2":"type-product","3":"status-publish","4":"has-post-thumbnail","6":"product_cat-uncategorized","7":"product_cat-products","8":"product_tag-rhamna","10":"first","11":"instock","12":"shipping-taxable","13":"purchasable","14":"product-type-simple"},"acf":[],"aioseo_notices":[],"_links":{"self":[{"href":"https:\/\/shopcoop.ma\/fr\/wp-json\/wp\/v2\/product\/4775","targetHints":{"allow":["GET"]}}],"collection":[{"href":"https:\/\/shopcoop.ma\/fr\/wp-json\/wp\/v2\/product"}],"about":[{"href":"https:\/\/shopcoop.ma\/fr\/wp-json\/wp\/v2\/types\/product"}],"replies":[{"embeddable":true,"href":"https:\/\/shopcoop.ma\/fr\/wp-json\/wp\/v2\/comments?post=4775"}],"wp:featuredmedia":[{"embeddable":true,"href":"https:\/\/shopcoop.ma\/fr\/wp-json\/wp\/v2\/media\/4656"}],"wp:attachment":[{"href":"https:\/\/shopcoop.ma\/fr\/wp-json\/wp\/v2\/media?parent=4775"}],"wp:term":[{"taxonomy":"product_cat","embeddable":true,"href":"https:\/\/shopcoop.ma\/fr\/wp-json\/wp\/v2\/product_cat?post=4775"},{"taxonomy":"product_tag","embeddable":true,"href":"https:\/\/shopcoop.ma\/fr\/wp-json\/wp\/v2\/product_tag?post=4775"}],"curies":[{"name":"wp","href":"https:\/\/api.w.org\/{rel}","templated":true}]}}