{"id":4777,"date":"2024-10-24T14:33:41","date_gmt":"2024-10-24T14:33:41","guid":{"rendered":"https:\/\/shopcoop.ma\/product\/%d8%aa%d8%b1%d9%83%d9%8a%d8%a8%d8%a9-%d8%b2%d9%8a%d9%88%d8%aa-%d8%ad%d8%a8-%d8%a7%d9%84%d8%b4%d8%a8%d8%a7%d8%a8\/"},"modified":"2025-02-10T10:15:06","modified_gmt":"2025-02-10T10:15:06","slug":"%d8%aa%d8%b1%d9%83%d9%8a%d8%a8%d8%a9-%d8%b2%d9%8a%d9%88%d8%aa-%d8%ad%d8%a8-%d8%a7%d9%84%d8%b4%d8%a8%d8%a7%d8%a8","status":"publish","type":"product","link":"https:\/\/shopcoop.ma\/fr\/produit\/%d8%aa%d8%b1%d9%83%d9%8a%d8%a8%d8%a9-%d8%b2%d9%8a%d9%88%d8%aa-%d8%ad%d8%a8-%d8%a7%d9%84%d8%b4%d8%a8%d8%a7%d8%a8\/","title":{"rendered":"\u062a\u0631\u0643\u064a\u0628\u0629 \u0632\u064a\u0648\u062a \u062d\u0628 \u0627\u0644\u0634\u0628\u0627\u0628 &#8211; 100 \u0645\u0644"},"content":{"rendered":"<h2>\u0641\u0648\u0627\u0626\u062f \u062a\u0631\u0643\u064a\u0628\u0629 \u0632\u064a\u0648\u062a \u062d\u0628 \u0627\u0644\u0634\u0628\u0627\u0628<\/h2>\n<p>\u0647\u0630\u0627 \u0627\u0644\u0645\u0646\u062a\u062c \u0639\u0628\u0627\u0631\u0629 \u0639\u0646 \u062a\u0631\u0643\u064a\u0628\u0629 \u0632\u064a\u0648\u062a \u0637\u0628\u064a\u0639\u064a\u0629 \u0645\u062e\u0635\u0635\u0629 \u0644\u0639\u0644\u0627\u062c \u062d\u0628 \u0627\u0644\u0634\u0628\u0627\u0628. \u062a\u062d\u062a\u0648\u064a \u0639\u0644\u0649 \u0645\u0643\u0648\u0646\u0627\u062a \u0641\u0639\u0627\u0644\u0629 \u062a\u0639\u0645\u0644 \u0639\u0644\u0649 \u062a\u0642\u0644\u064a\u0644 \u0638\u0647\u0648\u0631 \u062d\u0628 \u0627\u0644\u0634\u0628\u0627\u0628 \u0648\u062a\u0646\u0642\u064a\u0629 \u0627\u0644\u0628\u0634\u0631\u0629 \u0645\u0646 \u0627\u0644\u0634\u0648\u0627\u0626\u0628. \u062a\u0633\u0627\u0639\u062f \u0647\u0630\u0647 \u0627\u0644\u0632\u064a\u0648\u062a \u0641\u064a \u062a\u062d\u0633\u064a\u0646 \u0645\u0638\u0647\u0631 \u0627\u0644\u0628\u0634\u0631\u0629 \u0648\u062a\u0648\u062d\u064a\u062f \u0644\u0648\u0646\u0647\u0627\u060c \u0645\u0645\u0627 \u064a\u064f\u0633\u0627\u0647\u0645 \u0641\u064a \u0627\u0644\u062d\u0635\u0648\u0644 \u0639\u0644\u0649 \u0628\u0634\u0631\u0629 \u0635\u062d\u064a\u0629 \u0648\u0646\u0636\u0631\u0629.<\/p>\n<h2>\u0637\u0631\u064a\u0642\u0629 \u0627\u0633\u062a\u062e\u062f\u0627\u0645 \u062a\u0631\u0643\u064a\u0628\u0629 \u0632\u064a\u0648\u062a \u062d\u0628 \u0627\u0644\u0634\u0628\u0627\u0628<\/h2>\n<p>\u064a\u064f\u0646\u0635\u062d \u0628\u0648\u0636\u0639 \u0643\u0645\u064a\u0629 \u0645\u0646\u0627\u0633\u0628\u0629 \u0645\u0646 \u0627\u0644\u0632\u064a\u062a \u0639\u0644\u0649 \u0627\u0644\u0645\u0646\u0627\u0637\u0642 \u0627\u0644\u0645\u0635\u0627\u0628\u0629 \u0628\u062d\u0628 \u0627\u0644\u0634\u0628\u0627\u0628 \u0648\u062a\u062f\u0644\u064a\u0643\u0647\u0627 \u0628\u0644\u0637\u0641 \u062d\u062a\u0649 \u064a\u062a\u0645 \u0627\u0645\u062a\u0635\u0627\u0635\u0647 \u0628\u0627\u0644\u0643\u0627\u0645\u0644. \u064a\u0645\u0643\u0646 \u0627\u0633\u062a\u062e\u062f\u0627\u0645\u0647 \u0645\u0631\u062a\u064a\u0646 \u064a\u0648\u0645\u064a\u064b\u0627 \u0644\u0644\u062d\u0635\u0648\u0644 \u0639\u0644\u0649 \u0623\u0641\u0636\u0644 \u0627\u0644\u0646\u062a\u0627\u0626\u062c.<\/p>\n<h2>\u0645\u0643\u0648\u0646\u0627\u062a \u062a\u0631\u0643\u064a\u0628\u0629 \u0632\u064a\u0648\u062a \u062d\u0628 \u0627\u0644\u0634\u0628\u0627\u0628<\/h2>\n<p>\u064a\u062d\u062a\u0648\u064a \u0627\u0644\u0645\u0646\u062a\u062c \u0639\u0644\u0649 \u0645\u0632\u064a\u062c \u0645\u0646 \u0627\u0644\u0632\u064a\u0648\u062a \u0627\u0644\u0637\u0628\u064a\u0639\u064a\u0629 \u0645\u062b\u0644 \u0632\u064a\u062a \u0634\u062c\u0631\u0629 \u0627\u0644\u0634\u0627\u064a \u0648\u0632\u064a\u062a \u0627\u0644\u0644\u0627\u0641\u0646\u062f\u0631 \u0648\u0632\u064a\u062a \u0627\u0644\u0646\u0639\u0646\u0627\u0639\u060c \u0627\u0644\u062a\u064a \u062a\u0645 \u0627\u062e\u062a\u064a\u0627\u0631\u0647\u0627 \u0628\u0639\u0646\u0627\u064a\u0629 \u0644\u0636\u0645\u0627\u0646 \u0627\u0644\u0641\u0639\u0627\u0644\u064a\u0629 \u0648\u0627\u0644\u0623\u0645\u0627\u0646.<\/p>\n<h2>Avertissements et utilisation s\u00fbrs<\/h2>\n<p>Il est toujours recommand\u00e9 de tester l'huile sur une petite zone de la peau pour s'assurer qu'il n'y a pas de r\u00e9action allergique.Il est pr\u00e9f\u00e9rable de consulter un m\u00e9decin s'il y a des conditions m\u00e9dicales sp\u00e9ciales ou si vous prenez certains m\u00e9dicaments.<\/p>\n<h2>Avantages suppl\u00e9mentaires<\/h2>\n<p>\u0628\u0627\u0644\u0625\u0636\u0627\u0641\u0629 \u0625\u0644\u0649 \u062f\u0648\u0631\u0647 \u0641\u064a \u0639\u0644\u0627\u062c \u062d\u0628 \u0627\u0644\u0634\u0628\u0627\u0628\u060c \u064a\u0633\u0627\u0639\u062f \u0647\u0630\u0627 \u0627\u0644\u0645\u0646\u062a\u062c \u0641\u064a \u062a\u062d\u0633\u064a\u0646 \u0635\u062d\u0629 \u0627\u0644\u0628\u0634\u0631\u0629 \u0648\u062a\u0642\u0644\u064a\u0644 \u0627\u0644\u062a\u0647\u064a\u062c\u0627\u062a. \u0627\u0644\u062d\u062c\u0645: 100 \u0645\u0644.<\/p>","protected":false},"excerpt":{"rendered":"<p>\u0641\u0648\u0627\u0626\u062f \u062a\u0631\u0643\u064a\u0628\u0629 \u0632\u064a\u0648\u062a \u062d\u0628 \u0627\u0644\u0634\u0628\u0627\u0628 \u0647\u0630\u0627 \u0627\u0644\u0645\u0646\u062a\u062c \u0639\u0628\u0627\u0631\u0629 \u0639\u0646 \u062a\u0631\u0643\u064a\u0628\u0629 \u0632\u064a\u0648\u062a \u0637\u0628\u064a\u0639\u064a\u0629 \u0645\u062e\u0635\u0635\u0629 \u0644\u0639\u0644\u0627\u062c \u062d\u0628 \u0627\u0644\u0634\u0628\u0627\u0628. \u062a\u062d\u062a\u0648\u064a \u0639\u0644\u0649 \u0645\u0643\u0648\u0646\u0627\u062a \u0641\u0639\u0627\u0644\u0629 \u062a\u0639\u0645\u0644 \u0639\u0644\u0649 \u062a\u0642\u0644\u064a\u0644 \u0638\u0647\u0648\u0631 \u062d\u0628 \u0627\u0644\u0634\u0628\u0627\u0628 \u0648\u062a\u0646\u0642\u064a\u0629 \u0627\u0644\u0628\u0634\u0631\u0629 \u0645\u0646 \u0627\u0644\u0634\u0648\u0627\u0626\u0628. \u062a\u0633\u0627\u0639\u062f \u0647\u0630\u0647 \u0627\u0644\u0632\u064a\u0648\u062a \u0641\u064a \u062a\u062d\u0633\u064a\u0646 \u0645\u0638\u0647\u0631 \u0627\u0644\u0628\u0634\u0631\u0629 \u0648\u062a\u0648\u062d\u064a\u062f \u0644\u0648\u0646\u0647\u0627\u060c \u0645\u0645\u0627 \u064a\u064f\u0633\u0627\u0647\u0645 \u0641\u064a \u0627\u0644\u062d\u0635\u0648\u0644 \u0639\u0644\u0649 \u0628\u0634\u0631\u0629 \u0635\u062d\u064a\u0629 \u0648\u0646\u0636\u0631\u0629. \u0637\u0631\u064a\u0642\u0629 \u0627\u0633\u062a\u062e\u062f\u0627\u0645 \u062a\u0631\u0643\u064a\u0628\u0629 \u0632\u064a\u0648\u062a \u062d\u0628 \u0627\u0644\u0634\u0628\u0627\u0628 \u064a\u064f\u0646\u0635\u062d \u0628\u0648\u0636\u0639 [&hellip;]<\/p>\n","protected":false},"featured_media":4658,"comment_status":"open","ping_status":"closed","template":"","meta":{"_acf_changed":false,"_monsterinsights_skip_tracking":false,"_monsterinsights_sitenote_active":false,"_monsterinsights_sitenote_note":"","_monsterinsights_sitenote_category":0},"product_cat":[15,200],"product_tag":[293],"class_list":{"0":"post-4777","1":"product","2":"type-product","3":"status-publish","4":"has-post-thumbnail","6":"product_cat-uncategorized","7":"product_cat-products","8":"product_tag-rhamna","10":"first","11":"instock","12":"shipping-taxable","13":"purchasable","14":"product-type-simple"},"acf":[],"aioseo_notices":[],"_links":{"self":[{"href":"https:\/\/shopcoop.ma\/fr\/wp-json\/wp\/v2\/product\/4777","targetHints":{"allow":["GET"]}}],"collection":[{"href":"https:\/\/shopcoop.ma\/fr\/wp-json\/wp\/v2\/product"}],"about":[{"href":"https:\/\/shopcoop.ma\/fr\/wp-json\/wp\/v2\/types\/product"}],"replies":[{"embeddable":true,"href":"https:\/\/shopcoop.ma\/fr\/wp-json\/wp\/v2\/comments?post=4777"}],"wp:featuredmedia":[{"embeddable":true,"href":"https:\/\/shopcoop.ma\/fr\/wp-json\/wp\/v2\/media\/4658"}],"wp:attachment":[{"href":"https:\/\/shopcoop.ma\/fr\/wp-json\/wp\/v2\/media?parent=4777"}],"wp:term":[{"taxonomy":"product_cat","embeddable":true,"href":"https:\/\/shopcoop.ma\/fr\/wp-json\/wp\/v2\/product_cat?post=4777"},{"taxonomy":"product_tag","embeddable":true,"href":"https:\/\/shopcoop.ma\/fr\/wp-json\/wp\/v2\/product_tag?post=4777"}],"curies":[{"name":"wp","href":"https:\/\/api.w.org\/{rel}","templated":true}]}}