{"id":4779,"date":"2024-10-24T14:33:41","date_gmt":"2024-10-24T14:33:41","guid":{"rendered":"https:\/\/shopcoop.ma\/product\/%d8%aa%d8%b1%d9%83%d9%8a%d8%a8%d8%a9-%d8%b2%d9%8a%d9%88%d8%aa-%d9%84%d8%aa%d8%a8%d9%8a%d9%8a%d8%b6-%d8%a7%d9%84%d8%a8%d8%b4%d8%b1%d8%a9\/"},"modified":"2025-02-10T10:15:36","modified_gmt":"2025-02-10T10:15:36","slug":"%d8%aa%d8%b1%d9%83%d9%8a%d8%a8%d8%a9-%d8%b2%d9%8a%d9%88%d8%aa-%d9%84%d8%aa%d8%a8%d9%8a%d9%8a%d8%b6-%d8%a7%d9%84%d8%a8%d8%b4%d8%b1%d8%a9","status":"publish","type":"product","link":"https:\/\/shopcoop.ma\/fr\/produit\/%d8%aa%d8%b1%d9%83%d9%8a%d8%a8%d8%a9-%d8%b2%d9%8a%d9%88%d8%aa-%d9%84%d8%aa%d8%a8%d9%8a%d9%8a%d8%b6-%d8%a7%d9%84%d8%a8%d8%b4%d8%b1%d8%a9\/","title":{"rendered":"\u062a\u0631\u0643\u064a\u0628\u0629 \u0632\u064a\u0648\u062a \u0644\u062a\u0628\u064a\u064a\u0636 \u0627\u0644\u0628\u0634\u0631\u0629 &#8211; 100 \u0645\u0644"},"content":{"rendered":"<h2>Avantages d'une formule pour blanchir la peau<\/h2>\n<p>Ce produit est une huile naturelle pour blanchir la peau.Il contient des ingr\u00e9dients efficaces qui \u00e9claircissent la couleur de la peau et am\u00e9liorent sa texture.Cette huile aide \u00e0 r\u00e9duire la pigmentation et les taches sombres, ce qui contribue \u00e0 l'obtention d'une peau brillante et homog\u00e8ne.<\/p>\n<h2>Comment utiliser une huile pour blanchir la peau<\/h2>\n<p>Il est recommand\u00e9 d'appliquer une quantit\u00e9 appropri\u00e9e d'huile sur la peau et de le masser doucement jusqu'\u00e0 ce qu'il soit compl\u00e8tement absorb\u00e9.Il peut \u00eatre utilis\u00e9 deux fois par jour pour obtenir les meilleurs r\u00e9sultats.<\/p>\n<h2>Composants d'huile pour blanchir la peau<\/h2>\n<p>Le produit a un m\u00e9lange d'huiles naturelles soigneusement choisies pour assurer l'efficacit\u00e9 et la s\u00e9curit\u00e9.<\/p>\n<h2>Avertissements et utilisation s\u00fbrs<\/h2>\n<p>Il est toujours recommand\u00e9 de tester l'huile sur une petite zone de la peau pour s'assurer qu'il n'y a pas de r\u00e9action allergique.Il est pr\u00e9f\u00e9rable de consulter un m\u00e9decin s'il y a des conditions m\u00e9dicales sp\u00e9ciales ou si vous prenez certains m\u00e9dicaments.<\/p>\n<h2>Avantages suppl\u00e9mentaires<\/h2>\n<p>En plus de son r\u00f4le dans le blanchiment de la peau, ce produit aide \u00e0 am\u00e9liorer la sant\u00e9 de la peau.<\/p>","protected":false},"excerpt":{"rendered":"<p>\u0641\u0648\u0627\u0626\u062f \u062a\u0631\u0643\u064a\u0628\u0629 \u0632\u064a\u0648\u062a \u0644\u062a\u0628\u064a\u064a\u0636 \u0627\u0644\u0628\u0634\u0631\u0629 \u0647\u0630\u0627 \u0627\u0644\u0645\u0646\u062a\u062c \u0639\u0628\u0627\u0631\u0629 \u0639\u0646 \u062a\u0631\u0643\u064a\u0628\u0629 \u0632\u064a\u0648\u062a \u0637\u0628\u064a\u0639\u064a\u0629 \u0645\u062e\u0635\u0635\u0629 \u0644\u062a\u0628\u064a\u064a\u0636 \u0627\u0644\u0628\u0634\u0631\u0629. \u062a\u062d\u062a\u0648\u064a \u0639\u0644\u0649 \u0645\u0643\u0648\u0646\u0627\u062a \u0641\u0639\u0627\u0644\u0629 \u062a\u0639\u0645\u0644 \u0639\u0644\u0649 \u062a\u0641\u062a\u064a\u062d \u0644\u0648\u0646 \u0627\u0644\u0628\u0634\u0631\u0629 \u0648\u062a\u062d\u0633\u064a\u0646 \u0645\u0644\u0645\u0633\u0647\u0627. \u064a\u0633\u0627\u0639\u062f \u0647\u0630\u0627 \u0627\u0644\u0632\u064a\u062a \u0641\u064a \u062a\u0642\u0644\u064a\u0644 \u0627\u0644\u062a\u0635\u0628\u063a\u0627\u062a \u0648\u0627\u0644\u0628\u0642\u0639 \u0627\u0644\u062f\u0627\u0643\u0646\u0629\u060c \u0645\u0645\u0627 \u064a\u064f\u0633\u0627\u0647\u0645 \u0641\u064a \u0627\u0644\u062d\u0635\u0648\u0644 \u0639\u0644\u0649 \u0628\u0634\u0631\u0629 \u0645\u0634\u0631\u0642\u0629 \u0648\u0645\u062a\u062c\u0627\u0646\u0633\u0629. \u0637\u0631\u064a\u0642\u0629 \u0627\u0633\u062a\u062e\u062f\u0627\u0645 \u062a\u0631\u0643\u064a\u0628\u0629 \u0632\u064a\u0648\u062a \u0644\u062a\u0628\u064a\u064a\u0636 \u0627\u0644\u0628\u0634\u0631\u0629 \u064a\u064f\u0646\u0635\u062d \u0628\u0648\u0636\u0639 \u0643\u0645\u064a\u0629 \u0645\u0646\u0627\u0633\u0628\u0629 \u0645\u0646 \u0627\u0644\u0632\u064a\u062a \u0639\u0644\u0649 [&hellip;]<\/p>\n","protected":false},"featured_media":4660,"comment_status":"open","ping_status":"closed","template":"","meta":{"_acf_changed":false,"_monsterinsights_skip_tracking":false,"_monsterinsights_sitenote_active":false,"_monsterinsights_sitenote_note":"","_monsterinsights_sitenote_category":0},"product_cat":[15,200],"product_tag":[293],"class_list":{"0":"post-4779","1":"product","2":"type-product","3":"status-publish","4":"has-post-thumbnail","6":"product_cat-uncategorized","7":"product_cat-products","8":"product_tag-rhamna","10":"first","11":"instock","12":"shipping-taxable","13":"purchasable","14":"product-type-simple"},"acf":[],"aioseo_notices":[],"_links":{"self":[{"href":"https:\/\/shopcoop.ma\/fr\/wp-json\/wp\/v2\/product\/4779","targetHints":{"allow":["GET"]}}],"collection":[{"href":"https:\/\/shopcoop.ma\/fr\/wp-json\/wp\/v2\/product"}],"about":[{"href":"https:\/\/shopcoop.ma\/fr\/wp-json\/wp\/v2\/types\/product"}],"replies":[{"embeddable":true,"href":"https:\/\/shopcoop.ma\/fr\/wp-json\/wp\/v2\/comments?post=4779"}],"wp:featuredmedia":[{"embeddable":true,"href":"https:\/\/shopcoop.ma\/fr\/wp-json\/wp\/v2\/media\/4660"}],"wp:attachment":[{"href":"https:\/\/shopcoop.ma\/fr\/wp-json\/wp\/v2\/media?parent=4779"}],"wp:term":[{"taxonomy":"product_cat","embeddable":true,"href":"https:\/\/shopcoop.ma\/fr\/wp-json\/wp\/v2\/product_cat?post=4779"},{"taxonomy":"product_tag","embeddable":true,"href":"https:\/\/shopcoop.ma\/fr\/wp-json\/wp\/v2\/product_tag?post=4779"}],"curies":[{"name":"wp","href":"https:\/\/api.w.org\/{rel}","templated":true}]}}