{"id":4780,"date":"2024-10-24T14:33:42","date_gmt":"2024-10-24T14:33:42","guid":{"rendered":"https:\/\/shopcoop.ma\/product\/%d8%b2%d9%8a%d8%aa-%d8%a7%d9%84%d8%ae%d8%b1%d9%88%d8%b9\/"},"modified":"2024-11-28T13:37:51","modified_gmt":"2024-11-28T13:37:51","slug":"%d8%b2%d9%8a%d8%aa-%d8%a7%d9%84%d8%ae%d8%b1%d9%88%d8%b9","status":"publish","type":"product","link":"https:\/\/shopcoop.ma\/fr\/produit\/%d8%b2%d9%8a%d8%aa-%d8%a7%d9%84%d8%ae%d8%b1%d9%88%d8%b9\/","title":{"rendered":"huile de ricin"},"content":{"rendered":"<h2>Avantages de l'huile de ricin<\/h2>\n<p> Ce produit est l'huile de ricin naturel marocaine.Il contient de nombreux avantages de sant\u00e9 et esth\u00e9tiques, notamment l'am\u00e9lioration de la sant\u00e9 des cheveux, l'am\u00e9lioration de sa croissance, l'hydratation de la peau et la promotion de la sant\u00e9 des ongles.L'huile de ricin est connue pour ses propri\u00e9t\u00e9s anti-bact\u00e9riennes et anti-fungales, ce qui en fait une excellente option pour les soins de la peau et des cheveux. <\/p>\n<h2>Comment utiliser l'huile de ricin<\/h2>\n<p> Il peut \u00eatre utilis\u00e9 directement sur le cuir chevelu et les cheveux pour renforcer et nourrir les racines.Il peut \u00e9galement \u00eatre utilis\u00e9 sur la peau pour hydrater et le nourrir.Il est pr\u00e9f\u00e9rable de l'utiliser r\u00e9guli\u00e8rement pour les meilleurs r\u00e9sultats. <\/p>\n<h2>Ingr\u00e9dients \u00e0 l'huile de ricin<\/h2>\n<p> Ce produit se compose d'huile de ricin naturelle extraite de graines de ricin pures. <\/p>\n<h2>Avertissements et utilisation s\u00fbrs<\/h2>\n<p> Il est toujours recommand\u00e9 de tester l'huile sur une petite zone de la peau pour s'assurer qu'il n'y a pas de r\u00e9action allergique.Il est pr\u00e9f\u00e9rable de consulter un m\u00e9decin en cas de conditions m\u00e9dicales sp\u00e9ciales. <\/p>\n<h2>Avantages suppl\u00e9mentaires<\/h2>\n<p> En plus de son r\u00f4le dans les soins de la peau et des cheveux, l'huile de ricin peut \u00eatre utilis\u00e9e pour am\u00e9liorer et renforcer la sant\u00e9 des ongles.Taille: 30 ml.<\/p>","protected":false},"excerpt":{"rendered":"<p>30 ml<\/p>","protected":false},"featured_media":4661,"comment_status":"open","ping_status":"closed","template":"","meta":{"_acf_changed":false,"_monsterinsights_skip_tracking":false,"_monsterinsights_sitenote_active":false,"_monsterinsights_sitenote_note":"","_monsterinsights_sitenote_category":0},"product_cat":[15,200],"product_tag":[293],"class_list":{"0":"post-4780","1":"product","2":"type-product","3":"status-publish","4":"has-post-thumbnail","6":"product_cat-uncategorized","7":"product_cat-products","8":"product_tag-rhamna","10":"first","11":"instock","12":"shipping-taxable","13":"product-type-simple"},"acf":[],"aioseo_notices":[],"_links":{"self":[{"href":"https:\/\/shopcoop.ma\/fr\/wp-json\/wp\/v2\/product\/4780","targetHints":{"allow":["GET"]}}],"collection":[{"href":"https:\/\/shopcoop.ma\/fr\/wp-json\/wp\/v2\/product"}],"about":[{"href":"https:\/\/shopcoop.ma\/fr\/wp-json\/wp\/v2\/types\/product"}],"replies":[{"embeddable":true,"href":"https:\/\/shopcoop.ma\/fr\/wp-json\/wp\/v2\/comments?post=4780"}],"wp:featuredmedia":[{"embeddable":true,"href":"https:\/\/shopcoop.ma\/fr\/wp-json\/wp\/v2\/media\/4661"}],"wp:attachment":[{"href":"https:\/\/shopcoop.ma\/fr\/wp-json\/wp\/v2\/media?parent=4780"}],"wp:term":[{"taxonomy":"product_cat","embeddable":true,"href":"https:\/\/shopcoop.ma\/fr\/wp-json\/wp\/v2\/product_cat?post=4780"},{"taxonomy":"product_tag","embeddable":true,"href":"https:\/\/shopcoop.ma\/fr\/wp-json\/wp\/v2\/product_tag?post=4780"}],"curies":[{"name":"wp","href":"https:\/\/api.w.org\/{rel}","templated":true}]}}