{"id":4783,"date":"2024-10-24T14:33:42","date_gmt":"2024-10-24T14:33:42","guid":{"rendered":"https:\/\/shopcoop.ma\/product\/%d8%b2%d9%8a%d8%aa-%d8%a7%d9%84%d8%b3%d8%a7%d9%84%d9%85%d9%8a%d8%a9\/"},"modified":"2024-11-28T13:37:51","modified_gmt":"2024-11-28T13:37:51","slug":"%d8%b2%d9%8a%d8%aa-%d8%a7%d9%84%d8%b3%d8%a7%d9%84%d9%85%d9%8a%d8%a9","status":"publish","type":"product","link":"https:\/\/shopcoop.ma\/fr\/produit\/%d8%b2%d9%8a%d8%aa-%d8%a7%d9%84%d8%b3%d8%a7%d9%84%d9%85%d9%8a%d8%a9\/","title":{"rendered":"Huile de salmiya"},"content":{"rendered":"<h2>Les avantages de l'huile de salmiya<\/h2>\n<p> Ce produit est \u00e0 100% d'huile marocaine naturelle naturelle.Il contient de multiples avantages pour la sant\u00e9 pour la peau et le corps, notamment hydratant et nourrissant la peau, r\u00e9duisant les infections et am\u00e9liorant la sant\u00e9 du cuir chevelu et des cheveux.L'huile de Salmiya est connue comme ses propri\u00e9t\u00e9s antioxydantes qui aident \u00e0 lutter contre les radicaux libres et \u00e0 am\u00e9liorer la sant\u00e9 de la peau. <\/p>\n<h2>Comment utiliser l'huile de salmiya<\/h2>\n<p> Il peut \u00eatre utilis\u00e9 directement sur la peau et les cheveux pour hydrater et nourrir les racines.Il peut \u00e9galement \u00eatre ajout\u00e9 aux aliments en tant qu'huile de cuisson saine. <\/p>\n<h2>Ingr\u00e9dients de l'huile de salmiya<\/h2>\n<p> Ce produit se compose de l'huile de salmiya naturelle extraite des feuilles de Salmiya pures. <\/p>\n<h2>Avertissements et utilisation s\u00fbrs<\/h2>\n<p> Il est toujours recommand\u00e9 de tester l'huile sur une petite zone de la peau pour s'assurer qu'il n'y a pas de r\u00e9action allergique.Il est pr\u00e9f\u00e9rable de consulter un m\u00e9decin en cas de conditions m\u00e9dicales sp\u00e9ciales. <\/p>\n<h2>Avantages suppl\u00e9mentaires<\/h2>\n<p> En plus de son r\u00f4le dans les soins cutan\u00e9s et capillaires, l'huile de salmiya peut \u00eatre utilis\u00e9e pour am\u00e9liorer la sant\u00e9 du syst\u00e8me digestif et r\u00e9duire les mauvais taux de cholest\u00e9rol dans le corps.Taille: 30 ml.<\/p>","protected":false},"excerpt":{"rendered":"<p>\u0641\u0648\u0627\u0626\u062f \u0632\u064a\u062a \u0627\u0644\u0633\u0627\u0644\u0645\u064a\u0629 \u0647\u0630\u0627 \u0627\u0644\u0645\u0646\u062a\u062c \u0639\u0628\u0627\u0631\u0629 \u0639\u0646 \u0632\u064a\u062a \u0627\u0644\u0633\u0627\u0644\u0645\u064a\u0629 \u0627\u0644\u0645\u063a\u0631\u0628\u064a \u0627\u0644\u0637\u0628\u064a\u0639\u064a \u0628\u0646\u0633\u0628\u0629 100%. \u064a\u062d\u062a\u0648\u064a \u0639\u0644\u0649 \u0641\u0648\u0627\u0626\u062f \u0635\u062d\u064a\u0629 \u0645\u062a\u0639\u062f\u062f\u0629 \u0644\u0644\u0628\u0634\u0631\u0629 \u0648\u0627\u0644\u062c\u0633\u0645\u060c \u0628\u0645\u0627 \u0641\u064a \u0630\u0644\u0643 \u062a\u0631\u0637\u064a\u0628 \u0648\u062a\u063a\u0630\u064a\u0629 \u0627\u0644\u0628\u0634\u0631\u0629\u060c \u0648\u062a\u0642\u0644\u064a\u0644 \u0627\u0644\u0627\u0644\u062a\u0647\u0627\u0628\u0627\u062a\u060c \u0648\u062a\u0639\u0632\u064a\u0632 \u0635\u062d\u0629 \u0641\u0631\u0648\u0629 \u0627\u0644\u0631\u0623\u0633 \u0648\u0627\u0644\u0634\u0639\u0631. \u0632\u064a\u062a \u0627\u0644\u0633\u0627\u0644\u0645\u064a\u0629 \u064a\u064f\u0639\u0631\u0641 \u0628\u062e\u0635\u0627\u0626\u0635\u0647 \u0627\u0644\u0645\u0636\u0627\u062f\u0629 \u0644\u0644\u0623\u0643\u0633\u062f\u0629 \u0648\u0627\u0644\u062a\u064a \u062a\u0633\u0627\u0639\u062f \u0641\u064a \u0645\u0643\u0627\u0641\u062d\u0629 \u0627\u0644\u062c\u0630\u0648\u0631 \u0627\u0644\u062d\u0631\u0629 \u0648\u062a\u062d\u0633\u064a\u0646 \u0635\u062d\u0629 \u0627\u0644\u062c\u0644\u062f. \u0637\u0631\u064a\u0642\u0629 \u0627\u0633\u062a\u062e\u062f\u0627\u0645 \u0632\u064a\u062a \u0627\u0644\u0633\u0627\u0644\u0645\u064a\u0629 \u064a\u0645\u0643\u0646 \u0627\u0633\u062a\u062e\u062f\u0627\u0645\u0647 \u0645\u0628\u0627\u0634\u0631\u0629 [&hellip;]<\/p>\n","protected":false},"featured_media":4664,"comment_status":"open","ping_status":"closed","template":"","meta":{"_acf_changed":false,"_monsterinsights_skip_tracking":false,"_monsterinsights_sitenote_active":false,"_monsterinsights_sitenote_note":"","_monsterinsights_sitenote_category":0},"product_cat":[15,200],"product_tag":[293],"class_list":{"0":"post-4783","1":"product","2":"type-product","3":"status-publish","4":"has-post-thumbnail","6":"product_cat-uncategorized","7":"product_cat-products","8":"product_tag-rhamna","10":"first","11":"instock","12":"shipping-taxable","13":"product-type-simple"},"acf":[],"aioseo_notices":[],"_links":{"self":[{"href":"https:\/\/shopcoop.ma\/fr\/wp-json\/wp\/v2\/product\/4783","targetHints":{"allow":["GET"]}}],"collection":[{"href":"https:\/\/shopcoop.ma\/fr\/wp-json\/wp\/v2\/product"}],"about":[{"href":"https:\/\/shopcoop.ma\/fr\/wp-json\/wp\/v2\/types\/product"}],"replies":[{"embeddable":true,"href":"https:\/\/shopcoop.ma\/fr\/wp-json\/wp\/v2\/comments?post=4783"}],"wp:featuredmedia":[{"embeddable":true,"href":"https:\/\/shopcoop.ma\/fr\/wp-json\/wp\/v2\/media\/4664"}],"wp:attachment":[{"href":"https:\/\/shopcoop.ma\/fr\/wp-json\/wp\/v2\/media?parent=4783"}],"wp:term":[{"taxonomy":"product_cat","embeddable":true,"href":"https:\/\/shopcoop.ma\/fr\/wp-json\/wp\/v2\/product_cat?post=4783"},{"taxonomy":"product_tag","embeddable":true,"href":"https:\/\/shopcoop.ma\/fr\/wp-json\/wp\/v2\/product_tag?post=4783"}],"curies":[{"name":"wp","href":"https:\/\/api.w.org\/{rel}","templated":true}]}}