{"id":4785,"date":"2024-10-24T14:33:43","date_gmt":"2024-10-24T14:33:43","guid":{"rendered":"https:\/\/shopcoop.ma\/product\/%d8%b2%d9%8a%d8%aa-%d8%a7%d9%84%d8%b5%d8%a8%d8%a7%d8%b1\/"},"modified":"2025-02-10T10:38:20","modified_gmt":"2025-02-10T10:38:20","slug":"%d8%b2%d9%8a%d8%aa-%d8%a7%d9%84%d8%b5%d8%a8%d8%a7%d8%b1","status":"publish","type":"product","link":"https:\/\/shopcoop.ma\/fr\/produit\/%d8%b2%d9%8a%d8%aa-%d8%a7%d9%84%d8%b5%d8%a8%d8%a7%d8%b1\/","title":{"rendered":"\u0632\u064a\u062a \u0627\u0644\u0635\u0628\u0627\u0631 &#8211; 50 \u0645\u0644"},"content":{"rendered":"<h2>Avantages de l'huile d'aloe vera<\/h2>\n<p>Ce produit est 100% d'huile d'aloe vera naturelle.Il se caract\u00e9rise par ses propri\u00e9t\u00e9s hydratantes et apaisantes pour la peau, ce qui en fait un excellent choix pour traiter les br\u00fblures simples et hydrater la peau s\u00e8che.L'huile d'aloe vera aide \u00e9galement \u00e0 calmer les infections cutan\u00e9es et \u00e0 am\u00e9liorer son \u00e9lasticit\u00e9.<\/p>\n<h2>Comment utiliser l'huile d'aloe vera<\/h2>\n<p>Il est recommand\u00e9 d'appliquer une quantit\u00e9 appropri\u00e9e d'huile sur la peau et de le masser doucement jusqu'\u00e0 ce qu'il soit compl\u00e8tement absorb\u00e9.Il peut \u00eatre utilis\u00e9 quotidiennement pour hydrater et calmer la peau.<\/p>\n<h2>Ingr\u00e9dients d'huile d'aloe vera<\/h2>\n<p>Ce produit se compose d'huile d'aloe vera naturelle extraite de la plante d'aloe vera pure.<\/p>\n<h2>Avertissements et utilisation s\u00fbrs<\/h2>\n<p>Il est toujours recommand\u00e9 de tester l'huile sur une petite zone de la peau pour s'assurer qu'il n'y a pas de r\u00e9action allergique.Il est pr\u00e9f\u00e9rable de consulter un m\u00e9decin en cas de conditions m\u00e9dicales sp\u00e9ciales.<\/p>\n<h2>Avantages suppl\u00e9mentaires<\/h2>\n<p>En plus de son r\u00f4le dans l'hydratation et la nourrisson de la peau, l'huile d'aloe vera aide \u00e0 am\u00e9liorer l'apparence de la peau et \u00e0 r\u00e9duire les rougeurs et la pigmentation.Taille: 30 ml.<\/p>","protected":false},"excerpt":{"rendered":"<p>\u0641\u0648\u0627\u0626\u062f \u0632\u064a\u062a \u0627\u0644\u0635\u0628\u0627\u0631 \u0647\u0630\u0627 \u0627\u0644\u0645\u0646\u062a\u062c \u0639\u0628\u0627\u0631\u0629 \u0639\u0646 \u0632\u064a\u062a \u0627\u0644\u0635\u0628\u0627\u0631 \u0627\u0644\u0637\u0628\u064a\u0639\u064a \u0628\u0646\u0633\u0628\u0629 100%. \u064a\u062a\u0645\u064a\u0632 \u0628\u062e\u0635\u0627\u0626\u0635\u0647 \u0627\u0644\u0645\u0631\u0637\u0628\u0629 \u0648\u0627\u0644\u0645\u0647\u062f\u0626\u0629 \u0644\u0644\u0628\u0634\u0631\u0629\u060c \u0645\u0645\u0627 \u064a\u062c\u0639\u0644\u0647 \u062e\u064a\u0627\u0631\u064b\u0627 \u0645\u0645\u062a\u0627\u0632\u064b\u0627 \u0644\u0639\u0644\u0627\u062c \u0627\u0644\u062d\u0631\u0648\u0642 \u0627\u0644\u0628\u0633\u064a\u0637\u0629 \u0648\u062a\u0631\u0637\u064a\u0628 \u0627\u0644\u0628\u0634\u0631\u0629 \u0627\u0644\u062c\u0627\u0641\u0629. \u064a\u0633\u0627\u0639\u062f \u0632\u064a\u062a \u0627\u0644\u0635\u0628\u0627\u0631 \u0623\u064a\u0636\u064b\u0627 \u0641\u064a \u062a\u0647\u062f\u0626\u0629 \u0627\u0644\u062a\u0647\u0627\u0628\u0627\u062a \u0627\u0644\u062c\u0644\u062f \u0648\u062a\u062d\u0633\u064a\u0646 \u0645\u0631\u0648\u0646\u062a\u0647. \u0637\u0631\u064a\u0642\u0629 \u0627\u0633\u062a\u062e\u062f\u0627\u0645 \u0632\u064a\u062a \u0627\u0644\u0635\u0628\u0627\u0631 \u064a\u064f\u0646\u0635\u062d \u0628\u0648\u0636\u0639 \u0643\u0645\u064a\u0629 \u0645\u0646\u0627\u0633\u0628\u0629 \u0645\u0646 \u0627\u0644\u0632\u064a\u062a \u0639\u0644\u0649 \u0627\u0644\u0628\u0634\u0631\u0629 \u0648\u062a\u062f\u0644\u064a\u0643\u0647\u0627 \u0628\u0644\u0637\u0641 \u062d\u062a\u0649 \u064a\u062a\u0645 \u0627\u0645\u062a\u0635\u0627\u0635\u0647 \u0628\u0627\u0644\u0643\u0627\u0645\u0644. [&hellip;]<\/p>\n","protected":false},"featured_media":4666,"comment_status":"open","ping_status":"closed","template":"","meta":{"_acf_changed":false,"_monsterinsights_skip_tracking":false,"_monsterinsights_sitenote_active":false,"_monsterinsights_sitenote_note":"","_monsterinsights_sitenote_category":0},"product_cat":[15,200],"product_tag":[293],"class_list":{"0":"post-4785","1":"product","2":"type-product","3":"status-publish","4":"has-post-thumbnail","6":"product_cat-uncategorized","7":"product_cat-products","8":"product_tag-rhamna","10":"first","11":"instock","12":"shipping-taxable","13":"purchasable","14":"product-type-simple"},"acf":[],"aioseo_notices":[],"_links":{"self":[{"href":"https:\/\/shopcoop.ma\/fr\/wp-json\/wp\/v2\/product\/4785","targetHints":{"allow":["GET"]}}],"collection":[{"href":"https:\/\/shopcoop.ma\/fr\/wp-json\/wp\/v2\/product"}],"about":[{"href":"https:\/\/shopcoop.ma\/fr\/wp-json\/wp\/v2\/types\/product"}],"replies":[{"embeddable":true,"href":"https:\/\/shopcoop.ma\/fr\/wp-json\/wp\/v2\/comments?post=4785"}],"wp:featuredmedia":[{"embeddable":true,"href":"https:\/\/shopcoop.ma\/fr\/wp-json\/wp\/v2\/media\/4666"}],"wp:attachment":[{"href":"https:\/\/shopcoop.ma\/fr\/wp-json\/wp\/v2\/media?parent=4785"}],"wp:term":[{"taxonomy":"product_cat","embeddable":true,"href":"https:\/\/shopcoop.ma\/fr\/wp-json\/wp\/v2\/product_cat?post=4785"},{"taxonomy":"product_tag","embeddable":true,"href":"https:\/\/shopcoop.ma\/fr\/wp-json\/wp\/v2\/product_tag?post=4785"}],"curies":[{"name":"wp","href":"https:\/\/api.w.org\/{rel}","templated":true}]}}