{"id":4788,"date":"2024-10-24T14:33:52","date_gmt":"2024-10-24T14:33:52","guid":{"rendered":"https:\/\/shopcoop.ma\/product\/%d9%85%d9%88%d8%b1%d8%af-%d8%a7%d9%84%d8%ae%d8%af%d9%88%d8%af\/"},"modified":"2025-02-10T10:27:12","modified_gmt":"2025-02-10T10:27:12","slug":"%d9%85%d9%88%d8%b1%d8%af-%d8%a7%d9%84%d8%ae%d8%af%d9%88%d8%af","status":"publish","type":"product","link":"https:\/\/shopcoop.ma\/fr\/produit\/%d9%85%d9%88%d8%b1%d8%af-%d8%a7%d9%84%d8%ae%d8%af%d9%88%d8%af\/","title":{"rendered":"\u0645\u0648\u0631\u062f \u0627\u0644\u062e\u062f\u0648\u062f &#8211; 15 \u063a"},"content":{"rendered":"<h2>Avantages des joues<\/h2>\n<p>Ce produit est un fournisseur de joues naturelles qui contient des ingr\u00e9dients naturels qui am\u00e9liorent la couleur de la peau et lui donnent un aspect rose et sain.Il aide \u00e0 am\u00e9liorer l'apparence de la peau et \u00e0 la rendre plus fra\u00eeche et plus vibrante.<\/p>\n<h2>Comment utiliser le fournisseur de fard \u00e0 joues<\/h2>\n<p>Quelques gouttes du produit sont plac\u00e9es sur les joues et mass\u00e9es doucement jusqu'\u00e0 ce qu'elles soient compl\u00e8tement absorb\u00e9es.Il peut \u00eatre utilis\u00e9 une ou deux fois par jour pour obtenir les meilleurs r\u00e9sultats.<\/p>\n<h2>Ingr\u00e9dients<\/h2>\n<p>Le produit contient des ingr\u00e9dients naturels soigneusement s\u00e9lectionn\u00e9s pour assurer l'efficacit\u00e9 et la s\u00e9curit\u00e9.<\/p>\n<h2>Avertissements et utilisation s\u00fbrs<\/h2>\n<p>Il est toujours recommand\u00e9 de tester le produit sur une petite zone du cuir pour s'assurer qu'il n'y a pas de r\u00e9action allergique.Il est pr\u00e9f\u00e9rable de consulter un m\u00e9decin s'il y a des conditions m\u00e9dicales sp\u00e9ciales ou si vous prenez certains m\u00e9dicaments.<\/p>\n<h2>Avantages suppl\u00e9mentaires<\/h2>\n<p>En plus de son r\u00f4le dans l'am\u00e9lioration de l'apparence des joues, ce produit aide \u00e0 hydrater la peau et \u00e0 la rendre plus lumineuse.<\/p>","protected":false},"excerpt":{"rendered":"<p>\u0641\u0648\u0627\u0626\u062f \u0645\u0648\u0631\u062f \u0627\u0644\u062e\u062f\u0648\u062f \u0647\u0630\u0627 \u0627\u0644\u0645\u0646\u062a\u062c \u0647\u0648 \u0645\u0648\u0631\u062f \u062e\u062f\u0648\u062f \u0637\u0628\u064a\u0639\u064a \u064a\u062d\u062a\u0648\u064a \u0639\u0644\u0649 \u0645\u0643\u0648\u0646\u0627\u062a \u0637\u0628\u064a\u0639\u064a\u0629 \u062a\u0639\u0632\u0632 \u0645\u0646 \u0644\u0648\u0646 \u0627\u0644\u0628\u0634\u0631\u0629 \u0648\u062a\u0645\u0646\u062d\u0647\u0627 \u0645\u0638\u0647\u0631\u064b\u0627 \u0648\u0631\u062f\u064a\u064b\u0627 \u0648\u0635\u062d\u064a\u064b\u0627. \u064a\u0633\u0627\u0639\u062f \u0641\u064a \u062a\u062d\u0633\u064a\u0646 \u0645\u0638\u0647\u0631 \u0627\u0644\u0628\u0634\u0631\u0629 \u0648\u062c\u0639\u0644\u0647\u0627 \u062a\u0628\u062f\u0648 \u0623\u0643\u062b\u0631 \u0646\u0636\u0627\u0631\u0629 \u0648\u062d\u064a\u0648\u064a\u0629. \u0637\u0631\u064a\u0642\u0629 \u0627\u0633\u062a\u062e\u062f\u0627\u0645 \u0645\u0648\u0631\u062f \u0627\u0644\u062e\u062f\u0648\u062f \u064a\u062a\u0645 \u0648\u0636\u0639 \u0628\u0636\u0639 \u0642\u0637\u0631\u0627\u062a \u0645\u0646 \u0627\u0644\u0645\u0646\u062a\u062c \u0639\u0644\u0649 \u0627\u0644\u062e\u062f\u0648\u062f \u0648\u062a\u062f\u0644\u064a\u0643\u0647\u0627 \u0628\u0644\u0637\u0641 \u062d\u062a\u0649 \u064a\u062a\u0645 \u0627\u0645\u062a\u0635\u0627\u0635\u0647\u0627 \u0628\u0627\u0644\u0643\u0627\u0645\u0644. \u064a\u0645\u0643\u0646 \u0627\u0633\u062a\u062e\u062f\u0627\u0645\u0647 \u0645\u0631\u0629 \u0623\u0648 \u0645\u0631\u062a\u064a\u0646 \u064a\u0648\u0645\u064a\u064b\u0627 [&hellip;]<\/p>\n","protected":false},"featured_media":4787,"comment_status":"open","ping_status":"closed","template":"","meta":{"_acf_changed":false,"_monsterinsights_skip_tracking":false,"_monsterinsights_sitenote_active":false,"_monsterinsights_sitenote_note":"","_monsterinsights_sitenote_category":0},"product_cat":[15,200],"product_tag":[293],"class_list":{"0":"post-4788","1":"product","2":"type-product","3":"status-publish","4":"has-post-thumbnail","6":"product_cat-uncategorized","7":"product_cat-products","8":"product_tag-rhamna","10":"first","11":"instock","12":"shipping-taxable","13":"purchasable","14":"product-type-simple"},"acf":[],"aioseo_notices":[],"_links":{"self":[{"href":"https:\/\/shopcoop.ma\/fr\/wp-json\/wp\/v2\/product\/4788","targetHints":{"allow":["GET"]}}],"collection":[{"href":"https:\/\/shopcoop.ma\/fr\/wp-json\/wp\/v2\/product"}],"about":[{"href":"https:\/\/shopcoop.ma\/fr\/wp-json\/wp\/v2\/types\/product"}],"replies":[{"embeddable":true,"href":"https:\/\/shopcoop.ma\/fr\/wp-json\/wp\/v2\/comments?post=4788"}],"wp:featuredmedia":[{"embeddable":true,"href":"https:\/\/shopcoop.ma\/fr\/wp-json\/wp\/v2\/media\/4787"}],"wp:attachment":[{"href":"https:\/\/shopcoop.ma\/fr\/wp-json\/wp\/v2\/media?parent=4788"}],"wp:term":[{"taxonomy":"product_cat","embeddable":true,"href":"https:\/\/shopcoop.ma\/fr\/wp-json\/wp\/v2\/product_cat?post=4788"},{"taxonomy":"product_tag","embeddable":true,"href":"https:\/\/shopcoop.ma\/fr\/wp-json\/wp\/v2\/product_tag?post=4788"}],"curies":[{"name":"wp","href":"https:\/\/api.w.org\/{rel}","templated":true}]}}