{"id":4906,"date":"2024-10-29T15:48:55","date_gmt":"2024-10-29T15:48:55","guid":{"rendered":"https:\/\/shopcoop.ma\/product\/%d8%b2%d9%8a%d8%aa-%d8%a7%d9%84%d8%b3%d9%85%d8%b3%d9%85-15-%d9%85%d9%84\/"},"modified":"2025-02-10T15:20:45","modified_gmt":"2025-02-10T15:20:45","slug":"%d8%b2%d9%8a%d8%aa-%d8%a7%d9%84%d8%b3%d9%85%d8%b3%d9%85-15-%d9%85%d9%84","status":"publish","type":"product","link":"https:\/\/shopcoop.ma\/fr\/produit\/%d8%b2%d9%8a%d8%aa-%d8%a7%d9%84%d8%b3%d9%85%d8%b3%d9%85-15-%d9%85%d9%84\/","title":{"rendered":"Huile de s\u00e9same 15 ml"},"content":{"rendered":"<h2>Avantages de l'huile de s\u00e9same<\/h2>\n<p>L'huile de s\u00e9same est une huile naturelle 100% pure caract\u00e9ris\u00e9e par ses propri\u00e9t\u00e9s nutritionnelles et b\u00e9n\u00e9fiques.Il contient un large \u00e9ventail de vitamines et de min\u00e9raux qui aident \u00e0 promouvoir la sant\u00e9 cardiaque, \u00e0 am\u00e9liorer la digestion et \u00e0 renforcer les cheveux et la peau.L'huile de s\u00e9same est connue pour sa capacit\u00e9 \u00e0 hydrater et \u00e0 adoucir la peau, et aide \u00e9galement \u00e0 renforcer les cheveux et \u00e0 pr\u00e9venir la perte de cheveux.<\/p>\n<h2>Comment utiliser l'huile de s\u00e9same<\/h2>\n<p>L'huile de s\u00e9same peut \u00eatre utilis\u00e9e sur la peau et les cheveux pour hydrater et nourrir les racines.Il est recommand\u00e9 d'appliquer une quantit\u00e9 appropri\u00e9e d'huile sur la peau ou le cuir chevelu et le masser doucement jusqu'\u00e0 ce qu'il soit compl\u00e8tement absorb\u00e9.Il peut \u00e9galement \u00eatre utilis\u00e9 comme huile de cuisson ou ajout\u00e9 aux salades.<\/p>\n<h2>Ingr\u00e9dients d'huile de s\u00e9same<\/h2>\n<p>Ce produit se compose d'huile de s\u00e9same naturel pur extraite des graines de s\u00e9same sans aucun ajouts artificiels.<\/p>\n<h2>Avertissements et utilisation s\u00fbrs<\/h2>\n<p>Il est toujours recommand\u00e9 de tester l'huile sur une petite zone de la peau pour s'assurer qu'il n'y a pas de r\u00e9action allergique.Il est pr\u00e9f\u00e9rable de consulter un m\u00e9decin en cas de conditions m\u00e9dicales sp\u00e9ciales.<\/p>\n<h2>Avantages suppl\u00e9mentaires<\/h2>\n<p>En plus de son r\u00f4le dans l'am\u00e9lioration de la sant\u00e9 de la peau et des cheveux, l'huile de s\u00e9same aide \u00e0 am\u00e9liorer la sant\u00e9 du syst\u00e8me digestif et \u00e0 renforcer le syst\u00e8me immunitaire.<\/p>","protected":false},"excerpt":{"rendered":"<p>\u0641\u0648\u0627\u0626\u062f \u0632\u064a\u062a \u0627\u0644\u0633\u0645\u0633\u0645 \u0632\u064a\u062a \u0627\u0644\u0633\u0645\u0633\u0645 \u0647\u0648 \u0632\u064a\u062a \u0637\u0628\u064a\u0639\u064a \u0646\u0642\u064a \u0628\u0646\u0633\u0628\u0629 100% \u064a\u062a\u0645\u064a\u0632 \u0628\u062e\u0635\u0627\u0626\u0635\u0647 \u0627\u0644\u0645\u063a\u0630\u064a\u0629 \u0648\u0627\u0644\u0645\u0641\u064a\u062f\u0629 \u0644\u0644\u0635\u062d\u0629. \u064a\u062d\u062a\u0648\u064a \u0639\u0644\u0649 \u0645\u062c\u0645\u0648\u0639\u0629 \u0648\u0627\u0633\u0639\u0629 \u0645\u0646 \u0627\u0644\u0641\u064a\u062a\u0627\u0645\u064a\u0646\u0627\u062a \u0648\u0627\u0644\u0645\u0639\u0627\u062f\u0646 \u0627\u0644\u062a\u064a \u062a\u0633\u0627\u0639\u062f \u0641\u064a \u062a\u0639\u0632\u064a\u0632 \u0635\u062d\u0629 \u0627\u0644\u0642\u0644\u0628\u060c \u062a\u062d\u0633\u064a\u0646 \u0627\u0644\u0647\u0636\u0645\u060c \u0648\u062a\u0642\u0648\u064a\u0629 \u0627\u0644\u0634\u0639\u0631 \u0648\u0627\u0644\u0628\u0634\u0631\u0629. \u0632\u064a\u062a \u0627\u0644\u0633\u0645\u0633\u0645 \u064a\u064f\u0639\u0631\u0641 \u0628\u0642\u062f\u0631\u062a\u0647 \u0639\u0644\u0649 \u062a\u0631\u0637\u064a\u0628 \u0627\u0644\u0628\u0634\u0631\u0629 \u0648\u062a\u0646\u0639\u064a\u0645\u0647\u0627\u060c \u0643\u0645\u0627 \u064a\u0633\u0627\u0639\u062f \u0641\u064a \u062a\u0642\u0648\u064a\u0629 \u0627\u0644\u0634\u0639\u0631 \u0648\u0645\u0646\u0639 \u062a\u0633\u0627\u0642\u0637\u0647. \u0637\u0631\u064a\u0642\u0629 \u0627\u0633\u062a\u062e\u062f\u0627\u0645 \u0632\u064a\u062a \u0627\u0644\u0633\u0645\u0633\u0645 \u064a\u0645\u0643\u0646 \u0627\u0633\u062a\u062e\u062f\u0627\u0645 [&hellip;]<\/p>\n","protected":false},"featured_media":4880,"comment_status":"open","ping_status":"closed","template":"","meta":{"_acf_changed":false,"_monsterinsights_skip_tracking":false,"_monsterinsights_sitenote_active":false,"_monsterinsights_sitenote_note":"","_monsterinsights_sitenote_category":0},"product_cat":[208,200],"product_tag":[292],"class_list":{"0":"post-4906","1":"product","2":"type-product","3":"status-publish","4":"has-post-thumbnail","6":"product_cat-aromatic-and-medicinal-plants-grocery","7":"product_cat-products","8":"product_tag-youssoufia","10":"first","11":"instock","12":"shipping-taxable","13":"purchasable","14":"product-type-simple"},"acf":[],"aioseo_notices":[],"_links":{"self":[{"href":"https:\/\/shopcoop.ma\/fr\/wp-json\/wp\/v2\/product\/4906","targetHints":{"allow":["GET"]}}],"collection":[{"href":"https:\/\/shopcoop.ma\/fr\/wp-json\/wp\/v2\/product"}],"about":[{"href":"https:\/\/shopcoop.ma\/fr\/wp-json\/wp\/v2\/types\/product"}],"replies":[{"embeddable":true,"href":"https:\/\/shopcoop.ma\/fr\/wp-json\/wp\/v2\/comments?post=4906"}],"wp:featuredmedia":[{"embeddable":true,"href":"https:\/\/shopcoop.ma\/fr\/wp-json\/wp\/v2\/media\/4880"}],"wp:attachment":[{"href":"https:\/\/shopcoop.ma\/fr\/wp-json\/wp\/v2\/media?parent=4906"}],"wp:term":[{"taxonomy":"product_cat","embeddable":true,"href":"https:\/\/shopcoop.ma\/fr\/wp-json\/wp\/v2\/product_cat?post=4906"},{"taxonomy":"product_tag","embeddable":true,"href":"https:\/\/shopcoop.ma\/fr\/wp-json\/wp\/v2\/product_tag?post=4906"}],"curies":[{"name":"wp","href":"https:\/\/api.w.org\/{rel}","templated":true}]}}