{"id":4910,"date":"2024-10-29T15:48:56","date_gmt":"2024-10-29T15:48:56","guid":{"rendered":"https:\/\/shopcoop.ma\/product\/%d8%a7%d9%84%d8%b9%d8%af%d8%b3-100-%d8%ac%d8%b1%d8%a7%d9%85\/"},"modified":"2025-02-10T15:26:03","modified_gmt":"2025-02-10T15:26:03","slug":"%d8%a7%d9%84%d8%b9%d8%af%d8%b3-100-%d8%ac%d8%b1%d8%a7%d9%85","status":"publish","type":"product","link":"https:\/\/shopcoop.ma\/fr\/produit\/%d8%a7%d9%84%d8%b9%d8%af%d8%b3-100-%d8%ac%d8%b1%d8%a7%d9%85\/","title":{"rendered":"Lentilles 100 grammes"},"content":{"rendered":"<h2>Avantages des lentilles<\/h2>\n<p>Les lentilles sont une riche source naturelle de prot\u00e9ines et de fibres alimentaires, ce qui en fait un excellent choix pour les personnes cherchant \u00e0 am\u00e9liorer leur sant\u00e9 nutritionnelle. Les lentilles contiennent un groupe de vitamines et de min\u00e9raux qui aident \u00e0 promouvoir la sant\u00e9 cardiaque, \u00e0 am\u00e9liorer la digestion et \u00e0 renforcer le syst\u00e8me immunitaire.<\/p>\n<h2>Comment utiliser les lentilles<\/h2>\n<p>Les lentilles peuvent \u00eatre utilis\u00e9es pour pr\u00e9parer une vari\u00e9t\u00e9 de plats tels que des soupes, des rago\u00fbts et des salades. Il est recommand\u00e9 de bien le cuire avant de le d\u00e9guster pour b\u00e9n\u00e9ficier de tous ses bienfaits nutritionnels.<\/p>\n<h2>Ingr\u00e9dients des lentilles<\/h2>\n<p>Ce produit se compose de lentilles \u00e0 100% s\u00e8ches sans ajouts industriels.<\/p>\n<h2>Avertissements et utilisation s\u00fbrs<\/h2>\n<p>Il est toujours recommand\u00e9 de consulter un m\u00e9decin avant d'utiliser des lentilles si vous souffrez de probl\u00e8mes m\u00e9dicaux particuliers.<\/p>\n<h2>Avantages suppl\u00e9mentaires<\/h2>\n<p>En plus de son r\u00f4le dans l'am\u00e9lioration de la sant\u00e9, les lentilles sont connues pour sa capacit\u00e9 \u00e0 renforcer le syst\u00e8me immunitaire et \u00e0 am\u00e9liorer la sant\u00e9 du syst\u00e8me respiratoire.Taille: 100 grammes.<\/p>","protected":false},"excerpt":{"rendered":"<p>\u0641\u0648\u0627\u0626\u062f \u0627\u0644\u0639\u062f\u0633 \u0627\u0644\u0639\u062f\u0633 \u0647\u0648 \u0645\u0635\u062f\u0631 \u0637\u0628\u064a\u0639\u064a \u063a\u0646\u064a \u0628\u0627\u0644\u0628\u0631\u0648\u062a\u064a\u0646\u0627\u062a \u0648\u0627\u0644\u0623\u0644\u064a\u0627\u0641 \u0627\u0644\u063a\u0630\u0627\u0626\u064a\u0629\u060c \u0645\u0645\u0627 \u064a\u062c\u0639\u0644\u0647 \u062e\u064a\u0627\u0631\u064b\u0627 \u0645\u0645\u062a\u0627\u0632\u064b\u0627 \u0644\u0644\u0623\u0634\u062e\u0627\u0635 \u0627\u0644\u0630\u064a\u0646 \u064a\u0633\u0639\u0648\u0646 \u0625\u0644\u0649 \u062a\u062d\u0633\u064a\u0646 \u0635\u062d\u062a\u0647\u0645 \u0627\u0644\u063a\u0630\u0627\u0626\u064a\u0629. \u064a\u062d\u062a\u0648\u064a \u0627\u0644\u0639\u062f\u0633 \u0639\u0644\u0649 \u0645\u062c\u0645\u0648\u0639\u0629 \u0645\u0646 \u0627\u0644\u0641\u064a\u062a\u0627\u0645\u064a\u0646\u0627\u062a \u0648\u0627\u0644\u0645\u0639\u0627\u062f\u0646 \u0627\u0644\u062a\u064a \u062a\u0633\u0627\u0639\u062f \u0641\u064a \u062a\u0639\u0632\u064a\u0632 \u0635\u062d\u0629 \u0627\u0644\u0642\u0644\u0628\u060c \u062a\u062d\u0633\u064a\u0646 \u0627\u0644\u0647\u0636\u0645\u060c \u0648\u062a\u0642\u0648\u064a\u0629 \u0627\u0644\u062c\u0647\u0627\u0632 \u0627\u0644\u0645\u0646\u0627\u0639\u064a. \u0637\u0631\u064a\u0642\u0629 \u0627\u0633\u062a\u062e\u062f\u0627\u0645 \u0627\u0644\u0639\u062f\u0633 \u064a\u0645\u0643\u0646 \u0627\u0633\u062a\u062e\u062f\u0627\u0645 \u0627\u0644\u0639\u062f\u0633 \u0641\u064a \u062a\u062d\u0636\u064a\u0631 \u0645\u062c\u0645\u0648\u0639\u0629 \u0645\u062a\u0646\u0648\u0639\u0629 \u0645\u0646 \u0627\u0644\u0623\u0637\u0628\u0627\u0642 \u0645\u062b\u0644 \u0627\u0644\u062d\u0633\u0627\u0621\u060c \u0627\u0644\u064a\u062e\u0646\u0627\u062a\u060c \u0648\u0627\u0644\u0633\u0644\u0637\u0627\u062a. [&hellip;]<\/p>\n","protected":false},"featured_media":4884,"comment_status":"open","ping_status":"closed","template":"","meta":{"_acf_changed":false,"_monsterinsights_skip_tracking":false,"_monsterinsights_sitenote_active":false,"_monsterinsights_sitenote_note":"","_monsterinsights_sitenote_category":0},"product_cat":[208,200],"product_tag":[],"class_list":{"0":"post-4910","1":"product","2":"type-product","3":"status-publish","4":"has-post-thumbnail","6":"product_cat-aromatic-and-medicinal-plants-grocery","7":"product_cat-products","9":"first","10":"instock","11":"shipping-taxable","12":"purchasable","13":"product-type-simple"},"acf":[],"aioseo_notices":[],"_links":{"self":[{"href":"https:\/\/shopcoop.ma\/fr\/wp-json\/wp\/v2\/product\/4910","targetHints":{"allow":["GET"]}}],"collection":[{"href":"https:\/\/shopcoop.ma\/fr\/wp-json\/wp\/v2\/product"}],"about":[{"href":"https:\/\/shopcoop.ma\/fr\/wp-json\/wp\/v2\/types\/product"}],"replies":[{"embeddable":true,"href":"https:\/\/shopcoop.ma\/fr\/wp-json\/wp\/v2\/comments?post=4910"}],"wp:featuredmedia":[{"embeddable":true,"href":"https:\/\/shopcoop.ma\/fr\/wp-json\/wp\/v2\/media\/4884"}],"wp:attachment":[{"href":"https:\/\/shopcoop.ma\/fr\/wp-json\/wp\/v2\/media?parent=4910"}],"wp:term":[{"taxonomy":"product_cat","embeddable":true,"href":"https:\/\/shopcoop.ma\/fr\/wp-json\/wp\/v2\/product_cat?post=4910"},{"taxonomy":"product_tag","embeddable":true,"href":"https:\/\/shopcoop.ma\/fr\/wp-json\/wp\/v2\/product_tag?post=4910"}],"curies":[{"name":"wp","href":"https:\/\/api.w.org\/{rel}","templated":true}]}}