{"id":4911,"date":"2024-10-29T15:48:56","date_gmt":"2024-10-29T15:48:56","guid":{"rendered":"https:\/\/shopcoop.ma\/product\/%d8%ae%d9%84-%d8%a7%d9%84%d8%aa%d9%81%d8%a7%d8%ad-100-%d9%85%d9%84\/"},"modified":"2025-02-10T15:17:36","modified_gmt":"2025-02-10T15:17:36","slug":"%d8%ae%d9%84-%d8%a7%d9%84%d8%aa%d9%81%d8%a7%d8%ad-100-%d9%85%d9%84","status":"publish","type":"product","link":"https:\/\/shopcoop.ma\/fr\/produit\/%d8%ae%d9%84-%d8%a7%d9%84%d8%aa%d9%81%d8%a7%d8%ad-100-%d9%85%d9%84\/","title":{"rendered":"Vinaigre de cidre de pomme 100 ml"},"content":{"rendered":"<h2>Avantages du vinaigre de cidre de pomme<\/h2>\n<p>Le vinaigre de cidre de pomme orvina est un produit naturel caract\u00e9ris\u00e9 par ses multiples avantages pour la sant\u00e9.Il contient des propri\u00e9t\u00e9s anti-bact\u00e9riennes et anti-oxydantes qui aident \u00e0 am\u00e9liorer la digestion et \u00e0 r\u00e9guler la glyc\u00e9mie.Le vinaigre de cidre de pomme peut \u00e9galement \u00eatre utilis\u00e9 comme ingr\u00e9dient naturel pour les soins de la peau et des cheveux.<\/p>\n<h2>Comment utiliser du vinaigre de cidre de pomme<\/h2>\n<p>Le vinaigre de cidre de pomme peut \u00eatre ajout\u00e9 \u00e0 l'eau ou aux jus comme compl\u00e9ment alimentaire.Il peut \u00e9galement \u00eatre utilis\u00e9 directement sur la peau et les cheveux comme rem\u00e8de naturel.<\/p>\n<h2>Ingr\u00e9dients du vinaigre de pomme<\/h2>\n<p>Ce produit se compose de vinaigre de cidre de pomme pur \u00e0 100% sans ajouts industriels.<\/p>\n<h2>Avertissements et utilisation s\u00fbrs<\/h2>\n<p>Il est recommand\u00e9 de soulager le vinaigre de cidre de pomme avant utilisation pour \u00e9viter toute irritation de l'estomac ou de la peau.Il est pr\u00e9f\u00e9rable de consulter un m\u00e9decin en cas de conditions m\u00e9dicales sp\u00e9ciales.<\/p>\n<h2>Avantages suppl\u00e9mentaires<\/h2>\n<p>En plus de son r\u00f4le dans l'am\u00e9lioration de la sant\u00e9 publique, le vinaigre de cidre de pomme aide \u00e0 am\u00e9liorer le syst\u00e8me immunitaire et \u00e0 r\u00e9duire les infections.<\/p>","protected":false},"excerpt":{"rendered":"<p>\u0641\u0648\u0627\u0626\u062f \u062e\u0644 \u0627\u0644\u062a\u0641\u0627\u062d \u062e\u0644 \u0627\u0644\u062a\u0641\u0627\u062d \u0645\u0646 ORVINA \u0647\u0648 \u0645\u0646\u062a\u062c \u0637\u0628\u064a\u0639\u064a \u064a\u062a\u0645\u064a\u0632 \u0628\u0641\u0648\u0627\u0626\u062f\u0647 \u0627\u0644\u0635\u062d\u064a\u0629 \u0627\u0644\u0645\u062a\u0639\u062f\u062f\u0629. \u064a\u062d\u062a\u0648\u064a \u0639\u0644\u0649 \u062e\u0635\u0627\u0626\u0635 \u0645\u0636\u0627\u062f\u0629 \u0644\u0644\u0628\u0643\u062a\u064a\u0631\u064a\u0627 \u0648\u0645\u0636\u0627\u062f\u0629 \u0644\u0644\u0623\u0643\u0633\u062f\u0629 \u062a\u0633\u0627\u0639\u062f \u0641\u064a \u062a\u062d\u0633\u064a\u0646 \u0627\u0644\u0647\u0636\u0645 \u0648\u062a\u0646\u0638\u064a\u0645 \u0645\u0633\u062a\u0648\u064a\u0627\u062a \u0627\u0644\u0633\u0643\u0631 \u0641\u064a \u0627\u0644\u062f\u0645. \u064a\u0645\u0643\u0646 \u0627\u0633\u062a\u062e\u062f\u0627\u0645 \u062e\u0644 \u0627\u0644\u062a\u0641\u0627\u062d \u0623\u064a\u0636\u064b\u0627 \u0643\u0645\u0643\u0648\u0646 \u0637\u0628\u064a\u0639\u064a \u0644\u0644\u0639\u0646\u0627\u064a\u0629 \u0628\u0627\u0644\u0628\u0634\u0631\u0629 \u0648\u0627\u0644\u0634\u0639\u0631. \u0637\u0631\u064a\u0642\u0629 \u0627\u0633\u062a\u062e\u062f\u0627\u0645 \u062e\u0644 \u0627\u0644\u062a\u0641\u0627\u062d \u064a\u0645\u0643\u0646 \u0625\u0636\u0627\u0641\u0629 \u062e\u0644 \u0627\u0644\u062a\u0641\u0627\u062d \u0625\u0644\u0649 \u0627\u0644\u0645\u0627\u0621 \u0623\u0648 \u0627\u0644\u0639\u0635\u0627\u0626\u0631 \u0643\u0645\u0643\u0645\u0644 \u063a\u0630\u0627\u0626\u064a. \u0643\u0645\u0627 [&hellip;]<\/p>\n","protected":false},"featured_media":4885,"comment_status":"open","ping_status":"closed","template":"","meta":{"_acf_changed":false,"_monsterinsights_skip_tracking":false,"_monsterinsights_sitenote_active":false,"_monsterinsights_sitenote_note":"","_monsterinsights_sitenote_category":0},"product_cat":[208,15,200],"product_tag":[292],"class_list":{"0":"post-4911","1":"product","2":"type-product","3":"status-publish","4":"has-post-thumbnail","6":"product_cat-aromatic-and-medicinal-plants-grocery","7":"product_cat-uncategorized","8":"product_cat-products","9":"product_tag-youssoufia","11":"first","12":"instock","13":"shipping-taxable","14":"purchasable","15":"product-type-simple"},"acf":[],"aioseo_notices":[],"_links":{"self":[{"href":"https:\/\/shopcoop.ma\/fr\/wp-json\/wp\/v2\/product\/4911","targetHints":{"allow":["GET"]}}],"collection":[{"href":"https:\/\/shopcoop.ma\/fr\/wp-json\/wp\/v2\/product"}],"about":[{"href":"https:\/\/shopcoop.ma\/fr\/wp-json\/wp\/v2\/types\/product"}],"replies":[{"embeddable":true,"href":"https:\/\/shopcoop.ma\/fr\/wp-json\/wp\/v2\/comments?post=4911"}],"wp:featuredmedia":[{"embeddable":true,"href":"https:\/\/shopcoop.ma\/fr\/wp-json\/wp\/v2\/media\/4885"}],"wp:attachment":[{"href":"https:\/\/shopcoop.ma\/fr\/wp-json\/wp\/v2\/media?parent=4911"}],"wp:term":[{"taxonomy":"product_cat","embeddable":true,"href":"https:\/\/shopcoop.ma\/fr\/wp-json\/wp\/v2\/product_cat?post=4911"},{"taxonomy":"product_tag","embeddable":true,"href":"https:\/\/shopcoop.ma\/fr\/wp-json\/wp\/v2\/product_tag?post=4911"}],"curies":[{"name":"wp","href":"https:\/\/api.w.org\/{rel}","templated":true}]}}