{"id":4913,"date":"2024-10-29T15:48:57","date_gmt":"2024-10-29T15:48:57","guid":{"rendered":"https:\/\/shopcoop.ma\/product\/%d8%ae%d9%84-%d8%a7%d9%84%d8%aa%d9%81%d8%a7%d8%ad-500-%d9%85%d9%84\/"},"modified":"2025-02-10T15:16:37","modified_gmt":"2025-02-10T15:16:37","slug":"%d8%ae%d9%84-%d8%a7%d9%84%d8%aa%d9%81%d8%a7%d8%ad-500-%d9%85%d9%84","status":"publish","type":"product","link":"https:\/\/shopcoop.ma\/fr\/produit\/%d8%ae%d9%84-%d8%a7%d9%84%d8%aa%d9%81%d8%a7%d8%ad-500-%d9%85%d9%84\/","title":{"rendered":"Vinaigre de cidre de pomme 500 ml"},"content":{"rendered":"<h2>Avantages du vinaigre de cidre de pomme<\/h2>\n<p>Le vinaigre de cidre de pomme est un produit naturel pur extrait de la fermentation du jus de pomme.Il se caract\u00e9rise par ses nombreux avantages pour la sant\u00e9, car il contribue \u00e0 am\u00e9liorer la digestion, \u00e0 r\u00e9guler la glyc\u00e9mie et \u00e0 favoriser la sant\u00e9 cardiaque.Il est \u00e9galement utilis\u00e9 dans les soins de la peau et des cheveux, car il aide \u00e0 nettoyer la peau et traite l'acn\u00e9, le renforcement des cheveux et la pr\u00e9vention de la perte de cheveux.<\/p>\n<h2>Comment utiliser du vinaigre de cidre de pomme<\/h2>\n<p>Le vinaigre de cidre de pomme peut \u00eatre utilis\u00e9 comme compl\u00e9ment alimentaire en r\u00e9duisant une cuill\u00e8re \u00e0 caf\u00e9 dans une tasse d'eau et en buvant quotidiennement.Il peut \u00e9galement \u00eatre utilis\u00e9 localis\u00e9 sur la peau et les cheveux.<\/p>\n<h2>Ingr\u00e9dients du vinaigre de pomme<\/h2>\n<p>Ce produit se compose de vinaigre de cidre de pomme \u00e0 100% sans ajouts industriels.<\/p>\n<h2>Avertissements et utilisation s\u00fbrs<\/h2>\n<p>Il est toujours recommand\u00e9 de soulager le vinaigre de cidre de pomme avant de manger pour \u00e9viter toute irritation de l'estomac.Il est pr\u00e9f\u00e9rable de consulter un m\u00e9decin en cas de conditions m\u00e9dicales sp\u00e9ciales.<\/p>\n<h2>Avantages suppl\u00e9mentaires<\/h2>\n<p>En plus de ses avantages pour la sant\u00e9, le vinaigre de cidre de pomme est utilis\u00e9 comme ingr\u00e9dient naturel dans de nombreuses recettes d\u00e9licieuses.Taille: 500 ml.<\/p>","protected":false},"excerpt":{"rendered":"<p>\u0641\u0648\u0627\u0626\u062f \u062e\u0644 \u0627\u0644\u062a\u0641\u0627\u062d \u062e\u0644 \u0627\u0644\u062a\u0641\u0627\u062d \u0647\u0648 \u0645\u0646\u062a\u062c \u0637\u0628\u064a\u0639\u064a \u0646\u0642\u064a \u064a\u064f\u0633\u062a\u062e\u0631\u062c \u0645\u0646 \u062a\u062e\u0645\u064a\u0631 \u0639\u0635\u064a\u0631 \u0627\u0644\u062a\u0641\u0627\u062d. \u064a\u062a\u0645\u064a\u0632 \u0628\u0641\u0648\u0627\u0626\u062f\u0647 \u0627\u0644\u0635\u062d\u064a\u0629 \u0627\u0644\u0639\u062f\u064a\u062f\u0629\u060c \u062d\u064a\u062b \u064a\u0633\u0627\u0639\u062f \u0641\u064a \u062a\u062d\u0633\u064a\u0646 \u0639\u0645\u0644\u064a\u0629 \u0627\u0644\u0647\u0636\u0645 \u0648\u062a\u0646\u0638\u064a\u0645 \u0645\u0633\u062a\u0648\u064a\u0627\u062a \u0627\u0644\u0633\u0643\u0631 \u0641\u064a \u0627\u0644\u062f\u0645\u060c \u0648\u062a\u0639\u0632\u064a\u0632 \u0635\u062d\u0629 \u0627\u0644\u0642\u0644\u0628. \u0643\u0645\u0627 \u064a\u064f\u0633\u062a\u062e\u062f\u0645 \u0641\u064a \u0627\u0644\u0639\u0646\u0627\u064a\u0629 \u0628\u0627\u0644\u0628\u0634\u0631\u0629 \u0648\u0627\u0644\u0634\u0639\u0631\u060c \u062d\u064a\u062b \u064a\u0633\u0627\u0639\u062f \u0641\u064a \u062a\u0646\u0638\u064a\u0641 \u0627\u0644\u0628\u0634\u0631\u0629 \u0648\u0639\u0644\u0627\u062c \u062d\u0628 \u0627\u0644\u0634\u0628\u0627\u0628\u060c \u0648\u062a\u0642\u0648\u064a\u0629 \u0627\u0644\u0634\u0639\u0631 \u0648\u0645\u0646\u0639 \u062a\u0633\u0627\u0642\u0637\u0647. \u0637\u0631\u064a\u0642\u0629 \u0627\u0633\u062a\u062e\u062f\u0627\u0645 \u062e\u0644 \u0627\u0644\u062a\u0641\u0627\u062d \u064a\u0645\u0643\u0646 [&hellip;]<\/p>\n","protected":false},"featured_media":4885,"comment_status":"open","ping_status":"closed","template":"","meta":{"_acf_changed":false,"_monsterinsights_skip_tracking":false,"_monsterinsights_sitenote_active":false,"_monsterinsights_sitenote_note":"","_monsterinsights_sitenote_category":0},"product_cat":[208,15,200],"product_tag":[292],"class_list":{"0":"post-4913","1":"product","2":"type-product","3":"status-publish","4":"has-post-thumbnail","6":"product_cat-aromatic-and-medicinal-plants-grocery","7":"product_cat-uncategorized","8":"product_cat-products","9":"product_tag-youssoufia","11":"first","12":"instock","13":"shipping-taxable","14":"purchasable","15":"product-type-simple"},"acf":[],"aioseo_notices":[],"_links":{"self":[{"href":"https:\/\/shopcoop.ma\/fr\/wp-json\/wp\/v2\/product\/4913","targetHints":{"allow":["GET"]}}],"collection":[{"href":"https:\/\/shopcoop.ma\/fr\/wp-json\/wp\/v2\/product"}],"about":[{"href":"https:\/\/shopcoop.ma\/fr\/wp-json\/wp\/v2\/types\/product"}],"replies":[{"embeddable":true,"href":"https:\/\/shopcoop.ma\/fr\/wp-json\/wp\/v2\/comments?post=4913"}],"wp:featuredmedia":[{"embeddable":true,"href":"https:\/\/shopcoop.ma\/fr\/wp-json\/wp\/v2\/media\/4885"}],"wp:attachment":[{"href":"https:\/\/shopcoop.ma\/fr\/wp-json\/wp\/v2\/media?parent=4913"}],"wp:term":[{"taxonomy":"product_cat","embeddable":true,"href":"https:\/\/shopcoop.ma\/fr\/wp-json\/wp\/v2\/product_cat?post=4913"},{"taxonomy":"product_tag","embeddable":true,"href":"https:\/\/shopcoop.ma\/fr\/wp-json\/wp\/v2\/product_tag?post=4913"}],"curies":[{"name":"wp","href":"https:\/\/api.w.org\/{rel}","templated":true}]}}