{"id":4915,"date":"2024-10-29T15:48:57","date_gmt":"2024-10-29T15:48:57","guid":{"rendered":"https:\/\/shopcoop.ma\/product\/%d9%85%d9%82%d8%b7%d8%b1-%d8%a7%d9%84%d8%b3%d8%a7%d9%84%d9%85%d9%8a%d8%a9-100-%d9%85%d9%84\/"},"modified":"2025-02-10T11:15:34","modified_gmt":"2025-02-10T11:15:34","slug":"%d9%85%d9%82%d8%b7%d8%b1-%d8%a7%d9%84%d8%b3%d8%a7%d9%84%d9%85%d9%8a%d8%a9-100-%d9%85%d9%84","status":"publish","type":"product","link":"https:\/\/shopcoop.ma\/fr\/produit\/%d9%85%d9%82%d8%b7%d8%b1-%d8%a7%d9%84%d8%b3%d8%a7%d9%84%d9%85%d9%8a%d8%a9-100-%d9%85%d9%84\/","title":{"rendered":"District de Salmiya 100 ml"},"content":{"rendered":"<h2>Avantages du district de Salmiya<\/h2>\n<p>Le district de Salmiya est un produit naturel 100% pur extrait de Salmiya.Il se caract\u00e9rise par ses multiples propri\u00e9t\u00e9s de sant\u00e9, car elle aide \u00e0 am\u00e9liorer la sant\u00e9 du syst\u00e8me digestif, \u00e0 soulager les infections de la bouche et des gencives et \u00e0 l'am\u00e9lioration de la sant\u00e9 de la peau et des cheveux.Il est \u00e9galement utilis\u00e9 comme s\u00e9datif nerveux et am\u00e9lior\u00e9 pour le sommeil.<\/p>\n<h2>Comment utiliser Salmiya Distiller<\/h2>\n<p>Le distillateur de Salmiya peut \u00eatre utilis\u00e9 comme rince-bouche ou comme ajout \u00e0 l'eau de douche pour obtenir un effet calmant.Il peut \u00e9galement \u00eatre utilis\u00e9 directement sur la peau et les cheveux.<\/p>\n<h2>Composants du district de Salmiya<\/h2>\n<p>Ce produit se compose d'une usine de Salmiya 100% naturelle sans ajouts industriels.<\/p>\n<h2>Avertissements et utilisation s\u00fbrs<\/h2>\n<p>Il est toujours recommand\u00e9 de tester le produit sur une petite zone du cuir pour s'assurer qu'il n'y a pas de r\u00e9action allergique.Il est pr\u00e9f\u00e9rable de consulter un m\u00e9decin en cas de conditions m\u00e9dicales sp\u00e9ciales.<\/p>\n<h2>Avantages suppl\u00e9mentaires<\/h2>\n<p>En plus de ses avantages pour la sant\u00e9, le distillateur de Salmiya est utilis\u00e9 comme flux d'air naturel pour l'atmosph\u00e8re et une bouche rafra\u00eechissante.Taille: 100 ml.<\/p>","protected":false},"excerpt":{"rendered":"<p>\u0641\u0648\u0627\u0626\u062f \u0645\u0642\u0637\u0631 \u0627\u0644\u0633\u0627\u0644\u0645\u064a\u0629 \u0645\u0642\u0637\u0631 \u0627\u0644\u0633\u0627\u0644\u0645\u064a\u0629 \u0647\u0648 \u0645\u0646\u062a\u062c \u0637\u0628\u064a\u0639\u064a \u0646\u0642\u064a \u0628\u0646\u0633\u0628\u0629 100% \u064a\u064f\u0633\u062a\u062e\u0631\u062c \u0645\u0646 \u0646\u0628\u0627\u062a \u0627\u0644\u0633\u0627\u0644\u0645\u064a\u0629. \u064a\u062a\u0645\u064a\u0632 \u0628\u062e\u0635\u0627\u0626\u0635\u0647 \u0627\u0644\u0635\u062d\u064a\u0629 \u0627\u0644\u0645\u062a\u0639\u062f\u062f\u0629\u060c \u062d\u064a\u062b \u064a\u0633\u0627\u0639\u062f \u0641\u064a \u062a\u062d\u0633\u064a\u0646 \u0635\u062d\u0629 \u0627\u0644\u062c\u0647\u0627\u0632 \u0627\u0644\u0647\u0636\u0645\u064a\u060c \u062a\u062e\u0641\u064a\u0641 \u0627\u0644\u062a\u0647\u0627\u0628\u0627\u062a \u0627\u0644\u0641\u0645 \u0648\u0627\u0644\u0644\u062b\u0629\u060c \u0648\u062a\u062d\u0633\u064a\u0646 \u0635\u062d\u0629 \u0627\u0644\u0628\u0634\u0631\u0629 \u0648\u0627\u0644\u0634\u0639\u0631. \u0643\u0645\u0627 \u064a\u064f\u0633\u062a\u062e\u062f\u0645 \u0643\u0645\u064f\u0647\u062f\u0626 \u0644\u0644\u0623\u0639\u0635\u0627\u0628 \u0648\u0645\u062d\u0633\u0651\u0646 \u0644\u0644\u0646\u0648\u0645. \u0637\u0631\u064a\u0642\u0629 \u0627\u0633\u062a\u062e\u062f\u0627\u0645 \u0645\u0642\u0637\u0631 \u0627\u0644\u0633\u0627\u0644\u0645\u064a\u0629 \u064a\u0645\u0643\u0646 \u0627\u0633\u062a\u062e\u062f\u0627\u0645 \u0645\u0642\u0637\u0631 \u0627\u0644\u0633\u0627\u0644\u0645\u064a\u0629 \u0643\u063a\u0633\u0648\u0644 \u0644\u0644\u0641\u0645 \u0623\u0648 \u0643\u0625\u0636\u0627\u0641\u0629 \u0625\u0644\u0649 \u0645\u0627\u0621 \u0627\u0644\u0627\u0633\u062a\u062d\u0645\u0627\u0645 [&hellip;]<\/p>\n","protected":false},"featured_media":4888,"comment_status":"open","ping_status":"closed","template":"","meta":{"_acf_changed":false,"_monsterinsights_skip_tracking":false,"_monsterinsights_sitenote_active":false,"_monsterinsights_sitenote_note":"","_monsterinsights_sitenote_category":0},"product_cat":[208,15,200],"product_tag":[292],"class_list":{"0":"post-4915","1":"product","2":"type-product","3":"status-publish","4":"has-post-thumbnail","6":"product_cat-aromatic-and-medicinal-plants-grocery","7":"product_cat-uncategorized","8":"product_cat-products","9":"product_tag-youssoufia","11":"first","12":"instock","13":"shipping-taxable","14":"purchasable","15":"product-type-simple"},"acf":[],"aioseo_notices":[],"_links":{"self":[{"href":"https:\/\/shopcoop.ma\/fr\/wp-json\/wp\/v2\/product\/4915","targetHints":{"allow":["GET"]}}],"collection":[{"href":"https:\/\/shopcoop.ma\/fr\/wp-json\/wp\/v2\/product"}],"about":[{"href":"https:\/\/shopcoop.ma\/fr\/wp-json\/wp\/v2\/types\/product"}],"replies":[{"embeddable":true,"href":"https:\/\/shopcoop.ma\/fr\/wp-json\/wp\/v2\/comments?post=4915"}],"wp:featuredmedia":[{"embeddable":true,"href":"https:\/\/shopcoop.ma\/fr\/wp-json\/wp\/v2\/media\/4888"}],"wp:attachment":[{"href":"https:\/\/shopcoop.ma\/fr\/wp-json\/wp\/v2\/media?parent=4915"}],"wp:term":[{"taxonomy":"product_cat","embeddable":true,"href":"https:\/\/shopcoop.ma\/fr\/wp-json\/wp\/v2\/product_cat?post=4915"},{"taxonomy":"product_tag","embeddable":true,"href":"https:\/\/shopcoop.ma\/fr\/wp-json\/wp\/v2\/product_tag?post=4915"}],"curies":[{"name":"wp","href":"https:\/\/api.w.org\/{rel}","templated":true}]}}