{"id":4918,"date":"2024-10-29T15:48:57","date_gmt":"2024-10-29T15:48:57","guid":{"rendered":"https:\/\/shopcoop.ma\/product\/%d8%b2%d9%8a%d8%aa-%d8%a7%d9%84%d9%88%d8%b1%d8%af-30-%d9%85%d9%84\/"},"modified":"2025-02-10T15:22:08","modified_gmt":"2025-02-10T15:22:08","slug":"%d8%b2%d9%8a%d8%aa-%d8%a7%d9%84%d9%88%d8%b1%d8%af-30-%d9%85%d9%84","status":"publish","type":"product","link":"https:\/\/shopcoop.ma\/fr\/produit\/%d8%b2%d9%8a%d8%aa-%d8%a7%d9%84%d9%88%d8%b1%d8%af-30-%d9%85%d9%84\/","title":{"rendered":"Huile de rose 30 ml"},"content":{"rendered":"<h2>Avantages de l'huile de rose<\/h2>\n<p>L'huile de rose de la marque coop\u00e9rative Rymit est un produit naturel 100% pur caract\u00e9ris\u00e9 par ses propri\u00e9t\u00e9s nutritionnelles et utiles de la peau.Il contient des antioxydants qui aident \u00e0 lutter contre les radicaux libres, \u00e0 am\u00e9liorer l'\u00e9lasticit\u00e9 de la peau, \u00e0 r\u00e9duire les rides et les signes de vieillissement.Il aide \u00e9galement \u00e0 hydrater et \u00e0 adoucir la peau, ce qui le rend plus jeune et frais.<\/p>\n<h2>Comment utiliser l'huile de rose<\/h2>\n<p>Il est recommand\u00e9 d'appliquer une quantit\u00e9 appropri\u00e9e d'huile sur la peau et de le masser doucement jusqu'\u00e0 ce qu'il soit compl\u00e8tement absorb\u00e9.Il peut \u00eatre utilis\u00e9 quotidiennement pour les meilleurs r\u00e9sultats.<\/p>\n<h2>Ingr\u00e9dients \u00e0 l'huile de rose<\/h2>\n<p>Ce produit se compose d'huile de rose naturelle extraite de p\u00e9tales de rose purs.<\/p>\n<h2>Avertissements et utilisation s\u00fbrs<\/h2>\n<p>Il est toujours recommand\u00e9 de tester l'huile sur une petite zone de la peau pour s'assurer qu'il n'y a pas de r\u00e9action allergique.Il est pr\u00e9f\u00e9rable de consulter un m\u00e9decin en cas de conditions m\u00e9dicales sp\u00e9ciales.<\/p>\n<h2>Avantages suppl\u00e9mentaires<\/h2>\n<p>En plus de son r\u00f4le dans l'hydratation et le ramollissement de la peau, l'huile de rose aide \u00e0 am\u00e9liorer l'apparence de la peau et \u00e0 r\u00e9duire les rougeurs et la pigmentation.Taille: 30 ml.Date d'ach\u00e8vement: 15\/15\/2029.<\/p>","protected":false},"excerpt":{"rendered":"<p>\u0641\u0648\u0627\u0626\u062f \u0632\u064a\u062a \u0627\u0644\u0648\u0631\u062f \u0632\u064a\u062a \u0627\u0644\u0648\u0631\u062f \u0645\u0646 \u0639\u0644\u0627\u0645\u0629 \u062a\u0639\u0627\u0648\u0646\u064a\u0629 \u0631\u0648\u0627\u0645\u064a\u062a \u0647\u0648 \u0645\u0646\u062a\u062c \u0637\u0628\u064a\u0639\u064a \u0646\u0642\u064a \u0628\u0646\u0633\u0628\u0629 100% \u064a\u062a\u0645\u064a\u0632 \u0628\u062e\u0635\u0627\u0626\u0635\u0647 \u0627\u0644\u0645\u063a\u0630\u064a\u0629 \u0648\u0627\u0644\u0645\u0641\u064a\u062f\u0629 \u0644\u0644\u0628\u0634\u0631\u0629. \u064a\u062d\u062a\u0648\u064a \u0639\u0644\u0649 \u0645\u0636\u0627\u062f\u0627\u062a \u0627\u0644\u0623\u0643\u0633\u062f\u0629 \u0627\u0644\u062a\u064a \u062a\u0633\u0627\u0639\u062f \u0641\u064a \u0645\u0643\u0627\u0641\u062d\u0629 \u0627\u0644\u062c\u0630\u0648\u0631 \u0627\u0644\u062d\u0631\u0629\u060c \u0648\u062a\u062d\u0633\u064a\u0646 \u0645\u0631\u0648\u0646\u0629 \u0627\u0644\u062c\u0644\u062f\u060c \u0648\u062a\u0642\u0644\u064a\u0644 \u0627\u0644\u062a\u062c\u0627\u0639\u064a\u062f \u0648\u0639\u0644\u0627\u0645\u0627\u062a \u062a\u0642\u062f\u0645 \u0627\u0644\u0633\u0646. \u0643\u0645\u0627 \u064a\u0633\u0627\u0639\u062f \u0641\u064a \u062a\u0631\u0637\u064a\u0628 \u0627\u0644\u0628\u0634\u0631\u0629 \u0648\u062a\u0646\u0639\u064a\u0645\u0647\u0627\u060c \u0645\u0645\u0627 \u064a\u062c\u0639\u0644\u0647\u0627 \u062a\u0628\u062f\u0648 \u0623\u0643\u062b\u0631 \u0634\u0628\u0627\u0628\u064b\u0627 \u0648\u0646\u0636\u0627\u0631\u0629. \u0637\u0631\u064a\u0642\u0629 \u0627\u0633\u062a\u062e\u062f\u0627\u0645 \u0632\u064a\u062a \u0627\u0644\u0648\u0631\u062f \u064a\u064f\u0646\u0635\u062d [&hellip;]<\/p>\n","protected":false},"featured_media":4891,"comment_status":"open","ping_status":"closed","template":"","meta":{"_acf_changed":false,"_monsterinsights_skip_tracking":false,"_monsterinsights_sitenote_active":false,"_monsterinsights_sitenote_note":"","_monsterinsights_sitenote_category":0},"product_cat":[208,200],"product_tag":[292],"class_list":{"0":"post-4918","1":"product","2":"type-product","3":"status-publish","4":"has-post-thumbnail","6":"product_cat-aromatic-and-medicinal-plants-grocery","7":"product_cat-products","8":"product_tag-youssoufia","10":"first","11":"instock","12":"shipping-taxable","13":"purchasable","14":"product-type-simple"},"acf":[],"aioseo_notices":[],"_links":{"self":[{"href":"https:\/\/shopcoop.ma\/fr\/wp-json\/wp\/v2\/product\/4918","targetHints":{"allow":["GET"]}}],"collection":[{"href":"https:\/\/shopcoop.ma\/fr\/wp-json\/wp\/v2\/product"}],"about":[{"href":"https:\/\/shopcoop.ma\/fr\/wp-json\/wp\/v2\/types\/product"}],"replies":[{"embeddable":true,"href":"https:\/\/shopcoop.ma\/fr\/wp-json\/wp\/v2\/comments?post=4918"}],"wp:featuredmedia":[{"embeddable":true,"href":"https:\/\/shopcoop.ma\/fr\/wp-json\/wp\/v2\/media\/4891"}],"wp:attachment":[{"href":"https:\/\/shopcoop.ma\/fr\/wp-json\/wp\/v2\/media?parent=4918"}],"wp:term":[{"taxonomy":"product_cat","embeddable":true,"href":"https:\/\/shopcoop.ma\/fr\/wp-json\/wp\/v2\/product_cat?post=4918"},{"taxonomy":"product_tag","embeddable":true,"href":"https:\/\/shopcoop.ma\/fr\/wp-json\/wp\/v2\/product_tag?post=4918"}],"curies":[{"name":"wp","href":"https:\/\/api.w.org\/{rel}","templated":true}]}}