{"id":4920,"date":"2024-10-29T15:48:57","date_gmt":"2024-10-29T15:48:57","guid":{"rendered":"https:\/\/shopcoop.ma\/product\/%d8%b2%d9%8a%d8%aa-%d8%a5%d9%83%d9%84%d9%8a%d9%84-%d8%a7%d9%84%d8%ac%d8%a8%d9%84-30-%d9%85%d9%84\/"},"modified":"2025-02-10T15:18:26","modified_gmt":"2025-02-10T15:18:26","slug":"%d8%b2%d9%8a%d8%aa-%d8%a5%d9%83%d9%84%d9%8a%d9%84-%d8%a7%d9%84%d8%ac%d8%a8%d9%84-30-%d9%85%d9%84","status":"publish","type":"product","link":"https:\/\/shopcoop.ma\/fr\/produit\/%d8%b2%d9%8a%d8%aa-%d8%a5%d9%83%d9%84%d9%8a%d9%84-%d8%a7%d9%84%d8%ac%d8%a8%d9%84-30-%d9%85%d9%84\/","title":{"rendered":"Huile de romarin 30 ml"},"content":{"rendered":"<h2>Les avantages de l'huile de romarin<\/h2>\n<p>L'huile de structure Rosemat est un produit naturel 100% pur qui se caract\u00e9rise par ses propri\u00e9t\u00e9s nutritionnelles et utiles des cheveux et de la peau.Il contient des antioxydants qui aident \u00e0 am\u00e9liorer la croissance des cheveux, \u00e0 am\u00e9liorer la sant\u00e9 du cuir chevelu et \u00e0 renforcer les follicules pileux.Il aide \u00e9galement \u00e0 hydrater la peau et \u00e0 soulager les infections, ce qui en fait un choix id\u00e9al pour les soins sensibles de la peau.<\/p>\n<h2>Comment utiliser l'huile de romarin<\/h2>\n<p>Il est recommand\u00e9 d'appliquer une quantit\u00e9 appropri\u00e9e d'huile sur le cuir chevelu ou la peau et le masser doucement jusqu'\u00e0 ce qu'il soit compl\u00e8tement absorb\u00e9.Il peut \u00eatre utilis\u00e9 quotidiennement pour les meilleurs r\u00e9sultats.<\/p>\n<h2>Ingr\u00e9dients de l'huile de romarin<\/h2>\n<p>Ce produit se compose d'huile de romarin naturelle extraite de la plante de romarin pure.<\/p>\n<h2>Avertissements et utilisation s\u00fbrs<\/h2>\n<p>Il est toujours recommand\u00e9 de tester l'huile sur une petite zone de la peau pour s'assurer qu'il n'y a pas de r\u00e9action allergique.Il est pr\u00e9f\u00e9rable de consulter un m\u00e9decin en cas de conditions m\u00e9dicales sp\u00e9ciales.<\/p>\n<h2>Avantages suppl\u00e9mentaires<\/h2>\n<p>En plus de son r\u00f4le dans les cheveux hydratants et nourrissants et la peau, l'huile de romarin aide \u00e0 am\u00e9liorer l'apparence de la peau et \u00e0 r\u00e9duire les rougeurs et la pigmentation.Taille: 30 ml.Date d'ach\u00e8vement: 15\/15\/2029.<\/p>","protected":false},"excerpt":{"rendered":"<p>\u0641\u0648\u0627\u0626\u062f \u0632\u064a\u062a \u0625\u0643\u0644\u064a\u0644 \u0627\u0644\u062c\u0628\u0644 \u0632\u064a\u062a \u0625\u0643\u0644\u064a\u0644 \u0627\u0644\u062c\u0628\u0644 \u0645\u0646 \u0639\u0644\u0627\u0645\u0629 \u062a\u0639\u0627\u0648\u0646\u064a\u0629 \u0631\u0648\u0627\u0645\u064a\u062a \u0647\u0648 \u0645\u0646\u062a\u062c \u0637\u0628\u064a\u0639\u064a \u0646\u0642\u064a \u0628\u0646\u0633\u0628\u0629 100% \u064a\u062a\u0645\u064a\u0632 \u0628\u062e\u0635\u0627\u0626\u0635\u0647 \u0627\u0644\u0645\u063a\u0630\u064a\u0629 \u0648\u0627\u0644\u0645\u0641\u064a\u062f\u0629 \u0644\u0644\u0634\u0639\u0631 \u0648\u0627\u0644\u0628\u0634\u0631\u0629. \u064a\u062d\u062a\u0648\u064a \u0639\u0644\u0649 \u0645\u0636\u0627\u062f\u0627\u062a \u0627\u0644\u0623\u0643\u0633\u062f\u0629 \u0627\u0644\u062a\u064a \u062a\u0633\u0627\u0639\u062f \u0641\u064a \u062a\u0639\u0632\u064a\u0632 \u0646\u0645\u0648 \u0627\u0644\u0634\u0639\u0631\u060c \u062a\u062d\u0633\u064a\u0646 \u0635\u062d\u0629 \u0641\u0631\u0648\u0629 \u0627\u0644\u0631\u0623\u0633\u060c \u0648\u062a\u0642\u0648\u064a\u0629 \u0628\u0635\u064a\u0644\u0627\u062a \u0627\u0644\u0634\u0639\u0631. \u0643\u0645\u0627 \u064a\u0633\u0627\u0639\u062f \u0641\u064a \u062a\u0631\u0637\u064a\u0628 \u0627\u0644\u0628\u0634\u0631\u0629 \u0648\u062a\u062e\u0641\u064a\u0641 \u0627\u0644\u0627\u0644\u062a\u0647\u0627\u0628\u0627\u062a\u060c \u0645\u0645\u0627 \u064a\u062c\u0639\u0644\u0647 \u062e\u064a\u0627\u0631\u064b\u0627 \u0645\u062b\u0627\u0644\u064a\u064b\u0627 \u0644\u0644\u0639\u0646\u0627\u064a\u0629 \u0628\u0627\u0644\u0628\u0634\u0631\u0629 \u0627\u0644\u062d\u0633\u0627\u0633\u0629. \u0637\u0631\u064a\u0642\u0629 [&hellip;]<\/p>\n","protected":false},"featured_media":4893,"comment_status":"open","ping_status":"closed","template":"","meta":{"_acf_changed":false,"_monsterinsights_skip_tracking":false,"_monsterinsights_sitenote_active":false,"_monsterinsights_sitenote_note":"","_monsterinsights_sitenote_category":0},"product_cat":[208,15,200],"product_tag":[292],"class_list":{"0":"post-4920","1":"product","2":"type-product","3":"status-publish","4":"has-post-thumbnail","6":"product_cat-aromatic-and-medicinal-plants-grocery","7":"product_cat-uncategorized","8":"product_cat-products","9":"product_tag-youssoufia","11":"first","12":"instock","13":"shipping-taxable","14":"purchasable","15":"product-type-simple"},"acf":[],"aioseo_notices":[],"_links":{"self":[{"href":"https:\/\/shopcoop.ma\/fr\/wp-json\/wp\/v2\/product\/4920","targetHints":{"allow":["GET"]}}],"collection":[{"href":"https:\/\/shopcoop.ma\/fr\/wp-json\/wp\/v2\/product"}],"about":[{"href":"https:\/\/shopcoop.ma\/fr\/wp-json\/wp\/v2\/types\/product"}],"replies":[{"embeddable":true,"href":"https:\/\/shopcoop.ma\/fr\/wp-json\/wp\/v2\/comments?post=4920"}],"wp:featuredmedia":[{"embeddable":true,"href":"https:\/\/shopcoop.ma\/fr\/wp-json\/wp\/v2\/media\/4893"}],"wp:attachment":[{"href":"https:\/\/shopcoop.ma\/fr\/wp-json\/wp\/v2\/media?parent=4920"}],"wp:term":[{"taxonomy":"product_cat","embeddable":true,"href":"https:\/\/shopcoop.ma\/fr\/wp-json\/wp\/v2\/product_cat?post=4920"},{"taxonomy":"product_tag","embeddable":true,"href":"https:\/\/shopcoop.ma\/fr\/wp-json\/wp\/v2\/product_tag?post=4920"}],"curies":[{"name":"wp","href":"https:\/\/api.w.org\/{rel}","templated":true}]}}