{"id":4922,"date":"2024-10-29T15:48:58","date_gmt":"2024-10-29T15:48:58","guid":{"rendered":"https:\/\/shopcoop.ma\/product\/%d8%b2%d9%8a%d8%aa-%d8%a7%d9%84%d8%ae%d8%b2%d8%a7%d9%85%d9%89-30-%d9%85%d9%84\/"},"modified":"2025-02-10T15:18:51","modified_gmt":"2025-02-10T15:18:51","slug":"%d8%b2%d9%8a%d8%aa-%d8%a7%d9%84%d8%ae%d8%b2%d8%a7%d9%85%d9%89-30-%d9%85%d9%84","status":"publish","type":"product","link":"https:\/\/shopcoop.ma\/fr\/produit\/%d8%b2%d9%8a%d8%aa-%d8%a7%d9%84%d8%ae%d8%b2%d8%a7%d9%85%d9%89-30-%d9%85%d9%84\/","title":{"rendered":"Huile de lavande 30 ml"},"content":{"rendered":"<h2>Avantages de l'huile de lavande<\/h2>\n<p>L'huile de lavande de la coop\u00e9rative Ruyemit est un produit naturel 100% pur qui se caract\u00e9rise par ses propri\u00e9t\u00e9s apaisantes et utiles de la peau et des cheveux.Il aide \u00e0 calmer les nerfs, \u00e0 am\u00e9liorer la qualit\u00e9 du sommeil et \u00e0 hydrater la peau.Il est \u00e9galement utilis\u00e9 pour traiter les infections du cuir chevelu et soulager les d\u00e9mangeaisons.<\/p>\n<h2>Comment utiliser l'huile de lavande<\/h2>\n<p>Il est recommand\u00e9 d'appliquer une quantit\u00e9 appropri\u00e9e d'huile sur la peau ou les cheveux et les masser doucement jusqu'\u00e0 ce qu'elle soit compl\u00e8tement absorb\u00e9e.Il peut \u00eatre utilis\u00e9 quotidiennement pour les meilleurs r\u00e9sultats.<\/p>\n<h2>Ingr\u00e9dients \u00e0 l'huile de lavande<\/h2>\n<p>Ce produit est constitu\u00e9 d'huile de lavande naturelle extraite de la plante de lavande sans aucun ajout artificiel.<\/p>\n<h2>Avertissements et utilisation s\u00fbrs<\/h2>\n<p>Il est toujours recommand\u00e9 de tester l'huile sur une petite zone de la peau pour s'assurer qu'il n'y a pas de r\u00e9action allergique.Il est pr\u00e9f\u00e9rable de consulter un m\u00e9decin en cas de conditions m\u00e9dicales sp\u00e9ciales.<\/p>\n<h2>Avantages suppl\u00e9mentaires<\/h2>\n<p>En plus de son r\u00f4le dans le calage des nerfs et l'am\u00e9lioration de la qualit\u00e9 du sommeil, l'huile de lavande est connue pour sa capacit\u00e9 \u00e0 am\u00e9liorer la sant\u00e9 de la peau et \u00e0 r\u00e9duire les infections cutan\u00e9es.Taille: 30 ml.Date d'ach\u00e8vement: 15\/15\/2029.<\/p>","protected":false},"excerpt":{"rendered":"<p>\u0641\u0648\u0627\u0626\u062f \u0632\u064a\u062a \u0627\u0644\u062e\u0632\u0627\u0645\u0649 \u0632\u064a\u062a \u0627\u0644\u062e\u0632\u0627\u0645\u0649 \u0645\u0646 \u0639\u0644\u0627\u0645\u0629 \u062a\u0639\u0627\u0648\u0646\u064a\u0629 \u0631\u0648\u0627\u0645\u064a\u062a \u0647\u0648 \u0645\u0646\u062a\u062c \u0637\u0628\u064a\u0639\u064a \u0646\u0642\u064a \u0628\u0646\u0633\u0628\u0629 100% \u064a\u062a\u0645\u064a\u0632 \u0628\u062e\u0635\u0627\u0626\u0635\u0647 \u0627\u0644\u0645\u0647\u062f\u0626\u0629 \u0648\u0627\u0644\u0645\u0641\u064a\u062f\u0629 \u0644\u0644\u0628\u0634\u0631\u0629 \u0648\u0627\u0644\u0634\u0639\u0631. \u064a\u0633\u0627\u0639\u062f \u0641\u064a \u062a\u0647\u062f\u0626\u0629 \u0627\u0644\u0623\u0639\u0635\u0627\u0628\u060c \u062a\u062d\u0633\u064a\u0646 \u062c\u0648\u062f\u0629 \u0627\u0644\u0646\u0648\u0645\u060c \u0648\u062a\u0631\u0637\u064a\u0628 \u0627\u0644\u0628\u0634\u0631\u0629. \u0643\u0645\u0627 \u064a\u064f\u0633\u062a\u062e\u062f\u0645 \u0641\u064a \u0639\u0644\u0627\u062c \u0627\u0644\u062a\u0647\u0627\u0628\u0627\u062a \u0641\u0631\u0648\u0629 \u0627\u0644\u0631\u0623\u0633 \u0648\u062a\u062e\u0641\u064a\u0641 \u0627\u0644\u062d\u0643\u0629. \u0637\u0631\u064a\u0642\u0629 \u0627\u0633\u062a\u062e\u062f\u0627\u0645 \u0632\u064a\u062a \u0627\u0644\u062e\u0632\u0627\u0645\u0649 \u064a\u064f\u0646\u0635\u062d \u0628\u0648\u0636\u0639 \u0643\u0645\u064a\u0629 \u0645\u0646\u0627\u0633\u0628\u0629 \u0645\u0646 \u0627\u0644\u0632\u064a\u062a \u0639\u0644\u0649 \u0627\u0644\u0628\u0634\u0631\u0629 \u0623\u0648 \u0627\u0644\u0634\u0639\u0631 \u0648\u062a\u062f\u0644\u064a\u0643\u0647\u0627 \u0628\u0644\u0637\u0641 [&hellip;]<\/p>\n","protected":false},"featured_media":4895,"comment_status":"open","ping_status":"closed","template":"","meta":{"_acf_changed":false,"_monsterinsights_skip_tracking":false,"_monsterinsights_sitenote_active":false,"_monsterinsights_sitenote_note":"","_monsterinsights_sitenote_category":0},"product_cat":[208,15,200],"product_tag":[292],"class_list":{"0":"post-4922","1":"product","2":"type-product","3":"status-publish","4":"has-post-thumbnail","6":"product_cat-aromatic-and-medicinal-plants-grocery","7":"product_cat-uncategorized","8":"product_cat-products","9":"product_tag-youssoufia","11":"first","12":"instock","13":"shipping-taxable","14":"purchasable","15":"product-type-simple"},"acf":[],"aioseo_notices":[],"_links":{"self":[{"href":"https:\/\/shopcoop.ma\/fr\/wp-json\/wp\/v2\/product\/4922","targetHints":{"allow":["GET"]}}],"collection":[{"href":"https:\/\/shopcoop.ma\/fr\/wp-json\/wp\/v2\/product"}],"about":[{"href":"https:\/\/shopcoop.ma\/fr\/wp-json\/wp\/v2\/types\/product"}],"replies":[{"embeddable":true,"href":"https:\/\/shopcoop.ma\/fr\/wp-json\/wp\/v2\/comments?post=4922"}],"wp:featuredmedia":[{"embeddable":true,"href":"https:\/\/shopcoop.ma\/fr\/wp-json\/wp\/v2\/media\/4895"}],"wp:attachment":[{"href":"https:\/\/shopcoop.ma\/fr\/wp-json\/wp\/v2\/media?parent=4922"}],"wp:term":[{"taxonomy":"product_cat","embeddable":true,"href":"https:\/\/shopcoop.ma\/fr\/wp-json\/wp\/v2\/product_cat?post=4922"},{"taxonomy":"product_tag","embeddable":true,"href":"https:\/\/shopcoop.ma\/fr\/wp-json\/wp\/v2\/product_tag?post=4922"}],"curies":[{"name":"wp","href":"https:\/\/api.w.org\/{rel}","templated":true}]}}