{"id":4923,"date":"2024-10-29T15:48:58","date_gmt":"2024-10-29T15:48:58","guid":{"rendered":"https:\/\/shopcoop.ma\/product\/%d9%85%d8%a7%d8%a1-%d8%a7%d9%84%d9%88%d8%b1%d8%af-100-%d9%85%d9%84\/"},"modified":"2025-01-24T12:10:47","modified_gmt":"2025-01-24T12:10:47","slug":"%d9%85%d8%a7%d8%a1-%d8%a7%d9%84%d9%88%d8%b1%d8%af-100-%d9%85%d9%84","status":"publish","type":"product","link":"https:\/\/shopcoop.ma\/fr\/produit\/%d9%85%d8%a7%d8%a1-%d8%a7%d9%84%d9%88%d8%b1%d8%af-100-%d9%85%d9%84\/","title":{"rendered":"Eau de rose 100 ml"},"content":{"rendered":"<h2>Les avantages de l'eau de rose<\/h2>\n<p>L'eau de rose de la marque coop\u00e9rative roamite est un produit naturel 100% pur extrait de la distillation des p\u00e9tales de rose.Il se caract\u00e9rise par ses propri\u00e9t\u00e9s apaisantes et utiles de la peau et des cheveux, car elle aide \u00e0 hydrater et \u00e0 adoucir la peau, \u00e0 am\u00e9liorer son \u00e9lasticit\u00e9 et \u00e0 r\u00e9duire les infections.Il est \u00e9galement utilis\u00e9 pour calmer le cuir chevelu et am\u00e9liorer la sant\u00e9 des cheveux.<\/p>\n<h2>Comment utiliser l'eau de rose<\/h2>\n<p>Il est recommand\u00e9 d'utiliser de l'eau de rose comme toner pour la peau apr\u00e8s l'avoir nettoy\u00e9e, ou de l'ajouter \u00e0 l'eau de douche pour obtenir un effet apaisant.Il peut \u00e9galement \u00eatre utilis\u00e9 sur le cuir chevelu pour r\u00e9duire les d\u00e9mangeaisons et hydrater les cheveux.<\/p>\n<h2>Ingr\u00e9dients de l'eau de rose<\/h2>\n<p>Ce produit se compose d'une eau de rose naturelle extraite de p\u00e9tales de rose purs sans aucun ajouter artificiel.<\/p>\n<h2>Avertissements et utilisation s\u00fbrs<\/h2>\n<p>Il est toujours recommand\u00e9 de tester le produit sur une petite zone du cuir pour s'assurer qu'il n'y a pas de r\u00e9action allergique.Il est pr\u00e9f\u00e9rable de consulter un m\u00e9decin en cas de conditions m\u00e9dicales sp\u00e9ciales.<\/p>\n<h2>Avantages suppl\u00e9mentaires<\/h2>\n<p>En plus de son r\u00f4le dans l'am\u00e9lioration de la sant\u00e9 de la peau et des cheveux, l'eau de rose est connue pour sa capacit\u00e9 \u00e0 am\u00e9liorer l'humeur et la relaxation gr\u00e2ce \u00e0 son odeur parfum\u00e9e et fra\u00eeche.Taille: 100 ml.<\/p>","protected":false},"excerpt":{"rendered":"<p>\u0641\u0648\u0627\u0626\u062f \u0645\u0627\u0621 \u0627\u0644\u0648\u0631\u062f \u0645\u0627\u0621 \u0627\u0644\u0648\u0631\u062f \u0645\u0646 \u0639\u0644\u0627\u0645\u0629 \u062a\u0639\u0627\u0648\u0646\u064a\u0629 \u0631\u0648\u0627\u0645\u064a\u062a \u0647\u0648 \u0645\u0646\u062a\u062c \u0637\u0628\u064a\u0639\u064a \u0646\u0642\u064a \u0628\u0646\u0633\u0628\u0629 100% \u064a\u064f\u0633\u062a\u062e\u0631\u062c \u0645\u0646 \u062a\u0642\u0637\u064a\u0631 \u0628\u062a\u0644\u0627\u062a \u0627\u0644\u0648\u0631\u062f. \u064a\u062a\u0645\u064a\u0632 \u0628\u062e\u0635\u0627\u0626\u0635\u0647 \u0627\u0644\u0645\u0647\u062f\u0626\u0629 \u0648\u0627\u0644\u0645\u0641\u064a\u062f\u0629 \u0644\u0644\u0628\u0634\u0631\u0629 \u0648\u0627\u0644\u0634\u0639\u0631\u060c \u062d\u064a\u062b \u064a\u0633\u0627\u0639\u062f \u0641\u064a \u062a\u0631\u0637\u064a\u0628 \u0648\u062a\u0646\u0639\u064a\u0645 \u0627\u0644\u0628\u0634\u0631\u0629\u060c \u062a\u062d\u0633\u064a\u0646 \u0645\u0631\u0648\u0646\u062a\u0647\u0627\u060c \u0648\u062a\u0642\u0644\u064a\u0644 \u0627\u0644\u0627\u0644\u062a\u0647\u0627\u0628\u0627\u062a. \u0643\u0645\u0627 \u064a\u064f\u0633\u062a\u062e\u062f\u0645 \u0641\u064a \u062a\u0647\u062f\u0626\u0629 \u0641\u0631\u0648\u0629 \u0627\u0644\u0631\u0623\u0633 \u0648\u062a\u062d\u0633\u064a\u0646 \u0635\u062d\u0629 \u0627\u0644\u0634\u0639\u0631. \u0637\u0631\u064a\u0642\u0629 \u0627\u0633\u062a\u062e\u062f\u0627\u0645 \u0645\u0627\u0621 \u0627\u0644\u0648\u0631\u062f \u064a\u064f\u0646\u0635\u062d \u0628\u0627\u0633\u062a\u062e\u062f\u0627\u0645 \u0645\u0627\u0621 \u0627\u0644\u0648\u0631\u062f \u0643\u062a\u0648\u0646\u0631 \u0644\u0644\u0628\u0634\u0631\u0629 [&hellip;]<\/p>\n","protected":false},"featured_media":4896,"comment_status":"open","ping_status":"closed","template":"","meta":{"_acf_changed":false,"_monsterinsights_skip_tracking":false,"_monsterinsights_sitenote_active":false,"_monsterinsights_sitenote_note":"","_monsterinsights_sitenote_category":0},"product_cat":[208,200],"product_tag":[292],"class_list":{"0":"post-4923","1":"product","2":"type-product","3":"status-publish","4":"has-post-thumbnail","6":"product_cat-aromatic-and-medicinal-plants-grocery","7":"product_cat-products","8":"product_tag-youssoufia","10":"first","11":"instock","12":"shipping-taxable","13":"purchasable","14":"product-type-simple"},"acf":[],"aioseo_notices":[],"_links":{"self":[{"href":"https:\/\/shopcoop.ma\/fr\/wp-json\/wp\/v2\/product\/4923","targetHints":{"allow":["GET"]}}],"collection":[{"href":"https:\/\/shopcoop.ma\/fr\/wp-json\/wp\/v2\/product"}],"about":[{"href":"https:\/\/shopcoop.ma\/fr\/wp-json\/wp\/v2\/types\/product"}],"replies":[{"embeddable":true,"href":"https:\/\/shopcoop.ma\/fr\/wp-json\/wp\/v2\/comments?post=4923"}],"wp:featuredmedia":[{"embeddable":true,"href":"https:\/\/shopcoop.ma\/fr\/wp-json\/wp\/v2\/media\/4896"}],"wp:attachment":[{"href":"https:\/\/shopcoop.ma\/fr\/wp-json\/wp\/v2\/media?parent=4923"}],"wp:term":[{"taxonomy":"product_cat","embeddable":true,"href":"https:\/\/shopcoop.ma\/fr\/wp-json\/wp\/v2\/product_cat?post=4923"},{"taxonomy":"product_tag","embeddable":true,"href":"https:\/\/shopcoop.ma\/fr\/wp-json\/wp\/v2\/product_tag?post=4923"}],"curies":[{"name":"wp","href":"https:\/\/api.w.org\/{rel}","templated":true}]}}