{"id":4924,"date":"2024-10-29T15:48:58","date_gmt":"2024-10-29T15:48:58","guid":{"rendered":"https:\/\/shopcoop.ma\/product\/%d9%85%d9%82%d8%b4%d8%b1-%d9%84%d9%84%d9%88%d8%ac%d9%87-%d8%a8%d8%a7%d9%84%d9%88%d8%b1%d8%af-100-%d8%ac%d8%b1%d8%a7%d9%85\/"},"modified":"2025-02-10T15:23:53","modified_gmt":"2025-02-10T15:23:53","slug":"%d9%85%d9%82%d8%b4%d8%b1-%d9%84%d9%84%d9%88%d8%ac%d9%87-%d8%a8%d8%a7%d9%84%d9%88%d8%b1%d8%af-100-%d8%ac%d8%b1%d8%a7%d9%85","status":"publish","type":"product","link":"https:\/\/shopcoop.ma\/fr\/produit\/%d9%85%d9%82%d8%b4%d8%b1-%d9%84%d9%84%d9%88%d8%ac%d9%87-%d8%a8%d8%a7%d9%84%d9%88%d8%b1%d8%af-100-%d8%ac%d8%b1%d8%a7%d9%85\/","title":{"rendered":"Pelage de mots avec 100 grammes"},"content":{"rendered":"<h2>Avantages du visage pel\u00e9 avec des roses<\/h2>\n<p>Les roses pel\u00e9es de la coop\u00e9rative roamite sont un produit naturel 100% pur qui aide \u00e0 nettoyer profond\u00e9ment la peau et \u00e0 \u00e9liminer les cellules mortes.Il aide \u00e0 am\u00e9liorer la fra\u00eecheur de la peau et \u00e0 lui donner un aspect brillant et doux gr\u00e2ce \u00e0 ses ingr\u00e9dients naturels.<\/p>\n<h2>Comment utiliser un gommage en visage avec des roses<\/h2>\n<p>Une quantit\u00e9 appropri\u00e9e de peeling est appliqu\u00e9e doucement et laiss\u00e9e pendant 10 minutes avant de la rincer doucement avec de l'eau ti\u00e8de.Il est recommand\u00e9 de l'utiliser deux fois par semaine pour les meilleurs r\u00e9sultats.<\/p>\n<h2>Ingr\u00e9dients pel\u00e9s pour le visage avec des roses<\/h2>\n<p>Ce produit se compose d'ingr\u00e9dients nourrissants naturels pour la peau, y compris des p\u00e9tales de rose naturels.<\/p>\n<h2>Avertissements et utilisation s\u00fbrs<\/h2>\n<p>Il est toujours recommand\u00e9 de tester le produit sur une petite zone du cuir pour s'assurer qu'il n'y a pas de r\u00e9action allergique.Il est pr\u00e9f\u00e9rable de consulter un m\u00e9decin en cas de conditions m\u00e9dicales sp\u00e9ciales.<\/p>\n<h2>Avantages suppl\u00e9mentaires<\/h2>\n<p>En plus de son r\u00f4le dans le nettoyage de la peau, ce gommage est am\u00e9lior\u00e9 par l'odeur parfum\u00e9e et rafra\u00eechissante de la rose.Taille: 100 grammes.<\/p>","protected":false},"excerpt":{"rendered":"<p>\u0641\u0648\u0627\u0626\u062f \u0645\u0642\u0634\u0631 \u0644\u0644\u0648\u062c\u0647 \u0628\u0627\u0644\u0648\u0631\u062f \u0645\u0642\u0634\u0631 \u0644\u0644\u0648\u062c\u0647 \u0628\u0627\u0644\u0648\u0631\u062f \u0645\u0646 \u0639\u0644\u0627\u0645\u0629 \u062a\u0639\u0627\u0648\u0646\u064a\u0629 \u0631\u0648\u0627\u0645\u064a\u062a \u0647\u0648 \u0645\u0646\u062a\u062c \u0637\u0628\u064a\u0639\u064a \u0646\u0642\u064a \u0628\u0646\u0633\u0628\u0629 100% \u064a\u064f\u0633\u0627\u0639\u062f \u0641\u064a \u062a\u0646\u0638\u064a\u0641 \u0627\u0644\u0628\u0634\u0631\u0629 \u0628\u0639\u0645\u0642 \u0648\u0625\u0632\u0627\u0644\u0629 \u0627\u0644\u062e\u0644\u0627\u064a\u0627 \u0627\u0644\u0645\u064a\u062a\u0629. \u064a\u064f\u0633\u0627\u0639\u062f \u0641\u064a \u062a\u062d\u0633\u064a\u0646 \u0646\u0636\u0627\u0631\u0629 \u0627\u0644\u0628\u0634\u0631\u0629 \u0648\u0625\u0639\u0637\u0627\u0626\u0647\u0627 \u0645\u0638\u0647\u0631\u0627\u064b \u0645\u0634\u0631\u0642\u0627\u064b \u0648\u0646\u0627\u0639\u0645\u0627\u064b \u0628\u0641\u0636\u0644 \u0645\u0643\u0648\u0646\u0627\u062a\u0647 \u0627\u0644\u0637\u0628\u064a\u0639\u064a\u0629. \u0637\u0631\u064a\u0642\u0629 \u0627\u0633\u062a\u062e\u062f\u0627\u0645 \u0645\u0642\u0634\u0631 \u0644\u0644\u0648\u062c\u0647 \u0628\u0627\u0644\u0648\u0631\u062f \u064a\u062a\u0645 \u062a\u0637\u0628\u064a\u0642 \u0643\u0645\u064a\u0629 \u0645\u0646\u0627\u0633\u0628\u0629 \u0645\u0646 \u0627\u0644\u0645\u0642\u0634\u0631 \u0639\u0644\u0649 \u0627\u0644\u0648\u062c\u0647 \u0628\u0644\u0637\u0641 \u0648\u062a\u0631\u0643\u0647 \u0644\u0645\u062f\u0629 10 \u062f\u0642\u0627\u0626\u0642 [&hellip;]<\/p>\n","protected":false},"featured_media":4897,"comment_status":"open","ping_status":"closed","template":"","meta":{"_acf_changed":false,"_monsterinsights_skip_tracking":false,"_monsterinsights_sitenote_active":false,"_monsterinsights_sitenote_note":"","_monsterinsights_sitenote_category":0},"product_cat":[208,15,200],"product_tag":[292],"class_list":{"0":"post-4924","1":"product","2":"type-product","3":"status-publish","4":"has-post-thumbnail","6":"product_cat-aromatic-and-medicinal-plants-grocery","7":"product_cat-uncategorized","8":"product_cat-products","9":"product_tag-youssoufia","11":"first","12":"instock","13":"shipping-taxable","14":"purchasable","15":"product-type-simple"},"acf":[],"aioseo_notices":[],"_links":{"self":[{"href":"https:\/\/shopcoop.ma\/fr\/wp-json\/wp\/v2\/product\/4924","targetHints":{"allow":["GET"]}}],"collection":[{"href":"https:\/\/shopcoop.ma\/fr\/wp-json\/wp\/v2\/product"}],"about":[{"href":"https:\/\/shopcoop.ma\/fr\/wp-json\/wp\/v2\/types\/product"}],"replies":[{"embeddable":true,"href":"https:\/\/shopcoop.ma\/fr\/wp-json\/wp\/v2\/comments?post=4924"}],"wp:featuredmedia":[{"embeddable":true,"href":"https:\/\/shopcoop.ma\/fr\/wp-json\/wp\/v2\/media\/4897"}],"wp:attachment":[{"href":"https:\/\/shopcoop.ma\/fr\/wp-json\/wp\/v2\/media?parent=4924"}],"wp:term":[{"taxonomy":"product_cat","embeddable":true,"href":"https:\/\/shopcoop.ma\/fr\/wp-json\/wp\/v2\/product_cat?post=4924"},{"taxonomy":"product_tag","embeddable":true,"href":"https:\/\/shopcoop.ma\/fr\/wp-json\/wp\/v2\/product_tag?post=4924"}],"curies":[{"name":"wp","href":"https:\/\/api.w.org\/{rel}","templated":true}]}}