{"id":4928,"date":"2024-10-30T12:48:37","date_gmt":"2024-10-30T12:48:37","guid":{"rendered":"https:\/\/shopcoop.ma\/?post_type=product&#038;p=4928"},"modified":"2024-11-29T15:14:43","modified_gmt":"2024-11-29T15:14:43","slug":"%d8%ae%d8%af%d9%85%d8%a9-%d8%aa%d9%81%d8%b5%d9%8a%d9%84-%d9%88%d8%ae%d9%8a%d8%a7%d8%b7%d8%a9-%d8%a7%d9%84%d9%85%d9%84%d8%a7%d8%a8%d8%b3-%d8%a8%d8%ac%d9%88%d8%af%d8%a9-%d8%b9%d8%a7%d9%84%d9%8a%d8%a9","status":"publish","type":"product","link":"https:\/\/shopcoop.ma\/fr\/produit\/%d8%ae%d8%af%d9%85%d8%a9-%d8%aa%d9%81%d8%b5%d9%8a%d9%84-%d9%88%d8%ae%d9%8a%d8%a7%d8%b7%d8%a9-%d8%a7%d9%84%d9%85%d9%84%d8%a7%d8%a8%d8%b3-%d8%a8%d8%ac%d9%88%d8%af%d8%a9-%d8%b9%d8%a7%d9%84%d9%8a%d8%a9\/","title":{"rendered":"Service de pansement et de couture de haute qualit\u00e9"},"content":{"rendered":"<p>La Golden Wahmel Cooperative fournit un service de d\u00e9tail et de couture int\u00e9gr\u00e9 qui comprend la conception et le d\u00e9tail des abayas, des brochures et du sorvieviev dans toutes les tailles selon les derni\u00e8res normes de qualit\u00e9.Notre \u00e9quipe se caract\u00e9rise par l'exp\u00e9rience dans le m\u00e9lange de l'originalit\u00e9 et de la modernit\u00e9 pour produire des v\u00eatements uniques qui conviennent \u00e0 divers go\u00fbts, qu'ils soient traditionnels ou modernes.Nous nous engageons \u00e0 fournir une qualit\u00e9 de haute qualit\u00e9 en utilisant d'excellents tissus et des d\u00e9tails tr\u00e8s prudents pour r\u00e9pondre aux besoins de nos pr\u00e9cieux clients.<\/p>","protected":false},"excerpt":{"rendered":"<p>\u062a\u0642\u062f\u0645 \u062a\u0639\u0627\u0648\u0646\u064a\u0629 \u0627\u0644\u0648\u0634\u0645\u0629 \u0627\u0644\u0630\u0647\u0628\u064a\u0629 \u0644\u062e\u064a\u0627\u0637\u0629 \u0627\u0644\u0645\u0644\u0627\u0628\u0633 \u062e\u062f\u0645\u0629 \u062a\u0641\u0635\u064a\u0644 \u0648\u062e\u064a\u0627\u0637\u0629 \u0645\u062a\u0643\u0627\u0645\u0644\u0629 \u062a\u0634\u0645\u0644 \u062a\u0635\u0645\u064a\u0645 \u0648\u062a\u0641\u0635\u064a\u0644 \u0639\u0628\u0627\u064a\u0627\u062a\u060c \u0628\u062c\u0627\u0645\u0627\u062a\u060c \u0648\u0633\u0648\u0631\u0641\u064a\u0637\u0627\u062a \u0628\u062c\u0645\u064a\u0639 \u0627\u0644\u0645\u0642\u0627\u0633\u0627\u062a \u0648\u0641\u0642\u064b\u0627 \u0644\u0623\u062d\u062f\u062b \u0645\u0639\u0627\u064a\u064a\u0631 \u0627\u0644\u062c\u0648\u062f\u0629. \u064a\u062a\u0645\u064a\u0632 \u0641\u0631\u064a\u0642\u0646\u0627 \u0628\u0627\u0644\u062e\u0628\u0631\u0629 \u0641\u064a \u0627\u0644\u0645\u0632\u062c \u0628\u064a\u0646 \u0627\u0644\u0623\u0635\u0627\u0644\u0629 \u0648\u0627\u0644\u062d\u062f\u0627\u062b\u0629 \u0644\u0625\u0646\u062a\u0627\u062c \u0642\u0637\u0639 \u0645\u0644\u0627\u0628\u0633 \u0641\u0631\u064a\u062f\u0629 \u062a\u0646\u0627\u0633\u0628 \u0627\u0644\u0623\u0630\u0648\u0627\u0642 \u0627\u0644\u0645\u062a\u0646\u0648\u0639\u0629\u060c \u0633\u0648\u0627\u0621 \u0643\u0627\u0646\u062a \u062a\u0642\u0644\u064a\u062f\u064a\u0629 \u0623\u0648 \u0639\u0635\u0631\u064a\u0629. \u0646\u0644\u062a\u0632\u0645 \u0628\u062a\u0642\u062f\u064a\u0645 \u062c\u0648\u062f\u0629 \u0639\u0627\u0644\u064a\u0629 \u0628\u0627\u0633\u062a\u062e\u062f\u0627\u0645 \u0623\u0642\u0645\u0634\u0629 \u0645\u0645\u062a\u0627\u0632\u0629 \u0648\u0639\u0646\u0627\u064a\u0629 \u0641\u0627\u0626\u0642\u0629 \u0628\u0627\u0644\u062a\u0641\u0627\u0635\u064a\u0644 \u0644\u062a\u0644\u0628\u064a\u0629 \u0627\u062d\u062a\u064a\u0627\u062c\u0627\u062a \u0639\u0645\u0644\u0627\u0626\u0646\u0627 [&hellip;]<\/p>\n","protected":false},"featured_media":4949,"comment_status":"open","ping_status":"closed","template":"","meta":{"_acf_changed":false,"_monsterinsights_skip_tracking":false,"_monsterinsights_sitenote_active":false,"_monsterinsights_sitenote_note":"","_monsterinsights_sitenote_category":0},"product_cat":[201,200],"product_tag":[292],"class_list":{"0":"post-4928","1":"product","2":"type-product","3":"status-publish","4":"has-post-thumbnail","6":"product_cat-traditional-modern-sewing","7":"product_cat-products","8":"product_tag-youssoufia","10":"first","11":"instock","12":"shipping-taxable","13":"product-type-simple"},"acf":[],"aioseo_notices":[],"_links":{"self":[{"href":"https:\/\/shopcoop.ma\/fr\/wp-json\/wp\/v2\/product\/4928","targetHints":{"allow":["GET"]}}],"collection":[{"href":"https:\/\/shopcoop.ma\/fr\/wp-json\/wp\/v2\/product"}],"about":[{"href":"https:\/\/shopcoop.ma\/fr\/wp-json\/wp\/v2\/types\/product"}],"replies":[{"embeddable":true,"href":"https:\/\/shopcoop.ma\/fr\/wp-json\/wp\/v2\/comments?post=4928"}],"wp:featuredmedia":[{"embeddable":true,"href":"https:\/\/shopcoop.ma\/fr\/wp-json\/wp\/v2\/media\/4949"}],"wp:attachment":[{"href":"https:\/\/shopcoop.ma\/fr\/wp-json\/wp\/v2\/media?parent=4928"}],"wp:term":[{"taxonomy":"product_cat","embeddable":true,"href":"https:\/\/shopcoop.ma\/fr\/wp-json\/wp\/v2\/product_cat?post=4928"},{"taxonomy":"product_tag","embeddable":true,"href":"https:\/\/shopcoop.ma\/fr\/wp-json\/wp\/v2\/product_tag?post=4928"}],"curies":[{"name":"wp","href":"https:\/\/api.w.org\/{rel}","templated":true}]}}