{"id":4973,"date":"2024-10-30T19:46:37","date_gmt":"2024-10-30T19:46:37","guid":{"rendered":"https:\/\/shopcoop.ma\/product\/%d8%a7%d9%84%d9%83%d9%85%d9%88%d9%86-%d8%a7%d9%84%d8%a8%d9%84%d8%af%d9%8a-250-%d8%ac%d8%b1%d8%a7%d9%85\/"},"modified":"2025-01-24T11:59:25","modified_gmt":"2025-01-24T11:59:25","slug":"%d8%a7%d9%84%d9%83%d9%85%d9%88%d9%86-%d8%a7%d9%84%d8%a8%d9%84%d8%af%d9%8a-250-%d8%ac%d8%b1%d8%a7%d9%85","status":"publish","type":"product","link":"https:\/\/shopcoop.ma\/fr\/produit\/%d8%a7%d9%84%d9%83%d9%85%d9%88%d9%86-%d8%a7%d9%84%d8%a8%d9%84%d8%af%d9%8a-250-%d8%ac%d8%b1%d8%a7%d9%85\/","title":{"rendered":"Cumin municipal 250 grammes"},"content":{"rendered":"<h2>Avantages du cumin municipal<\/h2>\n<p>Le cumin municipal est une \u00e9pice naturelle 100% pure, largement utilis\u00e9e dans la cuisson pour ajouter une saveur distinctive aux aliments.Le cumin contient plusieurs propri\u00e9t\u00e9s de sant\u00e9, notamment l'am\u00e9lioration de la digestion et la r\u00e9duction des ballonnements.Il est \u00e9galement connu pour sa capacit\u00e9 \u00e0 am\u00e9liorer le syst\u00e8me immunitaire et \u00e0 am\u00e9liorer la sant\u00e9 du syst\u00e8me digestif.<\/p>\n<h2>Comment utiliser le cumin municipal<\/h2>\n<p>Le cumin peut \u00eatre ajout\u00e9 \u00e0 diff\u00e9rents aliments tels que la viande, la soupe et les fours pour am\u00e9liorer la saveur.Il est recommand\u00e9 de l'utiliser mod\u00e9r\u00e9 pour obtenir les meilleurs r\u00e9sultats.<\/p>\n<h2>Composants municipaux du cumin<\/h2>\n<p>Ce produit se compose de pilules de cumin \u00e0 100% s\u00e9ch\u00e9es sans ajouts industriels.<\/p>\n<h2>Avertissements et utilisation s\u00fbrs<\/h2>\n<p>Il est toujours recommand\u00e9 de consulter un m\u00e9decin avant d'utiliser Cumin si vous avez des conditions m\u00e9dicales sp\u00e9ciales.<\/p>\n<h2>Avantages suppl\u00e9mentaires<\/h2>\n<p>En plus de son r\u00f4le dans l'am\u00e9lioration de la sant\u00e9 publique, Cumin est connu pour sa capacit\u00e9 \u00e0 am\u00e9liorer la peau et les cheveux.<\/p>","protected":false},"excerpt":{"rendered":"<p>\u0641\u0648\u0627\u0626\u062f \u0627\u0644\u0643\u0645\u0648\u0646 \u0627\u0644\u0628\u0644\u062f\u064a \u0627\u0644\u0643\u0645\u0648\u0646 \u0627\u0644\u0628\u0644\u062f\u064a \u0647\u0648 \u062a\u0627\u0628\u0644 \u0637\u0628\u064a\u0639\u064a \u0646\u0642\u064a \u0628\u0646\u0633\u0628\u0629 100%\u060c \u064a\u064f\u0633\u062a\u062e\u062f\u0645 \u0639\u0644\u0649 \u0646\u0637\u0627\u0642 \u0648\u0627\u0633\u0639 \u0641\u064a \u0627\u0644\u0637\u0647\u064a \u0644\u0625\u0636\u0627\u0641\u0629 \u0646\u0643\u0647\u0629 \u0645\u0645\u064a\u0632\u0629 \u0644\u0644\u0623\u0637\u0639\u0645\u0629. \u064a\u062d\u062a\u0648\u064a \u0627\u0644\u0643\u0645\u0648\u0646 \u0639\u0644\u0649 \u062e\u0635\u0627\u0626\u0635 \u0635\u062d\u064a\u0629 \u0645\u062a\u0639\u062f\u062f\u0629\u060c \u0645\u0646\u0647\u0627 \u062a\u062d\u0633\u064a\u0646 \u0639\u0645\u0644\u064a\u0629 \u0627\u0644\u0647\u0636\u0645 \u0648\u062a\u0642\u0644\u064a\u0644 \u0627\u0644\u0627\u0646\u062a\u0641\u0627\u062e\u0627\u062a. \u0643\u0645\u0627 \u064a\u064f\u0639\u0631\u0641 \u0628\u0642\u062f\u0631\u062a\u0647 \u0639\u0644\u0649 \u062a\u0639\u0632\u064a\u0632 \u062c\u0647\u0627\u0632 \u0627\u0644\u0645\u0646\u0627\u0639\u0629 \u0648\u062a\u062d\u0633\u064a\u0646 \u0635\u062d\u0629 \u0627\u0644\u062c\u0647\u0627\u0632 \u0627\u0644\u0647\u0636\u0645\u064a. \u0637\u0631\u064a\u0642\u0629 \u0627\u0633\u062a\u062e\u062f\u0627\u0645 \u0627\u0644\u0643\u0645\u0648\u0646 \u0627\u0644\u0628\u0644\u062f\u064a \u064a\u0645\u0643\u0646 \u0625\u0636\u0627\u0641\u0629 \u0627\u0644\u0643\u0645\u0648\u0646 \u0625\u0644\u0649 \u0627\u0644\u0623\u0637\u0639\u0645\u0629 \u0627\u0644\u0645\u062e\u062a\u0644\u0641\u0629 \u0645\u062b\u0644 [&hellip;]<\/p>\n","protected":false},"featured_media":4972,"comment_status":"open","ping_status":"closed","template":"","meta":{"_acf_changed":false,"_monsterinsights_skip_tracking":false,"_monsterinsights_sitenote_active":false,"_monsterinsights_sitenote_note":"","_monsterinsights_sitenote_category":0},"product_cat":[208,15,200],"product_tag":[292],"class_list":{"0":"post-4973","1":"product","2":"type-product","3":"status-publish","4":"has-post-thumbnail","6":"product_cat-aromatic-and-medicinal-plants-grocery","7":"product_cat-uncategorized","8":"product_cat-products","9":"product_tag-youssoufia","11":"first","12":"instock","13":"shipping-taxable","14":"purchasable","15":"product-type-simple"},"acf":[],"aioseo_notices":[],"_links":{"self":[{"href":"https:\/\/shopcoop.ma\/fr\/wp-json\/wp\/v2\/product\/4973","targetHints":{"allow":["GET"]}}],"collection":[{"href":"https:\/\/shopcoop.ma\/fr\/wp-json\/wp\/v2\/product"}],"about":[{"href":"https:\/\/shopcoop.ma\/fr\/wp-json\/wp\/v2\/types\/product"}],"replies":[{"embeddable":true,"href":"https:\/\/shopcoop.ma\/fr\/wp-json\/wp\/v2\/comments?post=4973"}],"wp:featuredmedia":[{"embeddable":true,"href":"https:\/\/shopcoop.ma\/fr\/wp-json\/wp\/v2\/media\/4972"}],"wp:attachment":[{"href":"https:\/\/shopcoop.ma\/fr\/wp-json\/wp\/v2\/media?parent=4973"}],"wp:term":[{"taxonomy":"product_cat","embeddable":true,"href":"https:\/\/shopcoop.ma\/fr\/wp-json\/wp\/v2\/product_cat?post=4973"},{"taxonomy":"product_tag","embeddable":true,"href":"https:\/\/shopcoop.ma\/fr\/wp-json\/wp\/v2\/product_tag?post=4973"}],"curies":[{"name":"wp","href":"https:\/\/api.w.org\/{rel}","templated":true}]}}