{"id":4979,"date":"2024-10-30T19:47:04","date_gmt":"2024-10-30T19:47:04","guid":{"rendered":"https:\/\/shopcoop.ma\/product\/%d8%ae%d9%84%d8%b7%d8%a9-%d8%ae%d8%a7%d9%85-%d8%a7%d9%84%d9%88%d8%b1%d8%b4%d8%a9-%d9%85%d9%86-%d8%a3%d9%86%d9%88%d8%a7%d8%b9-%d8%a7%d9%84%d8%b7%d9%8a%d9%86-%d9%88%d8%a7%d9%84%d8%a3%d8%b9%d8%b4%d8%a7\/"},"modified":"2025-01-24T11:59:40","modified_gmt":"2025-01-24T11:59:40","slug":"%d8%ae%d9%84%d8%b7%d8%a9-%d8%ae%d8%a7%d9%85-%d8%a7%d9%84%d9%88%d8%b1%d8%b4%d8%a9-%d9%85%d9%86-%d8%a3%d9%86%d9%88%d8%a7%d8%b9-%d8%a7%d9%84%d8%b7%d9%8a%d9%86-%d9%88%d8%a7%d9%84%d8%a3%d8%b9%d8%b4%d8%a7","status":"publish","type":"product","link":"https:\/\/shopcoop.ma\/fr\/produit\/%d8%ae%d9%84%d8%b7%d8%a9-%d8%ae%d8%a7%d9%85-%d8%a7%d9%84%d9%88%d8%b1%d8%b4%d8%a9-%d9%85%d9%86-%d8%a3%d9%86%d9%88%d8%a7%d8%b9-%d8%a7%d9%84%d8%b7%d9%8a%d9%86-%d9%88%d8%a7%d9%84%d8%a3%d8%b9%d8%b4%d8%a7\/","title":{"rendered":"\u062e\u0644\u0637\u0629 \u062d\u0645\u0627\u0645 \u0627\u0644\u0639\u0631\u0648\u0633\u0629"},"content":{"rendered":"<h2>Avantages du m\u00e9lange de minerai de l'atelier<\/h2>\n<p>Le m\u00e9lange de minerai d'atelier d'argile et d'herbes m\u00e9dicinaux et aromatiques est un produit naturel 100% pur de la marque coop\u00e9rative Nour Al-Tumaim.Ce m\u00e9lange se caract\u00e9rise par sa capacit\u00e9 \u00e0 \u00e9liminer les cellules mortes, \u00e0 hydrater et \u00e0 adoucir la peau et \u00e0 \u00e9claircir sa couleur.Il aide \u00e0 am\u00e9liorer la fra\u00eecheur de la peau et \u00e0 la rendre plus lisse et attrayante.<\/p>\n<h2>Comment utiliser un m\u00e9lange de minerai d'atelier<\/h2>\n<p>Une quantit\u00e9 appropri\u00e9e d'herbes est m\u00e9lang\u00e9e avec de l'eau jusqu'\u00e0 ce qu'une p\u00e2te soit form\u00e9e, puis appliqu\u00e9e sur le corps et laiss\u00e9e pendant 10 \u00e0 15 minutes avant de la rincer avec de l'eau ti\u00e8de.Il est recommand\u00e9 de l'utiliser r\u00e9guli\u00e8rement pour obtenir les meilleurs r\u00e9sultats.<\/p>\n<h2>Ingr\u00e9dients pour le m\u00e9lange de minerai de l'atelier<\/h2>\n<p>Ce produit est constitu\u00e9 d'herbes naturelles soigneusement s\u00e9lectionn\u00e9es sans aucun ajout artificiel.<\/p>\n<h2>Avertissements et utilisation s\u00fbrs<\/h2>\n<p>Il est toujours recommand\u00e9 de tester le produit sur une petite zone du cuir pour s'assurer qu'il n'y a pas de r\u00e9action allergique.Il est pr\u00e9f\u00e9rable de consulter un m\u00e9decin en cas de conditions m\u00e9dicales sp\u00e9ciales.<\/p>\n<h2>Avantages suppl\u00e9mentaires<\/h2>\n<p>En plus de son r\u00f4le dans le nettoyage de la peau, ce m\u00e9lange aide \u00e0 am\u00e9liorer la circulation sanguine et \u00e0 nourrir profond\u00e9ment la peau.Poids: 200 grammes.Adresse: Dawar Hajjar, AL -Tumaim Group, AL -youssoufia r\u00e9gion.T\u00e9l\u00e9phone: +212 611 137 385.<\/p>","protected":false},"excerpt":{"rendered":"<p>\u0641\u0648\u0627\u0626\u062f \u062e\u0644\u0637\u0629 \u062e\u0627\u0645 \u0627\u0644\u0648\u0631\u0634\u0629 \u062e\u0644\u0637\u0629 \u062e\u0627\u0645 \u0627\u0644\u0648\u0631\u0634\u0629 \u0645\u0646 \u0623\u0646\u0648\u0627\u0639 \u0627\u0644\u0637\u064a\u0646 \u0648\u0627\u0644\u0623\u0639\u0634\u0627\u0628 \u0627\u0644\u0637\u0628\u064a\u0629 \u0648\u0627\u0644\u0639\u0637\u0631\u064a\u0629 \u0647\u064a \u0645\u0646\u062a\u062c \u0637\u0628\u064a\u0639\u064a \u0646\u0642\u064a \u0628\u0646\u0633\u0628\u0629 100% \u0645\u0646 \u0639\u0644\u0627\u0645\u0629 \u062a\u0639\u0627\u0648\u0646\u064a\u0629 \u0646\u0648\u0631 \u0627\u0644\u0637\u064a\u0627\u0645\u064a\u0645. \u062a\u062a\u0645\u064a\u0632 \u0647\u0630\u0647 \u0627\u0644\u062e\u0644\u0637\u0629 \u0628\u0642\u062f\u0631\u062a\u0647\u0627 \u0639\u0644\u0649 \u0625\u0632\u0627\u0644\u0629 \u0627\u0644\u062e\u0644\u0627\u064a\u0627 \u0627\u0644\u0645\u064a\u062a\u0629\u060c \u062a\u0631\u0637\u064a\u0628 \u0648\u062a\u0646\u0639\u064a\u0645 \u0627\u0644\u0628\u0634\u0631\u0629\u060c \u0648\u062a\u0641\u062a\u064a\u062d \u0644\u0648\u0646\u0647\u0627. \u062a\u0633\u0627\u0639\u062f \u0641\u064a \u062a\u062d\u0633\u064a\u0646 \u0646\u0636\u0627\u0631\u0629 \u0627\u0644\u0628\u0634\u0631\u0629 \u0648\u062c\u0639\u0644\u0647\u0627 \u0623\u0643\u062b\u0631 \u0646\u0639\u0648\u0645\u0629 \u0648\u062c\u0627\u0630\u0628\u064a\u0629. \u0637\u0631\u064a\u0642\u0629 \u0627\u0633\u062a\u062e\u062f\u0627\u0645 \u062e\u0644\u0637\u0629 \u062e\u0627\u0645 \u0627\u0644\u0648\u0631\u0634\u0629 \u064a\u062a\u0645 \u062e\u0644\u0637 \u0643\u0645\u064a\u0629 \u0645\u0646\u0627\u0633\u0628\u0629 [&hellip;]<\/p>\n","protected":false},"featured_media":4978,"comment_status":"open","ping_status":"closed","template":"","meta":{"_acf_changed":false,"_monsterinsights_skip_tracking":false,"_monsterinsights_sitenote_active":false,"_monsterinsights_sitenote_note":"","_monsterinsights_sitenote_category":0},"product_cat":[208,15,200],"product_tag":[292],"class_list":{"0":"post-4979","1":"product","2":"type-product","3":"status-publish","4":"has-post-thumbnail","6":"product_cat-aromatic-and-medicinal-plants-grocery","7":"product_cat-uncategorized","8":"product_cat-products","9":"product_tag-youssoufia","11":"first","12":"instock","13":"shipping-taxable","14":"purchasable","15":"product-type-simple"},"acf":[],"aioseo_notices":[],"_links":{"self":[{"href":"https:\/\/shopcoop.ma\/fr\/wp-json\/wp\/v2\/product\/4979","targetHints":{"allow":["GET"]}}],"collection":[{"href":"https:\/\/shopcoop.ma\/fr\/wp-json\/wp\/v2\/product"}],"about":[{"href":"https:\/\/shopcoop.ma\/fr\/wp-json\/wp\/v2\/types\/product"}],"replies":[{"embeddable":true,"href":"https:\/\/shopcoop.ma\/fr\/wp-json\/wp\/v2\/comments?post=4979"}],"wp:featuredmedia":[{"embeddable":true,"href":"https:\/\/shopcoop.ma\/fr\/wp-json\/wp\/v2\/media\/4978"}],"wp:attachment":[{"href":"https:\/\/shopcoop.ma\/fr\/wp-json\/wp\/v2\/media?parent=4979"}],"wp:term":[{"taxonomy":"product_cat","embeddable":true,"href":"https:\/\/shopcoop.ma\/fr\/wp-json\/wp\/v2\/product_cat?post=4979"},{"taxonomy":"product_tag","embeddable":true,"href":"https:\/\/shopcoop.ma\/fr\/wp-json\/wp\/v2\/product_tag?post=4979"}],"curies":[{"name":"wp","href":"https:\/\/api.w.org\/{rel}","templated":true}]}}