{"id":4981,"date":"2024-10-30T19:47:13","date_gmt":"2024-10-30T19:47:13","guid":{"rendered":"https:\/\/shopcoop.ma\/product\/%d9%85%d8%b3%d8%ad%d9%88%d9%82-%d8%a3%d9%88%d8%b1%d8%a7%d9%82-%d8%a7%d9%84%d8%ad%d9%86%d8%a9-%d8%a7%d9%84%d8%b7%d8%a8%d9%8a%d8%b9%d9%8a-100\/"},"modified":"2025-01-24T12:00:43","modified_gmt":"2025-01-24T12:00:43","slug":"%d9%85%d8%b3%d8%ad%d9%88%d9%82-%d8%a3%d9%88%d8%b1%d8%a7%d9%82-%d8%a7%d9%84%d8%ad%d9%86%d8%a9-%d8%a7%d9%84%d8%b7%d8%a8%d9%8a%d8%b9%d9%8a-100","status":"publish","type":"product","link":"https:\/\/shopcoop.ma\/fr\/produit\/%d9%85%d8%b3%d8%ad%d9%88%d9%82-%d8%a3%d9%88%d8%b1%d8%a7%d9%82-%d8%a7%d9%84%d8%ad%d9%86%d8%a9-%d8%a7%d9%84%d8%b7%d8%a8%d9%8a%d8%b9%d9%8a-100\/","title":{"rendered":"\u0645\u0633\u062d\u0648\u0642 \u0623\u0648\u0631\u0627\u0642 \u0627\u0644\u062d\u0646\u0629 \u0627\u0644\u0637\u0628\u064a\u0639\u064a"},"content":{"rendered":"<h2>Les avantages des feuilles de henn\u00e9 naturelles<\/h2>\n<p>Les feuilles de henn\u00e9 normales de la marque coop\u00e9rative nour al-tumaim sont un produit 100% naturel extrait des feuilles de henn\u00e9.Il se caract\u00e9rise par ses propri\u00e9t\u00e9s nutritionnelles pour les cheveux et la peau, car elle aide \u00e0 renforcer et \u00e0 adoucir les cheveux et \u00e0 am\u00e9liorer la sant\u00e9 du cuir chevelu.Il est \u00e9galement utilis\u00e9 pour colorer les cheveux et la peau naturellement et en toute s\u00e9curit\u00e9.<\/p>\n<h2>Comment utiliser des feuilles de henn\u00e9 naturelles<\/h2>\n<p>Une quantit\u00e9 appropri\u00e9e de poudre de feuilles de henn\u00e9 est m\u00e9lang\u00e9e avec de l'eau jusqu'\u00e0 ce qu'une p\u00e2te soit form\u00e9e, puis elle est appliqu\u00e9e sur les cheveux ou la peau et laiss\u00e9e pendant 1 \u00e0 2 heures avant de la rincer avec de l'eau ti\u00e8de.Il est recommand\u00e9 de l'utiliser r\u00e9guli\u00e8rement pour les meilleurs r\u00e9sultats.<\/p>\n<h2>Henn\u00e9 naturel laisse des composants<\/h2>\n<p>Ce produit se compose de feuilles de henn\u00e9 s\u00e9ch\u00e9es \u00e0 100% sans ajouts industriels.<\/p>\n<h2>Avertissements et utilisation s\u00fbrs<\/h2>\n<p>Il est toujours recommand\u00e9 de tester le produit sur une petite zone du cuir pour s'assurer qu'il n'y a pas de r\u00e9action allergique.Il est pr\u00e9f\u00e9rable de consulter un m\u00e9decin en cas de conditions m\u00e9dicales sp\u00e9ciales.<\/p>\n<h2>Avantages suppl\u00e9mentaires<\/h2>\n<p>En plus de son r\u00f4le dans l'am\u00e9lioration de la sant\u00e9 des cheveux et de la peau, les feuilles de henn\u00e9 en poudre sont connues comme sa capacit\u00e9 \u00e0 calmer le cuir chevelu et \u00e0 r\u00e9duire les infections cutan\u00e9es.Adresse: Dawar Hajjar, AL -Tumaim Group, AL -RASHIDIYA R\u00e9gion.T\u00e9l\u00e9phone: +212 611 137 385.<\/p>","protected":false},"excerpt":{"rendered":"<p>\u0641\u0648\u0627\u0626\u062f \u0645\u0633\u062d\u0648\u0642 \u0623\u0648\u0631\u0627\u0642 \u0627\u0644\u062d\u0646\u0629 \u0627\u0644\u0637\u0628\u064a\u0639\u064a \u0645\u0633\u062d\u0648\u0642 \u0623\u0648\u0631\u0627\u0642 \u0627\u0644\u062d\u0646\u0629 \u0627\u0644\u0637\u0628\u064a\u0639\u064a \u0645\u0646 \u0639\u0644\u0627\u0645\u0629 \u062a\u0639\u0627\u0648\u0646\u064a\u0629 \u0646\u0648\u0631 \u0627\u0644\u0637\u064a\u0627\u0645\u064a\u0645 \u0647\u0648 \u0645\u0646\u062a\u062c \u0637\u0628\u064a\u0639\u064a 100% \u064a\u064f\u0633\u062a\u062e\u0631\u062c \u0645\u0646 \u0623\u0648\u0631\u0627\u0642 \u0627\u0644\u062d\u0646\u0629. \u064a\u062a\u0645\u064a\u0632 \u0628\u062e\u0635\u0627\u0626\u0635\u0647 \u0627\u0644\u0645\u063a\u0630\u064a\u0629 \u0644\u0644\u0634\u0639\u0631 \u0648\u0627\u0644\u0628\u0634\u0631\u0629\u060c \u062d\u064a\u062b \u064a\u0633\u0627\u0639\u062f \u0641\u064a \u062a\u0642\u0648\u064a\u0629 \u0627\u0644\u0634\u0639\u0631 \u0648\u062a\u0646\u0639\u064a\u0645\u0647\u060c \u0648\u062a\u062d\u0633\u064a\u0646 \u0635\u062d\u0629 \u0641\u0631\u0648\u0629 \u0627\u0644\u0631\u0623\u0633. \u0643\u0645\u0627 \u064a\u064f\u0633\u062a\u062e\u062f\u0645 \u0644\u062a\u0644\u0648\u064a\u0646 \u0627\u0644\u0634\u0639\u0631 \u0648\u0627\u0644\u0628\u0634\u0631\u0629 \u0628\u0634\u0643\u0644 \u0637\u0628\u064a\u0639\u064a \u0648\u0622\u0645\u0646. \u0637\u0631\u064a\u0642\u0629 \u0627\u0633\u062a\u062e\u062f\u0627\u0645 \u0645\u0633\u062d\u0648\u0642 \u0623\u0648\u0631\u0627\u0642 \u0627\u0644\u062d\u0646\u0629 \u0627\u0644\u0637\u0628\u064a\u0639\u064a \u064a\u062a\u0645 \u062e\u0644\u0637 \u0643\u0645\u064a\u0629 \u0645\u0646\u0627\u0633\u0628\u0629 [&hellip;]<\/p>\n","protected":false},"featured_media":4980,"comment_status":"open","ping_status":"closed","template":"","meta":{"_acf_changed":false,"_monsterinsights_skip_tracking":false,"_monsterinsights_sitenote_active":false,"_monsterinsights_sitenote_note":"","_monsterinsights_sitenote_category":0},"product_cat":[208,15,200],"product_tag":[292],"class_list":{"0":"post-4981","1":"product","2":"type-product","3":"status-publish","4":"has-post-thumbnail","6":"product_cat-aromatic-and-medicinal-plants-grocery","7":"product_cat-uncategorized","8":"product_cat-products","9":"product_tag-youssoufia","11":"first","12":"instock","13":"shipping-taxable","14":"purchasable","15":"product-type-simple"},"acf":[],"aioseo_notices":[],"_links":{"self":[{"href":"https:\/\/shopcoop.ma\/fr\/wp-json\/wp\/v2\/product\/4981","targetHints":{"allow":["GET"]}}],"collection":[{"href":"https:\/\/shopcoop.ma\/fr\/wp-json\/wp\/v2\/product"}],"about":[{"href":"https:\/\/shopcoop.ma\/fr\/wp-json\/wp\/v2\/types\/product"}],"replies":[{"embeddable":true,"href":"https:\/\/shopcoop.ma\/fr\/wp-json\/wp\/v2\/comments?post=4981"}],"wp:featuredmedia":[{"embeddable":true,"href":"https:\/\/shopcoop.ma\/fr\/wp-json\/wp\/v2\/media\/4980"}],"wp:attachment":[{"href":"https:\/\/shopcoop.ma\/fr\/wp-json\/wp\/v2\/media?parent=4981"}],"wp:term":[{"taxonomy":"product_cat","embeddable":true,"href":"https:\/\/shopcoop.ma\/fr\/wp-json\/wp\/v2\/product_cat?post=4981"},{"taxonomy":"product_tag","embeddable":true,"href":"https:\/\/shopcoop.ma\/fr\/wp-json\/wp\/v2\/product_tag?post=4981"}],"curies":[{"name":"wp","href":"https:\/\/api.w.org\/{rel}","templated":true}]}}