{"id":4983,"date":"2024-10-30T19:47:23","date_gmt":"2024-10-30T19:47:23","guid":{"rendered":"https:\/\/shopcoop.ma\/product\/%d9%85%d8%b3%d8%ad%d9%88%d9%82-%d8%a7%d9%84%d8%b3%d8%af%d8%b1-%d8%a7%d9%84%d8%b7%d8%a8%d9%8a%d8%b9%d9%8a-100\/"},"modified":"2025-01-24T12:01:00","modified_gmt":"2025-01-24T12:01:00","slug":"%d9%85%d8%b3%d8%ad%d9%88%d9%82-%d8%a7%d9%84%d8%b3%d8%af%d8%b1-%d8%a7%d9%84%d8%b7%d8%a8%d9%8a%d8%b9%d9%8a-100","status":"publish","type":"product","link":"https:\/\/shopcoop.ma\/fr\/produit\/%d9%85%d8%b3%d8%ad%d9%88%d9%82-%d8%a7%d9%84%d8%b3%d8%af%d8%b1-%d8%a7%d9%84%d8%b7%d8%a8%d9%8a%d8%b9%d9%8a-100\/","title":{"rendered":"\u0645\u0633\u062d\u0648\u0642 \u0627\u0644\u0633\u062f\u0631 \u0627\u0644\u0637\u0628\u064a\u0639\u064a"},"content":{"rendered":"<h2>Les avantages de la poudre de sidr naturelle<\/h2>\n<p>La poudre Sidr naturelle de la marque coop\u00e9rative Nour Al-Tumaim est un produit 100% naturel extrait des feuilles SiDR soigneusement s\u00e9ch\u00e9es.Il se caract\u00e9rise par ses propri\u00e9t\u00e9s b\u00e9n\u00e9fiques pour la peau et les cheveux, car elle aide \u00e0 nettoyer profond\u00e9ment la peau, \u00e0 l'hydratation et \u00e0 renforcer les cheveux.Il est \u00e9galement utilis\u00e9 pour traiter les infections du cuir chevelu et r\u00e9duire les d\u00e9mangeaisons.<\/p>\n<h2>Comment utiliser la poudre Sidr naturelle<\/h2>\n<p>Une quantit\u00e9 appropri\u00e9e de poudre SIDR est m\u00e9lang\u00e9e avec de l'eau jusqu'\u00e0 ce qu'une p\u00e2te soit form\u00e9e, puis elle est appliqu\u00e9e sur la peau ou les cheveux et laiss\u00e9e pendant 10 \u00e0 15 minutes avant de la rincer avec de l'eau ti\u00e8de.Il est recommand\u00e9 de l'utiliser r\u00e9guli\u00e8rement pour les meilleurs r\u00e9sultats.<\/p>\n<h2>Composants de poudre Sidr naturels<\/h2>\n<p>Ce produit se compose de feuilles SiDR \u00e0 100% s\u00e9ch\u00e9es sans ajouts industriels.<\/p>\n<h2>Avertissements et utilisation s\u00fbrs<\/h2>\n<p>Il est toujours recommand\u00e9 de tester le produit sur une petite zone du cuir pour s'assurer qu'il n'y a pas de r\u00e9action allergique.Il est pr\u00e9f\u00e9rable de consulter un m\u00e9decin en cas de conditions m\u00e9dicales sp\u00e9ciales.<\/p>\n<h2>Avantages suppl\u00e9mentaires<\/h2>\n<p>En plus de son r\u00f4le dans l'am\u00e9lioration de la sant\u00e9 de la peau et des cheveux, la poudre Sidr est connue pour sa capacit\u00e9 \u00e0 calmer le cuir chevelu et \u00e0 nettoyer les cheveux.Adresse: Dawar Hajjar, AL -Tumaim Group, AL -youssoufia r\u00e9gion.T\u00e9l\u00e9phone: +212 611 137 385.<\/p>","protected":false},"excerpt":{"rendered":"<p>\u0641\u0648\u0627\u0626\u062f \u0645\u0633\u062d\u0648\u0642 \u0627\u0644\u0633\u062f\u0631 \u0627\u0644\u0637\u0628\u064a\u0639\u064a \u0645\u0633\u062d\u0648\u0642 \u0627\u0644\u0633\u062f\u0631 \u0627\u0644\u0637\u0628\u064a\u0639\u064a \u0645\u0646 \u0639\u0644\u0627\u0645\u0629 \u062a\u0639\u0627\u0648\u0646\u064a\u0629 \u0646\u0648\u0631 \u0627\u0644\u0637\u064a\u0627\u0645\u064a\u0645 \u0647\u0648 \u0645\u0646\u062a\u062c \u0637\u0628\u064a\u0639\u064a 100% \u064a\u064f\u0633\u062a\u062e\u0631\u062c \u0645\u0646 \u0623\u0648\u0631\u0627\u0642 \u0627\u0644\u0633\u062f\u0631 \u0627\u0644\u0645\u062c\u0641\u0641\u0629 \u0648\u0627\u0644\u0645\u0637\u062d\u0648\u0646\u0629 \u0628\u0639\u0646\u0627\u064a\u0629. \u064a\u062a\u0645\u064a\u0632 \u0628\u062e\u0635\u0627\u0626\u0635\u0647 \u0627\u0644\u0645\u0641\u064a\u062f\u0629 \u0644\u0644\u0628\u0634\u0631\u0629 \u0648\u0627\u0644\u0634\u0639\u0631\u060c \u062d\u064a\u062b \u064a\u0633\u0627\u0639\u062f \u0641\u064a \u062a\u0646\u0638\u064a\u0641 \u0627\u0644\u0628\u0634\u0631\u0629 \u0628\u0639\u0645\u0642\u060c \u062a\u0631\u0637\u064a\u0628\u0647\u0627\u060c \u0648\u062a\u0642\u0648\u064a\u0629 \u0627\u0644\u0634\u0639\u0631. \u064a\u064f\u0633\u062a\u062e\u062f\u0645 \u0623\u064a\u0636\u064b\u0627 \u0641\u064a \u0639\u0644\u0627\u062c \u0627\u0644\u062a\u0647\u0627\u0628\u0627\u062a \u0641\u0631\u0648\u0629 \u0627\u0644\u0631\u0623\u0633 \u0648\u062a\u0642\u0644\u064a\u0644 \u0627\u0644\u062d\u0643\u0629. \u0637\u0631\u064a\u0642\u0629 \u0627\u0633\u062a\u062e\u062f\u0627\u0645 \u0645\u0633\u062d\u0648\u0642 \u0627\u0644\u0633\u062f\u0631 \u0627\u0644\u0637\u0628\u064a\u0639\u064a \u064a\u062a\u0645 \u062e\u0644\u0637 \u0643\u0645\u064a\u0629 \u0645\u0646\u0627\u0633\u0628\u0629 [&hellip;]<\/p>\n","protected":false},"featured_media":4982,"comment_status":"open","ping_status":"closed","template":"","meta":{"_acf_changed":false,"_monsterinsights_skip_tracking":false,"_monsterinsights_sitenote_active":false,"_monsterinsights_sitenote_note":"","_monsterinsights_sitenote_category":0},"product_cat":[208,15,200],"product_tag":[292],"class_list":{"0":"post-4983","1":"product","2":"type-product","3":"status-publish","4":"has-post-thumbnail","6":"product_cat-aromatic-and-medicinal-plants-grocery","7":"product_cat-uncategorized","8":"product_cat-products","9":"product_tag-youssoufia","11":"first","12":"instock","13":"shipping-taxable","14":"purchasable","15":"product-type-simple"},"acf":[],"aioseo_notices":[],"_links":{"self":[{"href":"https:\/\/shopcoop.ma\/fr\/wp-json\/wp\/v2\/product\/4983","targetHints":{"allow":["GET"]}}],"collection":[{"href":"https:\/\/shopcoop.ma\/fr\/wp-json\/wp\/v2\/product"}],"about":[{"href":"https:\/\/shopcoop.ma\/fr\/wp-json\/wp\/v2\/types\/product"}],"replies":[{"embeddable":true,"href":"https:\/\/shopcoop.ma\/fr\/wp-json\/wp\/v2\/comments?post=4983"}],"wp:featuredmedia":[{"embeddable":true,"href":"https:\/\/shopcoop.ma\/fr\/wp-json\/wp\/v2\/media\/4982"}],"wp:attachment":[{"href":"https:\/\/shopcoop.ma\/fr\/wp-json\/wp\/v2\/media?parent=4983"}],"wp:term":[{"taxonomy":"product_cat","embeddable":true,"href":"https:\/\/shopcoop.ma\/fr\/wp-json\/wp\/v2\/product_cat?post=4983"},{"taxonomy":"product_tag","embeddable":true,"href":"https:\/\/shopcoop.ma\/fr\/wp-json\/wp\/v2\/product_tag?post=4983"}],"curies":[{"name":"wp","href":"https:\/\/api.w.org\/{rel}","templated":true}]}}