{"id":4985,"date":"2024-10-30T19:47:33","date_gmt":"2024-10-30T19:47:33","guid":{"rendered":"https:\/\/shopcoop.ma\/product\/%d8%b4%d8%a7%d9%8a-%d8%a7%d9%84%d8%a3%d8%b9%d8%b4%d8%a7%d8%a8-20-%d8%ac%d8%b1%d8%a7%d9%85\/"},"modified":"2025-01-24T11:59:57","modified_gmt":"2025-01-24T11:59:57","slug":"%d8%b4%d8%a7%d9%8a-%d8%a7%d9%84%d8%a3%d8%b9%d8%b4%d8%a7%d8%a8-20-%d8%ac%d8%b1%d8%a7%d9%85","status":"publish","type":"product","link":"https:\/\/shopcoop.ma\/fr\/produit\/%d8%b4%d8%a7%d9%8a-%d8%a7%d9%84%d8%a3%d8%b9%d8%b4%d8%a7%d8%a8-20-%d8%ac%d8%b1%d8%a7%d9%85\/","title":{"rendered":"Th\u00e9 \u00e0 base de plantes 20 grammes"},"content":{"rendered":"<h2>Avantages de la tisane<\/h2>\n<p>La tisane de Terar de Maroc est un produit naturel 100% pur, caract\u00e9ris\u00e9 par ses propri\u00e9t\u00e9s b\u00e9n\u00e9fiques pour la sant\u00e9.Il aide \u00e0 am\u00e9liorer la digestion, \u00e0 calmer les nerfs et \u00e0 am\u00e9liorer la sant\u00e9 publique gr\u00e2ce \u00e0 ses ingr\u00e9dients naturels.<\/p>\n<h2>Comment utiliser la tisane<\/h2>\n<p>L'eau est bouillie, puis ajoutez une quantit\u00e9 appropri\u00e9e de th\u00e9 \u00e0 la tasse d'eau chaude et laissez-la pendant quelques minutes avant de manger.Le miel ou le citron peut \u00eatre ajout\u00e9 pour am\u00e9liorer la saveur et les avantages pour la sant\u00e9.<\/p>\n<h2>Composants \u00e0 th\u00e9 \u00e0 base de plantes<\/h2>\n<p>Ce produit se compose d'ingr\u00e9dients naturels soigneusement s\u00e9lectionn\u00e9s sans ajouts industriels.<\/p>\n<h2>Avertissements et utilisation s\u00fbrs<\/h2>\n<p>Il est toujours recommand\u00e9 de consulter un m\u00e9decin avant d'utiliser des herbes si vous avez des conditions m\u00e9dicales sp\u00e9ciales.<\/p>\n<h2>Avantages suppl\u00e9mentaires<\/h2>\n<p>En plus de son r\u00f4le dans l'am\u00e9lioration de la sant\u00e9 publique, les tisanes sont connues pour sa capacit\u00e9 \u00e0 renforcer le syst\u00e8me immunitaire et \u00e0 am\u00e9liorer la sant\u00e9 du syst\u00e8me respiratoire.Taille: 20 grammes.<\/p>","protected":false},"excerpt":{"rendered":"<p>\u0641\u0648\u0627\u0626\u062f \u0634\u0627\u064a \u0627\u0644\u0623\u0639\u0634\u0627\u0628 \u0634\u0627\u064a \u0627\u0644\u0623\u0639\u0634\u0627\u0628 \u0645\u0646 \u0639\u0644\u0627\u0645\u0629 \u062a\u064a\u0631\u0648\u0627\u0631 \u062f\u0648 \u0645\u0627\u0631\u0648\u0643 \u0647\u0648 \u0645\u0646\u062a\u062c \u0637\u0628\u064a\u0639\u064a \u0646\u0642\u064a \u0628\u0646\u0633\u0628\u0629 100%\u060c \u064a\u062a\u0645\u064a\u0632 \u0628\u062e\u0635\u0627\u0626\u0635\u0647 \u0627\u0644\u0645\u0641\u064a\u062f\u0629 \u0644\u0644\u0635\u062d\u0629. \u064a\u064f\u0633\u0627\u0639\u062f \u0641\u064a \u062a\u062d\u0633\u064a\u0646 \u0639\u0645\u0644\u064a\u0629 \u0627\u0644\u0647\u0636\u0645\u060c \u062a\u0647\u062f\u0626\u0629 \u0627\u0644\u0623\u0639\u0635\u0627\u0628\u060c \u0648\u062a\u0639\u0632\u064a\u0632 \u0627\u0644\u0635\u062d\u0629 \u0627\u0644\u0639\u0627\u0645\u0629 \u0628\u0641\u0636\u0644 \u0645\u0643\u0648\u0646\u0627\u062a\u0647 \u0627\u0644\u0637\u0628\u064a\u0639\u064a\u0629. \u0637\u0631\u064a\u0642\u0629 \u0627\u0633\u062a\u062e\u062f\u0627\u0645 \u0634\u0627\u064a \u0627\u0644\u0623\u0639\u0634\u0627\u0628 \u064a\u062a\u0645 \u063a\u0644\u064a \u0627\u0644\u0645\u0627\u0621\u060c \u062b\u0645 \u0625\u0636\u0627\u0641\u0629 \u0643\u0645\u064a\u0629 \u0645\u0646\u0627\u0633\u0628\u0629 \u0645\u0646 \u0627\u0644\u0634\u0627\u064a \u0625\u0644\u0649 \u0643\u0648\u0628 \u0627\u0644\u0645\u0627\u0621 \u0627\u0644\u0633\u0627\u062e\u0646 \u0648\u062a\u0631\u0643\u0647 \u0644\u0628\u0636\u0639 \u062f\u0642\u0627\u0626\u0642 \u0642\u0628\u0644 \u062a\u0646\u0627\u0648\u0644\u0647. [&hellip;]<\/p>\n","protected":false},"featured_media":4984,"comment_status":"open","ping_status":"closed","template":"","meta":{"_acf_changed":false,"_monsterinsights_skip_tracking":false,"_monsterinsights_sitenote_active":false,"_monsterinsights_sitenote_note":"","_monsterinsights_sitenote_category":0},"product_cat":[208,15,200],"product_tag":[292],"class_list":{"0":"post-4985","1":"product","2":"type-product","3":"status-publish","4":"has-post-thumbnail","6":"product_cat-aromatic-and-medicinal-plants-grocery","7":"product_cat-uncategorized","8":"product_cat-products","9":"product_tag-youssoufia","11":"first","12":"instock","13":"shipping-taxable","14":"purchasable","15":"product-type-simple"},"acf":[],"aioseo_notices":[],"_links":{"self":[{"href":"https:\/\/shopcoop.ma\/fr\/wp-json\/wp\/v2\/product\/4985","targetHints":{"allow":["GET"]}}],"collection":[{"href":"https:\/\/shopcoop.ma\/fr\/wp-json\/wp\/v2\/product"}],"about":[{"href":"https:\/\/shopcoop.ma\/fr\/wp-json\/wp\/v2\/types\/product"}],"replies":[{"embeddable":true,"href":"https:\/\/shopcoop.ma\/fr\/wp-json\/wp\/v2\/comments?post=4985"}],"wp:featuredmedia":[{"embeddable":true,"href":"https:\/\/shopcoop.ma\/fr\/wp-json\/wp\/v2\/media\/4984"}],"wp:attachment":[{"href":"https:\/\/shopcoop.ma\/fr\/wp-json\/wp\/v2\/media?parent=4985"}],"wp:term":[{"taxonomy":"product_cat","embeddable":true,"href":"https:\/\/shopcoop.ma\/fr\/wp-json\/wp\/v2\/product_cat?post=4985"},{"taxonomy":"product_tag","embeddable":true,"href":"https:\/\/shopcoop.ma\/fr\/wp-json\/wp\/v2\/product_tag?post=4985"}],"curies":[{"name":"wp","href":"https:\/\/api.w.org\/{rel}","templated":true}]}}