{"id":5008,"date":"2024-10-31T12:22:14","date_gmt":"2024-10-31T12:22:14","guid":{"rendered":"https:\/\/shopcoop.ma\/product\/%d8%b9%d8%b3%d9%84-%d8%a7%d9%84%d8%af%d8%ba%d9%85%d9%88%d8%b3-500-%d8%ac%d8%b1%d8%a7%d9%85-2\/"},"modified":"2025-01-23T12:29:48","modified_gmt":"2025-01-23T12:29:48","slug":"%d8%b9%d8%b3%d9%84-%d8%a7%d9%84%d8%af%d8%ba%d9%85%d9%88%d8%b3-500-%d8%ac%d8%b1%d8%a7%d9%85-2","status":"publish","type":"product","link":"https:\/\/shopcoop.ma\/fr\/produit\/%d8%b9%d8%b3%d9%84-%d8%a7%d9%84%d8%af%d8%ba%d9%85%d9%88%d8%b3-500-%d8%ac%d8%b1%d8%a7%d9%85-2\/","title":{"rendered":"Miel dagmos 500 grammes"},"content":{"rendered":"<h2>Les avantages du miel dagmos<\/h2>\n<p>Le miel Dagmos est un produit naturel pur extrait des fleurs de la plante Dagmos, caract\u00e9ris\u00e9e par ses multiples propri\u00e9t\u00e9s de sant\u00e9.Le miel contient des antioxydants qui aident \u00e0 am\u00e9liorer le syst\u00e8me immunitaire, \u00e0 am\u00e9liorer la sant\u00e9 du syst\u00e8me digestif et \u00e0 calmer la gorge et la toux.<\/p>\n<h2>Comment utiliser le miel dagmos<\/h2>\n<p>Le miel dogmos peut \u00eatre utilis\u00e9 comme compl\u00e9ment alimentaire en prenant une cuill\u00e8re \u00e0 caf\u00e9 quotidiennement.Il peut \u00e9galement \u00eatre ajout\u00e9 au th\u00e9 ou au jus ou utilis\u00e9 comme alternative naturelle au sucre dans la cuisson.<\/p>\n<h2>Composants Dagmos Honey<\/h2>\n<p>Ce produit se compose de miel 100% pur sans ajouts industriels.<\/p>\n<h2>Avertissements et utilisation s\u00fbrs<\/h2>\n<p>Il est toujours recommand\u00e9 de consulter un m\u00e9decin avant d'utiliser du miel, surtout si vous avez des conditions m\u00e9dicales sp\u00e9ciales.<\/p>\n<h2>Avantages suppl\u00e9mentaires<\/h2>\n<p>En plus de son r\u00f4le dans l'am\u00e9lioration de la sant\u00e9 publique, le miel de Dagmos est utilis\u00e9 comme hydratant naturel et traitement des plaies et des br\u00fblures.Poids: 500 grammes.Produit par la coop\u00e9rative de Nahla Al-Kanatour.<\/p>","protected":false},"excerpt":{"rendered":"<p>\u0641\u0648\u0627\u0626\u062f \u0639\u0633\u0644 \u0627\u0644\u062f\u063a\u0645\u0648\u0633 \u0639\u0633\u0644 \u0627\u0644\u062f\u063a\u0645\u0648\u0633 \u0647\u0648 \u0645\u0646\u062a\u062c \u0637\u0628\u064a\u0639\u064a \u0646\u0642\u064a \u064a\u064f\u0633\u062a\u062e\u0631\u062c \u0645\u0646 \u0623\u0632\u0647\u0627\u0631 \u0646\u0628\u0627\u062a \u0627\u0644\u062f\u063a\u0645\u0648\u0633\u060c \u064a\u062a\u0645\u064a\u0632 \u0628\u062e\u0635\u0627\u0626\u0635\u0647 \u0627\u0644\u0635\u062d\u064a\u0629 \u0627\u0644\u0645\u062a\u0639\u062f\u062f\u0629. \u064a\u062d\u062a\u0648\u064a \u0627\u0644\u0639\u0633\u0644 \u0639\u0644\u0649 \u0645\u0636\u0627\u062f\u0627\u062a \u0627\u0644\u0623\u0643\u0633\u062f\u0629 \u0627\u0644\u062a\u064a \u062a\u0633\u0627\u0639\u062f \u0641\u064a \u062a\u0639\u0632\u064a\u0632 \u062c\u0647\u0627\u0632 \u0627\u0644\u0645\u0646\u0627\u0639\u0629\u060c \u062a\u062d\u0633\u064a\u0646 \u0635\u062d\u0629 \u0627\u0644\u062c\u0647\u0627\u0632 \u0627\u0644\u0647\u0636\u0645\u064a\u060c \u0648\u062a\u0647\u062f\u0626\u0629 \u0627\u0644\u062d\u0644\u0642 \u0648\u0627\u0644\u0633\u0639\u0627\u0644. \u0637\u0631\u064a\u0642\u0629 \u0627\u0633\u062a\u062e\u062f\u0627\u0645 \u0639\u0633\u0644 \u0627\u0644\u062f\u063a\u0645\u0648\u0633 \u064a\u0645\u0643\u0646 \u0627\u0633\u062a\u062e\u062f\u0627\u0645 \u0639\u0633\u0644 \u0627\u0644\u062f\u063a\u0645\u0648\u0633 \u0643\u0645\u0643\u0645\u0644 \u063a\u0630\u0627\u0626\u064a \u0639\u0646 \u0637\u0631\u064a\u0642 \u062a\u0646\u0627\u0648\u0644 \u0645\u0644\u0639\u0642\u0629 \u0635\u063a\u064a\u0631\u0629 \u064a\u0648\u0645\u064a\u064b\u0627. \u064a\u0645\u0643\u0646 \u0623\u064a\u0636\u064b\u0627 \u0625\u0636\u0627\u0641\u062a\u0647 [&hellip;]<\/p>\n","protected":false},"featured_media":5475,"comment_status":"open","ping_status":"closed","template":"","meta":{"_acf_changed":false,"_monsterinsights_skip_tracking":false,"_monsterinsights_sitenote_active":false,"_monsterinsights_sitenote_note":"","_monsterinsights_sitenote_category":0},"product_cat":[206,15,200],"product_tag":[292],"class_list":{"0":"post-5008","1":"product","2":"type-product","3":"status-publish","4":"has-post-thumbnail","6":"product_cat-honey-hive-products","7":"product_cat-uncategorized","8":"product_cat-products","9":"product_tag-youssoufia","11":"first","12":"instock","13":"shipping-taxable","14":"purchasable","15":"product-type-simple"},"acf":[],"aioseo_notices":[],"_links":{"self":[{"href":"https:\/\/shopcoop.ma\/fr\/wp-json\/wp\/v2\/product\/5008","targetHints":{"allow":["GET"]}}],"collection":[{"href":"https:\/\/shopcoop.ma\/fr\/wp-json\/wp\/v2\/product"}],"about":[{"href":"https:\/\/shopcoop.ma\/fr\/wp-json\/wp\/v2\/types\/product"}],"replies":[{"embeddable":true,"href":"https:\/\/shopcoop.ma\/fr\/wp-json\/wp\/v2\/comments?post=5008"}],"wp:featuredmedia":[{"embeddable":true,"href":"https:\/\/shopcoop.ma\/fr\/wp-json\/wp\/v2\/media\/5475"}],"wp:attachment":[{"href":"https:\/\/shopcoop.ma\/fr\/wp-json\/wp\/v2\/media?parent=5008"}],"wp:term":[{"taxonomy":"product_cat","embeddable":true,"href":"https:\/\/shopcoop.ma\/fr\/wp-json\/wp\/v2\/product_cat?post=5008"},{"taxonomy":"product_tag","embeddable":true,"href":"https:\/\/shopcoop.ma\/fr\/wp-json\/wp\/v2\/product_tag?post=5008"}],"curies":[{"name":"wp","href":"https:\/\/api.w.org\/{rel}","templated":true}]}}