{"id":5016,"date":"2024-10-31T12:22:21","date_gmt":"2024-10-31T12:22:21","guid":{"rendered":"https:\/\/shopcoop.ma\/product\/%d8%a7%d9%84%d8%aa%d8%b1%d9%83%d9%8a%d8%a8%d8%a9-%d8%a7%d9%84%d8%b1%d8%a8%d8%a7%d8%b9%d9%8a%d8%a9-250-%d8%ac%d8%b1%d8%a7%d9%85\/"},"modified":"2025-01-23T12:27:27","modified_gmt":"2025-01-23T12:27:27","slug":"%d8%a7%d9%84%d8%aa%d8%b1%d9%83%d9%8a%d8%a8%d8%a9-%d8%a7%d9%84%d8%b1%d8%a8%d8%a7%d8%b9%d9%8a%d8%a9-250-%d8%ac%d8%b1%d8%a7%d9%85","status":"publish","type":"product","link":"https:\/\/shopcoop.ma\/fr\/produit\/%d8%a7%d9%84%d8%aa%d8%b1%d9%83%d9%8a%d8%a8%d8%a9-%d8%a7%d9%84%d8%b1%d8%a8%d8%a7%d8%b9%d9%8a%d8%a9-250-%d8%ac%d8%b1%d8%a7%d9%85\/","title":{"rendered":"La combinaison quadruple est de 250 grammes"},"content":{"rendered":"<h2>Avantages de la combinaison quadruple<\/h2>\n<p>La combinaison quadruple est un m\u00e9lange de miel, de propolis, de pollen et de nourriture royale.Ce produit est caract\u00e9ris\u00e9 par ses multiples propri\u00e9t\u00e9s de sant\u00e9 qui comprennent l'am\u00e9lioration du syst\u00e8me immunitaire, l'am\u00e9lioration de la sant\u00e9 du syst\u00e8me digestif et le calmin de la gorge et la toux.<\/p>\n<h2>Comment utiliser la composition quadruple<\/h2>\n<p>La composition quadruple peut \u00eatre utilis\u00e9e comme compl\u00e9ment alimentaire en prenant une cuill\u00e8re \u00e0 caf\u00e9 quotidiennement.Il peut \u00e9galement \u00eatre ajout\u00e9 au th\u00e9 ou au jus ou utilis\u00e9 comme alternative naturelle au sucre dans la cuisson.<\/p>\n<h2>Les composants de la composition quadruple<\/h2>\n<p>Ce produit se compose d'un m\u00e9lange de miel naturel, de propolis, de pollen et de nourriture royale de 100% sans ajouts industriels.<\/p>\n<h2>Avertissements et utilisation s\u00fbrs<\/h2>\n<p>Il est toujours recommand\u00e9 de consulter un m\u00e9decin avant d'utiliser du miel, surtout si vous souffrez de conditions m\u00e9dicales sp\u00e9ciales ou de sensibilit\u00e9 des produits d'abeilles.<\/p>\n<h2>Avantages suppl\u00e9mentaires<\/h2>\n<p>En plus de son r\u00f4le dans l'am\u00e9lioration de la sant\u00e9 publique, un m\u00e9lange de miel est utilis\u00e9 avec la propolis comme tonique d'\u00e9nergie naturelle et anti-inflammatoire.Poids: 250 grammes.<\/p>","protected":false},"excerpt":{"rendered":"<p>\u0641\u0648\u0627\u0626\u062f \u0627\u0644\u062a\u0631\u0643\u064a\u0628\u0629 \u0627\u0644\u0631\u0628\u0627\u0639\u064a\u0629 \u0627\u0644\u062a\u0631\u0643\u064a\u0628\u0629 \u0627\u0644\u0631\u0628\u0627\u0639\u064a\u0629 \u0647\u064a \u0645\u0632\u064a\u062c \u0645\u0646 \u0627\u0644\u0639\u0633\u0644\u060c \u0627\u0644\u0628\u0631\u0648\u0628\u0648\u0644\u064a\u0633\u060c \u062d\u0628\u0648\u0628 \u0627\u0644\u0644\u0642\u0627\u062d\u060c \u0648\u0627\u0644\u063a\u0630\u0627\u0621 \u0627\u0644\u0645\u0644\u0643\u064a. \u0647\u0630\u0627 \u0627\u0644\u0645\u0646\u062a\u062c \u064a\u062a\u0645\u064a\u0632 \u0628\u062e\u0635\u0627\u0626\u0635\u0647 \u0627\u0644\u0635\u062d\u064a\u0629 \u0627\u0644\u0645\u062a\u0639\u062f\u062f\u0629 \u0627\u0644\u062a\u064a \u062a\u0634\u0645\u0644 \u062a\u0639\u0632\u064a\u0632 \u062c\u0647\u0627\u0632 \u0627\u0644\u0645\u0646\u0627\u0639\u0629\u060c \u062a\u062d\u0633\u064a\u0646 \u0635\u062d\u0629 \u0627\u0644\u062c\u0647\u0627\u0632 \u0627\u0644\u0647\u0636\u0645\u064a\u060c \u0648\u062a\u0647\u062f\u0626\u0629 \u0627\u0644\u062d\u0644\u0642 \u0648\u0627\u0644\u0633\u0639\u0627\u0644. \u0637\u0631\u064a\u0642\u0629 \u0627\u0633\u062a\u062e\u062f\u0627\u0645 \u0627\u0644\u062a\u0631\u0643\u064a\u0628\u0629 \u0627\u0644\u0631\u0628\u0627\u0639\u064a\u0629 \u064a\u0645\u0643\u0646 \u0627\u0633\u062a\u062e\u062f\u0627\u0645 \u0627\u0644\u062a\u0631\u0643\u064a\u0628\u0629 \u0627\u0644\u0631\u0628\u0627\u0639\u064a\u0629 \u0643\u0645\u0643\u0645\u0644 \u063a\u0630\u0627\u0626\u064a \u0639\u0646 \u0637\u0631\u064a\u0642 \u062a\u0646\u0627\u0648\u0644 \u0645\u0644\u0639\u0642\u0629 \u0635\u063a\u064a\u0631\u0629 \u064a\u0648\u0645\u064a\u064b\u0627. \u064a\u0645\u0643\u0646 \u0623\u064a\u0636\u064b\u0627 \u0625\u0636\u0627\u0641\u062a\u0647\u0627 \u0625\u0644\u0649 \u0627\u0644\u0634\u0627\u064a \u0623\u0648 \u0627\u0644\u0639\u0635\u0627\u0626\u0631 [&hellip;]<\/p>\n","protected":false},"featured_media":5015,"comment_status":"open","ping_status":"closed","template":"","meta":{"_acf_changed":false,"_monsterinsights_skip_tracking":false,"_monsterinsights_sitenote_active":false,"_monsterinsights_sitenote_note":"","_monsterinsights_sitenote_category":0},"product_cat":[206,15,200],"product_tag":[292],"class_list":{"0":"post-5016","1":"product","2":"type-product","3":"status-publish","4":"has-post-thumbnail","6":"product_cat-honey-hive-products","7":"product_cat-uncategorized","8":"product_cat-products","9":"product_tag-youssoufia","11":"first","12":"instock","13":"shipping-taxable","14":"purchasable","15":"product-type-simple"},"acf":[],"aioseo_notices":[],"_links":{"self":[{"href":"https:\/\/shopcoop.ma\/fr\/wp-json\/wp\/v2\/product\/5016","targetHints":{"allow":["GET"]}}],"collection":[{"href":"https:\/\/shopcoop.ma\/fr\/wp-json\/wp\/v2\/product"}],"about":[{"href":"https:\/\/shopcoop.ma\/fr\/wp-json\/wp\/v2\/types\/product"}],"replies":[{"embeddable":true,"href":"https:\/\/shopcoop.ma\/fr\/wp-json\/wp\/v2\/comments?post=5016"}],"wp:featuredmedia":[{"embeddable":true,"href":"https:\/\/shopcoop.ma\/fr\/wp-json\/wp\/v2\/media\/5015"}],"wp:attachment":[{"href":"https:\/\/shopcoop.ma\/fr\/wp-json\/wp\/v2\/media?parent=5016"}],"wp:term":[{"taxonomy":"product_cat","embeddable":true,"href":"https:\/\/shopcoop.ma\/fr\/wp-json\/wp\/v2\/product_cat?post=5016"},{"taxonomy":"product_tag","embeddable":true,"href":"https:\/\/shopcoop.ma\/fr\/wp-json\/wp\/v2\/product_tag?post=5016"}],"curies":[{"name":"wp","href":"https:\/\/api.w.org\/{rel}","templated":true}]}}