{"id":5020,"date":"2024-10-31T13:25:33","date_gmt":"2024-10-31T13:25:33","guid":{"rendered":"https:\/\/shopcoop.ma\/?post_type=product&#038;p=5020"},"modified":"2024-11-29T12:53:58","modified_gmt":"2024-11-29T12:53:58","slug":"%d8%ae%d8%af%d9%85%d8%a7%d8%aa-%d9%85%d8%ad%d9%81%d8%b8-%d9%84%d9%86%d8%ac%d8%a7%d8%b1%d8%a9-%d8%a7%d9%84%d8%ae%d8%b4%d8%a8","status":"publish","type":"product","link":"https:\/\/shopcoop.ma\/fr\/produit\/%d8%ae%d8%af%d9%85%d8%a7%d8%aa-%d9%85%d8%ad%d9%81%d8%b8-%d9%84%d9%86%d8%ac%d8%a7%d8%b1%d8%a9-%d8%a7%d9%84%d8%ae%d8%b4%d8%a8\/","title":{"rendered":"Services de menuiserie en bois"},"content":{"rendered":"<div class=\"vendor-service-description\">\n<h2>Services de menuiserie en bois<\/h2>\n<p>progr\u00e8s <strong>Services de menuiserie en bois<\/strong> Solutions distinctives dans la fabrication et la formation de bois avec une grande exp\u00e9rience et un savoir-faire, car nous fournissons \u00e0 nos clients des conceptions en bois uniques qui r\u00e9pondent \u00e0 leurs besoins, que ce soit dans les maisons, les bureaux ou les espaces commerciaux.<\/p>\n<p>Nos services comprennent:<\/p>\n<ul>\n<li>Conception et fabrication de meubles allou\u00e9s<\/li>\n<li>Installation de cuisines<\/li>\n<li>Portes<\/li>\n<li>Fen\u00eatre<\/li>\n<li>\u00c9quipement interne<\/li>\n<\/ul>\n<p>Nous nous assurons de l'utilisation des meilleurs types de bois et de mat\u00e9riaux de haute qualit\u00e9 avec une pr\u00e9cision de mise en \u0153uvre et de terminer les travaux \u00e0 temps, qui vous fournit des produits \u00e0 long terme et refl\u00e8te un go\u00fbt haut de gamme.<\/p>\n<\/div>","protected":false},"excerpt":{"rendered":"<p>\u062e\u062f\u0645\u0627\u062a \u0645\u062d\u0641\u0638 \u0644\u0646\u062c\u0627\u0631\u0629 \u0627\u0644\u062e\u0634\u0628 \u062a\u0642\u062f\u0645 \u062e\u062f\u0645\u0627\u062a \u0645\u062d\u0641\u0638 \u0644\u0646\u062c\u0627\u0631\u0629 \u0627\u0644\u062e\u0634\u0628 \u062d\u0644\u0648\u0644\u0627\u064b \u0645\u062a\u0645\u064a\u0632\u0629 \u0641\u064a \u0635\u0646\u0627\u0639\u0629 \u0648\u062a\u0634\u0643\u064a\u0644 \u0627\u0644\u062e\u0634\u0628 \u0628\u062e\u0628\u0631\u0629 \u0648\u062d\u0631\u0641\u064a\u0629 \u0639\u0627\u0644\u064a\u0629\u060c \u062d\u064a\u062b \u0646\u0648\u0641\u0631 \u0644\u0639\u0645\u0644\u0627\u0626\u0646\u0627 \u062a\u0635\u0627\u0645\u064a\u0645 \u062e\u0634\u0628\u064a\u0629 \u0641\u0631\u064a\u062f\u0629 \u062a\u0644\u0628\u064a \u0627\u062d\u062a\u064a\u0627\u062c\u0627\u062a\u0647\u0645 \u0633\u0648\u0627\u0621 \u0641\u064a \u0627\u0644\u0645\u0646\u0627\u0632\u0644 \u0623\u0648 \u0627\u0644\u0645\u0643\u0627\u062a\u0628 \u0623\u0648 \u0627\u0644\u0645\u0633\u0627\u062d\u0627\u062a \u0627\u0644\u062a\u062c\u0627\u0631\u064a\u0629. \u062a\u0634\u0645\u0644 \u062e\u062f\u0645\u0627\u062a\u0646\u0627: \u062a\u0635\u0645\u064a\u0645 \u0648\u062a\u0635\u0646\u064a\u0639 \u0627\u0644\u0623\u062b\u0627\u062b \u0627\u0644\u0645\u062e\u0635\u0635 \u062a\u0631\u0643\u064a\u0628 \u0627\u0644\u0645\u0637\u0627\u0628\u062e \u0627\u0644\u0623\u0628\u0648\u0627\u0628 \u0627\u0644\u0646\u0648\u0627\u0641\u0630 \u0627\u0644\u062a\u062c\u0647\u064a\u0632\u0627\u062a \u0627\u0644\u062f\u0627\u062e\u0644\u064a\u0629 \u0646\u0636\u0645\u0646 \u0627\u0633\u062a\u062e\u062f\u0627\u0645 \u0623\u0641\u0636\u0644 \u0623\u0646\u0648\u0627\u0639 \u0627\u0644\u062e\u0634\u0628 \u0648\u0627\u0644\u0645\u0648\u0627\u062f \u0639\u0627\u0644\u064a\u0629 \u0627\u0644\u062c\u0648\u062f\u0629 \u0645\u0639 [&hellip;]<\/p>\n","protected":false},"featured_media":5034,"comment_status":"open","ping_status":"closed","template":"","meta":{"_acf_changed":false,"_monsterinsights_skip_tracking":false,"_monsterinsights_sitenote_active":false,"_monsterinsights_sitenote_note":"","_monsterinsights_sitenote_category":0},"product_cat":[215,199,251,250],"product_tag":[292],"class_list":{"0":"post-5020","1":"product","2":"type-product","3":"status-publish","4":"has-post-thumbnail","6":"product_cat-construction-public-works-home-projects","7":"product_cat-services","8":"product_cat-wood","9":"product_cat-carpentry","10":"product_tag-youssoufia","12":"first","13":"instock","14":"shipping-taxable","15":"purchasable","16":"product-type-simple"},"acf":[],"aioseo_notices":[],"_links":{"self":[{"href":"https:\/\/shopcoop.ma\/fr\/wp-json\/wp\/v2\/product\/5020","targetHints":{"allow":["GET"]}}],"collection":[{"href":"https:\/\/shopcoop.ma\/fr\/wp-json\/wp\/v2\/product"}],"about":[{"href":"https:\/\/shopcoop.ma\/fr\/wp-json\/wp\/v2\/types\/product"}],"replies":[{"embeddable":true,"href":"https:\/\/shopcoop.ma\/fr\/wp-json\/wp\/v2\/comments?post=5020"}],"wp:featuredmedia":[{"embeddable":true,"href":"https:\/\/shopcoop.ma\/fr\/wp-json\/wp\/v2\/media\/5034"}],"wp:attachment":[{"href":"https:\/\/shopcoop.ma\/fr\/wp-json\/wp\/v2\/media?parent=5020"}],"wp:term":[{"taxonomy":"product_cat","embeddable":true,"href":"https:\/\/shopcoop.ma\/fr\/wp-json\/wp\/v2\/product_cat?post=5020"},{"taxonomy":"product_tag","embeddable":true,"href":"https:\/\/shopcoop.ma\/fr\/wp-json\/wp\/v2\/product_tag?post=5020"}],"curies":[{"name":"wp","href":"https:\/\/api.w.org\/{rel}","templated":true}]}}