{"id":5063,"date":"2024-11-07T13:20:09","date_gmt":"2024-11-07T13:20:09","guid":{"rendered":"https:\/\/shopcoop.ma\/product\/%d9%83%d8%b3%d9%83%d8%b3-%d8%ae%d9%85%d8%a7%d8%b3%d9%8a-1-%d9%83%d9%8a%d9%84%d9%88%d8%ba%d8%b1%d8%a7%d9%85\/"},"modified":"2025-02-10T15:55:33","modified_gmt":"2025-02-10T15:55:33","slug":"%d9%83%d8%b3%d9%83%d8%b3-%d8%ae%d9%85%d8%a7%d8%b3%d9%8a-1-%d9%83%d9%8a%d9%84%d9%88%d8%ba%d8%b1%d8%a7%d9%85","status":"publish","type":"product","link":"https:\/\/shopcoop.ma\/fr\/produit\/%d9%83%d8%b3%d9%83%d8%b3-%d8%ae%d9%85%d8%a7%d8%b3%d9%8a-1-%d9%83%d9%8a%d9%84%d9%88%d8%ba%d8%b1%d8%a7%d9%85\/","title":{"rendered":"Couscous Khoumassi 1kg"},"content":{"rendered":"<h2>Avantages du couscous khoumassi<\/h2>\n<p>La marque couscous khoumassi de la principale coop\u00e9rative agricole est un produit naturel 100% pur compos\u00e9 de cinq types de grains: farine d'orge enti\u00e8re, farine de bl\u00e9 solide municipal, farine de bl\u00e9 en acier artificiel, farine de ma\u00efs et farine fulanie.Il est connu comme ses propri\u00e9t\u00e9s nutritionnelles et plusieurs avantages pour la sant\u00e9, car il s'agit d'une bonne source de fibres et de vitamines.<\/p>\n<h2>Comment utiliser un cinq ans -old<\/h2>\n<p>Le couscous est cuit de la mani\u00e8re traditionnelle en le vaporisant plusieurs fois jusqu'\u00e0 ce qu'il devienne doux et plat.Il peut \u00eatre servi avec des l\u00e9gumes, de la viande ou du poisson pour un repas int\u00e9gr\u00e9 et sain.<\/p>\n<h2>Ingr\u00e9dients de couscous khoumassi<\/h2>\n<p>Ce produit se compose d'un m\u00e9lange de farine d'orge enti\u00e8re, de farine de bl\u00e9 dur municipal, de farine de bl\u00e9 en acier artificiel, de farine de ma\u00efs et de farine de fola.<\/p>\n<h2>Avertissements et utilisation s\u00fbrs<\/h2>\n<p>Il est toujours recommand\u00e9 de stocker le produit dans un endroit sec et froid pour maintenir sa qualit\u00e9.Il est pr\u00e9f\u00e9rable de consulter un m\u00e9decin en cas de conditions m\u00e9dicales sp\u00e9ciales.<\/p>\n<h2>Avantages suppl\u00e9mentaires<\/h2>\n<p>En plus de son r\u00f4le dans la fourniture d'\u00e9nergie et d'activit\u00e9, le couscous khoumassi est connu comme sa capacit\u00e9 \u00e0 am\u00e9liorer la sant\u00e9 du syst\u00e8me digestif et \u00e0 am\u00e9liorer la sant\u00e9 du corps en g\u00e9n\u00e9ral.Poids: 1 kilogramme.Date de production: 2021. Date exalt\u00e9e: 2023. T\u00e9l\u00e9phone: 06.03.73.92.04 \/ 06.09.12.59.41.<\/p>","protected":false},"excerpt":{"rendered":"<p>\u0641\u0648\u0627\u0626\u062f \u0643\u0633\u0643\u0633 \u062e\u0645\u0627\u0633\u064a \u0643\u0633\u0643\u0633 \u062e\u0645\u0627\u0633\u064a \u0645\u0646 \u0639\u0644\u0627\u0645\u0629 \u062a\u0639\u0627\u0648\u0646\u064a\u0629 \u0627\u0644\u0641\u0644\u0627\u062d\u064a\u0629 \u0627\u0644\u0631\u0627\u0626\u062f\u0629 \u0647\u0648 \u0645\u0646\u062a\u062c \u0637\u0628\u064a\u0639\u064a \u0646\u0642\u064a \u0628\u0646\u0633\u0628\u0629 100% \u0645\u0643\u0648\u0646 \u0645\u0646 \u062e\u0645\u0633\u0629 \u0623\u0646\u0648\u0627\u0639 \u0645\u0646 \u0627\u0644\u062d\u0628\u0648\u0628: \u062f\u0642\u064a\u0642 \u0627\u0644\u0634\u0639\u064a\u0631 \u0627\u0644\u0643\u0627\u0645\u0644\u060c \u062f\u0642\u064a\u0642 \u0627\u0644\u0642\u0645\u062d \u0627\u0644\u0635\u0644\u0628 \u0627\u0644\u0628\u0644\u062f\u064a\u060c \u062f\u0642\u064a\u0642 \u0627\u0644\u0642\u0645\u062d \u0627\u0644\u0635\u0644\u0628 \u0627\u0644\u0635\u0646\u0627\u0639\u064a\u060c \u062f\u0642\u064a\u0642 \u0627\u0644\u0630\u0631\u0629\u060c \u0648\u0627\u0644\u062f\u0642\u064a\u0642 \u0627\u0644\u0641\u0648\u0644\u0627\u0646\u064a. \u064a\u064f\u0639\u0631\u0641 \u0628\u062e\u0635\u0627\u0626\u0635\u0647 \u0627\u0644\u0645\u063a\u0630\u064a\u0629 \u0648\u0627\u0644\u0641\u0648\u0627\u0626\u062f \u0627\u0644\u0635\u062d\u064a\u0629 \u0627\u0644\u0645\u062a\u0639\u062f\u062f\u0629\u060c \u062d\u064a\u062b \u064a\u064f\u0639\u062a\u0628\u0631 \u0645\u0635\u062f\u0631\u064b\u0627 \u062c\u064a\u062f\u064b\u0627 \u0644\u0644\u0623\u0644\u064a\u0627\u0641 \u0648\u0627\u0644\u0641\u064a\u062a\u0627\u0645\u064a\u0646\u0627\u062a. \u0637\u0631\u064a\u0642\u0629 \u0627\u0633\u062a\u062e\u062f\u0627\u0645 \u0643\u0633\u0643\u0633 \u062e\u0645\u0627\u0633\u064a \u064a\u062a\u0645 \u0637\u0647\u064a [&hellip;]<\/p>\n","protected":false},"featured_media":5051,"comment_status":"open","ping_status":"closed","template":"","meta":{"_acf_changed":false,"_monsterinsights_skip_tracking":false,"_monsterinsights_sitenote_active":false,"_monsterinsights_sitenote_note":"","_monsterinsights_sitenote_category":0},"product_cat":[205,15,200],"product_tag":[292],"class_list":{"0":"post-5063","1":"product","2":"type-product","3":"status-publish","4":"has-post-thumbnail","6":"product_cat-couscous-derivatives","7":"product_cat-uncategorized","8":"product_cat-products","9":"product_tag-youssoufia","11":"first","12":"instock","13":"shipping-taxable","14":"purchasable","15":"product-type-simple"},"acf":[],"aioseo_notices":[],"_links":{"self":[{"href":"https:\/\/shopcoop.ma\/fr\/wp-json\/wp\/v2\/product\/5063","targetHints":{"allow":["GET"]}}],"collection":[{"href":"https:\/\/shopcoop.ma\/fr\/wp-json\/wp\/v2\/product"}],"about":[{"href":"https:\/\/shopcoop.ma\/fr\/wp-json\/wp\/v2\/types\/product"}],"replies":[{"embeddable":true,"href":"https:\/\/shopcoop.ma\/fr\/wp-json\/wp\/v2\/comments?post=5063"}],"wp:featuredmedia":[{"embeddable":true,"href":"https:\/\/shopcoop.ma\/fr\/wp-json\/wp\/v2\/media\/5051"}],"wp:attachment":[{"href":"https:\/\/shopcoop.ma\/fr\/wp-json\/wp\/v2\/media?parent=5063"}],"wp:term":[{"taxonomy":"product_cat","embeddable":true,"href":"https:\/\/shopcoop.ma\/fr\/wp-json\/wp\/v2\/product_cat?post=5063"},{"taxonomy":"product_tag","embeddable":true,"href":"https:\/\/shopcoop.ma\/fr\/wp-json\/wp\/v2\/product_tag?post=5063"}],"curies":[{"name":"wp","href":"https:\/\/api.w.org\/{rel}","templated":true}]}}