{"id":5064,"date":"2024-11-07T13:20:10","date_gmt":"2024-11-07T13:20:10","guid":{"rendered":"https:\/\/shopcoop.ma\/product\/%d8%a8%d9%84%d9%88%d9%84%d8%a9-%d8%a7%d9%84%d8%b4%d8%b9%d9%8a%d8%b1-500-%d8%ac%d8%b1%d8%a7%d9%85\/"},"modified":"2025-02-10T15:55:06","modified_gmt":"2025-02-10T15:55:06","slug":"%d8%a8%d9%84%d9%88%d9%84%d8%a9-%d8%a7%d9%84%d8%b4%d8%b9%d9%8a%d8%b1-500-%d8%ac%d8%b1%d8%a7%d9%85","status":"publish","type":"product","link":"https:\/\/shopcoop.ma\/fr\/produit\/%d8%a8%d9%84%d9%88%d9%84%d8%a9-%d8%a7%d9%84%d8%b4%d8%b9%d9%8a%d8%b1-500-%d8%ac%d8%b1%d8%a7%d9%85\/","title":{"rendered":"\u0628\u0644\u0648\u0644\u0629 \u0627\u0644\u0634\u0639\u064a\u0631 1 \u0643\u064a\u0644\u0648\u063a\u0631\u0627\u0645"},"content":{"rendered":"<h2>Avantages du flou d'orge<\/h2>\n<p>Ballow Barley est l'un des principaux signes coop\u00e9ratifs agricoles est un produit naturel 100% pur caract\u00e9ris\u00e9 par ses propri\u00e9t\u00e9s nutritionnelles et plusieurs avantages pour la sant\u00e9.Ballow Barley contient un pourcentage \u00e9lev\u00e9 de fibres et de prot\u00e9ines, ce qui en fait un excellent choix pour maintenir la sant\u00e9 du syst\u00e8me digestif et am\u00e9liorer le niveau d'\u00e9nergie.<\/p>\n<h2>Comment utiliser les d\u00e9fauts d'orge<\/h2>\n<p>Balmuk peut \u00eatre utilis\u00e9 pour pr\u00e9parer une vari\u00e9t\u00e9 de plats tels que les salades et les soupes, ou comme alternative saine au riz dans les repas.Il est recommand\u00e9 de laver l'orge de l'orge bien avant la cuisson, puis de le tremper dans l'eau pendant 30 minutes avant de l'utiliser en cuisson.<\/p>\n<h2>Ingr\u00e9dients pauvres<\/h2>\n<p>Ce produit se compose de pilules d'orge \u00e0 100% s\u00e8ches sans ajouts industriels.<\/p>\n<h2>Avertissements et utilisation s\u00fbrs<\/h2>\n<p>Il est toujours recommand\u00e9 de stocker le produit dans un endroit sec et froid pour maintenir sa qualit\u00e9.Il est pr\u00e9f\u00e9rable de consulter un m\u00e9decin en cas de conditions m\u00e9dicales sp\u00e9ciales.<\/p>\n<h2>Avantages suppl\u00e9mentaires<\/h2>\n<p>En plus de son r\u00f4le dans l'am\u00e9lioration de la sant\u00e9 du syst\u00e8me digestif, l'orge est connue comme sa capacit\u00e9 \u00e0 am\u00e9liorer la sant\u00e9 du c\u0153ur et \u00e0 renforcer les os gr\u00e2ce \u00e0 ses nutriments riches en nutriments.Poids: 500 grammes.<br \/>\n<b>Coordonn\u00e9es:<\/b><br \/>\nT\u00e9l\u00e9phone: 0603739204\/0690125941<br \/>\nCourriel: cooperativarreda@gmail.com<br \/>\nAdresse: Al -Muzdarda Village, Al-Kantour Group, AL -youssoufia r\u00e9gion<br \/>\n<b>Pays du pays:<\/b> Maroc<\/p>","protected":false},"excerpt":{"rendered":"<p>\u0641\u0648\u0627\u0626\u062f \u0628\u0644\u0648\u0644\u0629 \u0627\u0644\u0634\u0639\u064a\u0631 \u0628\u0644\u0648\u0644\u0629 \u0627\u0644\u0634\u0639\u064a\u0631 \u0645\u0646 \u0639\u0644\u0627\u0645\u0629 \u062a\u0639\u0627\u0648\u0646\u064a\u0629 \u0627\u0644\u0641\u0644\u0627\u062d\u064a\u0629 \u0627\u0644\u0631\u0627\u0626\u062f\u0629 \u0647\u0648 \u0645\u0646\u062a\u062c \u0637\u0628\u064a\u0639\u064a \u0646\u0642\u064a \u0628\u0646\u0633\u0628\u0629 100% \u064a\u062a\u0645\u064a\u0632 \u0628\u062e\u0635\u0627\u0626\u0635\u0647 \u0627\u0644\u0645\u063a\u0630\u064a\u0629 \u0648\u0627\u0644\u0641\u0648\u0627\u0626\u062f \u0627\u0644\u0635\u062d\u064a\u0629 \u0627\u0644\u0645\u062a\u0639\u062f\u062f\u0629. \u064a\u062d\u062a\u0648\u064a \u0628\u0644\u0648\u0644\u0629 \u0627\u0644\u0634\u0639\u064a\u0631 \u0639\u0644\u0649 \u0646\u0633\u0628\u0629 \u0639\u0627\u0644\u064a\u0629 \u0645\u0646 \u0627\u0644\u0623\u0644\u064a\u0627\u0641 \u0648\u0627\u0644\u0628\u0631\u0648\u062a\u064a\u0646\u0627\u062a\u060c \u0645\u0645\u0627 \u064a\u062c\u0639\u0644\u0647 \u062e\u064a\u0627\u0631\u064b\u0627 \u0645\u0645\u062a\u0627\u0632\u064b\u0627 \u0644\u0644\u062d\u0641\u0627\u0638 \u0639\u0644\u0649 \u0635\u062d\u0629 \u0627\u0644\u062c\u0647\u0627\u0632 \u0627\u0644\u0647\u0636\u0645\u064a \u0648\u062a\u062d\u0633\u064a\u0646 \u0645\u0633\u062a\u0648\u0649 \u0627\u0644\u0637\u0627\u0642\u0629. \u0637\u0631\u064a\u0642\u0629 \u0627\u0633\u062a\u062e\u062f\u0627\u0645 \u0628\u0644\u0648\u0644\u0629 \u0627\u0644\u0634\u0639\u064a\u0631 \u064a\u0645\u0643\u0646 \u0627\u0633\u062a\u062e\u062f\u0627\u0645 \u0628\u0644\u0648\u0644\u0629 \u0627\u0644\u0634\u0639\u064a\u0631 \u0641\u064a \u062a\u062d\u0636\u064a\u0631 \u0645\u062c\u0645\u0648\u0639\u0629 \u0645\u062a\u0646\u0648\u0639\u0629 [&hellip;]<\/p>\n","protected":false},"featured_media":5053,"comment_status":"open","ping_status":"closed","template":"","meta":{"_acf_changed":false,"_monsterinsights_skip_tracking":false,"_monsterinsights_sitenote_active":false,"_monsterinsights_sitenote_note":"","_monsterinsights_sitenote_category":0},"product_cat":[205,15,200],"product_tag":[292],"class_list":{"0":"post-5064","1":"product","2":"type-product","3":"status-publish","4":"has-post-thumbnail","6":"product_cat-couscous-derivatives","7":"product_cat-uncategorized","8":"product_cat-products","9":"product_tag-youssoufia","11":"first","12":"instock","13":"shipping-taxable","14":"purchasable","15":"product-type-simple"},"acf":[],"aioseo_notices":[],"_links":{"self":[{"href":"https:\/\/shopcoop.ma\/fr\/wp-json\/wp\/v2\/product\/5064","targetHints":{"allow":["GET"]}}],"collection":[{"href":"https:\/\/shopcoop.ma\/fr\/wp-json\/wp\/v2\/product"}],"about":[{"href":"https:\/\/shopcoop.ma\/fr\/wp-json\/wp\/v2\/types\/product"}],"replies":[{"embeddable":true,"href":"https:\/\/shopcoop.ma\/fr\/wp-json\/wp\/v2\/comments?post=5064"}],"wp:featuredmedia":[{"embeddable":true,"href":"https:\/\/shopcoop.ma\/fr\/wp-json\/wp\/v2\/media\/5053"}],"wp:attachment":[{"href":"https:\/\/shopcoop.ma\/fr\/wp-json\/wp\/v2\/media?parent=5064"}],"wp:term":[{"taxonomy":"product_cat","embeddable":true,"href":"https:\/\/shopcoop.ma\/fr\/wp-json\/wp\/v2\/product_cat?post=5064"},{"taxonomy":"product_tag","embeddable":true,"href":"https:\/\/shopcoop.ma\/fr\/wp-json\/wp\/v2\/product_tag?post=5064"}],"curies":[{"name":"wp","href":"https:\/\/api.w.org\/{rel}","templated":true}]}}