{"id":5065,"date":"2024-11-07T13:20:10","date_gmt":"2024-11-07T13:20:10","guid":{"rendered":"https:\/\/shopcoop.ma\/product\/%d8%a8%d9%84%d8%a8%d9%88%d9%84%d8%a9-%d8%ae%d9%85%d8%a7%d8%b3%d9%8a%d8%a9-%d8%a8%d8%a7%d9%84%d8%a3%d8%b9%d8%b4%d8%a7%d8%a8-500-%d8%ac%d8%b1%d8%a7%d9%85\/"},"modified":"2025-02-10T15:54:13","modified_gmt":"2025-02-10T15:54:13","slug":"%d8%a8%d9%84%d8%a8%d9%88%d9%84%d8%a9-%d8%ae%d9%85%d8%a7%d8%b3%d9%8a%d8%a9-%d8%a8%d8%a7%d9%84%d8%a3%d8%b9%d8%b4%d8%a7%d8%a8-500-%d8%ac%d8%b1%d8%a7%d9%85","status":"publish","type":"product","link":"https:\/\/shopcoop.ma\/fr\/produit\/%d8%a8%d9%84%d8%a8%d9%88%d9%84%d8%a9-%d8%ae%d9%85%d8%a7%d8%b3%d9%8a%d8%a9-%d8%a8%d8%a7%d9%84%d8%a3%d8%b9%d8%b4%d8%a7%d8%a8-500-%d8%ac%d8%b1%d8%a7%d9%85\/","title":{"rendered":"\u0628\u0644\u0628\u0648\u0644\u0629 \u062e\u0645\u0627\u0633\u064a\u0629 \u0628\u0627\u0644\u0623\u0639\u0634\u0627\u0628 1 \u0643\u064a\u0644\u0648\u063a\u0631\u0627\u0645"},"content":{"rendered":"<h2>Balboula Khoumassia avec des herbes<\/h2>\n<p>La marque Balboula Khoumassia de la principale coop\u00e9rative agricole est un produit naturel 100% pur compos\u00e9 de cinq types de grains: farine d'orge enti\u00e8re, farine de bl\u00e9 solide municipal, farine de bl\u00e9 en acier artificiel, farine de ma\u00efs et farine fulanie.Il est connu comme ses propri\u00e9t\u00e9s nutritionnelles et plusieurs avantages pour la sant\u00e9, car il s'agit d'une bonne source de fibres et de vitamines.<\/p>\n<h2>M\u00e9thode d'utilisation Balboula Khoumassia<\/h2>\n<p>La Balboula Khoumassia est pr\u00e9par\u00e9e de mani\u00e8re traditionnelle en la faisant bouillir dans de l'eau ou un bouillon jusqu'\u00e0 ce qu'elle devienne tendre. Elle peut \u00eatre servie comme plat principal ou comme accompagnement, accompagn\u00e9e de l\u00e9gumes ou de viande.<\/p>\n<h2>Ingr\u00e9dients de la Balboula Khoumassia aux herbes<\/h2>\n<p>Ce produit est compos\u00e9 d'un m\u00e9lange de cinq types de c\u00e9r\u00e9ales, ainsi que d'herbes naturelles soigneusement s\u00e9lectionn\u00e9es.<\/p>\n<h2>Avertissements et utilisation s\u00fbrs<\/h2>\n<p>Il est toujours recommand\u00e9 de stocker le produit dans un endroit sec et froid pour maintenir sa qualit\u00e9.Il est pr\u00e9f\u00e9rable de consulter un m\u00e9decin en cas de conditions m\u00e9dicales sp\u00e9ciales.<\/p>\n<h2>Avantages suppl\u00e9mentaires<\/h2>\n<p class=\"translation-block\"><p>En plus de son r\u00f4le dans l'am\u00e9lioration de la sant\u00e9 du syst\u00e8me digestif, la <b>Balboula Khoumassia<\/b> est connue pour sa capacit\u00e9 \u00e0 booster l'\u00e9nergie et l'activit\u00e9 gr\u00e2ce \u00e0 ses ingr\u00e9dients riches en nutriments.<\/p>\n<p><b>Poids :<\/b> 500 grammes<\/p>\n<p><b>Informations de contact :<\/b><br>\nT\u00e9l\u00e9phone : 0603739204 \/ 0690125941<br>\nEmail : <a href=\"mailto:cooperativerraida@gmail.com\">cooperativerraida@gmail.com<\/a>\n<\/p>\n\n<p><b>Pays de fabrication :<\/b> Maroc<\/p><\/p>","protected":false},"excerpt":{"rendered":"<p>\u0641\u0648\u0627\u0626\u062f \u0628\u0644\u0628\u0648\u0644\u0629 \u062e\u0645\u0627\u0633\u064a\u0629 \u0628\u0627\u0644\u0623\u0639\u0634\u0627\u0628 \u0628\u0644\u0628\u0648\u0644\u0629 \u062e\u0645\u0627\u0633\u064a\u0629 \u0628\u0627\u0644\u0623\u0639\u0634\u0627\u0628 \u0645\u0646 \u0639\u0644\u0627\u0645\u0629 \u062a\u0639\u0627\u0648\u0646\u064a\u0629 \u0627\u0644\u0641\u0644\u0627\u062d\u064a\u0629 \u0627\u0644\u0631\u0627\u0626\u062f\u0629 \u0647\u0648 \u0645\u0646\u062a\u062c \u0637\u0628\u064a\u0639\u064a \u0646\u0642\u064a \u0628\u0646\u0633\u0628\u0629 100% \u0645\u0643\u0648\u0646 \u0645\u0646 \u062e\u0645\u0633\u0629 \u0623\u0646\u0648\u0627\u0639 \u0645\u0646 \u0627\u0644\u062d\u0628\u0648\u0628 \u0645\u0639 \u0627\u0644\u0623\u0639\u0634\u0627\u0628 \u0627\u0644\u0637\u0628\u064a\u0639\u064a\u0629. \u064a\u062a\u0645\u064a\u0632 \u0628\u062e\u0635\u0627\u0626\u0635\u0647 \u0627\u0644\u0645\u063a\u0630\u064a\u0629 \u0648\u0627\u0644\u0641\u0648\u0627\u0626\u062f \u0627\u0644\u0635\u062d\u064a\u0629 \u0627\u0644\u0645\u062a\u0639\u062f\u062f\u0629\u060c \u062d\u064a\u062b \u064a\u064f\u0639\u062a\u0628\u0631 \u0645\u0635\u062f\u0631\u064b\u0627 \u062c\u064a\u062f\u064b\u0627 \u0644\u0644\u0623\u0644\u064a\u0627\u0641 \u0648\u0627\u0644\u0628\u0631\u0648\u062a\u064a\u0646\u0627\u062a \u0648\u0627\u0644\u0641\u064a\u062a\u0627\u0645\u064a\u0646\u0627\u062a \u0627\u0644\u0636\u0631\u0648\u0631\u064a\u0629 \u0644\u0635\u062d\u0629 \u0627\u0644\u062c\u0633\u0645. \u0637\u0631\u064a\u0642\u0629 \u0627\u0633\u062a\u062e\u062f\u0627\u0645 \u0628\u0644\u0628\u0648\u0644\u0629 \u062e\u0645\u0627\u0633\u064a\u0629 \u0628\u0627\u0644\u0623\u0639\u0634\u0627\u0628 \u064a\u062a\u0645 \u0637\u0647\u064a \u0628\u0644\u0628\u0648\u0644\u0629 \u0627\u0644\u062e\u0645\u0627\u0633\u064a\u0629 \u0628\u0627\u0644\u0637\u0631\u064a\u0642\u0629 \u0627\u0644\u062a\u0642\u0644\u064a\u062f\u064a\u0629 \u0639\u0646 [&hellip;]<\/p>\n","protected":false},"featured_media":5054,"comment_status":"open","ping_status":"closed","template":"","meta":{"_acf_changed":false,"_monsterinsights_skip_tracking":false,"_monsterinsights_sitenote_active":false,"_monsterinsights_sitenote_note":"","_monsterinsights_sitenote_category":0},"product_cat":[205,200],"product_tag":[292],"class_list":{"0":"post-5065","1":"product","2":"type-product","3":"status-publish","4":"has-post-thumbnail","6":"product_cat-couscous-derivatives","7":"product_cat-products","8":"product_tag-youssoufia","10":"first","11":"instock","12":"shipping-taxable","13":"purchasable","14":"product-type-simple"},"acf":[],"aioseo_notices":[],"_links":{"self":[{"href":"https:\/\/shopcoop.ma\/fr\/wp-json\/wp\/v2\/product\/5065","targetHints":{"allow":["GET"]}}],"collection":[{"href":"https:\/\/shopcoop.ma\/fr\/wp-json\/wp\/v2\/product"}],"about":[{"href":"https:\/\/shopcoop.ma\/fr\/wp-json\/wp\/v2\/types\/product"}],"replies":[{"embeddable":true,"href":"https:\/\/shopcoop.ma\/fr\/wp-json\/wp\/v2\/comments?post=5065"}],"wp:featuredmedia":[{"embeddable":true,"href":"https:\/\/shopcoop.ma\/fr\/wp-json\/wp\/v2\/media\/5054"}],"wp:attachment":[{"href":"https:\/\/shopcoop.ma\/fr\/wp-json\/wp\/v2\/media?parent=5065"}],"wp:term":[{"taxonomy":"product_cat","embeddable":true,"href":"https:\/\/shopcoop.ma\/fr\/wp-json\/wp\/v2\/product_cat?post=5065"},{"taxonomy":"product_tag","embeddable":true,"href":"https:\/\/shopcoop.ma\/fr\/wp-json\/wp\/v2\/product_tag?post=5065"}],"curies":[{"name":"wp","href":"https:\/\/api.w.org\/{rel}","templated":true}]}}