{"id":5066,"date":"2024-11-07T13:20:10","date_gmt":"2024-11-07T13:20:10","guid":{"rendered":"https:\/\/shopcoop.ma\/product\/%d8%b3%d9%85%d9%8a%d8%af-%d8%a7%d9%84%d8%b0%d8%b1%d8%a9-%d8%a7%d9%84%d8%a8%d9%84%d8%af%d9%8a-1-%d9%83%d9%8a%d9%84%d9%88%d8%ba%d8%b1%d8%a7%d9%85\/"},"modified":"2025-02-10T15:53:19","modified_gmt":"2025-02-10T15:53:19","slug":"%d8%b3%d9%85%d9%8a%d8%af-%d8%a7%d9%84%d8%b0%d8%b1%d8%a9-%d8%a7%d9%84%d8%a8%d9%84%d8%af%d9%8a-1-%d9%83%d9%8a%d9%84%d9%88%d8%ba%d8%b1%d8%a7%d9%85","status":"publish","type":"product","link":"https:\/\/shopcoop.ma\/fr\/produit\/%d8%b3%d9%85%d9%8a%d8%af-%d8%a7%d9%84%d8%b0%d8%b1%d8%a9-%d8%a7%d9%84%d8%a8%d9%84%d8%af%d9%8a-1-%d9%83%d9%8a%d9%84%d9%88%d8%ba%d8%b1%d8%a7%d9%85\/","title":{"rendered":"Semoline de ma\u00efs municipal 1 kg"},"content":{"rendered":"<h2>Avantages de la s\u00e9mole de ma\u00efs municipal<\/h2>\n<p>Le ma\u00efs municipal est un signe coop\u00e9ratif agricole de premier plan est un produit naturel 100% pur sans gluten, connu sous le nom de ses propri\u00e9t\u00e9s nutritionnelles et de multiples avantages pour la sant\u00e9, car il s'agit d'une bonne source de fibres, de vitamines et de min\u00e9raux n\u00e9cessaires \u00e0 la sant\u00e9 du corps.<\/p>\n<h2>Comment utiliser la s\u00e9mole de ma\u00efs municipal<\/h2>\n<p>La s\u00e9minale de ma\u00efs peut \u00eatre utilis\u00e9e pour pr\u00e9parer de nombreuses recettes telles que la bouillie, le pain et le g\u00e2teau.Il est recommand\u00e9 de laver la Semolina bien avant la cuisson, puis de le tremper dans l'eau pendant 30 minutes avant de l'utiliser dans la recette choisie.<\/p>\n<h2>Composants de Semolina de ma\u00efs municipal<\/h2>\n<p>Ce produit se compose de farine de ma\u00efs \u00e0 100% s\u00e9ch\u00e9e sans aucun additif industriel.<\/p>\n<h2>Avertissements et utilisation s\u00fbrs<\/h2>\n<p>Il est toujours recommand\u00e9 de stocker le produit dans un endroit sec et froid pour maintenir sa qualit\u00e9.Il est pr\u00e9f\u00e9rable de consulter un m\u00e9decin en cas de conditions m\u00e9dicales sp\u00e9ciales.<\/p>\n<h2>Avantages suppl\u00e9mentaires<\/h2>\n<p>En plus de son r\u00f4le dans l'am\u00e9lioration de la sant\u00e9 du syst\u00e8me digestif, Corn Semolina est connu pour sa capacit\u00e9 \u00e0 am\u00e9liorer l'\u00e9nergie et l'activit\u00e9 gr\u00e2ce \u00e0 ses ingr\u00e9dients riches en nutriments.Poids: 1 kilogramme.<br \/>\n<b>Coordonn\u00e9es:<\/b><br \/>\nT\u00e9l\u00e9phone: 0603739204\/0690125941<br \/>\nCourriel: cooperativarreda@gmail.com<br \/>\n<b>Pays du pays:<\/b> Maroc<\/p>","protected":false},"excerpt":{"rendered":"<p>\u0641\u0648\u0627\u0626\u062f \u0633\u0645\u064a\u062f \u0627\u0644\u0630\u0631\u0629 \u0627\u0644\u0628\u0644\u062f\u064a \u0633\u0645\u064a\u062f \u0627\u0644\u0630\u0631\u0629 \u0627\u0644\u0628\u0644\u062f\u064a \u0645\u0646 \u0639\u0644\u0627\u0645\u0629 \u062a\u0639\u0627\u0648\u0646\u064a\u0629 \u0627\u0644\u0641\u0644\u0627\u062d\u064a\u0629 \u0627\u0644\u0631\u0627\u0626\u062f\u0629 \u0647\u0648 \u0645\u0646\u062a\u062c \u0637\u0628\u064a\u0639\u064a \u0646\u0642\u064a \u0628\u0646\u0633\u0628\u0629 100% \u062e\u0627\u0644\u064a \u0645\u0646 \u0627\u0644\u062c\u0644\u0648\u062a\u064a\u0646\u060c \u064a\u064f\u0639\u0631\u0641 \u0628\u062e\u0635\u0627\u0626\u0635\u0647 \u0627\u0644\u0645\u063a\u0630\u064a\u0629 \u0648\u0627\u0644\u0641\u0648\u0627\u0626\u062f \u0627\u0644\u0635\u062d\u064a\u0629 \u0627\u0644\u0645\u062a\u0639\u062f\u062f\u0629\u060c \u062d\u064a\u062b \u064a\u064f\u0639\u062a\u0628\u0631 \u0645\u0635\u062f\u0631\u064b\u0627 \u062c\u064a\u062f\u064b\u0627 \u0644\u0644\u0623\u0644\u064a\u0627\u0641 \u0648\u0627\u0644\u0641\u064a\u062a\u0627\u0645\u064a\u0646\u0627\u062a \u0648\u0627\u0644\u0645\u0639\u0627\u062f\u0646 \u0627\u0644\u0636\u0631\u0648\u0631\u064a\u0629 \u0644\u0635\u062d\u0629 \u0627\u0644\u062c\u0633\u0645. \u0637\u0631\u064a\u0642\u0629 \u0627\u0633\u062a\u062e\u062f\u0627\u0645 \u0633\u0645\u064a\u062f \u0627\u0644\u0630\u0631\u0629 \u0627\u0644\u0628\u0644\u062f\u064a \u064a\u0645\u0643\u0646 \u0627\u0633\u062a\u062e\u062f\u0627\u0645 \u0633\u0645\u064a\u062f \u0627\u0644\u0630\u0631\u0629 \u0641\u064a \u062a\u062d\u0636\u064a\u0631 \u0627\u0644\u0639\u062f\u064a\u062f \u0645\u0646 \u0627\u0644\u0648\u0635\u0641\u0627\u062a \u0645\u062b\u0644 \u0627\u0644\u0639\u0635\u064a\u062f\u0629\u060c \u0627\u0644\u062e\u0628\u0632\u060c \u0648\u0627\u0644\u0643\u064a\u0643. [&hellip;]<\/p>\n","protected":false},"featured_media":5056,"comment_status":"open","ping_status":"closed","template":"","meta":{"_acf_changed":false,"_monsterinsights_skip_tracking":false,"_monsterinsights_sitenote_active":false,"_monsterinsights_sitenote_note":"","_monsterinsights_sitenote_category":0},"product_cat":[205,200],"product_tag":[292],"class_list":{"0":"post-5066","1":"product","2":"type-product","3":"status-publish","4":"has-post-thumbnail","6":"product_cat-couscous-derivatives","7":"product_cat-products","8":"product_tag-youssoufia","10":"first","11":"instock","12":"shipping-taxable","13":"purchasable","14":"product-type-simple"},"acf":[],"aioseo_notices":[],"_links":{"self":[{"href":"https:\/\/shopcoop.ma\/fr\/wp-json\/wp\/v2\/product\/5066","targetHints":{"allow":["GET"]}}],"collection":[{"href":"https:\/\/shopcoop.ma\/fr\/wp-json\/wp\/v2\/product"}],"about":[{"href":"https:\/\/shopcoop.ma\/fr\/wp-json\/wp\/v2\/types\/product"}],"replies":[{"embeddable":true,"href":"https:\/\/shopcoop.ma\/fr\/wp-json\/wp\/v2\/comments?post=5066"}],"wp:featuredmedia":[{"embeddable":true,"href":"https:\/\/shopcoop.ma\/fr\/wp-json\/wp\/v2\/media\/5056"}],"wp:attachment":[{"href":"https:\/\/shopcoop.ma\/fr\/wp-json\/wp\/v2\/media?parent=5066"}],"wp:term":[{"taxonomy":"product_cat","embeddable":true,"href":"https:\/\/shopcoop.ma\/fr\/wp-json\/wp\/v2\/product_cat?post=5066"},{"taxonomy":"product_tag","embeddable":true,"href":"https:\/\/shopcoop.ma\/fr\/wp-json\/wp\/v2\/product_tag?post=5066"}],"curies":[{"name":"wp","href":"https:\/\/api.w.org\/{rel}","templated":true}]}}